{"id":104,"date":"2025-03-21T10:48:58","date_gmt":"2025-03-21T09:48:58","guid":{"rendered":"https:\/\/tickb.zeus.umh.es\/?page_id=104"},"modified":"2025-03-26T17:58:16","modified_gmt":"2025-03-26T16:58:16","slug":"office-365","status":"publish","type":"page","link":"https:\/\/tickb.umh.es\/ca\/correo-y-colaboracion\/office-365\/","title":{"rendered":"Office 365"},"content":{"rendered":"<p>A trav\u00e9s del portal de Office 365, estudiants, professors, investigadors i personal d&#8217;administraci\u00f3 i serveis podran utilitzar les aplicacions d&#8217;Office en el n\u00favol i en els seus dispositius m\u00f2bils, a m\u00e9s de disposar d&#8217;emmagatzematge en l\u00ednia i \u00fas compartit d&#8217;arxius.<\/p>\n<p>Els comptes MiUMH (Office 365) permetran l&#8217;acc\u00e9s a totes les eines d&#8217;Office 2016 en els teus ordinadors (Windows o Mac), tauletes o tel\u00e8fons (Android, iOS o WindowsPhone). Cada usuari disposar\u00e0 d&#8217;1TB d&#8217;emmagatzematge en el n\u00favol amb OneDrive, podr\u00e0 compartir els seus documents amb altres, podr\u00e0 crear i editar documents Word, Excel i Powerpoint en el seu navegador, prendre les seues notes amb OneNote, comunicar-se mitjan\u00e7ant Skype Empresarial des del seu PC o m\u00f2bil i col\u00b7laborar en grups de treball mitjan\u00e7ant Outlook Groups.<\/p>\n<p><span class=\"confluence-embedded-file-wrapper image-center-wrapper confluence-embedded-manual-size\"><img class=\"confluence-embedded-image image-center aligncenter\" src=\"https:\/\/kb.umh.es\/download\/attachments\/23265303\/image2020-7-27_10-19-11.png?version=1&amp;modificationDate=1595837952000&amp;api=v2\" width=\"900\" data-image-src=\"\/download\/attachments\/23265303\/image2020-7-27_10-19-11.png?version=1&amp;modificationDate=1595837952000&amp;api=v2\" data-unresolved-comment-count=\"0\" data-linked-resource-id=\"23265312\" data-linked-resource-version=\"1\" data-linked-resource-type=\"attachment\" data-linked-resource-default-alias=\"image2020-7-27_10-19-11.png\" data-base-url=\"https:\/\/kb.umh.es\" data-linked-resource-content-type=\"image\/png\" data-linked-resource-container-id=\"23265303\" data-linked-resource-container-version=\"5\" \/><\/span><\/p>","protected":false},"excerpt":{"rendered":"<p>A trav\u00e9s del portal de Office 365, estudiants, professors, investigadors i personal d&#8217;administraci\u00f3 i serveis podran utilitzar les aplicacions d&#8217;Office en el n\u00favol i en els seus dispositius m\u00f2bils, a m\u00e9s de disposar d&#8217;emmagatzematge en l\u00ednia i \u00fas compartit d&#8217;arxius.<br \/>\nEls comptes MiUMH (Office 365) permetran l&#8217;acc\u00e9s a totes les eines d&#8217;Office 2016 en els teus [&#8230;]<\/p>\n","protected":false},"author":88,"featured_media":0,"parent":38,"menu_order":11,"comment_status":"closed","ping_status":"closed","template":"","meta":{"_links_to":"","_links_to_target":""},"_links":{"self":[{"href":"https:\/\/tickb.umh.es\/ca\/wp-json\/wp\/v2\/pages\/104"}],"collection":[{"href":"https:\/\/tickb.umh.es\/ca\/wp-json\/wp\/v2\/pages"}],"about":[{"href":"https:\/\/tickb.umh.es\/ca\/wp-json\/wp\/v2\/types\/page"}],"author":[{"embeddable":true,"href":"https:\/\/tickb.umh.es\/ca\/wp-json\/wp\/v2\/users\/88"}],"replies":[{"embeddable":true,"href":"https:\/\/tickb.umh.es\/ca\/wp-json\/wp\/v2\/comments?post=104"}],"version-history":[{"count":0,"href":"https:\/\/tickb.umh.es\/ca\/wp-json\/wp\/v2\/pages\/104\/revisions"}],"up":[{"embeddable":true,"href":"https:\/\/tickb.umh.es\/ca\/wp-json\/wp\/v2\/pages\/38"}],"wp:attachment":[{"href":"https:\/\/tickb.umh.es\/ca\/wp-json\/wp\/v2\/media?parent=104"}],"curies":[{"name":"wp","href":"https:\/\/api.w.org\/{rel}","templated":true}]}}