{"id":1052,"date":"2025-04-04T10:30:13","date_gmt":"2025-04-04T08:30:13","guid":{"rendered":"https:\/\/tickb.umh.es\/?page_id=1052"},"modified":"2025-04-04T11:03:47","modified_gmt":"2025-04-04T09:03:47","slug":"como-enviar-archivos-de-gran-tamano-con-la-aplicacion-filesender","status":"publish","type":"page","link":"https:\/\/tickb.umh.es\/ca\/correo-y-colaboracion\/como-enviar-archivos-de-gran-tamano-con-la-aplicacion-filesender\/","title":{"rendered":"Com enviar arxius de gran tamany amb l&#8217;aplicaci\u00f3 FileSender"},"content":{"rendered":"<p>FileSender \u00e9s un servei gratu\u00eft via web proporcionat per RedIris, que permet intercanviar fitxers de gran tamany que no poden enviar-se com a adjunts al correu electr\u00f2nic. \u00c9s ideal per a compartir arxius amb persones de fora de l&#8217;organitzaci\u00f3. Pots accedir a FileSender <a href=\"https:\/\/www.rediris.es\/filesender\/\">ac\u00ed<\/a>.<img loading=\"lazy\" class=\"size-medium wp-image-1055 aligncenter\" src=\"https:\/\/tickb.umh.es\/files\/2025\/04\/filesender1-300x95.png\" alt=\"\" width=\"300\" height=\"95\" srcset=\"https:\/\/tickb.umh.es\/files\/2025\/04\/filesender1-300x95.png 300w, https:\/\/tickb.umh.es\/files\/2025\/04\/filesender1-1024x324.png 1024w, https:\/\/tickb.umh.es\/files\/2025\/04\/filesender1-768x243.png 768w, https:\/\/tickb.umh.es\/files\/2025\/04\/filesender1-1536x486.png 1536w, https:\/\/tickb.umh.es\/files\/2025\/04\/filesender1.png 1617w\" sizes=\"(max-width: 300px) 100vw, 300px\" \/><\/p>\n<p><strong>Caracter\u00edstiques:<\/strong><\/p>\n<ul>\n<li>Permet transferir un o diversos fitxers de fins a 100GB.<\/li>\n<li>Eliminaci\u00f3 autom\u00e0tica dels fitxers compartits al cap de 30 dies.<\/li>\n<li>Permet enviar invitacions a usuaris externs perqu\u00e8 ells puguen enviar-li a vost\u00e9 fitxers pesats.<\/li>\n<li>Panell d&#8217;usuaris per a control de transfer\u00e8ncies i invitacions.<\/li>\n<li>Informes de transfer\u00e8ncia i desc\u00e0rrega del fitxer. Inclou auditoria de les traces.<\/li>\n<li>Permet m\u00faltiples destinataris, fins a 100 adreces de correu, en un \u00fanic enviament.<\/li>\n<li>Permet establir \u201ccaducitat\u201d als arxius enviats, aix\u00ed com a les \u201cinvitacions&#8221; a usuaris externs. M\u00e0xim de 30 dies.<\/li>\n<li>Confidencialitat de la informaci\u00f3 garantida en el n\u00favol de RedIRIS.<\/li>\n<\/ul>\n<p>Per a accedir, haur\u00e0s de validar-te amb les teues credencials de la UMH, ja que el servei est\u00e0 federat amb la universitat.<img loading=\"lazy\" class=\"size-medium wp-image-1058 aligncenter\" src=\"https:\/\/tickb.umh.es\/files\/2025\/04\/filesender2-300x100.png\" alt=\"\" width=\"300\" height=\"100\" srcset=\"https:\/\/tickb.umh.es\/files\/2025\/04\/filesender2-300x100.png 300w, https:\/\/tickb.umh.es\/files\/2025\/04\/filesender2-768x257.png 768w, https:\/\/tickb.umh.es\/files\/2025\/04\/filesender2.png 825w\" sizes=\"(max-width: 300px) 100vw, 300px\" \/><\/p>\n<p>Despr\u00e9s de pr\u00e9mer sobre &#8220;Iniciar sessi\u00f3,&#8221; el sistema ens demanar\u00e0 que indiquem la nostra organitzaci\u00f3; hem de seleccionar la Universitat Miguel Hern\u00e1ndez d&#8217;Elx.<img loading=\"lazy\" class=\"size-medium wp-image-1061 aligncenter\" src=\"https:\/\/tickb.umh.es\/files\/2025\/04\/filesender3-300x122.png\" alt=\"\" width=\"300\" height=\"122\" srcset=\"https:\/\/tickb.umh.es\/files\/2025\/04\/filesender3-300x122.png 300w, https:\/\/tickb.umh.es\/files\/2025\/04\/filesender3-1024x416.png 1024w, https:\/\/tickb.umh.es\/files\/2025\/04\/filesender3-768x312.png 768w, https:\/\/tickb.umh.es\/files\/2025\/04\/filesender3.png 1431w\" sizes=\"(max-width: 300px) 100vw, 300px\" \/><\/p>\n<p>Se&#8217;ns redirigir\u00e0 a la web de la universitat per a validar-nos amb les nostres credencials.<img loading=\"lazy\" class=\"size-medium wp-image-1064 aligncenter\" src=\"https:\/\/tickb.umh.es\/files\/2025\/04\/filesender4-153x300.png\" alt=\"\" width=\"153\" height=\"300\" srcset=\"https:\/\/tickb.umh.es\/files\/2025\/04\/filesender4-153x300.png 153w, https:\/\/tickb.umh.es\/files\/2025\/04\/filesender4.png 375w\" sizes=\"(max-width: 153px) 100vw, 153px\" \/><\/p>\n<p>Ara nom\u00e9s falta afegir el fitxer desitjat i indicar l&#8217;adre\u00e7a de correu electr\u00f2nic del destinatari.<img loading=\"lazy\" class=\"size-medium wp-image-1067 aligncenter\" src=\"https:\/\/tickb.umh.es\/files\/2025\/04\/filesender5-300x232.png\" alt=\"\" width=\"300\" height=\"232\" srcset=\"https:\/\/tickb.umh.es\/files\/2025\/04\/filesender5-300x232.png 300w, https:\/\/tickb.umh.es\/files\/2025\/04\/filesender5-768x594.png 768w, https:\/\/tickb.umh.es\/files\/2025\/04\/filesender5.png 814w\" sizes=\"(max-width: 300px) 100vw, 300px\" \/><\/p>\n<p>&nbsp;<\/p>\n<table style=\"background-color: #fff8f7; border: 2px solid #d04437; margin: 0px auto; height: 91px;\" width=\"628\">\n<tbody>\n<tr>\n<td style=\"text-align: justify;\" width=\"566\"><strong>Advert\u00e8ncia<\/strong><\/p>\n<p>FileSender \u00e9s una eina de tercers, per la qual cosa no podrem donar-te suport sobre la mateixa.<\/td>\n<\/tr>\n<\/tbody>\n<\/table>\n<p>&nbsp;<\/p>\n<table style=\"background-color: white; border: 2px solid black; margin: 0px auto; height: 119px;\" width=\"628\">\n<tbody>\n<tr>\n<td style=\"text-align: left;\" width=\"566\"><strong>URL relacionades<\/strong><\/p>\n<p><a href=\"https:\/\/www.rediris.es\/filesender\/\">https:\/\/www.rediris.es\/filesender\/<\/a><\/td>\n<\/tr>\n<\/tbody>\n<\/table>\n<p>&nbsp;<\/p>","protected":false},"excerpt":{"rendered":"<p>FileSender \u00e9s un servei gratu\u00eft via web proporcionat per RedIris, que permet intercanviar fitxers de gran tamany que no poden enviar-se com a adjunts al correu electr\u00f2nic. \u00c9s ideal per a compartir arxius amb persones de fora de l&#8217;organitzaci\u00f3. Pots accedir a FileSender ac\u00ed.<br \/>\nCaracter\u00edstiques:<\/p>\n<p>Permet transferir un o diversos fitxers de fins a 100GB.<br \/>\nEliminaci\u00f3 autom\u00e0tica dels [&#8230;]<\/p>\n","protected":false},"author":88,"featured_media":0,"parent":38,"menu_order":0,"comment_status":"closed","ping_status":"closed","template":"","meta":{"_links_to":"","_links_to_target":""},"_links":{"self":[{"href":"https:\/\/tickb.umh.es\/ca\/wp-json\/wp\/v2\/pages\/1052"}],"collection":[{"href":"https:\/\/tickb.umh.es\/ca\/wp-json\/wp\/v2\/pages"}],"about":[{"href":"https:\/\/tickb.umh.es\/ca\/wp-json\/wp\/v2\/types\/page"}],"author":[{"embeddable":true,"href":"https:\/\/tickb.umh.es\/ca\/wp-json\/wp\/v2\/users\/88"}],"replies":[{"embeddable":true,"href":"https:\/\/tickb.umh.es\/ca\/wp-json\/wp\/v2\/comments?post=1052"}],"version-history":[{"count":0,"href":"https:\/\/tickb.umh.es\/ca\/wp-json\/wp\/v2\/pages\/1052\/revisions"}],"up":[{"embeddable":true,"href":"https:\/\/tickb.umh.es\/ca\/wp-json\/wp\/v2\/pages\/38"}],"wp:attachment":[{"href":"https:\/\/tickb.umh.es\/ca\/wp-json\/wp\/v2\/media?parent=1052"}],"curies":[{"name":"wp","href":"https:\/\/api.w.org\/{rel}","templated":true}]}}