{"id":1073,"date":"2025-04-04T11:14:39","date_gmt":"2025-04-04T09:14:39","guid":{"rendered":"https:\/\/tickb.umh.es\/?page_id=1073"},"modified":"2025-04-04T11:22:23","modified_gmt":"2025-04-04T09:22:23","slug":"como-dar-acceso-a-tu-cuenta-de-correo-gsuite-a-otra-persona","status":"publish","type":"page","link":"https:\/\/tickb.umh.es\/ca\/correo-y-colaboracion\/como-dar-acceso-a-tu-cuenta-de-correo-gsuite-a-otra-persona\/","title":{"rendered":"Com donar acc\u00e9s al teu compte de Correu (Gsuite) a una altra persona"},"content":{"rendered":"<p>En el cas que vulgues concedir a una altra persona de la Universitat el perm\u00eds per a llegir, enviar i eliminar missatges de correu en el teu nom, pots donar acc\u00e9s al teu compte de correu GSuite afegint-la com a delegada. Aquesta configuraci\u00f3 es far\u00e0 directament des de la web de Gmail.<\/p>\n<p><strong>Afegir un delegat:<\/strong><\/p>\n<ol>\n<li>Obri Gmail en l&#8217;ordinador.<\/li>\n<li>A dalt a la dreta, fes clic en Configuraci\u00f3.<\/li>\n<li>Fes clic en la pestanya Comptes i importaci\u00f3 o Comptes.<\/li>\n<li>En l&#8217;apartat &#8220;Concedir acc\u00e9s al teu compte&#8221;, fes clic en Afegir un altre compte.<\/li>\n<li>Escriu l&#8217;adre\u00e7a de correu electr\u00f2nic de la persona que vulgues afegir.<\/li>\n<li>La persona que has afegit rebr\u00e0 un correu per a confirmar la delegaci\u00f3. Una vegada que ho haja fet, apareixer\u00e0 en el teu compte com a delegada en un termini m\u00e0xim de 24 hores.<\/li>\n<\/ol>\n<p>&nbsp;<\/p>\n<table style=\"background-color: #fff8f7; border: 2px solid #d04437; margin: 0px auto; height: 91px;\" width=\"628\">\n<tbody>\n<tr>\n<td style=\"text-align: justify;\" width=\"566\"><strong>Advert\u00e8ncia<\/strong><\/p>\n<p>Els delegats poden fer coses com aquestes:<\/p>\n<ul>\n<li>Enviar correus o respondre els que hages rebut. Quan envien un missatge, es mostrar\u00e0 la seua adre\u00e7a de correu. Per exemple, en el camp del remitent apareixer\u00e0 la informaci\u00f3 &#8220;enviat per\u00a0<a class=\"fui-Link ___140mk30 f2hkw1w f3rmtva f1ewtqcl fyind8e f1k6fduh f1w7gpdv fk6fouc fjoy568 flh3ekv f1s184ao f1mk8lai fnbmjn9 f1o700av f13mvf36 f1cmlufx f9n3di6 f1ids18y f1tx3yz7 f1deo86v f1eh06m1 f1iescvh fhgqx19 f1olyrje f1p93eir f1nev41a\" tabindex=\"0\" href=\"mailto:xxxx@umh.es\" target=\"_blank\" rel=\"noopener\">xxxx@umh.es<\/a>&#8220;.<\/li>\n<li>Llegir missatges que t&#8217;han enviat.<\/li>\n<li>Eliminar missatges que t&#8217;han enviat.<\/li>\n<\/ul>\n<p>Els delegats no poden fer coses com aquestes:<\/p>\n<ul>\n<li>Xatejar amb una altra persona fent-se passar per tu.<\/li>\n<li>Canviar la teua contrasenya de Gmail.<\/li>\n<\/ul>\n<\/td>\n<\/tr>\n<\/tbody>\n<\/table>\n<p>&nbsp;<\/p>\n<table style=\"background-color: white; border: 2px solid black; margin: 0px auto; height: 107px;\" width=\"631\">\n<tbody>\n<tr>\n<td style=\"text-align: left;\" width=\"566\"><strong>URL relacionades<\/strong><\/p>\n<p><a href=\"https:\/\/support.google.com\/mail\/answer\/138350?hl=es\">Configurar la delegaci\u00f3 de correu electr\u00f2nic &#8211; Ajuda de Gmail<\/a><\/td>\n<\/tr>\n<\/tbody>\n<\/table>\n<p>&nbsp;<\/p>","protected":false},"excerpt":{"rendered":"<p>En el cas que vulgues concedir a una altra persona de la Universitat el perm\u00eds per a llegir, enviar i eliminar missatges de correu en el teu nom, pots donar acc\u00e9s al teu compte de correu GSuite afegint-la com a delegada. Aquesta configuraci\u00f3 es far\u00e0 directament des de la web de Gmail.<br \/>\nAfegir un delegat:<\/p>\n<p>Obri Gmail [&#8230;]<\/p>\n","protected":false},"author":88,"featured_media":0,"parent":38,"menu_order":0,"comment_status":"closed","ping_status":"closed","template":"","meta":{"_links_to":"","_links_to_target":""},"_links":{"self":[{"href":"https:\/\/tickb.umh.es\/ca\/wp-json\/wp\/v2\/pages\/1073"}],"collection":[{"href":"https:\/\/tickb.umh.es\/ca\/wp-json\/wp\/v2\/pages"}],"about":[{"href":"https:\/\/tickb.umh.es\/ca\/wp-json\/wp\/v2\/types\/page"}],"author":[{"embeddable":true,"href":"https:\/\/tickb.umh.es\/ca\/wp-json\/wp\/v2\/users\/88"}],"replies":[{"embeddable":true,"href":"https:\/\/tickb.umh.es\/ca\/wp-json\/wp\/v2\/comments?post=1073"}],"version-history":[{"count":0,"href":"https:\/\/tickb.umh.es\/ca\/wp-json\/wp\/v2\/pages\/1073\/revisions"}],"up":[{"embeddable":true,"href":"https:\/\/tickb.umh.es\/ca\/wp-json\/wp\/v2\/pages\/38"}],"wp:attachment":[{"href":"https:\/\/tickb.umh.es\/ca\/wp-json\/wp\/v2\/media?parent=1073"}],"curies":[{"name":"wp","href":"https:\/\/api.w.org\/{rel}","templated":true}]}}