{"id":1075,"date":"2025-04-04T12:29:27","date_gmt":"2025-04-04T10:29:27","guid":{"rendered":"https:\/\/tickb.umh.es\/?page_id=1075"},"modified":"2025-04-04T12:38:19","modified_gmt":"2025-04-04T10:38:19","slug":"como-iniciar-google-drive-en-escritorios-virtuales","status":"publish","type":"page","link":"https:\/\/tickb.umh.es\/ca\/correo-y-colaboracion\/como-iniciar-google-drive-en-escritorios-virtuales\/","title":{"rendered":"Com iniciar Google Drive en Escriptoris Virtuals"},"content":{"rendered":"<p>L&#8217;aplicaci\u00f3 de Google Drive ja es troba instal\u00b7lada en els equips virtuals, per\u00f2 hem d&#8217;iniciar sessi\u00f3 amb el nostre compte UMH perqu\u00e8 ens aparega la unitat. Per a fer aix\u00f2, seguirem els seg\u00fcents passos:<\/p>\n<ol>\n<li>Primer, busquem l&#8217;aplicaci\u00f3 des de la lupa que apareix al costat de la icona de Windows en la part inferior, posant \u201cdrive\u201d.<img loading=\"lazy\" class=\"size-medium wp-image-1078 aligncenter\" src=\"https:\/\/tickb.umh.es\/files\/2025\/04\/DriveEV1-300x249.jpg\" alt=\"\" width=\"300\" height=\"249\" srcset=\"https:\/\/tickb.umh.es\/files\/2025\/04\/DriveEV1-300x249.jpg 300w, https:\/\/tickb.umh.es\/files\/2025\/04\/DriveEV1-768x638.jpg 768w, https:\/\/tickb.umh.es\/files\/2025\/04\/DriveEV1.jpg 824w\" sizes=\"(max-width: 300px) 100vw, 300px\" \/><\/li>\n<li>Despr\u00e9s, obrim l&#8217;aplicaci\u00f3 i ens sol\u00b7licitar\u00e0 que iniciem sessi\u00f3.<img loading=\"lazy\" class=\"size-medium wp-image-1081 aligncenter\" src=\"https:\/\/tickb.umh.es\/files\/2025\/04\/DriveEV2-280x300.jpg\" alt=\"\" width=\"280\" height=\"300\" srcset=\"https:\/\/tickb.umh.es\/files\/2025\/04\/DriveEV2-280x300.jpg 280w, https:\/\/tickb.umh.es\/files\/2025\/04\/DriveEV2.jpg 441w\" sizes=\"(max-width: 280px) 100vw, 280px\" \/><\/li>\n<li>En pr\u00e9mer, ens obrir\u00e0 un navegador on ens sol\u00b7licitar\u00e0 el compte (posarem el nostre compte @umh.es) o ens apareixer\u00e0 un llistat amb les que ja hem iniciat sessi\u00f3; en tal cas, farem clic sobre el compte @umh.es.<img loading=\"lazy\" class=\"size-medium wp-image-1084 aligncenter\" src=\"https:\/\/tickb.umh.es\/files\/2025\/04\/DriveEV3-292x300.jpg\" alt=\"\" width=\"292\" height=\"300\" srcset=\"https:\/\/tickb.umh.es\/files\/2025\/04\/DriveEV3-292x300.jpg 292w, https:\/\/tickb.umh.es\/files\/2025\/04\/DriveEV3.jpg 599w\" sizes=\"(max-width: 292px) 100vw, 292px\" \/><\/li>\n<li>Una vegada posat el compte, ens sol\u00b7licitar\u00e0 confirmaci\u00f3 i premem en \u201cIniciar sessi\u00f3\u201d.<img loading=\"lazy\" class=\"size-medium wp-image-1087 aligncenter\" src=\"https:\/\/tickb.umh.es\/files\/2025\/04\/DriveEV4-199x300.png\" alt=\"\" width=\"199\" height=\"300\" srcset=\"https:\/\/tickb.umh.es\/files\/2025\/04\/DriveEV4-199x300.png 199w, https:\/\/tickb.umh.es\/files\/2025\/04\/DriveEV4.png 454w\" sizes=\"(max-width: 199px) 100vw, 199px\" \/><\/li>\n<li>Despr\u00e9s d&#8217;aix\u00f2, \u00e9s possible que ens sol\u00b7licite usuari i contrasenya UMH.<img loading=\"lazy\" class=\"size-medium wp-image-1090 aligncenter\" src=\"https:\/\/tickb.umh.es\/files\/2025\/04\/DriveEV5-300x131.jpg\" alt=\"\" width=\"300\" height=\"131\" srcset=\"https:\/\/tickb.umh.es\/files\/2025\/04\/DriveEV5-300x131.jpg 300w, https:\/\/tickb.umh.es\/files\/2025\/04\/DriveEV5-768x334.jpg 768w, https:\/\/tickb.umh.es\/files\/2025\/04\/DriveEV5.jpg 783w\" sizes=\"(max-width: 300px) 100vw, 300px\" \/><\/li>\n<li>Finalment, despr\u00e9s d&#8217;introduir-los, ens indicar\u00e0 que ja hem iniciat sessi\u00f3. Al poc, apareixer\u00e0 un missatge en la part inferior dreta indicant que ja s&#8217;ha configurat.<img loading=\"lazy\" class=\"size-medium wp-image-1093 aligncenter\" src=\"https:\/\/tickb.umh.es\/files\/2025\/04\/DriveEV6-300x127.jpg\" alt=\"\" width=\"300\" height=\"127\" srcset=\"https:\/\/tickb.umh.es\/files\/2025\/04\/DriveEV6-300x127.jpg 300w, https:\/\/tickb.umh.es\/files\/2025\/04\/DriveEV6.jpg 476w\" sizes=\"(max-width: 300px) 100vw, 300px\" \/><\/li>\n<li>Podem comprovar-ho obrint l&#8217;explorador i en \u201cAquest equip\u201d veurem que ja tenim la unitat (G:) configurada, dins de la qual podrem veure i treballar amb els arxius de Drive com si es tractara d&#8217;una unitat m\u00e9s del nostre equip.<img loading=\"lazy\" class=\"size-medium wp-image-1096 aligncenter\" src=\"https:\/\/tickb.umh.es\/files\/2025\/04\/DriveEV7-300x164.jpg\" alt=\"\" width=\"300\" height=\"164\" srcset=\"https:\/\/tickb.umh.es\/files\/2025\/04\/DriveEV7-300x164.jpg 300w, https:\/\/tickb.umh.es\/files\/2025\/04\/DriveEV7-1024x559.jpg 1024w, https:\/\/tickb.umh.es\/files\/2025\/04\/DriveEV7-768x419.jpg 768w, https:\/\/tickb.umh.es\/files\/2025\/04\/DriveEV7.jpg 1174w\" sizes=\"(max-width: 300px) 100vw, 300px\" \/><\/li>\n<\/ol>\n<p><\/p>","protected":false},"excerpt":{"rendered":"<p>L&#8217;aplicaci\u00f3 de Google Drive ja es troba instal\u00b7lada en els equips virtuals, per\u00f2 hem d&#8217;iniciar sessi\u00f3 amb el nostre compte UMH perqu\u00e8 ens aparega la unitat. Per a fer aix\u00f2, seguirem els seg\u00fcents passos:<\/p>\n<p>Primer, busquem l&#8217;aplicaci\u00f3 des de la lupa que apareix al costat de la icona de Windows en la part inferior, posant \u201cdrive\u201d.<br \/>\nDespr\u00e9s, [&#8230;]<\/p>\n","protected":false},"author":88,"featured_media":0,"parent":38,"menu_order":0,"comment_status":"closed","ping_status":"closed","template":"","meta":{"_links_to":"","_links_to_target":""},"_links":{"self":[{"href":"https:\/\/tickb.umh.es\/ca\/wp-json\/wp\/v2\/pages\/1075"}],"collection":[{"href":"https:\/\/tickb.umh.es\/ca\/wp-json\/wp\/v2\/pages"}],"about":[{"href":"https:\/\/tickb.umh.es\/ca\/wp-json\/wp\/v2\/types\/page"}],"author":[{"embeddable":true,"href":"https:\/\/tickb.umh.es\/ca\/wp-json\/wp\/v2\/users\/88"}],"replies":[{"embeddable":true,"href":"https:\/\/tickb.umh.es\/ca\/wp-json\/wp\/v2\/comments?post=1075"}],"version-history":[{"count":0,"href":"https:\/\/tickb.umh.es\/ca\/wp-json\/wp\/v2\/pages\/1075\/revisions"}],"up":[{"embeddable":true,"href":"https:\/\/tickb.umh.es\/ca\/wp-json\/wp\/v2\/pages\/38"}],"wp:attachment":[{"href":"https:\/\/tickb.umh.es\/ca\/wp-json\/wp\/v2\/media?parent=1075"}],"curies":[{"name":"wp","href":"https:\/\/api.w.org\/{rel}","templated":true}]}}