{"id":1099,"date":"2025-04-04T12:47:06","date_gmt":"2025-04-04T10:47:06","guid":{"rendered":"https:\/\/tickb.umh.es\/?page_id=1099"},"modified":"2025-04-09T14:36:21","modified_gmt":"2025-04-09T12:36:21","slug":"como-instalar-cisco-jabber-en-dispositivos-ios","status":"publish","type":"page","link":"https:\/\/tickb.umh.es\/ca\/comunicaciones\/telefonia-fija\/como-instalar-cisco-jabber-en-dispositivos-ios\/","title":{"rendered":"Com instal\u00b7lar Cisco Jabber en Dispositius iOS"},"content":{"rendered":"<p>Per a dispositius iOS: Hem de descarregar el programari Cisco Jabber per a iOS des de l&#8217;aplicaci\u00f3 &#8220;App Store&#8221;.<\/p>\n<ol>\n<li>Accedirem a l&#8217;aplicaci\u00f3 &#8220;<strong>App Store<\/strong>&#8220;.<img loading=\"lazy\" class=\"size-medium wp-image-941 aligncenter\" src=\"https:\/\/tickb.umh.es\/files\/2025\/04\/iosAPP1-300x123.jpg\" alt=\"\" width=\"300\" height=\"123\" srcset=\"https:\/\/tickb.umh.es\/files\/2025\/04\/iosAPP1-300x123.jpg 300w, https:\/\/tickb.umh.es\/files\/2025\/04\/iosAPP1-1024x418.jpg 1024w, https:\/\/tickb.umh.es\/files\/2025\/04\/iosAPP1-768x314.jpg 768w, https:\/\/tickb.umh.es\/files\/2025\/04\/iosAPP1.jpg 1143w\" sizes=\"(max-width: 300px) 100vw, 300px\" \/><\/li>\n<li>Dins de l&#8217;App Store, busca l&#8217;aplicaci\u00f3 &#8220;Cisco Jabber&#8221;.<\/li>\n<li>Premem el bot\u00f3 &#8220;<strong>Obtenir<\/strong>&#8221; a la dreta de la icona de l&#8217;aplicaci\u00f3 &#8220;Cisco Jabber&#8221; i esperarem que s&#8217;instal\u00b7le.<img loading=\"lazy\" class=\"size-full wp-image-1111 aligncenter\" src=\"https:\/\/tickb.umh.es\/files\/2025\/04\/JabberiOS1.png\" alt=\"\" width=\"295\" height=\"238\" \/><\/li>\n<li>Una vegada s&#8217;haja instal\u00b7lat, tocarem en la icona de l&#8217;aplicaci\u00f3 en el nostre escriptori per a obrir-la.<img loading=\"lazy\" class=\"size-full wp-image-1108 aligncenter\" src=\"https:\/\/tickb.umh.es\/files\/2025\/04\/JabberiOS2.png\" alt=\"\" width=\"128\" height=\"54\" \/><\/li>\n<li>Tocarem el bot\u00f3 &#8220;Acceptar&#8221; per a confirmar les condicions de servei, llic\u00e8ncia i pol\u00edtica de privacitat, a m\u00e9s de permetre a Jabber els permisos que demane.<\/li>\n<li>Introdu\u00efm la nostra adre\u00e7a de correu electr\u00f2nic de la Universitat i premem &#8220;<strong>Continuar<\/strong>&#8220;.<img loading=\"lazy\" class=\"size-medium wp-image-1105 aligncenter\" src=\"https:\/\/tickb.umh.es\/files\/2025\/04\/JabberiOS3-138x300.png\" alt=\"\" width=\"138\" height=\"300\" srcset=\"https:\/\/tickb.umh.es\/files\/2025\/04\/JabberiOS3-138x300.png 138w, https:\/\/tickb.umh.es\/files\/2025\/04\/JabberiOS3-472x1024.png 472w, https:\/\/tickb.umh.es\/files\/2025\/04\/JabberiOS3-768x1665.png 768w, https:\/\/tickb.umh.es\/files\/2025\/04\/JabberiOS3-709x1536.png 709w, https:\/\/tickb.umh.es\/files\/2025\/04\/JabberiOS3-945x2048.png 945w, https:\/\/tickb.umh.es\/files\/2025\/04\/JabberiOS3.png 1179w\" sizes=\"(max-width: 138px) 100vw, 138px\" \/><\/li>\n<li>Iniciarem sessi\u00f3 amb les nostres credencials.<img loading=\"lazy\" class=\"size-medium wp-image-1102 aligncenter\" src=\"https:\/\/tickb.umh.es\/files\/2025\/04\/JabberiOS4-138x300.png\" alt=\"\" width=\"138\" height=\"300\" srcset=\"https:\/\/tickb.umh.es\/files\/2025\/04\/JabberiOS4-138x300.png 138w, https:\/\/tickb.umh.es\/files\/2025\/04\/JabberiOS4-472x1024.png 472w, https:\/\/tickb.umh.es\/files\/2025\/04\/JabberiOS4-768x1665.png 768w, https:\/\/tickb.umh.es\/files\/2025\/04\/JabberiOS4-709x1536.png 709w, https:\/\/tickb.umh.es\/files\/2025\/04\/JabberiOS4-945x2048.png 945w, https:\/\/tickb.umh.es\/files\/2025\/04\/JabberiOS4.png 1179w\" sizes=\"(max-width: 138px) 100vw, 138px\" \/><\/li>\n<\/ol>\n<p><\/p>","protected":false},"excerpt":{"rendered":"<p>Per a dispositius iOS: Hem de descarregar el programari Cisco Jabber per a iOS des de l&#8217;aplicaci\u00f3 &#8220;App Store&#8221;.<\/p>\n<p>Accedirem a l&#8217;aplicaci\u00f3 &#8220;App Store&#8220;.<br \/>\nDins de l&#8217;App Store, busca l&#8217;aplicaci\u00f3 &#8220;Cisco Jabber&#8221;.<br \/>\nPremem el bot\u00f3 &#8220;Obtenir&#8221; a la dreta de la icona de l&#8217;aplicaci\u00f3 &#8220;Cisco Jabber&#8221; i esperarem que s&#8217;instal\u00b7le.<br \/>\nUna vegada s&#8217;haja instal\u00b7lat, tocarem en la icona de [&#8230;]<\/p>\n","protected":false},"author":88,"featured_media":0,"parent":68,"menu_order":0,"comment_status":"closed","ping_status":"closed","template":"","meta":{"_links_to":"","_links_to_target":""},"_links":{"self":[{"href":"https:\/\/tickb.umh.es\/ca\/wp-json\/wp\/v2\/pages\/1099"}],"collection":[{"href":"https:\/\/tickb.umh.es\/ca\/wp-json\/wp\/v2\/pages"}],"about":[{"href":"https:\/\/tickb.umh.es\/ca\/wp-json\/wp\/v2\/types\/page"}],"author":[{"embeddable":true,"href":"https:\/\/tickb.umh.es\/ca\/wp-json\/wp\/v2\/users\/88"}],"replies":[{"embeddable":true,"href":"https:\/\/tickb.umh.es\/ca\/wp-json\/wp\/v2\/comments?post=1099"}],"version-history":[{"count":0,"href":"https:\/\/tickb.umh.es\/ca\/wp-json\/wp\/v2\/pages\/1099\/revisions"}],"up":[{"embeddable":true,"href":"https:\/\/tickb.umh.es\/ca\/wp-json\/wp\/v2\/pages\/68"}],"wp:attachment":[{"href":"https:\/\/tickb.umh.es\/ca\/wp-json\/wp\/v2\/media?parent=1099"}],"curies":[{"name":"wp","href":"https:\/\/api.w.org\/{rel}","templated":true}]}}