{"id":110,"date":"2025-03-21T10:52:13","date_gmt":"2025-03-21T09:52:13","guid":{"rendered":"https:\/\/tickb.zeus.umh.es\/?page_id=110"},"modified":"2025-03-26T17:59:42","modified_gmt":"2025-03-26T16:59:42","slug":"unidades-de-almacenamiento","status":"publish","type":"page","link":"https:\/\/tickb.umh.es\/ca\/correo-y-colaboracion\/unidades-de-almacenamiento\/","title":{"rendered":"Unitats d&#8217;emmagatzematge"},"content":{"rendered":"<p>Unitats d&#8217;emmagatzematge. Les unitats de xarxa de grup i personals s\u00f3n un espai d&#8217;emmagatzematge de disc que la Universitat posa a disposici\u00f3 dels seus usuaris per a facilitar la posada en com\u00fa de documents d&#8217;un grup de treball i d&#8217;\u00fas individual respectivament, amb la finalitat de facilitar la realitzaci\u00f3 de les funcions del seu lloc de treball. El Servei d&#8217;Innovaci\u00f3 i Planificaci\u00f3 Tecnol\u00f2gica s&#8217;encarrega de mantenir aquests espais de disc en uns equips centrals, de manera que es gestiona la seguretat davant atacs, accessos indeguts, virus, disponibilitat i recuperaci\u00f3 de la informaci\u00f3 en cas de deterioraci\u00f3, esborrat o p\u00e8rdua ja que es realitzen <strong>c\u00f2pies de seguretat di\u00e0riament<\/strong>.<\/p>","protected":false},"excerpt":{"rendered":"<p>Unitats d&#8217;emmagatzematge. Les unitats de xarxa de grup i personals s\u00f3n un espai d&#8217;emmagatzematge de disc que la Universitat posa a disposici\u00f3 dels seus usuaris per a facilitar la posada en com\u00fa de documents d&#8217;un grup de treball i d&#8217;\u00fas individual respectivament, amb la finalitat de facilitar la realitzaci\u00f3 de les funcions del seu lloc [&#8230;]<\/p>\n","protected":false},"author":88,"featured_media":0,"parent":38,"menu_order":12,"comment_status":"closed","ping_status":"closed","template":"","meta":{"_links_to":"","_links_to_target":""},"_links":{"self":[{"href":"https:\/\/tickb.umh.es\/ca\/wp-json\/wp\/v2\/pages\/110"}],"collection":[{"href":"https:\/\/tickb.umh.es\/ca\/wp-json\/wp\/v2\/pages"}],"about":[{"href":"https:\/\/tickb.umh.es\/ca\/wp-json\/wp\/v2\/types\/page"}],"author":[{"embeddable":true,"href":"https:\/\/tickb.umh.es\/ca\/wp-json\/wp\/v2\/users\/88"}],"replies":[{"embeddable":true,"href":"https:\/\/tickb.umh.es\/ca\/wp-json\/wp\/v2\/comments?post=110"}],"version-history":[{"count":0,"href":"https:\/\/tickb.umh.es\/ca\/wp-json\/wp\/v2\/pages\/110\/revisions"}],"up":[{"embeddable":true,"href":"https:\/\/tickb.umh.es\/ca\/wp-json\/wp\/v2\/pages\/38"}],"wp:attachment":[{"href":"https:\/\/tickb.umh.es\/ca\/wp-json\/wp\/v2\/media?parent=110"}],"curies":[{"name":"wp","href":"https:\/\/api.w.org\/{rel}","templated":true}]}}