{"id":1129,"date":"2025-04-04T13:25:28","date_gmt":"2025-04-04T11:25:28","guid":{"rendered":"https:\/\/tickb.umh.es\/?page_id=1129"},"modified":"2025-04-04T14:47:17","modified_gmt":"2025-04-04T12:47:17","slug":"como-actualizar-la-version-de-microsoft-office","status":"publish","type":"page","link":"https:\/\/tickb.umh.es\/ca\/correo-y-colaboracion\/office-365\/como-actualizar-la-version-de-microsoft-office\/","title":{"rendered":"Com actualitzar la versi\u00f3 de Microsoft Office"},"content":{"rendered":"<p>En aquest article s&#8217;explicar\u00e0 com actualitzar la versi\u00f3 de Microsoft Office instal\u00b7lada en el nostre equip.<\/p>\n<p><strong>Guia detallada:<\/strong><\/p>\n<ol>\n<li>Obrim qualsevol aplicaci\u00f3 d&#8217;Office, com Word, i creem un document.<img loading=\"lazy\" class=\"size-medium wp-image-1132 aligncenter\" src=\"https:\/\/tickb.umh.es\/files\/2025\/04\/ActualizarOffice1-300x169.png\" alt=\"\" width=\"300\" height=\"169\" srcset=\"https:\/\/tickb.umh.es\/files\/2025\/04\/ActualizarOffice1-300x169.png 300w, https:\/\/tickb.umh.es\/files\/2025\/04\/ActualizarOffice1.png 713w\" sizes=\"(max-width: 300px) 100vw, 300px\" \/><\/li>\n<li>Premem en &#8220;Arxiu&#8221;, en la part superior esquerra.<img loading=\"lazy\" class=\"size-medium wp-image-1135 aligncenter\" src=\"https:\/\/tickb.umh.es\/files\/2025\/04\/ActualizarOffice2-300x136.png\" alt=\"\" width=\"300\" height=\"136\" srcset=\"https:\/\/tickb.umh.es\/files\/2025\/04\/ActualizarOffice2-300x136.png 300w, https:\/\/tickb.umh.es\/files\/2025\/04\/ActualizarOffice2.png 358w\" sizes=\"(max-width: 300px) 100vw, 300px\" \/><\/li>\n<li>A continuaci\u00f3, premem en &#8220;Compte&#8221;, en la part inferior esquerra.<img loading=\"lazy\" class=\"size-full wp-image-1138 aligncenter\" src=\"https:\/\/tickb.umh.es\/files\/2025\/04\/ActualizarOffice3.png\" alt=\"\" width=\"137\" height=\"186\" \/><\/li>\n<li>Finalment, premem en &#8220;Opcions d&#8217;actualitzaci\u00f3&#8221; i seguidament en &#8220;Actualitzar ara&#8221;.<img loading=\"lazy\" class=\"size-medium wp-image-1141 aligncenter\" src=\"https:\/\/tickb.umh.es\/files\/2025\/04\/ActualizarOffice4-300x208.png\" alt=\"\" width=\"300\" height=\"208\" srcset=\"https:\/\/tickb.umh.es\/files\/2025\/04\/ActualizarOffice4-300x208.png 300w, https:\/\/tickb.umh.es\/files\/2025\/04\/ActualizarOffice4.png 542w\" sizes=\"(max-width: 300px) 100vw, 300px\" \/><\/li>\n<\/ol>\n<p>&nbsp;<\/p>\n<table style=\"background-color: #fffdf6; border: 2px solid #ffeaae; margin: 0px auto; height: 214px;\" width=\"628\">\n<tbody>\n<tr>\n<td style=\"text-align: left;\" width=\"566\"><strong>Nota:<\/strong><\/p>\n<p>Mantindre el programari actualitzat \u00e9s crucial per a la seguretat i efici\u00e8ncia dels dispositius. Les actualitzacions no sols corregeixen errors, sin\u00f3 que tamb\u00e9 ofereixen noves caracter\u00edstiques i milloren el rendiment general. A m\u00e9s, protegeixen contra vulnerabilitats de seguretat que podrien ser explotades per malware o hackers. Per tant, \u00e9s important realitzar actualitzacions regulars per a assegurar que els sistemes operatius i aplicacions funcionen de la millor manera possible.<\/td>\n<\/tr>\n<\/tbody>\n<\/table>\n<p>&nbsp;<\/p>\n<table style=\"background-color: white; border: 2px solid black; margin: 0px auto; height: 107px;\" width=\"631\">\n<tbody>\n<tr>\n<td style=\"text-align: left;\" width=\"566\"><strong>URL relacionades:<\/strong><\/p>\n<p><a href=\"https:\/\/support.microsoft.com\/es-es\/office\/-c%C3%B3mo-actualizo-office-ee68f6cf-422f-464a-82ec-385f65391350\">Com actualitze Office? &#8211; Suport t\u00e8cnic de Microsoft<\/a><\/td>\n<\/tr>\n<\/tbody>\n<\/table>\n<p>&nbsp;<\/p>","protected":false},"excerpt":{"rendered":"<p>En aquest article s&#8217;explicar\u00e0 com actualitzar la versi\u00f3 de Microsoft Office instal\u00b7lada en el nostre equip.<br \/>\nGuia detallada:<\/p>\n<p>Obrim qualsevol aplicaci\u00f3 d&#8217;Office, com Word, i creem un document.<br \/>\nPremem en &#8220;Arxiu&#8221;, en la part superior esquerra.<br \/>\nA continuaci\u00f3, premem en &#8220;Compte&#8221;, en la part inferior esquerra.<br \/>\nFinalment, premem en &#8220;Opcions d&#8217;actualitzaci\u00f3&#8221; i seguidament en &#8220;Actualitzar ara&#8221;.<\/p>\n<p>&nbsp;<\/p>\n<p>Nota:<br \/>\nMantindre el programari actualitzat \u00e9s [&#8230;]<\/p>\n","protected":false},"author":88,"featured_media":0,"parent":104,"menu_order":0,"comment_status":"closed","ping_status":"closed","template":"","meta":{"_links_to":"","_links_to_target":""},"_links":{"self":[{"href":"https:\/\/tickb.umh.es\/ca\/wp-json\/wp\/v2\/pages\/1129"}],"collection":[{"href":"https:\/\/tickb.umh.es\/ca\/wp-json\/wp\/v2\/pages"}],"about":[{"href":"https:\/\/tickb.umh.es\/ca\/wp-json\/wp\/v2\/types\/page"}],"author":[{"embeddable":true,"href":"https:\/\/tickb.umh.es\/ca\/wp-json\/wp\/v2\/users\/88"}],"replies":[{"embeddable":true,"href":"https:\/\/tickb.umh.es\/ca\/wp-json\/wp\/v2\/comments?post=1129"}],"version-history":[{"count":0,"href":"https:\/\/tickb.umh.es\/ca\/wp-json\/wp\/v2\/pages\/1129\/revisions"}],"up":[{"embeddable":true,"href":"https:\/\/tickb.umh.es\/ca\/wp-json\/wp\/v2\/pages\/104"}],"wp:attachment":[{"href":"https:\/\/tickb.umh.es\/ca\/wp-json\/wp\/v2\/media?parent=1129"}],"curies":[{"name":"wp","href":"https:\/\/api.w.org\/{rel}","templated":true}]}}