{"id":1144,"date":"2025-04-04T16:14:27","date_gmt":"2025-04-04T14:14:27","guid":{"rendered":"https:\/\/tickb.umh.es\/?page_id=1144"},"modified":"2025-04-04T16:28:03","modified_gmt":"2025-04-04T14:28:03","slug":"como-redireccionar-la-cuenta-de-correo-miumh-a-otra","status":"publish","type":"page","link":"https:\/\/tickb.umh.es\/ca\/correo-y-colaboracion\/office-365\/como-redireccionar-la-cuenta-de-correo-miumh-a-otra\/","title":{"rendered":"Com redirigir el compte de correu MIUMH a una altra"},"content":{"rendered":"<p>En entrar en el teu <strong>escriptori d&#8217;Office 365<\/strong> veur\u00e0s en la barra superior una icona d&#8217;un engranatge d&#8217;\u00ab<strong>Opcions<\/strong>\u00bb en la part dreta. En fer clic veur\u00e0s, en la part inferior, un ep\u00edgraf anomenat \u00ab<strong>Configuraci\u00f3 de l&#8217;aplicaci\u00f3<\/strong>\u00bb i haur\u00e0s de fer clic en \u00ab<strong>Correu<\/strong>\u00bb:<img loading=\"lazy\" class=\"size-medium wp-image-1150 aligncenter\" src=\"https:\/\/tickb.umh.es\/files\/2025\/04\/MiumhRedir1-115x300.png\" alt=\"\" width=\"115\" height=\"300\" srcset=\"https:\/\/tickb.umh.es\/files\/2025\/04\/MiumhRedir1-115x300.png 115w, https:\/\/tickb.umh.es\/files\/2025\/04\/MiumhRedir1.png 315w\" sizes=\"(max-width: 115px) 100vw, 115px\" \/><\/p>\n<p>I ara en la pantalla que apareix amb les opcions del correu en el men\u00fa lateral esquerre fem clic en \u00ab<strong>Reenviament<\/strong>\u00bb dins de l&#8217;ep\u00edgraf \u00ab<strong>Comptes<\/strong>\u00bb i nom\u00e9s hem d&#8217;especificar l&#8217;adre\u00e7a de correu electr\u00f2nic on volem rebre els mails i marcar si volem conservar una c\u00f2pia dels missatges reenviats:<img loading=\"lazy\" class=\"size-medium wp-image-1153 aligncenter\" src=\"https:\/\/tickb.umh.es\/files\/2025\/04\/MiumhRedir2-300x194.png\" alt=\"\" width=\"300\" height=\"194\" srcset=\"https:\/\/tickb.umh.es\/files\/2025\/04\/MiumhRedir2-300x194.png 300w, https:\/\/tickb.umh.es\/files\/2025\/04\/MiumhRedir2-768x497.png 768w, https:\/\/tickb.umh.es\/files\/2025\/04\/MiumhRedir2.png 796w\" sizes=\"(max-width: 300px) 100vw, 300px\" \/><\/p>\n<p>Tamb\u00e9 podeu consultar el seg\u00fcent v\u00eddeo en el qual us ensenyem com redirigir el vostre compte de correu MIUMH a una altra.<\/p>\n<p><strong>URL v\u00eddeo acc\u00e9s al portal:<\/strong>\u00a0<a href=\"https:\/\/youtu.be\/tDvMEVKcWWg\">https:\/\/youtu.be\/tDvMEVKcWWg<\/a><\/p>\n<p><iframe  id=\"_ytid_67036\"  width=\"800\" height=\"450\"  data-origwidth=\"800\" data-origheight=\"450\" src=\"https:\/\/www.youtube.com\/embed\/tDvMEVKcWWg?enablejsapi=1&autoplay=0&cc_load_policy=0&cc_lang_pref=&iv_load_policy=1&loop=0&modestbranding=0&rel=1&fs=1&playsinline=0&autohide=2&theme=dark&color=red&controls=1&\" class=\"__youtube_prefs__  no-lazyload\" title=\"YouTube player\"  allow=\"accelerometer; autoplay; clipboard-write; encrypted-media; gyroscope; picture-in-picture\" allowfullscreen data-no-lazy=\"1\" data-skipgform_ajax_framebjll=\"\"><\/iframe><\/p>","protected":false},"excerpt":{"rendered":"<p>En entrar en el teu escriptori d&#8217;Office 365 veur\u00e0s en la barra superior una icona d&#8217;un engranatge d&#8217;\u00abOpcions\u00bb en la part dreta. En fer clic veur\u00e0s, en la part inferior, un ep\u00edgraf anomenat \u00abConfiguraci\u00f3 de l&#8217;aplicaci\u00f3\u00bb i haur\u00e0s de fer clic en \u00abCorreu\u00bb:<br \/>\nI ara en la pantalla que apareix amb les opcions del correu en [&#8230;]<\/p>\n","protected":false},"author":88,"featured_media":0,"parent":104,"menu_order":0,"comment_status":"closed","ping_status":"closed","template":"","meta":{"_links_to":"","_links_to_target":""},"_links":{"self":[{"href":"https:\/\/tickb.umh.es\/ca\/wp-json\/wp\/v2\/pages\/1144"}],"collection":[{"href":"https:\/\/tickb.umh.es\/ca\/wp-json\/wp\/v2\/pages"}],"about":[{"href":"https:\/\/tickb.umh.es\/ca\/wp-json\/wp\/v2\/types\/page"}],"author":[{"embeddable":true,"href":"https:\/\/tickb.umh.es\/ca\/wp-json\/wp\/v2\/users\/88"}],"replies":[{"embeddable":true,"href":"https:\/\/tickb.umh.es\/ca\/wp-json\/wp\/v2\/comments?post=1144"}],"version-history":[{"count":0,"href":"https:\/\/tickb.umh.es\/ca\/wp-json\/wp\/v2\/pages\/1144\/revisions"}],"up":[{"embeddable":true,"href":"https:\/\/tickb.umh.es\/ca\/wp-json\/wp\/v2\/pages\/104"}],"wp:attachment":[{"href":"https:\/\/tickb.umh.es\/ca\/wp-json\/wp\/v2\/media?parent=1144"}],"curies":[{"name":"wp","href":"https:\/\/api.w.org\/{rel}","templated":true}]}}