{"id":1156,"date":"2025-04-04T16:30:45","date_gmt":"2025-04-04T14:30:45","guid":{"rendered":"https:\/\/tickb.umh.es\/?page_id=1156"},"modified":"2025-04-04T16:31:41","modified_gmt":"2025-04-04T14:31:41","slug":"eliminar-uso-de-licencia-office-365-proplus","status":"publish","type":"page","link":"https:\/\/tickb.umh.es\/ca\/correo-y-colaboracion\/office-365\/eliminar-uso-de-licencia-office-365-proplus\/","title":{"rendered":"Eliminar \u00fas de llic\u00e8ncia Office 365 ProPlus"},"content":{"rendered":"<p><strong>Office 365 ProPlus<\/strong> est\u00e0 pensat perqu\u00e8 pugues utilitzar Office en els teus equips personals, <strong>fins a un m\u00e0xim de 5 equips<\/strong> (Windows o Mac), m\u00f2bils i tauletes. Una vegada superat el nombre d&#8217;activacions, haur\u00e0s d&#8217;eliminar l&#8217;activaci\u00f3 d&#8217;un equip que ja no utilitzes si desitges afegir un equip nou.<\/p>\n<p>En aquest v\u00eddeo us mostrem com eliminar la llic\u00e8ncia d&#8217;Office365 ProPlus associada als vostres equips.<\/p>\n<p><iframe  id=\"_ytid_65926\"  width=\"800\" height=\"450\"  data-origwidth=\"800\" data-origheight=\"450\" src=\"https:\/\/www.youtube.com\/embed\/L-BtS6VWqmo?enablejsapi=1&autoplay=0&cc_load_policy=0&cc_lang_pref=&iv_load_policy=1&loop=0&modestbranding=0&rel=1&fs=1&playsinline=0&autohide=2&theme=dark&color=red&controls=1&\" class=\"__youtube_prefs__  no-lazyload\" title=\"YouTube player\"  allow=\"accelerometer; autoplay; clipboard-write; encrypted-media; gyroscope; picture-in-picture\" allowfullscreen data-no-lazy=\"1\" data-skipgform_ajax_framebjll=\"\"><\/iframe><\/p>","protected":false},"excerpt":{"rendered":"<p>Office 365 ProPlus est\u00e0 pensat perqu\u00e8 pugues utilitzar Office en els teus equips personals, fins a un m\u00e0xim de 5 equips (Windows o Mac), m\u00f2bils i tauletes. Una vegada superat el nombre d&#8217;activacions, haur\u00e0s d&#8217;eliminar l&#8217;activaci\u00f3 d&#8217;un equip que ja no utilitzes si desitges afegir un equip nou.<br \/>\nEn aquest v\u00eddeo us mostrem com eliminar la [&#8230;]<\/p>\n","protected":false},"author":88,"featured_media":0,"parent":104,"menu_order":0,"comment_status":"closed","ping_status":"closed","template":"","meta":{"_links_to":"","_links_to_target":""},"_links":{"self":[{"href":"https:\/\/tickb.umh.es\/ca\/wp-json\/wp\/v2\/pages\/1156"}],"collection":[{"href":"https:\/\/tickb.umh.es\/ca\/wp-json\/wp\/v2\/pages"}],"about":[{"href":"https:\/\/tickb.umh.es\/ca\/wp-json\/wp\/v2\/types\/page"}],"author":[{"embeddable":true,"href":"https:\/\/tickb.umh.es\/ca\/wp-json\/wp\/v2\/users\/88"}],"replies":[{"embeddable":true,"href":"https:\/\/tickb.umh.es\/ca\/wp-json\/wp\/v2\/comments?post=1156"}],"version-history":[{"count":0,"href":"https:\/\/tickb.umh.es\/ca\/wp-json\/wp\/v2\/pages\/1156\/revisions"}],"up":[{"embeddable":true,"href":"https:\/\/tickb.umh.es\/ca\/wp-json\/wp\/v2\/pages\/104"}],"wp:attachment":[{"href":"https:\/\/tickb.umh.es\/ca\/wp-json\/wp\/v2\/media?parent=1156"}],"curies":[{"name":"wp","href":"https:\/\/api.w.org\/{rel}","templated":true}]}}