{"id":1162,"date":"2025-04-04T16:35:44","date_gmt":"2025-04-04T14:35:44","guid":{"rendered":"https:\/\/tickb.umh.es\/?page_id=1162"},"modified":"2025-04-04T16:43:48","modified_gmt":"2025-04-04T14:43:48","slug":"como-anadir-o-quitar-aplicaciones-del-escritorio-en-el-acceso-identificado","status":"publish","type":"page","link":"https:\/\/tickb.umh.es\/ca\/publicacion-web\/como-anadir-o-quitar-aplicaciones-del-escritorio-en-el-acceso-identificado\/","title":{"rendered":"Com afegir o llevar aplicacions de l&#8217;escriptori en l&#8217;acc\u00e9s identificat"},"content":{"rendered":"<p>En entrar en el nostre acc\u00e9s identificat el primer que se&#8217;ns mostrar\u00e0 ser\u00e0 el nostre escriptori, en ell podrem visualitzar aquelles aplicacions que el formen i a les quals desitgem accedir de manera r\u00e0pida. Aquesta llista d&#8217;aplicacions \u00e9s configurable, per la qual cosa podrem afegir o llevar les que desitgem. A continuaci\u00f3 es mostra el proc\u00e9s de personalitzaci\u00f3:<\/p>\n<ol>\n<li>Farem clic en la <strong>roda dentada<\/strong> situada en la part superior dreta de la pantalla.<img loading=\"lazy\" class=\"size-full wp-image-1165 aligncenter\" src=\"https:\/\/tickb.umh.es\/files\/2025\/04\/AccesoIden1.png\" alt=\"\" width=\"272\" height=\"50\" \/><\/li>\n<li>En el men\u00fa desplegable seleccionarem &#8220;<strong>Escriptori personalitzat<\/strong>&#8221; i premem el bot\u00f3 &#8220;<strong>Modificar escriptori<\/strong>&#8220;.<img loading=\"lazy\" class=\"size-medium wp-image-1168 aligncenter\" src=\"https:\/\/tickb.umh.es\/files\/2025\/04\/AccesoIden2-163x300.png\" alt=\"\" width=\"163\" height=\"300\" srcset=\"https:\/\/tickb.umh.es\/files\/2025\/04\/AccesoIden2-163x300.png 163w, https:\/\/tickb.umh.es\/files\/2025\/04\/AccesoIden2.png 318w\" sizes=\"(max-width: 163px) 100vw, 163px\" \/><\/li>\n<li>Despr\u00e9s de fer aix\u00f2, veurem que en el nostre escriptori apareix un nou bot\u00f3 anomenat &#8220;<strong>Afegir\/Llevar aplicacions<\/strong>&#8220;, haurem de seleccionar-lo per a seguir el proc\u00e9s.<img loading=\"lazy\" class=\"size-medium wp-image-1171 aligncenter\" src=\"https:\/\/tickb.umh.es\/files\/2025\/04\/AccesoIden3-300x146.png\" alt=\"\" width=\"300\" height=\"146\" srcset=\"https:\/\/tickb.umh.es\/files\/2025\/04\/AccesoIden3-300x146.png 300w, https:\/\/tickb.umh.es\/files\/2025\/04\/AccesoIden3.png 334w\" sizes=\"(max-width: 300px) 100vw, 300px\" \/><\/li>\n<li>Ara ens apareixer\u00e0 una finestra en la qual podem marcar o desmarcar perqu\u00e8 les aplicacions es mostren o no en el nostre escriptori.<img loading=\"lazy\" class=\"size-medium wp-image-1174 aligncenter\" src=\"https:\/\/tickb.umh.es\/files\/2025\/04\/AccesoIden4-300x96.png\" alt=\"\" width=\"300\" height=\"96\" srcset=\"https:\/\/tickb.umh.es\/files\/2025\/04\/AccesoIden4-300x96.png 300w, https:\/\/tickb.umh.es\/files\/2025\/04\/AccesoIden4-768x246.png 768w, https:\/\/tickb.umh.es\/files\/2025\/04\/AccesoIden4.png 910w\" sizes=\"(max-width: 300px) 100vw, 300px\" \/><\/li>\n<li>Una vegada h\u00e0gem realitzat els canvis desitjats, premem el bot\u00f3 &#8220;<strong>Confirmar<\/strong>&#8221; i despr\u00e9s en &#8220;<strong>Guardar<\/strong>&#8220;.<\/li>\n<\/ol>\n<p><\/p>","protected":false},"excerpt":{"rendered":"<p>En entrar en el nostre acc\u00e9s identificat el primer que se&#8217;ns mostrar\u00e0 ser\u00e0 el nostre escriptori, en ell podrem visualitzar aquelles aplicacions que el formen i a les quals desitgem accedir de manera r\u00e0pida. Aquesta llista d&#8217;aplicacions \u00e9s configurable, per la qual cosa podrem afegir o llevar les que desitgem. A continuaci\u00f3 es mostra el [&#8230;]<\/p>\n","protected":false},"author":88,"featured_media":0,"parent":44,"menu_order":0,"comment_status":"closed","ping_status":"closed","template":"","meta":{"_links_to":"","_links_to_target":""},"_links":{"self":[{"href":"https:\/\/tickb.umh.es\/ca\/wp-json\/wp\/v2\/pages\/1162"}],"collection":[{"href":"https:\/\/tickb.umh.es\/ca\/wp-json\/wp\/v2\/pages"}],"about":[{"href":"https:\/\/tickb.umh.es\/ca\/wp-json\/wp\/v2\/types\/page"}],"author":[{"embeddable":true,"href":"https:\/\/tickb.umh.es\/ca\/wp-json\/wp\/v2\/users\/88"}],"replies":[{"embeddable":true,"href":"https:\/\/tickb.umh.es\/ca\/wp-json\/wp\/v2\/comments?post=1162"}],"version-history":[{"count":0,"href":"https:\/\/tickb.umh.es\/ca\/wp-json\/wp\/v2\/pages\/1162\/revisions"}],"up":[{"embeddable":true,"href":"https:\/\/tickb.umh.es\/ca\/wp-json\/wp\/v2\/pages\/44"}],"wp:attachment":[{"href":"https:\/\/tickb.umh.es\/ca\/wp-json\/wp\/v2\/media?parent=1162"}],"curies":[{"name":"wp","href":"https:\/\/api.w.org\/{rel}","templated":true}]}}