{"id":1177,"date":"2025-04-04T16:49:33","date_gmt":"2025-04-04T14:49:33","guid":{"rendered":"https:\/\/tickb.umh.es\/?page_id=1177"},"modified":"2025-04-04T17:04:17","modified_gmt":"2025-04-04T15:04:17","slug":"como-usar-algunas-funciones-de-adobe-acrobat-con-adobe-reader-y-word","status":"publish","type":"page","link":"https:\/\/tickb.umh.es\/ca\/soporte-a-equipamiento-informatico\/mantenimiento-de-software-corporativo\/como-usar-algunas-funciones-de-adobe-acrobat-con-adobe-reader-y-word\/","title":{"rendered":"Com usar algunes funcions d&#8217;Adobe Acrobat amb Adobe Reader i Word"},"content":{"rendered":"<p>Algunes de les accions que es realitzen di\u00e0riament amb Adobe Acrobat Pro es poden fer amb altres eines com <strong>Adobe Reader<\/strong>, <strong>Microsoft Word<\/strong> i <strong>AutoFirma<\/strong>.<\/p>\n<p><strong>Adobe Reader<\/strong>\u00a0\u00e9s una aplicaci\u00f3 gratu\u00efta que et permet <strong>veure, imprimir i comentar documents PDF<\/strong>. Amb Adobe Reader, pots accedir a una gran varietat de funcions que t&#8217;ajudaran a treballar amb els teus arxius PDF de manera eficient. Algunes de les funcions que ofereix la versi\u00f3 gratu\u00efta s\u00f3n:<\/p>\n<ul>\n<li><strong>Obrir i visualitzar qualsevol tipus de PDF<\/strong>, fins i tot els que tenen contingut interactiu o multim\u00e8dia.<\/li>\n<li>Afegir notes, ressaltar text, dibuixar formes o inserir segells en els teus PDF per a expressar la teua opini\u00f3 o donar feedback.<\/li>\n<li><strong>Signar digitalment els teus documents PDF amb el teu certificat electr\u00f2nic<\/strong> o amb la teua signatura manuscrita.<\/li>\n<li>Emplenar i enviar formularis PDF de manera r\u00e0pida i senzilla, sense necessitat d&#8217;imprimir-los ni escanejar-los.<\/li>\n<\/ul>\n<p>Pots descarregar l&#8217;\u00faltima versi\u00f3 disponible d&#8217;aquest programari des del seg\u00fcent enlla\u00e7: <a href=\"https:\/\/get.adobe.com\/es\/reader\/?promoid=TTGWL47M\">Descarregar Adobe Acrobat Reader<\/a>.<\/p>\n<p><strong>Microsoft Word<\/strong>\u00a0\u00e9s una eina molt \u00fatil per a treballar amb documents PDF. Algunes de les coses que es poden fer amb Word s\u00f3n:<\/p>\n<ul>\n<li>Obrir un document PDF directament en Word i editar-lo com si fora un arxiu de Word. Aix\u00f2 permet modificar el text, les imatges, el format i altres elements del PDF.<\/li>\n<li><strong>Guardar un document de Word com a PDF<\/strong>. Aix\u00f2 permet crear un arxiu PDF a partir d&#8217;un document de Word, conservant el disseny, els enlla\u00e7os, les fonts i altres elements.<\/li>\n<\/ul>\n<p>&nbsp;<\/p>\n<div class=\"confluence-information-macro confluence-information-macro-note conf-macro output-block\" data-hasbody=\"true\" data-macro-name=\"note\">\n<table style=\"background-color: #fffdf6; border: 2px solid #ffeaae; margin: 0px auto; height: 107px;\" width=\"632\">\n<tbody>\n<tr>\n<td style=\"text-align: left;\" width=\"566\">\n<div class=\"confluence-information-macro-body\">\n<p><strong>Nota:<\/strong><\/p>\n<p>Tamb\u00e9 \u00e9s possible utilitzar l&#8217;aplicaci\u00f3 AutoFirma per a signar digitalment documents PDF.<\/p>\n<\/div>\n<\/td>\n<\/tr>\n<\/tbody>\n<\/table>\n<\/div>\n<p>&nbsp;<\/p>\n<table style=\"background-color: white; border: 2px solid black; margin: 0px auto; height: 107px;\" width=\"631\">\n<tbody>\n<tr>\n<td style=\"text-align: left;\" width=\"566\">\n<p class=\"title\"><strong>URL relacionades:<\/strong><\/p>\n<div class=\"confluence-information-macro-body\">\n<p><a class=\"external-link\" href=\"https:\/\/get.adobe.com\/es\/reader\/?promoid=TTGWL47M\" rel=\"nofollow\">Descargar Adobe Acrobat Reader: visualizador gratuito de PDF<\/a><\/p>\n<\/div>\n<\/td>\n<\/tr>\n<\/tbody>\n<\/table>\n<p>&nbsp;<\/p>","protected":false},"excerpt":{"rendered":"<p>Algunes de les accions que es realitzen di\u00e0riament amb Adobe Acrobat Pro es poden fer amb altres eines com Adobe Reader, Microsoft Word i AutoFirma.<br \/>\nAdobe Reader\u00a0\u00e9s una aplicaci\u00f3 gratu\u00efta que et permet veure, imprimir i comentar documents PDF. Amb Adobe Reader, pots accedir a una gran varietat de funcions que t&#8217;ajudaran a treballar amb els [&#8230;]<\/p>\n","protected":false},"author":88,"featured_media":0,"parent":80,"menu_order":0,"comment_status":"closed","ping_status":"closed","template":"","meta":{"_links_to":"","_links_to_target":""},"_links":{"self":[{"href":"https:\/\/tickb.umh.es\/ca\/wp-json\/wp\/v2\/pages\/1177"}],"collection":[{"href":"https:\/\/tickb.umh.es\/ca\/wp-json\/wp\/v2\/pages"}],"about":[{"href":"https:\/\/tickb.umh.es\/ca\/wp-json\/wp\/v2\/types\/page"}],"author":[{"embeddable":true,"href":"https:\/\/tickb.umh.es\/ca\/wp-json\/wp\/v2\/users\/88"}],"replies":[{"embeddable":true,"href":"https:\/\/tickb.umh.es\/ca\/wp-json\/wp\/v2\/comments?post=1177"}],"version-history":[{"count":0,"href":"https:\/\/tickb.umh.es\/ca\/wp-json\/wp\/v2\/pages\/1177\/revisions"}],"up":[{"embeddable":true,"href":"https:\/\/tickb.umh.es\/ca\/wp-json\/wp\/v2\/pages\/80"}],"wp:attachment":[{"href":"https:\/\/tickb.umh.es\/ca\/wp-json\/wp\/v2\/media?parent=1177"}],"curies":[{"name":"wp","href":"https:\/\/api.w.org\/{rel}","templated":true}]}}