{"id":1183,"date":"2025-04-04T17:07:52","date_gmt":"2025-04-04T15:07:52","guid":{"rendered":"https:\/\/tickb.umh.es\/?page_id=1183"},"modified":"2025-04-04T17:16:51","modified_gmt":"2025-04-04T15:16:51","slug":"como-instalar-adobe-acrobat","status":"publish","type":"page","link":"https:\/\/tickb.umh.es\/ca\/soporte-a-equipamiento-informatico\/mantenimiento-de-software-corporativo\/como-instalar-adobe-acrobat\/","title":{"rendered":"Com instal\u00b7lar Adobe Acrobat"},"content":{"rendered":"<p>En aquest article, veurem com instal\u00b7lar<strong> Adobe Acrobat.<\/strong><\/p>\n<p>Adobe Acrobat \u00e9s una aplicaci\u00f3 desenvolupada per la corporaci\u00f3 Adobe, dissenyada per visualitzar, crear i modificar arxius amb el format PDF. A continuaci\u00f3, es mostra el proc\u00e9s d&#8217;instal\u00b7laci\u00f3 del programari des del lloc web d&#8217;Adobe.com.<\/p>\n<h4>Guia detallada<\/h4>\n<ol>\n<li>Accedim a la p\u00e0gina web d&#8217;Adobe:\u00a0<a href=\"https:\/\/acrobat.adobe.com\/es\/es\/\">https:\/\/acrobat.adobe.com\/es\/es\/<img loading=\"lazy\" class=\"size-medium wp-image-1186 aligncenter\" src=\"https:\/\/tickb.umh.es\/files\/2025\/04\/AdobeInstall1-300x83.png\" alt=\"\" width=\"300\" height=\"83\" srcset=\"https:\/\/tickb.umh.es\/files\/2025\/04\/AdobeInstall1-300x83.png 300w, https:\/\/tickb.umh.es\/files\/2025\/04\/AdobeInstall1-1024x284.png 1024w, https:\/\/tickb.umh.es\/files\/2025\/04\/AdobeInstall1-768x213.png 768w, https:\/\/tickb.umh.es\/files\/2025\/04\/AdobeInstall1-1536x425.png 1536w, https:\/\/tickb.umh.es\/files\/2025\/04\/AdobeInstall1.png 1907w\" sizes=\"(max-width: 300px) 100vw, 300px\" \/><\/a><\/li>\n<li>Li donem a\u00a0<strong>Iniciar sessi\u00f3<\/strong>.<\/li>\n<li>En posar el nostre correu corporatiu ens apareixer\u00e0 la seg\u00fcent finestra on introduirem les nostres dades i li donem a\u00a0<strong>Acceptar<\/strong>.<img loading=\"lazy\" class=\"size-medium wp-image-1064 aligncenter\" src=\"https:\/\/tickb.umh.es\/files\/2025\/04\/filesender4-153x300.png\" alt=\"\" width=\"153\" height=\"300\" srcset=\"https:\/\/tickb.umh.es\/files\/2025\/04\/filesender4-153x300.png 153w, https:\/\/tickb.umh.es\/files\/2025\/04\/filesender4.png 375w\" sizes=\"(max-width: 153px) 100vw, 153px\" \/><\/li>\n<li>Ens apareixer\u00e0 l&#8217;<strong>Autenticaci\u00f3 doble factor<\/strong>\u00a0on posarem el codi que ens acaba d&#8217;arribar.<\/li>\n<li>Una vegada h\u00e0gem iniciat sessi\u00f3 amb el nostre correu corporatiu, obrirem el men\u00fa\u00a0<strong>Obt\u00e9n les aplicacions<\/strong>.<img loading=\"lazy\" class=\"size-medium wp-image-1192 aligncenter\" src=\"https:\/\/tickb.umh.es\/files\/2025\/04\/AdobeInstall3-300x70.png\" alt=\"\" width=\"300\" height=\"70\" srcset=\"https:\/\/tickb.umh.es\/files\/2025\/04\/AdobeInstall3-300x70.png 300w, https:\/\/tickb.umh.es\/files\/2025\/04\/AdobeInstall3-1024x240.png 1024w, https:\/\/tickb.umh.es\/files\/2025\/04\/AdobeInstall3-768x180.png 768w, https:\/\/tickb.umh.es\/files\/2025\/04\/AdobeInstall3-1536x360.png 1536w, https:\/\/tickb.umh.es\/files\/2025\/04\/AdobeInstall3.png 1918w\" sizes=\"(max-width: 300px) 100vw, 300px\" \/><\/li>\n<li>Quan s&#8217;haja desplegat el men\u00fa, fem clic en el bot\u00f3\u00a0<strong>Descarregar d&#8217;Adobe Acrobat Pro<\/strong>.<img loading=\"lazy\" class=\"size-medium wp-image-1195 aligncenter\" src=\"https:\/\/tickb.umh.es\/files\/2025\/04\/AdobeInstall4-300x249.png\" alt=\"\" width=\"300\" height=\"249\" srcset=\"https:\/\/tickb.umh.es\/files\/2025\/04\/AdobeInstall4-300x249.png 300w, https:\/\/tickb.umh.es\/files\/2025\/04\/AdobeInstall4.png 463w\" sizes=\"(max-width: 300px) 100vw, 300px\" \/><\/li>\n<li>Comen\u00e7ar\u00e0 la desc\u00e0rrega de l&#8217;instal\u00b7lador, una vegada descarregat li fem doble clic.<\/li>\n<li>S&#8217;obrir\u00e0 la seg\u00fcent finestra, li donem a\u00a0<strong>Continuar<\/strong>.<img loading=\"lazy\" class=\"size-medium wp-image-1201 aligncenter\" src=\"https:\/\/tickb.umh.es\/files\/2025\/04\/AdobeInstall6-300x183.png\" alt=\"\" width=\"300\" height=\"183\" srcset=\"https:\/\/tickb.umh.es\/files\/2025\/04\/AdobeInstall6-300x183.png 300w, https:\/\/tickb.umh.es\/files\/2025\/04\/AdobeInstall6-1024x626.png 1024w, https:\/\/tickb.umh.es\/files\/2025\/04\/AdobeInstall6-768x469.png 768w, https:\/\/tickb.umh.es\/files\/2025\/04\/AdobeInstall6.png 1361w\" sizes=\"(max-width: 300px) 100vw, 300px\" \/><\/li>\n<li>Comen\u00e7ar\u00e0 el proc\u00e9s d&#8217;instal\u00b7laci\u00f3 que durar\u00e0 uns minuts, una vegada que es complete la instal\u00b7laci\u00f3 ja tindrem el programa llest per a usar-se.<img loading=\"lazy\" class=\"size-medium wp-image-1204 aligncenter\" src=\"https:\/\/tickb.umh.es\/files\/2025\/04\/AdobeInstall7-300x101.png\" alt=\"\" width=\"300\" height=\"101\" srcset=\"https:\/\/tickb.umh.es\/files\/2025\/04\/AdobeInstall7-300x101.png 300w, https:\/\/tickb.umh.es\/files\/2025\/04\/AdobeInstall7-1024x344.png 1024w, https:\/\/tickb.umh.es\/files\/2025\/04\/AdobeInstall7-768x258.png 768w, https:\/\/tickb.umh.es\/files\/2025\/04\/AdobeInstall7-1536x516.png 1536w, https:\/\/tickb.umh.es\/files\/2025\/04\/AdobeInstall7.png 1915w\" sizes=\"(max-width: 300px) 100vw, 300px\" \/><\/li>\n<\/ol>\n<p><\/p>","protected":false},"excerpt":{"rendered":"<p>En aquest article, veurem com instal\u00b7lar Adobe Acrobat.<br \/>\nAdobe Acrobat \u00e9s una aplicaci\u00f3 desenvolupada per la corporaci\u00f3 Adobe, dissenyada per visualitzar, crear i modificar arxius amb el format PDF. A continuaci\u00f3, es mostra el proc\u00e9s d&#8217;instal\u00b7laci\u00f3 del programari des del lloc web d&#8217;Adobe.com.<br \/>\nGuia detallada<\/p>\n<p>Accedim a la p\u00e0gina web d&#8217;Adobe:\u00a0https:\/\/acrobat.adobe.com\/es\/es\/<br \/>\nLi donem a\u00a0Iniciar sessi\u00f3.<br \/>\nEn posar el nostre correu [&#8230;]<\/p>\n","protected":false},"author":88,"featured_media":0,"parent":80,"menu_order":0,"comment_status":"closed","ping_status":"closed","template":"","meta":{"_links_to":"","_links_to_target":""},"_links":{"self":[{"href":"https:\/\/tickb.umh.es\/ca\/wp-json\/wp\/v2\/pages\/1183"}],"collection":[{"href":"https:\/\/tickb.umh.es\/ca\/wp-json\/wp\/v2\/pages"}],"about":[{"href":"https:\/\/tickb.umh.es\/ca\/wp-json\/wp\/v2\/types\/page"}],"author":[{"embeddable":true,"href":"https:\/\/tickb.umh.es\/ca\/wp-json\/wp\/v2\/users\/88"}],"replies":[{"embeddable":true,"href":"https:\/\/tickb.umh.es\/ca\/wp-json\/wp\/v2\/comments?post=1183"}],"version-history":[{"count":0,"href":"https:\/\/tickb.umh.es\/ca\/wp-json\/wp\/v2\/pages\/1183\/revisions"}],"up":[{"embeddable":true,"href":"https:\/\/tickb.umh.es\/ca\/wp-json\/wp\/v2\/pages\/80"}],"wp:attachment":[{"href":"https:\/\/tickb.umh.es\/ca\/wp-json\/wp\/v2\/media?parent=1183"}],"curies":[{"name":"wp","href":"https:\/\/api.w.org\/{rel}","templated":true}]}}