{"id":1234,"date":"2025-04-08T08:47:01","date_gmt":"2025-04-08T06:47:01","guid":{"rendered":"https:\/\/tickb.umh.es\/?page_id=1234"},"modified":"2025-04-08T08:54:38","modified_gmt":"2025-04-08T06:54:38","slug":"como-descargar-software-disponible-para-su-uso","status":"publish","type":"page","link":"https:\/\/tickb.umh.es\/ca\/soporte-a-equipamiento-informatico\/mantenimiento-de-software-corporativo\/como-descargar-software-disponible-para-su-uso\/","title":{"rendered":"Com descarregar programari disponible per al seu \u00fas"},"content":{"rendered":"<p>En aquest article veurem com descarregar programari d&#8217;inter\u00e8s per a la comunitat universit\u00e0ria.<\/p>\n<p>D&#8217;una banda, oferim la desc\u00e0rrega de programari sota llic\u00e8ncia Campus.<\/p>\n<p>D&#8217;altra banda, oferim la desc\u00e0rrega de programari a trav\u00e9s d&#8217;acords universitaris amb diferents empreses de programari.<\/p>\n<h4>Guia detallada<\/h4>\n<p><strong>Respecte a la desc\u00e0rrega de programari amb llic\u00e8ncia Campus:<\/strong><\/p>\n<ul>\n<li>Accedirem amb un navegador a l&#8217;adre\u00e7a\u00a0www.umh.es<\/li>\n<li>A la part superior de la web ens posarem damunt del col\u00b7lectiu al qual pertanyem (Estudiants, PDI, PAS, &#8230;) i farem clic en\u00a0<strong>Utilitats<\/strong>.<img loading=\"lazy\" class=\"size-medium wp-image-1240 aligncenter\" src=\"https:\/\/tickb.umh.es\/files\/2025\/04\/DesSoft1-300x176.jpg\" alt=\"\" width=\"300\" height=\"176\" srcset=\"https:\/\/tickb.umh.es\/files\/2025\/04\/DesSoft1-300x176.jpg 300w, https:\/\/tickb.umh.es\/files\/2025\/04\/DesSoft1-1024x602.jpg 1024w, https:\/\/tickb.umh.es\/files\/2025\/04\/DesSoft1-768x451.jpg 768w, https:\/\/tickb.umh.es\/files\/2025\/04\/DesSoft1.jpg 1167w\" sizes=\"(max-width: 300px) 100vw, 300px\" \/><\/li>\n<li>Despr\u00e9s farem clic en\u00a0<strong>Desc\u00e0rrega de Programari<\/strong>.<img loading=\"lazy\" class=\"size-medium wp-image-1243 aligncenter\" src=\"https:\/\/tickb.umh.es\/files\/2025\/04\/DesSoft2-300x162.jpg\" alt=\"\" width=\"300\" height=\"162\" srcset=\"https:\/\/tickb.umh.es\/files\/2025\/04\/DesSoft2-300x162.jpg 300w, https:\/\/tickb.umh.es\/files\/2025\/04\/DesSoft2-1024x553.jpg 1024w, https:\/\/tickb.umh.es\/files\/2025\/04\/DesSoft2-768x414.jpg 768w, https:\/\/tickb.umh.es\/files\/2025\/04\/DesSoft2-1536x829.jpg 1536w, https:\/\/tickb.umh.es\/files\/2025\/04\/DesSoft2.jpg 1920w\" sizes=\"(max-width: 300px) 100vw, 300px\" \/><\/li>\n<li>Despr\u00e9s de validar-nos ens apareixer\u00e0 el llistat de programari disponible per a desc\u00e0rrega.<img loading=\"lazy\" class=\"size-medium wp-image-1246 aligncenter\" src=\"https:\/\/tickb.umh.es\/files\/2025\/04\/DesSoft3-300x137.jpg\" alt=\"\" width=\"300\" height=\"137\" srcset=\"https:\/\/tickb.umh.es\/files\/2025\/04\/DesSoft3-300x137.jpg 300w, https:\/\/tickb.umh.es\/files\/2025\/04\/DesSoft3-1024x466.jpg 1024w, https:\/\/tickb.umh.es\/files\/2025\/04\/DesSoft3-768x350.jpg 768w, https:\/\/tickb.umh.es\/files\/2025\/04\/DesSoft3.jpg 1166w\" sizes=\"(max-width: 300px) 100vw, 300px\" \/><\/li>\n<li>A causa dels acords de llic\u00e8ncia que disposem, depenent del col\u00b7lectiu al qual pertanyem, ens apareixer\u00e0 un llistat de programari diferent.<\/li>\n<\/ul>\n<p><strong>Respecte a la desc\u00e0rrega de programari a trav\u00e9s d&#8217;acords:<\/strong><\/p>\n<ul>\n<li>Accedirem amb un navegador a l&#8217;adre\u00e7a sii.umh.es<\/li>\n<li>Anirem a\u00a0<strong>Serveis &gt; Llic\u00e8ncies programari<\/strong>.<\/li>\n<li>Aqu\u00ed ens apareixeran els paquets de programari que podem descarregar mitjan\u00e7ant acords de la universitat.<\/li>\n<li>Dins de cada programari trobarem informaci\u00f3 com descripci\u00f3, requisits, destinataris, sol\u00b7licitud del servei, \u2026<img loading=\"lazy\" class=\"size-medium wp-image-1249 aligncenter\" src=\"https:\/\/tickb.umh.es\/files\/2025\/04\/DesSoft4-300x154.png\" alt=\"\" width=\"300\" height=\"154\" srcset=\"https:\/\/tickb.umh.es\/files\/2025\/04\/DesSoft4-300x154.png 300w, https:\/\/tickb.umh.es\/files\/2025\/04\/DesSoft4-1024x525.png 1024w, https:\/\/tickb.umh.es\/files\/2025\/04\/DesSoft4-768x394.png 768w, https:\/\/tickb.umh.es\/files\/2025\/04\/DesSoft4-1536x788.png 1536w, https:\/\/tickb.umh.es\/files\/2025\/04\/DesSoft4.png 1560w\" sizes=\"(max-width: 300px) 100vw, 300px\" \/><\/li>\n<\/ul>\n<p>&nbsp;<\/p>","protected":false},"excerpt":{"rendered":"<p>En aquest article veurem com descarregar programari d&#8217;inter\u00e8s per a la comunitat universit\u00e0ria.<br \/>\nD&#8217;una banda, oferim la desc\u00e0rrega de programari sota llic\u00e8ncia Campus.<br \/>\nD&#8217;altra banda, oferim la desc\u00e0rrega de programari a trav\u00e9s d&#8217;acords universitaris amb diferents empreses de programari.<br \/>\nGuia detallada<br \/>\nRespecte a la desc\u00e0rrega de programari amb llic\u00e8ncia Campus:<\/p>\n<p>Accedirem amb un navegador a l&#8217;adre\u00e7a\u00a0www.umh.es<br \/>\nA la part superior de [&#8230;]<\/p>\n","protected":false},"author":88,"featured_media":0,"parent":80,"menu_order":0,"comment_status":"closed","ping_status":"closed","template":"","meta":{"_links_to":"","_links_to_target":""},"_links":{"self":[{"href":"https:\/\/tickb.umh.es\/ca\/wp-json\/wp\/v2\/pages\/1234"}],"collection":[{"href":"https:\/\/tickb.umh.es\/ca\/wp-json\/wp\/v2\/pages"}],"about":[{"href":"https:\/\/tickb.umh.es\/ca\/wp-json\/wp\/v2\/types\/page"}],"author":[{"embeddable":true,"href":"https:\/\/tickb.umh.es\/ca\/wp-json\/wp\/v2\/users\/88"}],"replies":[{"embeddable":true,"href":"https:\/\/tickb.umh.es\/ca\/wp-json\/wp\/v2\/comments?post=1234"}],"version-history":[{"count":0,"href":"https:\/\/tickb.umh.es\/ca\/wp-json\/wp\/v2\/pages\/1234\/revisions"}],"up":[{"embeddable":true,"href":"https:\/\/tickb.umh.es\/ca\/wp-json\/wp\/v2\/pages\/80"}],"wp:attachment":[{"href":"https:\/\/tickb.umh.es\/ca\/wp-json\/wp\/v2\/media?parent=1234"}],"curies":[{"name":"wp","href":"https:\/\/api.w.org\/{rel}","templated":true}]}}