{"id":1252,"date":"2025-04-08T09:02:06","date_gmt":"2025-04-08T07:02:06","guid":{"rendered":"https:\/\/tickb.umh.es\/?page_id=1252"},"modified":"2025-04-08T09:29:27","modified_gmt":"2025-04-08T07:29:27","slug":"como-reservar-un-ordenador-virtual-para-practicas-libres","status":"publish","type":"page","link":"https:\/\/tickb.umh.es\/ca\/soporte-tic-a-la-docencia\/como-reservar-un-ordenador-virtual-para-practicas-libres\/","title":{"rendered":"Com reservar un ordinador virtual per a pr\u00e0ctiques lliures"},"content":{"rendered":"<p>En aquest article s&#8217;explicar\u00e0 com reservar un ordinador virtual per a pr\u00e0ctiques lliures.<\/p>\n<h4>Guia detallada<\/h4>\n<ol>\n<li>Accedim al nostre acc\u00e9s identificat\u00a0<a href=\"https:\/\/universite.umh.es\">https:\/\/universite.umh.es<\/a>\u00a0amb el nostre nom d&#8217;usuari i contrasenya de la UMH i iniciem sessi\u00f3.<\/li>\n<li>Fem clic en\u00a0<strong>&#8220;Les Meues Assignatures&#8221;<\/strong>.<img loading=\"lazy\" class=\"size-medium wp-image-1258 aligncenter\" src=\"https:\/\/tickb.umh.es\/files\/2025\/04\/PCpracticas1-300x96.png\" alt=\"\" width=\"300\" height=\"96\" srcset=\"https:\/\/tickb.umh.es\/files\/2025\/04\/PCpracticas1-300x96.png 300w, https:\/\/tickb.umh.es\/files\/2025\/04\/PCpracticas1-1024x326.png 1024w, https:\/\/tickb.umh.es\/files\/2025\/04\/PCpracticas1-768x245.png 768w, https:\/\/tickb.umh.es\/files\/2025\/04\/PCpracticas1-1536x489.png 1536w, https:\/\/tickb.umh.es\/files\/2025\/04\/PCpracticas1.png 1868w\" sizes=\"(max-width: 300px) 100vw, 300px\" \/><\/li>\n<li>Ara punxem sobre\u00a0<strong>&#8220;Pr\u00e0ctiques lliures&#8221;<\/strong>, a la part esquerra.<img loading=\"lazy\" class=\"size-medium wp-image-1261 aligncenter\" src=\"https:\/\/tickb.umh.es\/files\/2025\/04\/PCpracticas2-300x54.png\" alt=\"\" width=\"300\" height=\"54\" srcset=\"https:\/\/tickb.umh.es\/files\/2025\/04\/PCpracticas2-300x54.png 300w, https:\/\/tickb.umh.es\/files\/2025\/04\/PCpracticas2-1024x185.png 1024w, https:\/\/tickb.umh.es\/files\/2025\/04\/PCpracticas2-768x139.png 768w, https:\/\/tickb.umh.es\/files\/2025\/04\/PCpracticas2-1536x277.png 1536w, https:\/\/tickb.umh.es\/files\/2025\/04\/PCpracticas2.png 1873w\" sizes=\"(max-width: 300px) 100vw, 300px\" \/><\/li>\n<li>Triem el programari que anem a utilitzar.<img loading=\"lazy\" class=\"size-medium wp-image-1264 aligncenter\" src=\"https:\/\/tickb.umh.es\/files\/2025\/04\/PCpracticas3-300x98.png\" alt=\"\" width=\"300\" height=\"98\" srcset=\"https:\/\/tickb.umh.es\/files\/2025\/04\/PCpracticas3-300x98.png 300w, https:\/\/tickb.umh.es\/files\/2025\/04\/PCpracticas3-1024x336.png 1024w, https:\/\/tickb.umh.es\/files\/2025\/04\/PCpracticas3-768x252.png 768w, https:\/\/tickb.umh.es\/files\/2025\/04\/PCpracticas3-1536x504.png 1536w, https:\/\/tickb.umh.es\/files\/2025\/04\/PCpracticas3.png 1548w\" sizes=\"(max-width: 300px) 100vw, 300px\" \/><\/li>\n<li>Ara punxem en\u00a0<strong>&#8220;Reservar un PC&#8221;<\/strong>.<img loading=\"lazy\" class=\"size-medium wp-image-1267 aligncenter\" src=\"https:\/\/tickb.umh.es\/files\/2025\/04\/PCpracticas4-300x72.png\" alt=\"\" width=\"300\" height=\"72\" srcset=\"https:\/\/tickb.umh.es\/files\/2025\/04\/PCpracticas4-300x72.png 300w, https:\/\/tickb.umh.es\/files\/2025\/04\/PCpracticas4-1024x245.png 1024w, https:\/\/tickb.umh.es\/files\/2025\/04\/PCpracticas4-768x184.png 768w, https:\/\/tickb.umh.es\/files\/2025\/04\/PCpracticas4-1536x367.png 1536w, https:\/\/tickb.umh.es\/files\/2025\/04\/PCpracticas4.png 1544w\" sizes=\"(max-width: 300px) 100vw, 300px\" \/><\/li>\n<li>Punxem en\u00a0<strong>&#8220;Accedir al PC&#8221;<\/strong>.<img loading=\"lazy\" class=\"size-medium wp-image-1270 aligncenter\" src=\"https:\/\/tickb.umh.es\/files\/2025\/04\/PCpracticas5-300x101.png\" alt=\"\" width=\"300\" height=\"101\" srcset=\"https:\/\/tickb.umh.es\/files\/2025\/04\/PCpracticas5-300x101.png 300w, https:\/\/tickb.umh.es\/files\/2025\/04\/PCpracticas5-1024x344.png 1024w, https:\/\/tickb.umh.es\/files\/2025\/04\/PCpracticas5-768x258.png 768w, https:\/\/tickb.umh.es\/files\/2025\/04\/PCpracticas5.png 1525w\" sizes=\"(max-width: 300px) 100vw, 300px\" \/><\/li>\n<li>Fem clic en el segon ordinador que ens apareix\u00a0<strong>&#8220;Pr\u00e0ctiques lliures&#8221;<\/strong>.<img loading=\"lazy\" class=\"size-medium wp-image-1273 aligncenter\" src=\"https:\/\/tickb.umh.es\/files\/2025\/04\/PCpracticas6-300x64.png\" alt=\"\" width=\"300\" height=\"64\" srcset=\"https:\/\/tickb.umh.es\/files\/2025\/04\/PCpracticas6-300x64.png 300w, https:\/\/tickb.umh.es\/files\/2025\/04\/PCpracticas6-1024x220.png 1024w, https:\/\/tickb.umh.es\/files\/2025\/04\/PCpracticas6-768x165.png 768w, https:\/\/tickb.umh.es\/files\/2025\/04\/PCpracticas6-1536x330.png 1536w, https:\/\/tickb.umh.es\/files\/2025\/04\/PCpracticas6.png 1873w\" sizes=\"(max-width: 300px) 100vw, 300px\" \/><\/li>\n<li>Finalment punxem en\u00a0<strong>&#8220;Connectar&#8221;<\/strong>.<img loading=\"lazy\" class=\"size-medium wp-image-1276 aligncenter\" src=\"https:\/\/tickb.umh.es\/files\/2025\/04\/PCpracticas7-300x169.png\" alt=\"\" width=\"300\" height=\"169\" srcset=\"https:\/\/tickb.umh.es\/files\/2025\/04\/PCpracticas7-300x169.png 300w, https:\/\/tickb.umh.es\/files\/2025\/04\/PCpracticas7.png 543w\" sizes=\"(max-width: 300px) 100vw, 300px\" \/><\/li>\n<\/ol>\n<p>En cas de no tenir instal\u00b7lat el UDS Client es recomana llegir aquesta secci\u00f3:<\/p>\n<p>Per a entrar en la plataforma d&#8217;Escriptoris virtuals UMH entrarem en l&#8217;adre\u00e7a\u00a0<a href=\"https:\/\/escritoriosvirtuales.umh.es\">https:\/\/escritoriosvirtuales.umh.es<\/a>\u00a0i iniciarem sessi\u00f3 amb el nostre compte UMH.<img loading=\"lazy\" class=\"size-medium wp-image-1279 aligncenter\" src=\"https:\/\/tickb.umh.es\/files\/2025\/04\/PCpracticas8-300x139.png\" alt=\"\" width=\"300\" height=\"139\" srcset=\"https:\/\/tickb.umh.es\/files\/2025\/04\/PCpracticas8-300x139.png 300w, https:\/\/tickb.umh.es\/files\/2025\/04\/PCpracticas8-768x356.png 768w, https:\/\/tickb.umh.es\/files\/2025\/04\/PCpracticas8.png 1024w\" sizes=\"(max-width: 300px) 100vw, 300px\" \/><\/p>\n<p>Els escriptoris tenen les seg\u00fcents caracter\u00edstiques:<\/p>\n<ul>\n<li>Es tracta d&#8217;escriptoris amb el programari amb el qual es realitzen les pr\u00e0ctiques. A cada estudiant o docent li apareixer\u00e0 un escriptori depenent de la facultat a la qual pertanga.<\/li>\n<li>S\u00f3n escriptoris temporals. Una vegada que es tanca sessi\u00f3 o s&#8217;apaguen, s&#8217;eliminen.<\/li>\n<li>Si l&#8217;escriptori no s&#8217;utilitza durant 15 minuts ens avisar\u00e0 que s&#8217;ha superat el temps d&#8217;inactivitat, si passats 2 minuts no s&#8217;ha continuat amb la utilitzaci\u00f3 de l&#8217;escriptori, es procedir\u00e0 a desconnectar l&#8217;escriptori de manera autom\u00e0tica.<\/li>\n<li>Passats 5 minuts des que l&#8217;escriptori es desconnecta, aquest s&#8217;elimina. Hi ha possibilitat de reconnectar durant aquests 5 minuts al mateix escriptori virtual.<\/li>\n<li>Es permeten dos tipus de connexions a l&#8217;escriptori virtual: mitjan\u00e7ant HTML5 (navegador web) o mitjan\u00e7ant client UDS (aplicaci\u00f3 d&#8217;escriptori), per defecte aquesta \u00faltima \u00e9s l&#8217;opci\u00f3 que se selecciona quan es prem sobre la icona de l&#8217;escriptori.<img loading=\"lazy\" class=\"size-medium wp-image-1282 aligncenter\" src=\"https:\/\/tickb.umh.es\/files\/2025\/04\/PCpracticas9-300x151.png\" alt=\"\" width=\"300\" height=\"151\" srcset=\"https:\/\/tickb.umh.es\/files\/2025\/04\/PCpracticas9-300x151.png 300w, https:\/\/tickb.umh.es\/files\/2025\/04\/PCpracticas9.png 428w\" sizes=\"(max-width: 300px) 100vw, 300px\" \/><\/li>\n<\/ul>\n<p>L&#8217;acc\u00e9s mitjan\u00e7ant Escriptori Remot ens permet compartir fitxers entre el nostre equip personal i l&#8217;escriptori virtual, \u00e9s l&#8217;opci\u00f3 recomanada si disposem d&#8217;un ordinador personal.<\/p>\n<p>L&#8217;acc\u00e9s a l&#8217;escriptori per HTML5 no requereix de client instal\u00b7lat i est\u00e0 pensat per a poder accedir des de qualsevol tipus de dispositiu (m\u00f2bil, tauleta, etc.). Mitjan\u00e7ant aquest tipus d&#8217;acc\u00e9s no podrem accedir als fitxers del nostre equip.<\/p>\n<p>Els diferents clients de UDS disponibles per a desc\u00e0rrega es troben en el men\u00fa\u00a0<strong>\u00abUDS Client\u00bb<\/strong>. A m\u00e9s del client UDS \u00e9s necessari tenir instal\u00b7lat un client RDP.<img loading=\"lazy\" class=\"size-medium wp-image-1285 aligncenter\" src=\"https:\/\/tickb.umh.es\/files\/2025\/04\/PCpracticas10-300x43.png\" alt=\"\" width=\"300\" height=\"43\" srcset=\"https:\/\/tickb.umh.es\/files\/2025\/04\/PCpracticas10-300x43.png 300w, https:\/\/tickb.umh.es\/files\/2025\/04\/PCpracticas10.png 423w\" sizes=\"(max-width: 300px) 100vw, 300px\" \/><\/p>\n<p>Es recomana treballar amb recursos cloud, com Google Drive, per a emmagatzemar les dades, ja que els fitxers que es depositen en l&#8217;escriptori virtual s&#8217;eliminaran una vegada que es tanca sessi\u00f3.<\/p>\n<p>Si l&#8217;estudiant no t\u00e9 acc\u00e9s a cap escriptori li apareixer\u00e0 el seg\u00fcent error:<img loading=\"lazy\" class=\"size-medium wp-image-1288 aligncenter\" src=\"https:\/\/tickb.umh.es\/files\/2025\/04\/PCpracticas11-300x232.png\" alt=\"\" width=\"300\" height=\"232\" srcset=\"https:\/\/tickb.umh.es\/files\/2025\/04\/PCpracticas11-300x232.png 300w, https:\/\/tickb.umh.es\/files\/2025\/04\/PCpracticas11.png 539w\" sizes=\"(max-width: 300px) 100vw, 300px\" \/><\/p>\n<p>Aquest error pot deure&#8217;s al fet que la titulaci\u00f3 que estem cursant no dispose encara d&#8217;un escriptori virtual definit.<\/p>\n<p><strong>VIDEOS D&#8217;AJUDA:<\/strong><\/p>\n<iframe  id=\"_ytid_13633\"  width=\"800\" height=\"450\"  data-origwidth=\"800\" data-origheight=\"450\" src=\"https:\/\/www.youtube.com\/embed\/jsgTWH4WL8w?enablejsapi=1&autoplay=0&cc_load_policy=0&cc_lang_pref=&iv_load_policy=1&loop=0&modestbranding=0&rel=1&fs=1&playsinline=0&autohide=2&theme=dark&color=red&controls=1&\" class=\"__youtube_prefs__  no-lazyload\" title=\"YouTube player\"  allow=\"accelerometer; autoplay; clipboard-write; encrypted-media; gyroscope; picture-in-picture\" allowfullscreen data-no-lazy=\"1\" data-skipgform_ajax_framebjll=\"\"><\/iframe>\n<p><strong>INSTAL\u00b7LACI\u00d3 CLIENT UDS PER A ACC\u00c9S A ESCRIPTORIS VIRTUALS MITJAN\u00c7ANT ESCRIPTORI REMOT<\/strong><\/p>\n<table style=\"background-color: #fffdf6; border: 2px solid #ffeaae; margin: 0px auto; height: 90px;\" width=\"628\">\n<tbody>\n<tr>\n<td style=\"text-align: left;\" width=\"566\"><strong>Advert\u00e8ncia<\/strong><\/p>\n<p>L&#8217;ordinador virtual estar\u00e0 disponible pel temps de 2 hores.<\/td>\n<\/tr>\n<\/tbody>\n<\/table>\n<p>&nbsp;<\/p>","protected":false},"excerpt":{"rendered":"<p>En aquest article s&#8217;explicar\u00e0 com reservar un ordinador virtual per a pr\u00e0ctiques lliures.<br \/>\nGuia detallada<\/p>\n<p>Accedim al nostre acc\u00e9s identificat\u00a0https:\/\/universite.umh.es\u00a0amb el nostre nom d&#8217;usuari i contrasenya de la UMH i iniciem sessi\u00f3.<br \/>\nFem clic en\u00a0&#8220;Les Meues Assignatures&#8221;.<br \/>\nAra punxem sobre\u00a0&#8220;Pr\u00e0ctiques lliures&#8221;, a la part esquerra.<br \/>\nTriem el programari que anem a utilitzar.<br \/>\nAra punxem en\u00a0&#8220;Reservar un PC&#8221;.<br \/>\nPunxem en\u00a0&#8220;Accedir al PC&#8221;.<br \/>\nFem clic [&#8230;]<\/p>\n","protected":false},"author":88,"featured_media":0,"parent":50,"menu_order":0,"comment_status":"closed","ping_status":"closed","template":"","meta":{"_links_to":"","_links_to_target":""},"_links":{"self":[{"href":"https:\/\/tickb.umh.es\/ca\/wp-json\/wp\/v2\/pages\/1252"}],"collection":[{"href":"https:\/\/tickb.umh.es\/ca\/wp-json\/wp\/v2\/pages"}],"about":[{"href":"https:\/\/tickb.umh.es\/ca\/wp-json\/wp\/v2\/types\/page"}],"author":[{"embeddable":true,"href":"https:\/\/tickb.umh.es\/ca\/wp-json\/wp\/v2\/users\/88"}],"replies":[{"embeddable":true,"href":"https:\/\/tickb.umh.es\/ca\/wp-json\/wp\/v2\/comments?post=1252"}],"version-history":[{"count":0,"href":"https:\/\/tickb.umh.es\/ca\/wp-json\/wp\/v2\/pages\/1252\/revisions"}],"up":[{"embeddable":true,"href":"https:\/\/tickb.umh.es\/ca\/wp-json\/wp\/v2\/pages\/50"}],"wp:attachment":[{"href":"https:\/\/tickb.umh.es\/ca\/wp-json\/wp\/v2\/media?parent=1252"}],"curies":[{"name":"wp","href":"https:\/\/api.w.org\/{rel}","templated":true}]}}