{"id":1291,"date":"2025-04-08T11:37:49","date_gmt":"2025-04-08T09:37:49","guid":{"rendered":"https:\/\/tickb.umh.es\/?page_id=1291"},"modified":"2025-04-08T11:44:43","modified_gmt":"2025-04-08T09:44:43","slug":"como-configurar-una-unidad-compartida-en-macos","status":"publish","type":"page","link":"https:\/\/tickb.umh.es\/ca\/correo-y-colaboracion\/unidades-de-almacenamiento\/como-configurar-una-unidad-compartida-en-macos\/","title":{"rendered":"Com configurar una unitat compartida en macOS"},"content":{"rendered":"<p>En entorns macOS no es disposa d&#8217;un proc\u00e9s autom\u00e0tic que inicie les unitats compartides autom\u00e0ticament, \u00e9s necessari connectar-les manualment. Les captures d&#8217;aquest article corresponen a macOS Sierra per\u00f2 els passos s\u00f3n comuns a altres versions de macOS.<\/p>\n<h4>Guia detallada<\/h4>\n<ol>\n<li>Obrim l&#8217;aplicaci\u00f3\u00a0<strong>Finder<\/strong>.<\/li>\n<li>Anem al men\u00fa\u00a0<strong>Anar<\/strong>, i seleccionem l&#8217;opci\u00f3\u00a0<strong>Connectar-se al servidor&#8230;<\/strong>.<img loading=\"lazy\" class=\"size-medium wp-image-1294 aligncenter\" src=\"https:\/\/tickb.umh.es\/files\/2025\/04\/UnidadesMac1-300x249.png\" alt=\"\" width=\"300\" height=\"249\" srcset=\"https:\/\/tickb.umh.es\/files\/2025\/04\/UnidadesMac1-300x249.png 300w, https:\/\/tickb.umh.es\/files\/2025\/04\/UnidadesMac1.png 557w\" sizes=\"(max-width: 300px) 100vw, 300px\" \/><\/li>\n<li>Si la unitat compartida correspon a una unitat de grup, l&#8217;adre\u00e7a del servidor ser\u00e0\u00a0<code>smb:\/\/discodered.umhnet.es\/qy_xxx$<\/code>\u00a0on\u00a0<code>xxx<\/code>\u00a0ser\u00e0 el nom de la carpeta. A continuaci\u00f3, farem clic sobre el s\u00edmbol\u00a0<strong>+<\/strong>\u00a0per afegir-la a favorits. Per finalitzar, li donarem a\u00a0<strong>Connectar<\/strong>.<img loading=\"lazy\" class=\"size-medium wp-image-1297 aligncenter\" src=\"https:\/\/tickb.umh.es\/files\/2025\/04\/UnidadesMac2-300x112.png\" alt=\"\" width=\"300\" height=\"112\" srcset=\"https:\/\/tickb.umh.es\/files\/2025\/04\/UnidadesMac2-300x112.png 300w, https:\/\/tickb.umh.es\/files\/2025\/04\/UnidadesMac2.png 726w\" sizes=\"(max-width: 300px) 100vw, 300px\" \/><\/li>\n<li>At\u00e8s que els accessos als recursos de xarxa estan protegits, ens sol\u00b7licitar\u00e0 les credencials. Una vegada que introdu\u00efm les credencials, farem clic sobre el bot\u00f3\u00a0<strong>Connectar<\/strong>.<img loading=\"lazy\" class=\"size-medium wp-image-1300 aligncenter\" src=\"https:\/\/tickb.umh.es\/files\/2025\/04\/UnidadesMac3-300x198.png\" alt=\"\" width=\"300\" height=\"198\" srcset=\"https:\/\/tickb.umh.es\/files\/2025\/04\/UnidadesMac3-300x198.png 300w, https:\/\/tickb.umh.es\/files\/2025\/04\/UnidadesMac3.png 434w\" sizes=\"(max-width: 300px) 100vw, 300px\" \/><\/li>\n<li>Mentre estiguem connectats, ens apareixer\u00e0 l&#8217;acc\u00e9s a la barra lateral en\u00a0<strong>Finder<\/strong>.<img loading=\"lazy\" class=\"size-full wp-image-1303 aligncenter\" src=\"https:\/\/tickb.umh.es\/files\/2025\/04\/UnidadesMac4.png\" alt=\"\" width=\"147\" height=\"300\" \/><\/li>\n<\/ol>\n<p><\/p>","protected":false},"excerpt":{"rendered":"<p>En entorns macOS no es disposa d&#8217;un proc\u00e9s autom\u00e0tic que inicie les unitats compartides autom\u00e0ticament, \u00e9s necessari connectar-les manualment. Les captures d&#8217;aquest article corresponen a macOS Sierra per\u00f2 els passos s\u00f3n comuns a altres versions de macOS.<br \/>\nGuia detallada<\/p>\n<p>Obrim l&#8217;aplicaci\u00f3\u00a0Finder.<br \/>\nAnem al men\u00fa\u00a0Anar, i seleccionem l&#8217;opci\u00f3\u00a0Connectar-se al servidor&#8230;.<br \/>\nSi la unitat compartida correspon a una unitat de grup, [&#8230;]<\/p>\n","protected":false},"author":88,"featured_media":0,"parent":110,"menu_order":0,"comment_status":"closed","ping_status":"closed","template":"","meta":{"_links_to":"","_links_to_target":""},"_links":{"self":[{"href":"https:\/\/tickb.umh.es\/ca\/wp-json\/wp\/v2\/pages\/1291"}],"collection":[{"href":"https:\/\/tickb.umh.es\/ca\/wp-json\/wp\/v2\/pages"}],"about":[{"href":"https:\/\/tickb.umh.es\/ca\/wp-json\/wp\/v2\/types\/page"}],"author":[{"embeddable":true,"href":"https:\/\/tickb.umh.es\/ca\/wp-json\/wp\/v2\/users\/88"}],"replies":[{"embeddable":true,"href":"https:\/\/tickb.umh.es\/ca\/wp-json\/wp\/v2\/comments?post=1291"}],"version-history":[{"count":0,"href":"https:\/\/tickb.umh.es\/ca\/wp-json\/wp\/v2\/pages\/1291\/revisions"}],"up":[{"embeddable":true,"href":"https:\/\/tickb.umh.es\/ca\/wp-json\/wp\/v2\/pages\/110"}],"wp:attachment":[{"href":"https:\/\/tickb.umh.es\/ca\/wp-json\/wp\/v2\/media?parent=1291"}],"curies":[{"name":"wp","href":"https:\/\/api.w.org\/{rel}","templated":true}]}}