{"id":1306,"date":"2025-04-08T11:47:01","date_gmt":"2025-04-08T09:47:01","guid":{"rendered":"https:\/\/tickb.umh.es\/?page_id=1306"},"modified":"2025-04-08T11:49:38","modified_gmt":"2025-04-08T09:49:38","slug":"como-configurar-una-unidad-compartida-en-windows","status":"publish","type":"page","link":"https:\/\/tickb.umh.es\/ca\/correo-y-colaboracion\/unidades-de-almacenamiento\/como-configurar-una-unidad-compartida-en-windows\/","title":{"rendered":"Com configurar una unitat compartida en Windows"},"content":{"rendered":"<p>En entorns Windows, i si els equips es troben en el domini UMHNET, les unitats compartides es connecten autom\u00e0ticament. En cas que alguna unitat no es connecte, pots fer-ho de forma manual. Les captures d&#8217;aquest article corresponen a Windows 10, per\u00f2 es realitza de forma similar en qualsevol altra versi\u00f3 d&#8217;aquest sistema operatiu.<\/p>\n<h4>Guia detallada<\/h4>\n<ol>\n<li>Obrirem l&#8217;<strong>explorador de fitxers<\/strong>\u00a0fent clic sobre ell en la barra de tasques.<img loading=\"lazy\" class=\"size-medium wp-image-1309 aligncenter\" src=\"https:\/\/tickb.umh.es\/files\/2025\/04\/UnidadesWin1-300x38.png\" alt=\"\" width=\"300\" height=\"38\" srcset=\"https:\/\/tickb.umh.es\/files\/2025\/04\/UnidadesWin1-300x38.png 300w, https:\/\/tickb.umh.es\/files\/2025\/04\/UnidadesWin1.png 567w\" sizes=\"(max-width: 300px) 100vw, 300px\" \/><\/li>\n<li>Una vegada s&#8217;ha obert l&#8217;explorador de fitxers, farem clic sobre l&#8217;opci\u00f3\u00a0<strong>Connectar unitat de xarxa<\/strong>\u00a0de la cinta d&#8217;opcions. Si la cinta d&#8217;opcions est\u00e0 plegada, caldr\u00e0 fer clic sobre la fletxa grisa que apareix en la part superior dreta.<img loading=\"lazy\" class=\"size-medium wp-image-1312 aligncenter\" src=\"https:\/\/tickb.umh.es\/files\/2025\/04\/UnidadesWin2-300x192.png\" alt=\"\" width=\"300\" height=\"192\" srcset=\"https:\/\/tickb.umh.es\/files\/2025\/04\/UnidadesWin2-300x192.png 300w, https:\/\/tickb.umh.es\/files\/2025\/04\/UnidadesWin2.png 567w\" sizes=\"(max-width: 300px) 100vw, 300px\" \/><\/li>\n<li>Seleccionarem en\u00a0<strong>unitat<\/strong>\u00a0la lletra per a la nostra unitat i en\u00a0<strong>carpeta<\/strong>\u00a0introduirem la ruta de la unitat compartida a connectar. Si la unitat compartida correspon a una unitat de grup, la carpeta ser\u00e0\u00a0<code>\\\\discodered.umhnet.es\/qy_xxx$<\/code>\u00a0on\u00a0<code>xxx<\/code>\u00a0ser\u00e0 el nom de la carpeta. En cas que vulguem que cada vegada que iniciem l&#8217;ordinador la unitat es torne a connectar de forma autom\u00e0tica, deixarem marcada l&#8217;opci\u00f3\u00a0<strong>Connectar de nou a l&#8217;inici de sessi\u00f3<\/strong>. En cas que vulguem connectar amb altres credencials diferents a les que hem iniciat sessi\u00f3 en l&#8217;equip, marcarem l&#8217;opci\u00f3\u00a0<strong>Connectar amb altres credencials<\/strong>.<img loading=\"lazy\" class=\"size-medium wp-image-1315 aligncenter\" src=\"https:\/\/tickb.umh.es\/files\/2025\/04\/UnidadesWin3-300x222.png\" alt=\"\" width=\"300\" height=\"222\" srcset=\"https:\/\/tickb.umh.es\/files\/2025\/04\/UnidadesWin3-300x222.png 300w, https:\/\/tickb.umh.es\/files\/2025\/04\/UnidadesWin3.png 567w\" sizes=\"(max-width: 300px) 100vw, 300px\" \/><\/li>\n<li>Finalment, farem clic sobre el bot\u00f3\u00a0<strong>finalitzar<\/strong>. La unitat es connectar\u00e0 i ens apareixer\u00e0 en l&#8217;administrador de fitxers, a menys que h\u00e0gem seleccionat l&#8217;opci\u00f3 de\u00a0<strong>Connectar amb altres credencials<\/strong>, que en aquest cas haurem d&#8217;introduir les mateixes.<img loading=\"lazy\" class=\"size-full wp-image-1318 aligncenter\" src=\"https:\/\/tickb.umh.es\/files\/2025\/04\/UnidadesWin4.png\" alt=\"\" width=\"300\" height=\"273\" \/><\/li>\n<li>La unitat compartida ens apareixer\u00e0 en l&#8217;<strong>explorador de fitxers<\/strong>.<img loading=\"lazy\" class=\"size-full wp-image-1321 aligncenter\" src=\"https:\/\/tickb.umh.es\/files\/2025\/04\/UnidadesWin5.png\" alt=\"\" width=\"300\" height=\"294\" \/><\/li>\n<\/ol>\n<p><\/p>","protected":false},"excerpt":{"rendered":"<p>En entorns Windows, i si els equips es troben en el domini UMHNET, les unitats compartides es connecten autom\u00e0ticament. En cas que alguna unitat no es connecte, pots fer-ho de forma manual. Les captures d&#8217;aquest article corresponen a Windows 10, per\u00f2 es realitza de forma similar en qualsevol altra versi\u00f3 d&#8217;aquest sistema operatiu.<br \/>\nGuia detallada<\/p>\n<p>Obrirem l&#8217;explorador [&#8230;]<\/p>\n","protected":false},"author":88,"featured_media":0,"parent":110,"menu_order":0,"comment_status":"closed","ping_status":"closed","template":"","meta":{"_links_to":"","_links_to_target":""},"_links":{"self":[{"href":"https:\/\/tickb.umh.es\/ca\/wp-json\/wp\/v2\/pages\/1306"}],"collection":[{"href":"https:\/\/tickb.umh.es\/ca\/wp-json\/wp\/v2\/pages"}],"about":[{"href":"https:\/\/tickb.umh.es\/ca\/wp-json\/wp\/v2\/types\/page"}],"author":[{"embeddable":true,"href":"https:\/\/tickb.umh.es\/ca\/wp-json\/wp\/v2\/users\/88"}],"replies":[{"embeddable":true,"href":"https:\/\/tickb.umh.es\/ca\/wp-json\/wp\/v2\/comments?post=1306"}],"version-history":[{"count":0,"href":"https:\/\/tickb.umh.es\/ca\/wp-json\/wp\/v2\/pages\/1306\/revisions"}],"up":[{"embeddable":true,"href":"https:\/\/tickb.umh.es\/ca\/wp-json\/wp\/v2\/pages\/110"}],"wp:attachment":[{"href":"https:\/\/tickb.umh.es\/ca\/wp-json\/wp\/v2\/media?parent=1306"}],"curies":[{"name":"wp","href":"https:\/\/api.w.org\/{rel}","templated":true}]}}