{"id":1324,"date":"2025-04-08T11:51:42","date_gmt":"2025-04-08T09:51:42","guid":{"rendered":"https:\/\/tickb.umh.es\/?page_id=1324"},"modified":"2025-04-08T11:58:51","modified_gmt":"2025-04-08T09:58:51","slug":"como-recuperar-una-version-anterior-de-un-documento-eliminado-de-una-unidad-compartida-en-macos","status":"publish","type":"page","link":"https:\/\/tickb.umh.es\/ca\/correo-y-colaboracion\/unidades-de-almacenamiento\/como-recuperar-una-version-anterior-de-un-documento-eliminado-de-una-unidad-compartida-en-macos\/","title":{"rendered":"Com recuperar una versi\u00f3 anterior d&#8217;un document eliminat d&#8217;una unitat compartida en macOS"},"content":{"rendered":"<p>La integraci\u00f3 de macOS amb les versions anteriors que es realitzen de les unitats compartides no \u00e9s tan directa com en Windows, per\u00f2 tamb\u00e9 \u00e9s possible recuperar fitxers d&#8217;aquestes c\u00f2pies. Les captures d&#8217;aquest article s\u00f3n de macOS Sierra per\u00f2 el procediment \u00e9s similar per a altres versions.<\/p>\n<h4>Guia detallada<\/h4>\n<ol>\n<li>Accedim a la unitat de xarxa des de\u00a0<strong>Finder<\/strong>. Una vegada en la unitat de xarxa, pressionem\u00a0<strong>\u2318 + Maj\u00fascules + . (punt)<\/strong>. Amb aquesta combinaci\u00f3 ens mostrar\u00e0 les carpetes ocultes, entre elles la cridada\u00a0<strong>~snapshot<\/strong>.<img loading=\"lazy\" class=\"size-medium wp-image-1327 aligncenter\" src=\"https:\/\/tickb.umh.es\/files\/2025\/04\/RecArchMac1-300x52.png\" alt=\"\" width=\"300\" height=\"52\" srcset=\"https:\/\/tickb.umh.es\/files\/2025\/04\/RecArchMac1-300x52.png 300w, https:\/\/tickb.umh.es\/files\/2025\/04\/RecArchMac1-1024x176.png 1024w, https:\/\/tickb.umh.es\/files\/2025\/04\/RecArchMac1-768x132.png 768w, https:\/\/tickb.umh.es\/files\/2025\/04\/RecArchMac1.png 1045w\" sizes=\"(max-width: 300px) 100vw, 300px\" \/><\/li>\n<li>Dins de la carpeta\u00a0<strong>~snapshot<\/strong>\u00a0es troben les versions anteriors que es realitzen de la unitat compartida.<img loading=\"lazy\" class=\"size-medium wp-image-1330 aligncenter\" src=\"https:\/\/tickb.umh.es\/files\/2025\/04\/RecArchMac2-300x165.png\" alt=\"\" width=\"300\" height=\"165\" srcset=\"https:\/\/tickb.umh.es\/files\/2025\/04\/RecArchMac2-300x165.png 300w, https:\/\/tickb.umh.es\/files\/2025\/04\/RecArchMac2-1024x562.png 1024w, https:\/\/tickb.umh.es\/files\/2025\/04\/RecArchMac2-768x421.png 768w, https:\/\/tickb.umh.es\/files\/2025\/04\/RecArchMac2.png 1251w\" sizes=\"(max-width: 300px) 100vw, 300px\" \/><\/li>\n<li>Les carpetes que contenen les versions anteriors s\u00f3n les que comencen per\u00a0<strong>H<\/strong>,\u00a0<strong>D<\/strong>\u00a0i\u00a0<strong>W<\/strong>.\n<ul>\n<li><strong>H<\/strong>\u00a0per a les que es fan cada hora.<\/li>\n<li><strong>D<\/strong>\u00a0per a les que es fan una vegada al dia.<\/li>\n<li><strong>W<\/strong>\u00a0per a les que es fan una vegada a la setmana.<\/li>\n<\/ul>\n<\/li>\n<li>Buscant en el tipus de carpeta, depenent del temps que fa\u00e7a des que es va canviar o es va eliminar el fitxer, podrem copiar-lo de la carpeta\u00a0<strong>~snapshot<\/strong>\u00a0a la ubicaci\u00f3 desitjada.<\/li>\n<li>Per a finalitzar, tornarem a ocultar el directori\u00a0<strong>~snapshot<\/strong>\u00a0pressionant\u00a0<strong>\u2318 + Maj\u00fascules + . (punt)<\/strong>.<\/li>\n<\/ol>\n<p><\/p>","protected":false},"excerpt":{"rendered":"<p>La integraci\u00f3 de macOS amb les versions anteriors que es realitzen de les unitats compartides no \u00e9s tan directa com en Windows, per\u00f2 tamb\u00e9 \u00e9s possible recuperar fitxers d&#8217;aquestes c\u00f2pies. Les captures d&#8217;aquest article s\u00f3n de macOS Sierra per\u00f2 el procediment \u00e9s similar per a altres versions.<br \/>\nGuia detallada<\/p>\n<p>Accedim a la unitat de xarxa des de\u00a0Finder. [&#8230;]<\/p>\n","protected":false},"author":88,"featured_media":0,"parent":110,"menu_order":0,"comment_status":"closed","ping_status":"closed","template":"","meta":{"_links_to":"","_links_to_target":""},"_links":{"self":[{"href":"https:\/\/tickb.umh.es\/ca\/wp-json\/wp\/v2\/pages\/1324"}],"collection":[{"href":"https:\/\/tickb.umh.es\/ca\/wp-json\/wp\/v2\/pages"}],"about":[{"href":"https:\/\/tickb.umh.es\/ca\/wp-json\/wp\/v2\/types\/page"}],"author":[{"embeddable":true,"href":"https:\/\/tickb.umh.es\/ca\/wp-json\/wp\/v2\/users\/88"}],"replies":[{"embeddable":true,"href":"https:\/\/tickb.umh.es\/ca\/wp-json\/wp\/v2\/comments?post=1324"}],"version-history":[{"count":0,"href":"https:\/\/tickb.umh.es\/ca\/wp-json\/wp\/v2\/pages\/1324\/revisions"}],"up":[{"embeddable":true,"href":"https:\/\/tickb.umh.es\/ca\/wp-json\/wp\/v2\/pages\/110"}],"wp:attachment":[{"href":"https:\/\/tickb.umh.es\/ca\/wp-json\/wp\/v2\/media?parent=1324"}],"curies":[{"name":"wp","href":"https:\/\/api.w.org\/{rel}","templated":true}]}}