{"id":1333,"date":"2025-04-08T12:01:33","date_gmt":"2025-04-08T10:01:33","guid":{"rendered":"https:\/\/tickb.umh.es\/?page_id=1333"},"modified":"2025-04-08T12:10:56","modified_gmt":"2025-04-08T10:10:56","slug":"como-recuperar-una-version-anterior-de-un-documento-eliminado-de-una-unidad-compartida-en-windows","status":"publish","type":"page","link":"https:\/\/tickb.umh.es\/ca\/correo-y-colaboracion\/unidades-de-almacenamiento\/como-recuperar-una-version-anterior-de-un-documento-eliminado-de-una-unidad-compartida-en-windows\/","title":{"rendered":"Com recuperar una versi\u00f3 anterior d&#8217;un document eliminat d&#8217;una unitat compartida en Windows"},"content":{"rendered":"<p>Per a aquells fitxers emmagatzemats en les unitats compartides es realitzen una s\u00e8rie de c\u00f2pies de seguretat anomenades versions pr\u00e8vies. Aquestes c\u00f2pies de seguretat podem restaurar-les f\u00e0cilment des del nostre equip. Les captures que apareixen en l&#8217;article s\u00f3n de Windows 10, per a altres versions de Windows el procediment \u00e9s similar.<\/p>\n<h4>Guia detallada<\/h4>\n<ol>\n<li>Accedim a la unitat de xarxa en la qual vulguem recuperar fitxers eliminats.<img loading=\"lazy\" class=\"size-medium wp-image-1336 aligncenter\" src=\"https:\/\/tickb.umh.es\/files\/2025\/04\/RecArchWin1-300x211.png\" alt=\"\" width=\"300\" height=\"211\" srcset=\"https:\/\/tickb.umh.es\/files\/2025\/04\/RecArchWin1-300x211.png 300w, https:\/\/tickb.umh.es\/files\/2025\/04\/RecArchWin1-768x539.png 768w, https:\/\/tickb.umh.es\/files\/2025\/04\/RecArchWin1.png 808w\" sizes=\"(max-width: 300px) 100vw, 300px\" \/><\/li>\n<li>Entrem en la carpeta on vulguem recuperar els fitxers. Comprovem que en aquest cas no hi ha cap fitxer.<img loading=\"lazy\" class=\"size-medium wp-image-1339 aligncenter\" src=\"https:\/\/tickb.umh.es\/files\/2025\/04\/RecArchWin2-300x76.png\" alt=\"\" width=\"300\" height=\"76\" srcset=\"https:\/\/tickb.umh.es\/files\/2025\/04\/RecArchWin2-300x76.png 300w, https:\/\/tickb.umh.es\/files\/2025\/04\/RecArchWin2-768x195.png 768w, https:\/\/tickb.umh.es\/files\/2025\/04\/RecArchWin2.png 1021w\" sizes=\"(max-width: 300px) 100vw, 300px\" \/><\/li>\n<li>Eixim de la carpeta i la seleccionem. A continuaci\u00f3, fem clic amb el bot\u00f3 dret i en el desplegable seleccionem\u00a0<strong>Propietats<\/strong>.<img loading=\"lazy\" class=\"size-medium wp-image-1342 aligncenter\" src=\"https:\/\/tickb.umh.es\/files\/2025\/04\/RecArchWin3-300x217.png\" alt=\"\" width=\"300\" height=\"217\" srcset=\"https:\/\/tickb.umh.es\/files\/2025\/04\/RecArchWin3-300x217.png 300w, https:\/\/tickb.umh.es\/files\/2025\/04\/RecArchWin3.png 760w\" sizes=\"(max-width: 300px) 100vw, 300px\" \/><\/li>\n<li>En la finestra de propietats seleccionarem\u00a0<strong>Versions anteriors<\/strong>.<img loading=\"lazy\" class=\"size-medium wp-image-1345 aligncenter\" src=\"https:\/\/tickb.umh.es\/files\/2025\/04\/RecArchWin4-247x300.png\" alt=\"\" width=\"247\" height=\"300\" srcset=\"https:\/\/tickb.umh.es\/files\/2025\/04\/RecArchWin4-247x300.png 247w, https:\/\/tickb.umh.es\/files\/2025\/04\/RecArchWin4.png 377w\" sizes=\"(max-width: 247px) 100vw, 247px\" \/><\/li>\n<li>Si tenim clar que volem restaurar tota la carpeta a la versi\u00f3 que ten\u00edem en una hora determinada, seleccionarem la versi\u00f3 i li donarem al bot\u00f3\u00a0<strong>Restaurar<\/strong>. En cas que nom\u00e9s vulguem recuperar alguns fitxers, seguirem en el pas 7.<img loading=\"lazy\" class=\"size-medium wp-image-1348 aligncenter\" src=\"https:\/\/tickb.umh.es\/files\/2025\/04\/RecArchWin5-247x300.png\" alt=\"\" width=\"247\" height=\"300\" srcset=\"https:\/\/tickb.umh.es\/files\/2025\/04\/RecArchWin5-247x300.png 247w, https:\/\/tickb.umh.es\/files\/2025\/04\/RecArchWin5.png 375w\" sizes=\"(max-width: 247px) 100vw, 247px\" \/><\/li>\n<li>A continuaci\u00f3, ens apareixer\u00e0 una advert\u00e8ncia. \u00c9s necessari tenir clar que tots els fitxers que hi haja en la carpeta es restauraran a la versi\u00f3 seleccionada. Si tenim dubtes, \u00e9s recomanable contactar amb el CAU. Si estem segurs, premem sobre\u00a0<strong>Restaurar<\/strong>\u00a0i recuperarem tots els fitxers en la carpeta original.<img loading=\"lazy\" class=\"size-medium wp-image-1351 aligncenter\" src=\"https:\/\/tickb.umh.es\/files\/2025\/04\/RecArchWin6-300x176.png\" alt=\"\" width=\"300\" height=\"176\" srcset=\"https:\/\/tickb.umh.es\/files\/2025\/04\/RecArchWin6-300x176.png 300w, https:\/\/tickb.umh.es\/files\/2025\/04\/RecArchWin6.png 352w\" sizes=\"(max-width: 300px) 100vw, 300px\" \/><\/li>\n<li>En cas que no vulguem restaurar la carpeta completa, hem de seleccionar\u00a0<strong>Obrir<\/strong>.<img loading=\"lazy\" class=\"size-medium wp-image-1354 aligncenter\" src=\"https:\/\/tickb.umh.es\/files\/2025\/04\/RecArchWin7-247x300.png\" alt=\"\" width=\"247\" height=\"300\" srcset=\"https:\/\/tickb.umh.es\/files\/2025\/04\/RecArchWin7-247x300.png 247w, https:\/\/tickb.umh.es\/files\/2025\/04\/RecArchWin7.png 377w\" sizes=\"(max-width: 247px) 100vw, 247px\" \/><\/li>\n<li>Veurem la carpeta, per\u00f2 els fitxers seran els que hi havia en el moment de crear-se la versi\u00f3.<img loading=\"lazy\" class=\"size-medium wp-image-1357 aligncenter\" src=\"https:\/\/tickb.umh.es\/files\/2025\/04\/RecArchWin8-300x81.png\" alt=\"\" width=\"300\" height=\"81\" srcset=\"https:\/\/tickb.umh.es\/files\/2025\/04\/RecArchWin8-300x81.png 300w, https:\/\/tickb.umh.es\/files\/2025\/04\/RecArchWin8-768x207.png 768w, https:\/\/tickb.umh.es\/files\/2025\/04\/RecArchWin8.png 926w\" sizes=\"(max-width: 300px) 100vw, 300px\" \/><\/li>\n<li>D&#8217;aquesta versi\u00f3 podem copiar qualsevol fitxer a la ubicaci\u00f3 que vulguem.<\/li>\n<\/ol>\n<p><\/p>","protected":false},"excerpt":{"rendered":"<p>Per a aquells fitxers emmagatzemats en les unitats compartides es realitzen una s\u00e8rie de c\u00f2pies de seguretat anomenades versions pr\u00e8vies. Aquestes c\u00f2pies de seguretat podem restaurar-les f\u00e0cilment des del nostre equip. Les captures que apareixen en l&#8217;article s\u00f3n de Windows 10, per a altres versions de Windows el procediment \u00e9s similar.<br \/>\nGuia detallada<\/p>\n<p>Accedim a la unitat [&#8230;]<\/p>\n","protected":false},"author":88,"featured_media":0,"parent":110,"menu_order":0,"comment_status":"closed","ping_status":"closed","template":"","meta":{"_links_to":"","_links_to_target":""},"_links":{"self":[{"href":"https:\/\/tickb.umh.es\/ca\/wp-json\/wp\/v2\/pages\/1333"}],"collection":[{"href":"https:\/\/tickb.umh.es\/ca\/wp-json\/wp\/v2\/pages"}],"about":[{"href":"https:\/\/tickb.umh.es\/ca\/wp-json\/wp\/v2\/types\/page"}],"author":[{"embeddable":true,"href":"https:\/\/tickb.umh.es\/ca\/wp-json\/wp\/v2\/users\/88"}],"replies":[{"embeddable":true,"href":"https:\/\/tickb.umh.es\/ca\/wp-json\/wp\/v2\/comments?post=1333"}],"version-history":[{"count":0,"href":"https:\/\/tickb.umh.es\/ca\/wp-json\/wp\/v2\/pages\/1333\/revisions"}],"up":[{"embeddable":true,"href":"https:\/\/tickb.umh.es\/ca\/wp-json\/wp\/v2\/pages\/110"}],"wp:attachment":[{"href":"https:\/\/tickb.umh.es\/ca\/wp-json\/wp\/v2\/media?parent=1333"}],"curies":[{"name":"wp","href":"https:\/\/api.w.org\/{rel}","templated":true}]}}