{"id":1360,"date":"2025-04-08T12:17:31","date_gmt":"2025-04-08T10:17:31","guid":{"rendered":"https:\/\/tickb.umh.es\/?page_id=1360"},"modified":"2025-04-08T12:54:57","modified_gmt":"2025-04-08T10:54:57","slug":"escritorios-virtuales","status":"publish","type":"page","link":"https:\/\/tickb.umh.es\/ca\/soporte-tic-a-la-docencia\/escritorios-virtuales\/","title":{"rendered":"Escriptoris Virtuals"},"content":{"rendered":"<p><\/p>\n<h3>Acc\u00e9s a la plataforma<\/h3>\n<p>Per a entrar en la plataforma d&#8217;Escriptoris virtuals UMH entrarem en l&#8217;adre\u00e7a\u00a0<a href=\"https:\/\/escritoriosvirtuales.umh.es\">https:\/\/escritoriosvirtuales.umh.es<\/a>\u00a0i iniciarem sessi\u00f3 amb el nostre compte UMH.<img loading=\"lazy\" class=\"size-medium wp-image-1366 aligncenter\" src=\"https:\/\/tickb.umh.es\/files\/2025\/04\/Ev1-300x139.png\" alt=\"\" width=\"300\" height=\"139\" srcset=\"https:\/\/tickb.umh.es\/files\/2025\/04\/Ev1-300x139.png 300w, https:\/\/tickb.umh.es\/files\/2025\/04\/Ev1-768x356.png 768w, https:\/\/tickb.umh.es\/files\/2025\/04\/Ev1.png 1024w\" sizes=\"(max-width: 300px) 100vw, 300px\" \/><\/p>\n<p>Els escriptoris tenen les seg\u00fcents caracter\u00edstiques:<\/p>\n<ul>\n<li>Es tracta d&#8217;escriptoris amb el programari amb el qual es realitzen les pr\u00e0ctiques. A cada estudiant o docent li apareixer\u00e0 un escriptori depenent de la facultat a la qual pertany.<\/li>\n<li>S\u00f3n escriptoris temporals. Una vegada que es tanca sessi\u00f3 o s&#8217;apaguen, s&#8217;eliminen.<\/li>\n<li>Si l&#8217;escriptori no s&#8217;utilitza durant 15 minuts ens avisar\u00e0 que s&#8217;ha superat el temps d&#8217;inactivitat, si passats 2 minuts no s&#8217;ha continuat amb la utilitzaci\u00f3 de l&#8217;escriptori, es procedir\u00e0 a desconnectar l&#8217;escriptori de manera autom\u00e0tica.<\/li>\n<li>Passats 5 minuts des que l&#8217;escriptori es desconnecta, aquest s&#8217;elimina. Hi ha possibilitat de reconnectar durant aquests 5 minuts al mateix escriptori virtual.<\/li>\n<li>Es permeten dos tipus de connexions a l&#8217;escriptori virtual: mitjan\u00e7ant HTML5 (navegador web) o mitjan\u00e7ant client UDS (aplicaci\u00f3 d&#8217;escriptori), per defecte aquesta \u00faltima \u00e9s l&#8217;opci\u00f3 que se selecciona quan es prem sobre la icona de l&#8217;escriptori.<img loading=\"lazy\" class=\"size-medium wp-image-1369 aligncenter\" src=\"https:\/\/tickb.umh.es\/files\/2025\/04\/Ev2-300x151.png\" alt=\"\" width=\"300\" height=\"151\" srcset=\"https:\/\/tickb.umh.es\/files\/2025\/04\/Ev2-300x151.png 300w, https:\/\/tickb.umh.es\/files\/2025\/04\/Ev2.png 428w\" sizes=\"(max-width: 300px) 100vw, 300px\" \/><\/li>\n<\/ul>\n<p>L&#8217;acc\u00e9s mitjan\u00e7ant Escriptori Remot ens permet compartir fitxers entre el nostre equip personal i l&#8217;escriptori virtual, \u00e9s l&#8217;opci\u00f3 recomanada si disposem d&#8217;un ordinador personal.<\/p>\n<p>L&#8217;acc\u00e9s a l&#8217;escriptori per HTML5 no requereix de client instal\u00b7lat i est\u00e0 pensat per a poder accedir des de qualsevol tipus de dispositiu (m\u00f2bil, tauleta, etc.). Mitjan\u00e7ant aquest tipus d&#8217;acc\u00e9s no podrem accedir als fitxers del nostre equip.<\/p>\n<p>Els diferents clients de UDS disponibles per a desc\u00e0rrega es troben en el men\u00fa\u00a0<strong>\u00abUDS Client\u00bb<\/strong>. A m\u00e9s del client UDS \u00e9s necessari tenir instal\u00b7lat un client RDP.<img loading=\"lazy\" class=\"size-medium wp-image-1372 aligncenter\" src=\"https:\/\/tickb.umh.es\/files\/2025\/04\/Ev3-300x43.png\" alt=\"\" width=\"300\" height=\"43\" srcset=\"https:\/\/tickb.umh.es\/files\/2025\/04\/Ev3-300x43.png 300w, https:\/\/tickb.umh.es\/files\/2025\/04\/Ev3.png 423w\" sizes=\"(max-width: 300px) 100vw, 300px\" \/><\/p>\n<p>Es recomana treballar amb recursos cloud, com Google Drive, per a emmagatzemar les dades, ja que els fitxers que es depositen en l&#8217;escriptori virtual s&#8217;eliminaran una vegada que es tanca sessi\u00f3.<\/p>\n<p>Si l&#8217;estudiant no t\u00e9 acc\u00e9s a cap escriptori li apareixer\u00e0 el seg\u00fcent error:<img loading=\"lazy\" class=\"size-medium wp-image-1363 aligncenter\" src=\"https:\/\/tickb.umh.es\/files\/2025\/04\/Ev4-300x232.png\" alt=\"\" width=\"300\" height=\"232\" srcset=\"https:\/\/tickb.umh.es\/files\/2025\/04\/Ev4-300x232.png 300w, https:\/\/tickb.umh.es\/files\/2025\/04\/Ev4.png 539w\" sizes=\"(max-width: 300px) 100vw, 300px\" \/><\/p>\n<p>Aquest error pot deure&#8217;s al fet que la titulaci\u00f3 que estem cursant no dispose encara d&#8217;un escriptori virtual definit.<\/p>\n<p>&nbsp;<\/p>\n<p>INSTAL\u00b7LACI\u00d3 CLIENT UDS PER A ACC\u00c9S A ESCRIPTORIS VIRTUALS MITJAN\u00c7ANT ESCRIPTORI REMOT<\/p>\n<p><iframe  id=\"_ytid_20539\"  width=\"800\" height=\"450\"  data-origwidth=\"800\" data-origheight=\"450\" src=\"https:\/\/www.youtube.com\/embed\/jsgTWH4WL8w?enablejsapi=1&autoplay=0&cc_load_policy=0&cc_lang_pref=&iv_load_policy=1&loop=0&modestbranding=0&rel=1&fs=1&playsinline=0&autohide=2&theme=dark&color=red&controls=1&\" class=\"__youtube_prefs__  no-lazyload\" title=\"YouTube player\"  allow=\"accelerometer; autoplay; clipboard-write; encrypted-media; gyroscope; picture-in-picture\" allowfullscreen data-no-lazy=\"1\" data-skipgform_ajax_framebjll=\"\"><\/iframe><\/p>","protected":false},"excerpt":{"rendered":"<p>Acc\u00e9s a la plataforma<br \/>\nPer a entrar en la plataforma d&#8217;Escriptoris virtuals UMH entrarem en l&#8217;adre\u00e7a\u00a0https:\/\/escritoriosvirtuales.umh.es\u00a0i iniciarem sessi\u00f3 amb el nostre compte UMH.<br \/>\nEls escriptoris tenen les seg\u00fcents caracter\u00edstiques:<\/p>\n<p>Es tracta d&#8217;escriptoris amb el programari amb el qual es realitzen les pr\u00e0ctiques. A cada estudiant o docent li apareixer\u00e0 un escriptori depenent de la facultat a la qual [&#8230;]<\/p>\n","protected":false},"author":88,"featured_media":0,"parent":50,"menu_order":0,"comment_status":"closed","ping_status":"closed","template":"","meta":{"_links_to":"","_links_to_target":""},"_links":{"self":[{"href":"https:\/\/tickb.umh.es\/ca\/wp-json\/wp\/v2\/pages\/1360"}],"collection":[{"href":"https:\/\/tickb.umh.es\/ca\/wp-json\/wp\/v2\/pages"}],"about":[{"href":"https:\/\/tickb.umh.es\/ca\/wp-json\/wp\/v2\/types\/page"}],"author":[{"embeddable":true,"href":"https:\/\/tickb.umh.es\/ca\/wp-json\/wp\/v2\/users\/88"}],"replies":[{"embeddable":true,"href":"https:\/\/tickb.umh.es\/ca\/wp-json\/wp\/v2\/comments?post=1360"}],"version-history":[{"count":0,"href":"https:\/\/tickb.umh.es\/ca\/wp-json\/wp\/v2\/pages\/1360\/revisions"}],"up":[{"embeddable":true,"href":"https:\/\/tickb.umh.es\/ca\/wp-json\/wp\/v2\/pages\/50"}],"wp:attachment":[{"href":"https:\/\/tickb.umh.es\/ca\/wp-json\/wp\/v2\/media?parent=1360"}],"curies":[{"name":"wp","href":"https:\/\/api.w.org\/{rel}","templated":true}]}}