{"id":1378,"date":"2025-04-08T12:58:43","date_gmt":"2025-04-08T10:58:43","guid":{"rendered":"https:\/\/tickb.umh.es\/?page_id=1378"},"modified":"2025-04-10T15:04:27","modified_gmt":"2025-04-10T13:04:27","slug":"que-servicios-tic-ofrece-la-umh-a-sus-alumnos","status":"publish","type":"page","link":"https:\/\/tickb.umh.es\/ca\/soporte-tic-a-la-docencia\/que-servicios-tic-ofrece-la-umh-a-sus-alumnos\/","title":{"rendered":"Quins serveis TIC ofereix la UMH als seus alumnes"},"content":{"rendered":"<p><\/p>\n<h3>Benvingut\/da estudiant de la UMH!<\/h3>\n<p>Des de l&#8217;equip del CAU hem elaborat aquest article per a guiar-vos en l&#8217;inici d&#8217;aquesta nova etapa. L&#8217;objectiu d&#8217;aquest article \u00e9s que conegueu quins serveis de Tecnologies de la Informaci\u00f3 i la Comunicaci\u00f3 us ofereix la UMH als estudiants.<\/p>\n<h4>Connexi\u00f3 Wifi en el Campus<\/h4>\n<p>Qualsevol estudiant de la UMH disposar\u00e0 de connexi\u00f3 wifi en tots els campus i edificis de la universitat.<\/p>\n<p>La manera m\u00e9s senzilla de configurar l&#8217;acc\u00e9s a la xarxa wifi de la Universitat \u00e9s utilitzar el <a href=\"https:\/\/cat.eduroam.org\/?idp=26\">servei de configuraci\u00f3 autom\u00e0tica d&#8217;Eduroam<\/a>.<\/p>\n<p>Disposem de guies per a configurar la connexi\u00f3 de manera manual i d&#8217;una manera molt senzilla, tant per a usuaris <a href=\"https:\/\/tickb.umh.es\/comunicaciones\/conexion-a-red-inalambrica\/como-configurar-el-acceso-wifi-en-android\/\">Android<\/a> com <a href=\"https:\/\/tickb.umh.es\/comunicaciones\/conexion-a-red-inalambrica\/como-configurar-el-acceso-wifi-en-ios\/\">IOS<\/a>.<\/p>\n<h4>Compte de Google<\/h4>\n<p>Com a estudiant de la UMH se t&#8217;assigna un compte de Google amb tots els seus avantatges.<\/p>\n<p>\u00c9s molt senzill <a href=\"https:\/\/tickb.umh.es\/soporte-tic-a-la-docencia\/como-conocer-cual-es-tu-cuenta-de-correo-electronico\/\">con\u00e9ixer quin \u00e9s el teu compte de correu<\/a>. Per a accedir al teu correu de Google, has d&#8217;accedir dins del teu acc\u00e9s identificat a la secci\u00f3 &#8220;correu d&#8217;estudiant&#8221;. Se&#8217;t dirigir\u00e0 a la safata d&#8217;entrada del teu correu goumh.<\/p>\n<h4>Office 365<\/h4>\n<p>A trav\u00e9s del portal d&#8217;<a href=\"https:\/\/tickb.umh.es\/correo-y-colaboracion\/office-365\/\">Office 365<\/a> estudiants, professors, investigadors i personal d&#8217;administraci\u00f3 i serveis podran utilitzar les aplicacions d&#8217;Office en el n\u00favol i en els seus dispositius m\u00f2bils, a m\u00e9s de disposar d&#8217;emmagatzematge en l\u00ednia i \u00fas compartit d&#8217;arxius.<\/p>\n<h4>Escriptori Remot<\/h4>\n<p>Disposem d&#8217;una plataforma d&#8217;<a href=\"https:\/\/www.youtube.com\/watch?v=yAj2alwvD9g&amp;list=PLClKgnzRFYe7mdCVMXRUWpoPkRdhTg_kZ&amp;index=7\">Escriptoris Virtuals<\/a> amb el programari amb el qual es realitzen les pr\u00e0ctiques. A cada estudiant o docent li apareixer\u00e0 un escriptori depenent de la facultat a la qual pertanga.<\/p>\n<h4>Antivirus<\/h4>\n<p>Si eres estudiant de la UMH, t&#8217;oferim la desc\u00e0rrega del programari <a href=\"https:\/\/tickb.umh.es\/soporte-a-equipamiento-informatico\/mantenimiento-de-software-corporativo\/como-renovar-la-licencia-de-trend-micro-titanium-internet-security-windows\/\">Trend Micro Titanium Internet Security (WINDOWS)<\/a>. Sota llic\u00e8ncia CAMPUS.<\/p>\n<h4>Programari Cype<\/h4>\n<p>Gr\u00e0cies al contracte que la UMH disposa amb l&#8217;empresa Cype, els estudiants de l&#8217;Escola Polit\u00e8cnica Superior de la UMH podran disposar de manera gratu\u00efta de la versi\u00f3 campus del <a href=\"https:\/\/tickb.umh.es\/soporte-tic-a-la-docencia\/como-obtener-el-software-cype-para-estudiantes\/\">Programari Cype<\/a>.<\/p>\n<h4>Autodesk Educaci\u00f3<\/h4>\n<p>Autodesk Educaci\u00f3 ofereix a estudiants, docents i centres d&#8217;ensenyament acc\u00e9s gratu\u00eft a la gran majoria dels seus productes.<\/p>\n<h4>Campus Virtual<\/h4>\n<p>El <a href=\"http:\/\/campus.umh.es\">Campus Virtual<\/a> de la UMH facilita als docents i alumnes una eina per a poder realitzar doc\u00e8ncia de manera telem\u00e0tica.<\/p>\n<h4>Desc\u00e0rrega de Programari<\/h4>\n<p>A m\u00e9s de totes les eines vistes anteriorment, existeix m\u00e9s programari que pot ser d&#8217;inter\u00e9s per a la comunitat universit\u00e0ria. En aquesta <a href=\"https:\/\/tickb.umh.es\/soporte-a-equipamiento-informatico\/mantenimiento-de-software-corporativo\/como-descargar-software-disponible-para-su-uso\/\">Guia Detallada<\/a> trobar\u00e0s els passos tant per a la desc\u00e0rrega de programari sota llic\u00e8ncia Campus com de programari a trav\u00e9s d&#8217;acords universitaris amb diferents empreses de programari.<\/p>","protected":false},"excerpt":{"rendered":"<p>Benvingut\/da estudiant de la UMH!<br \/>\nDes de l&#8217;equip del CAU hem elaborat aquest article per a guiar-vos en l&#8217;inici d&#8217;aquesta nova etapa. L&#8217;objectiu d&#8217;aquest article \u00e9s que conegueu quins serveis de Tecnologies de la Informaci\u00f3 i la Comunicaci\u00f3 us ofereix la UMH als estudiants.<br \/>\nConnexi\u00f3 Wifi en el Campus<br \/>\nQualsevol estudiant de la UMH disposar\u00e0 de connexi\u00f3 wifi [&#8230;]<\/p>\n","protected":false},"author":88,"featured_media":0,"parent":50,"menu_order":0,"comment_status":"closed","ping_status":"closed","template":"","meta":{"_links_to":"","_links_to_target":""},"_links":{"self":[{"href":"https:\/\/tickb.umh.es\/ca\/wp-json\/wp\/v2\/pages\/1378"}],"collection":[{"href":"https:\/\/tickb.umh.es\/ca\/wp-json\/wp\/v2\/pages"}],"about":[{"href":"https:\/\/tickb.umh.es\/ca\/wp-json\/wp\/v2\/types\/page"}],"author":[{"embeddable":true,"href":"https:\/\/tickb.umh.es\/ca\/wp-json\/wp\/v2\/users\/88"}],"replies":[{"embeddable":true,"href":"https:\/\/tickb.umh.es\/ca\/wp-json\/wp\/v2\/comments?post=1378"}],"version-history":[{"count":0,"href":"https:\/\/tickb.umh.es\/ca\/wp-json\/wp\/v2\/pages\/1378\/revisions"}],"up":[{"embeddable":true,"href":"https:\/\/tickb.umh.es\/ca\/wp-json\/wp\/v2\/pages\/50"}],"wp:attachment":[{"href":"https:\/\/tickb.umh.es\/ca\/wp-json\/wp\/v2\/media?parent=1378"}],"curies":[{"name":"wp","href":"https:\/\/api.w.org\/{rel}","templated":true}]}}