{"id":1384,"date":"2025-04-08T13:17:09","date_gmt":"2025-04-08T11:17:09","guid":{"rendered":"https:\/\/tickb.umh.es\/?page_id=1384"},"modified":"2025-04-08T13:27:59","modified_gmt":"2025-04-08T11:27:59","slug":"como-comprobar-la-validez-de-un-documento-firmado-digitalmente-con-autofirma","status":"publish","type":"page","link":"https:\/\/tickb.umh.es\/ca\/gestion-de-identidades\/gestion-de-certificados\/como-comprobar-la-validez-de-un-documento-firmado-digitalmente-con-autofirma\/","title":{"rendered":"Com comprovar la validesa d&#8217;un document signat digitalment amb Autofirma"},"content":{"rendered":"<p>El programari Autofirma facilita la comprovaci\u00f3 de la validesa d&#8217;un document signat en l&#8217;\u00e0mbit de l&#8217;Administraci\u00f3 per\u00f2 requereix la seua instal\u00b7laci\u00f3 en el seu dispositiu.<\/p>\n<h4>Guia detallada<\/h4>\n<ol>\n<li>Executem l&#8217;aplicaci\u00f3\u00a0<strong>&#8220;AutoFirma&#8221;<\/strong>, fem clic en\u00a0<strong>&#8220;Arxiu\/Veure signatura&#8221;<\/strong>.<img loading=\"lazy\" class=\"size-medium wp-image-1387 aligncenter\" src=\"https:\/\/tickb.umh.es\/files\/2025\/04\/ValidezAuto1-300x242.png\" alt=\"\" width=\"300\" height=\"242\" srcset=\"https:\/\/tickb.umh.es\/files\/2025\/04\/ValidezAuto1-300x242.png 300w, https:\/\/tickb.umh.es\/files\/2025\/04\/ValidezAuto1-768x620.png 768w, https:\/\/tickb.umh.es\/files\/2025\/04\/ValidezAuto1.png 781w\" sizes=\"(max-width: 300px) 100vw, 300px\" \/><\/li>\n<li>Seleccionem l&#8217;arxiu que vulguem comprovar i fem clic en\u00a0<strong>&#8220;Obrir&#8221;<\/strong>.<img loading=\"lazy\" class=\"size-medium wp-image-1390 aligncenter\" src=\"https:\/\/tickb.umh.es\/files\/2025\/04\/ValidezAuto2-300x191.png\" alt=\"\" width=\"300\" height=\"191\" srcset=\"https:\/\/tickb.umh.es\/files\/2025\/04\/ValidezAuto2-300x191.png 300w, https:\/\/tickb.umh.es\/files\/2025\/04\/ValidezAuto2.png 537w\" sizes=\"(max-width: 300px) 100vw, 300px\" \/><\/li>\n<li>En obrir-lo ens apareixer\u00e0 la seg\u00fcent finestra amb la informaci\u00f3 sobre la validesa de la signatura del certificat de l&#8217;arxiu.<img loading=\"lazy\" class=\"size-medium wp-image-1393 aligncenter\" src=\"https:\/\/tickb.umh.es\/files\/2025\/04\/ValidezAuto3-300x262.png\" alt=\"\" width=\"300\" height=\"262\" srcset=\"https:\/\/tickb.umh.es\/files\/2025\/04\/ValidezAuto3-300x262.png 300w, https:\/\/tickb.umh.es\/files\/2025\/04\/ValidezAuto3-768x670.png 768w, https:\/\/tickb.umh.es\/files\/2025\/04\/ValidezAuto3.png 778w\" sizes=\"(max-width: 300px) 100vw, 300px\" \/><\/li>\n<\/ol>\n<p>&nbsp;<\/p>\n<table style=\"background-color: #fffdf6; border: 2px solid #ffeaae; margin: 0px auto; height: 156px;\" width=\"629\">\n<tbody>\n<tr>\n<td style=\"text-align: left;\" width=\"566\"><strong>Advert\u00e8ncia<\/strong><\/p>\n<p>Autofirma no realitza una validaci\u00f3 completa de la signatura, per exemple, no detectar\u00e0 casos en els quals un certificat estava revocat en el moment de la signatura. Per a una comprovaci\u00f3 completa de la validesa legal d&#8217;un certificat utilitzeu el portal valide.<\/td>\n<\/tr>\n<\/tbody>\n<\/table>\n<p>&nbsp;<\/p>","protected":false},"excerpt":{"rendered":"<p>El programari Autofirma facilita la comprovaci\u00f3 de la validesa d&#8217;un document signat en l&#8217;\u00e0mbit de l&#8217;Administraci\u00f3 per\u00f2 requereix la seua instal\u00b7laci\u00f3 en el seu dispositiu.<br \/>\nGuia detallada<\/p>\n<p>Executem l&#8217;aplicaci\u00f3\u00a0&#8220;AutoFirma&#8221;, fem clic en\u00a0&#8220;Arxiu\/Veure signatura&#8221;.<br \/>\nSeleccionem l&#8217;arxiu que vulguem comprovar i fem clic en\u00a0&#8220;Obrir&#8221;.<br \/>\nEn obrir-lo ens apareixer\u00e0 la seg\u00fcent finestra amb la informaci\u00f3 sobre la validesa de la signatura del [&#8230;]<\/p>\n","protected":false},"author":88,"featured_media":0,"parent":1381,"menu_order":0,"comment_status":"closed","ping_status":"closed","template":"","meta":{"_links_to":"","_links_to_target":""},"_links":{"self":[{"href":"https:\/\/tickb.umh.es\/ca\/wp-json\/wp\/v2\/pages\/1384"}],"collection":[{"href":"https:\/\/tickb.umh.es\/ca\/wp-json\/wp\/v2\/pages"}],"about":[{"href":"https:\/\/tickb.umh.es\/ca\/wp-json\/wp\/v2\/types\/page"}],"author":[{"embeddable":true,"href":"https:\/\/tickb.umh.es\/ca\/wp-json\/wp\/v2\/users\/88"}],"replies":[{"embeddable":true,"href":"https:\/\/tickb.umh.es\/ca\/wp-json\/wp\/v2\/comments?post=1384"}],"version-history":[{"count":0,"href":"https:\/\/tickb.umh.es\/ca\/wp-json\/wp\/v2\/pages\/1384\/revisions"}],"up":[{"embeddable":true,"href":"https:\/\/tickb.umh.es\/ca\/wp-json\/wp\/v2\/pages\/1381"}],"wp:attachment":[{"href":"https:\/\/tickb.umh.es\/ca\/wp-json\/wp\/v2\/media?parent=1384"}],"curies":[{"name":"wp","href":"https:\/\/api.w.org\/{rel}","templated":true}]}}