{"id":1399,"date":"2025-04-08T13:33:13","date_gmt":"2025-04-08T11:33:13","guid":{"rendered":"https:\/\/tickb.umh.es\/?page_id=1399"},"modified":"2025-04-08T13:40:03","modified_gmt":"2025-04-08T11:40:03","slug":"como-descargar-certificado-digital-de-la-accv","status":"publish","type":"page","link":"https:\/\/tickb.umh.es\/ca\/gestion-de-identidades\/gestion-de-certificados\/como-descargar-certificado-digital-de-la-accv\/","title":{"rendered":"Com descarregar el certificat digital de l&#8217;ACCV"},"content":{"rendered":"<p>Els certificats reconeguts per a ciutadans emesos per l&#8217;ACCV permeten als seus titulars identificar-se i dur a terme tr\u00e0mits electr\u00f2nics de manera segura davant les Administracions P\u00fabliques i les entitats privades, aix\u00ed com signar electr\u00f2nicament.<\/p>\n<h4>Guia detallada<\/h4>\n<p>Aquest certificat reconegut (signatura electr\u00f2nica persones f\u00edsiques) per a ciutadans, em\u00e9s per l&#8217;Ag\u00e8ncia de Tecnologia i Certificaci\u00f3 Electr\u00f2nica (ACCV), \u00e9s gratu\u00eft per a qualsevol ciutad\u00e0 en possessi\u00f3 de DNI o NIE.<\/p>\n<ol>\n<li>Una vegada sol\u00b7licitat, ens dirigim al seg\u00fcent enlla\u00e7\u00a0<a href=\"https:\/\/genera.accv.es\/apsc\/frontal\/index.htm\">https:\/\/genera.accv.es\/apsc\/frontal\/index.htm<\/a>\u00a0i emplenem el formulari amb el nostre NIF\/NIE i el codi que venia incl\u00f2s en l&#8217;impr\u00e9s que ens van donar en sol\u00b7licitar-lo.<img loading=\"lazy\" class=\"size-medium wp-image-1402 aligncenter\" src=\"https:\/\/tickb.umh.es\/files\/2025\/04\/Imagen_13_12_21_9_11_pegada-300x148.jpg\" alt=\"\" width=\"300\" height=\"148\" srcset=\"https:\/\/tickb.umh.es\/files\/2025\/04\/Imagen_13_12_21_9_11_pegada-300x148.jpg 300w, https:\/\/tickb.umh.es\/files\/2025\/04\/Imagen_13_12_21_9_11_pegada-1024x504.jpg 1024w, https:\/\/tickb.umh.es\/files\/2025\/04\/Imagen_13_12_21_9_11_pegada-768x378.jpg 768w, https:\/\/tickb.umh.es\/files\/2025\/04\/Imagen_13_12_21_9_11_pegada-1536x757.jpg 1536w, https:\/\/tickb.umh.es\/files\/2025\/04\/Imagen_13_12_21_9_11_pegada-2048x1009.jpg 2048w\" sizes=\"(max-width: 300px) 100vw, 300px\" \/><\/li>\n<li>Una vegada introdu\u00efts totes les dades i autenticat el codi de manera v\u00e0lida, procedirem a descarregar el nostre fitxer de certificat digital en format arxiu d&#8217;intercanvi d&#8217;informaci\u00f3 personal (.p12).<\/li>\n<\/ol>\n<p>&nbsp;<\/p>\n<table style=\"background-color: #fffdf6; border: 2px solid #ffeaae; margin: 0px auto; height: 110px;\" width=\"631\">\n<tbody>\n<tr>\n<td style=\"text-align: left;\" width=\"566\"><strong>Advert\u00e8ncia<\/strong><\/p>\n<p>\u00c9s important recordar la contrasenya que hem introdu\u00eft en el proc\u00e9s de generaci\u00f3 del nostre certificat, ja que ser\u00e0 necess\u00e0ria per a instal\u00b7lar-lo m\u00e9s tard.<\/td>\n<\/tr>\n<\/tbody>\n<\/table>\n<p>&nbsp;<\/p>","protected":false},"excerpt":{"rendered":"<p>Els certificats reconeguts per a ciutadans emesos per l&#8217;ACCV permeten als seus titulars identificar-se i dur a terme tr\u00e0mits electr\u00f2nics de manera segura davant les Administracions P\u00fabliques i les entitats privades, aix\u00ed com signar electr\u00f2nicament.<br \/>\nGuia detallada<br \/>\nAquest certificat reconegut (signatura electr\u00f2nica persones f\u00edsiques) per a ciutadans, em\u00e9s per l&#8217;Ag\u00e8ncia de Tecnologia i Certificaci\u00f3 Electr\u00f2nica (ACCV), \u00e9s [&#8230;]<\/p>\n","protected":false},"author":88,"featured_media":0,"parent":1381,"menu_order":0,"comment_status":"closed","ping_status":"closed","template":"","meta":{"_links_to":"","_links_to_target":""},"_links":{"self":[{"href":"https:\/\/tickb.umh.es\/ca\/wp-json\/wp\/v2\/pages\/1399"}],"collection":[{"href":"https:\/\/tickb.umh.es\/ca\/wp-json\/wp\/v2\/pages"}],"about":[{"href":"https:\/\/tickb.umh.es\/ca\/wp-json\/wp\/v2\/types\/page"}],"author":[{"embeddable":true,"href":"https:\/\/tickb.umh.es\/ca\/wp-json\/wp\/v2\/users\/88"}],"replies":[{"embeddable":true,"href":"https:\/\/tickb.umh.es\/ca\/wp-json\/wp\/v2\/comments?post=1399"}],"version-history":[{"count":0,"href":"https:\/\/tickb.umh.es\/ca\/wp-json\/wp\/v2\/pages\/1399\/revisions"}],"up":[{"embeddable":true,"href":"https:\/\/tickb.umh.es\/ca\/wp-json\/wp\/v2\/pages\/1381"}],"wp:attachment":[{"href":"https:\/\/tickb.umh.es\/ca\/wp-json\/wp\/v2\/media?parent=1399"}],"curies":[{"name":"wp","href":"https:\/\/api.w.org\/{rel}","templated":true}]}}