{"id":1438,"date":"2025-04-08T14:11:27","date_gmt":"2025-04-08T12:11:27","guid":{"rendered":"https:\/\/tickb.umh.es\/?page_id=1438"},"modified":"2025-04-08T14:22:00","modified_gmt":"2025-04-08T12:22:00","slug":"como-exportar-un-certificado-digital-en-un-sistema-windows","status":"publish","type":"page","link":"https:\/\/tickb.umh.es\/ca\/gestion-de-identidades\/gestion-de-certificados\/como-exportar-un-certificado-digital-en-un-sistema-windows\/","title":{"rendered":"Com exportar un certificat digital en un sistema Windows"},"content":{"rendered":"<p>Els certificats reconeguts per a ciutadans emesos per l&#8217;ACCV permeten als seus titulars identificar-se i dur a terme tr\u00e0mits electr\u00f2nics de manera segura davant les Administracions P\u00fabliques i les entitats privades, aix\u00ed com signar electr\u00f2nicament.<\/p>\n<p>En aquest article descriurem com exportar el teu certificat digital per a instal\u00b7lar-lo en un altre equip.<\/p>\n<h4>Guia detallada<\/h4>\n<ol>\n<li>En la barra inferior seleccionarem la\u00a0<strong>Lupa<\/strong>, a continuaci\u00f3 escriurem\u00a0<strong>&#8220;Opcions d&#8217;Internet&#8221;<\/strong>. Despr\u00e9s haurem de fer clic de ratol\u00ed sobre l&#8217;aplicaci\u00f3\u00a0<strong>&#8220;Opcions d&#8217;Internet&#8221;<\/strong>.<img loading=\"lazy\" class=\"size-medium wp-image-1447 aligncenter\" src=\"https:\/\/tickb.umh.es\/files\/2025\/04\/CerExportW1-247x300.png\" alt=\"\" width=\"247\" height=\"300\" srcset=\"https:\/\/tickb.umh.es\/files\/2025\/04\/CerExportW1-247x300.png 247w, https:\/\/tickb.umh.es\/files\/2025\/04\/CerExportW1.png 634w\" sizes=\"(max-width: 247px) 100vw, 247px\" \/><\/li>\n<li>En la finestra\u00a0<strong>&#8220;Propietats: Internet&#8221;<\/strong>\u00a0seleccionarem la pestanya\u00a0<strong>&#8220;Contingut&#8221;<\/strong>\u00a0i despr\u00e9s premem sobre el bot\u00f3\u00a0<strong>&#8220;Certificats&#8221;<\/strong>.<img loading=\"lazy\" class=\"size-medium wp-image-1450 aligncenter\" src=\"https:\/\/tickb.umh.es\/files\/2025\/04\/CerExportW2-220x300.png\" alt=\"\" width=\"220\" height=\"300\" srcset=\"https:\/\/tickb.umh.es\/files\/2025\/04\/CerExportW2-220x300.png 220w, https:\/\/tickb.umh.es\/files\/2025\/04\/CerExportW2.png 418w\" sizes=\"(max-width: 220px) 100vw, 220px\" \/><\/li>\n<li>Ara seleccionarem el nostre certificat personal i premem en\u00a0<strong>&#8220;Exportar&#8221;<\/strong>.<img loading=\"lazy\" class=\"size-medium wp-image-1453 aligncenter\" src=\"https:\/\/tickb.umh.es\/files\/2025\/04\/CerExportW3-300x282.png\" alt=\"\" width=\"300\" height=\"282\" srcset=\"https:\/\/tickb.umh.es\/files\/2025\/04\/CerExportW3-300x282.png 300w, https:\/\/tickb.umh.es\/files\/2025\/04\/CerExportW3.png 491w\" sizes=\"(max-width: 300px) 100vw, 300px\" \/><\/li>\n<li>Aix\u00f2 iniciar\u00e0 l&#8217;Assistent per a exportar certificats, simplement farem clic en\u00a0<strong>&#8220;Seg\u00fcent&#8221;<\/strong>.<img loading=\"lazy\" class=\"size-medium wp-image-1456 aligncenter\" src=\"https:\/\/tickb.umh.es\/files\/2025\/04\/CerExportW4-300x290.png\" alt=\"\" width=\"300\" height=\"290\" srcset=\"https:\/\/tickb.umh.es\/files\/2025\/04\/CerExportW4-300x290.png 300w, https:\/\/tickb.umh.es\/files\/2025\/04\/CerExportW4.png 523w\" sizes=\"(max-width: 300px) 100vw, 300px\" \/><\/li>\n<li>Ara seleccionarem\u00a0<strong>&#8220;Exportar la clau privada&#8221;<\/strong>\u00a0i premem en seg\u00fcent. Si aquesta opci\u00f3 no est\u00e0 disponible, revisar la nota al final d&#8217;aquest article.<img loading=\"lazy\" class=\"size-medium wp-image-1459 aligncenter\" src=\"https:\/\/tickb.umh.es\/files\/2025\/04\/CerExportW5-300x276.png\" alt=\"\" width=\"300\" height=\"276\" srcset=\"https:\/\/tickb.umh.es\/files\/2025\/04\/CerExportW5-300x276.png 300w, https:\/\/tickb.umh.es\/files\/2025\/04\/CerExportW5.png 527w\" sizes=\"(max-width: 300px) 100vw, 300px\" \/><\/li>\n<li>Deixarem les opcions per defecte i premem\u00a0<strong>&#8220;Seg\u00fcent&#8221;<\/strong>.<img loading=\"lazy\" class=\"size-medium wp-image-1462 aligncenter\" src=\"https:\/\/tickb.umh.es\/files\/2025\/04\/CerExportW6-300x283.png\" alt=\"\" width=\"300\" height=\"283\" srcset=\"https:\/\/tickb.umh.es\/files\/2025\/04\/CerExportW6-300x283.png 300w, https:\/\/tickb.umh.es\/files\/2025\/04\/CerExportW6.png 526w\" sizes=\"(max-width: 300px) 100vw, 300px\" \/><\/li>\n<li>Ara marcarem l&#8217;opci\u00f3\u00a0<strong>&#8220;Contrasenya&#8221;<\/strong>\u00a0i definirem una. Despr\u00e9s seleccionarem\u00a0<strong>&#8220;Seg\u00fcent&#8221;<\/strong>.<img loading=\"lazy\" class=\"size-medium wp-image-1465 aligncenter\" src=\"https:\/\/tickb.umh.es\/files\/2025\/04\/CerExportW7-300x282.png\" alt=\"\" width=\"300\" height=\"282\" srcset=\"https:\/\/tickb.umh.es\/files\/2025\/04\/CerExportW7-300x282.png 300w, https:\/\/tickb.umh.es\/files\/2025\/04\/CerExportW7.png 528w\" sizes=\"(max-width: 300px) 100vw, 300px\" \/><\/li>\n<li>Arribats a aquest punt, \u00e9s possible que se&#8217;ns sol\u00b7licite una contrasenya per a continuar, hem d&#8217;introduir la mateixa que utilitzem per a signar.<\/li>\n<li>Ara premem en\u00a0<strong>&#8220;Examinar&#8221;<\/strong>, aix\u00f2 ens permetr\u00e0 seleccionar el nom i la ruta on vulguem guardar el nostre certificat exportat.<img loading=\"lazy\" class=\"size-medium wp-image-1441 aligncenter\" src=\"https:\/\/tickb.umh.es\/files\/2025\/04\/CerExportW8-300x282.png\" alt=\"\" width=\"300\" height=\"282\" srcset=\"https:\/\/tickb.umh.es\/files\/2025\/04\/CerExportW8-300x282.png 300w, https:\/\/tickb.umh.es\/files\/2025\/04\/CerExportW8.png 528w\" sizes=\"(max-width: 300px) 100vw, 300px\" \/><\/li>\n<li>Ja hem finalitzat l&#8217;exportaci\u00f3 del certificat, nom\u00e9s ens queda pr\u00e9mer sobre el bot\u00f3\u00a0<strong>&#8220;Finalitzar&#8221;<\/strong>\u00a0per a acabar el proc\u00e9s.<img loading=\"lazy\" class=\"size-medium wp-image-1444 aligncenter\" src=\"https:\/\/tickb.umh.es\/files\/2025\/04\/CerExportW9-300x282.png\" alt=\"\" width=\"300\" height=\"282\" srcset=\"https:\/\/tickb.umh.es\/files\/2025\/04\/CerExportW9-300x282.png 300w, https:\/\/tickb.umh.es\/files\/2025\/04\/CerExportW9.png 528w\" sizes=\"(max-width: 300px) 100vw, 300px\" \/><\/li>\n<\/ol>\n<p>&nbsp;<\/p>\n<table style=\"background-color: #fffdf6; border: 2px solid #ffeaae; margin: 0px auto; height: 173px;\" width=\"628\">\n<tbody>\n<tr>\n<td style=\"text-align: left;\" width=\"566\"><strong>Nota<\/strong><\/p>\n<p>Si ens trobem en el pas 5 d&#8217;aquest tutorial i no \u00e9s possible marcar l&#8217;opci\u00f3\u00a0<strong>&#8220;Exportar la clau privada&#8221;<\/strong>\u00a0no ser\u00e0 possible realitzar la correcta exportaci\u00f3 del nostre certificat, per la qual cosa haurem de localitzar el certificat original (el que descarreguem des de la web de l&#8217;ACCV) i seguir el nostre article\u00a0<strong>Com instal\u00b7lar certificat digital<\/strong>\u00a0per a la seua correcta configuraci\u00f3.<\/td>\n<\/tr>\n<\/tbody>\n<\/table>\n<p>&nbsp;<\/p>","protected":false},"excerpt":{"rendered":"<p>Els certificats reconeguts per a ciutadans emesos per l&#8217;ACCV permeten als seus titulars identificar-se i dur a terme tr\u00e0mits electr\u00f2nics de manera segura davant les Administracions P\u00fabliques i les entitats privades, aix\u00ed com signar electr\u00f2nicament.<br \/>\nEn aquest article descriurem com exportar el teu certificat digital per a instal\u00b7lar-lo en un altre equip.<br \/>\nGuia detallada<\/p>\n<p>En la barra inferior [&#8230;]<\/p>\n","protected":false},"author":88,"featured_media":0,"parent":1381,"menu_order":0,"comment_status":"closed","ping_status":"closed","template":"","meta":{"_links_to":"","_links_to_target":""},"_links":{"self":[{"href":"https:\/\/tickb.umh.es\/ca\/wp-json\/wp\/v2\/pages\/1438"}],"collection":[{"href":"https:\/\/tickb.umh.es\/ca\/wp-json\/wp\/v2\/pages"}],"about":[{"href":"https:\/\/tickb.umh.es\/ca\/wp-json\/wp\/v2\/types\/page"}],"author":[{"embeddable":true,"href":"https:\/\/tickb.umh.es\/ca\/wp-json\/wp\/v2\/users\/88"}],"replies":[{"embeddable":true,"href":"https:\/\/tickb.umh.es\/ca\/wp-json\/wp\/v2\/comments?post=1438"}],"version-history":[{"count":0,"href":"https:\/\/tickb.umh.es\/ca\/wp-json\/wp\/v2\/pages\/1438\/revisions"}],"up":[{"embeddable":true,"href":"https:\/\/tickb.umh.es\/ca\/wp-json\/wp\/v2\/pages\/1381"}],"wp:attachment":[{"href":"https:\/\/tickb.umh.es\/ca\/wp-json\/wp\/v2\/media?parent=1438"}],"curies":[{"name":"wp","href":"https:\/\/api.w.org\/{rel}","templated":true}]}}