{"id":1468,"date":"2025-04-08T14:31:46","date_gmt":"2025-04-08T12:31:46","guid":{"rendered":"https:\/\/tickb.umh.es\/?page_id=1468"},"modified":"2025-04-08T14:38:40","modified_gmt":"2025-04-08T12:38:40","slug":"como-firmar-un-documento-digitalmente-con-autofirma","status":"publish","type":"page","link":"https:\/\/tickb.umh.es\/ca\/gestion-de-identidades\/gestion-de-certificados\/como-firmar-un-documento-digitalmente-con-autofirma\/","title":{"rendered":"Com signar un document digitalment amb Autofirma"},"content":{"rendered":"<p>El procediment de firma amb Autofirma facilita la firma en l&#8217;\u00e0mbit de l&#8217;Administraci\u00f3 per\u00f2 requereix la seua instal\u00b7laci\u00f3 en el seu dispositiu.<\/p>\n<p>&nbsp;<\/p>\n<p><strong>Guia detallada<\/strong><\/p>\n<ol>\n<li>Executem l&#8217;aplicaci\u00f3 &#8220;AutoFirma&#8221; i arrosseguem el fitxer a signar a l&#8217;\u00e0rea o fem clic en &#8220;Seleccionar fitxers a signar&#8221;.<img loading=\"lazy\" class=\"size-medium wp-image-1471 aligncenter\" src=\"https:\/\/tickb.umh.es\/files\/2025\/04\/FirmarAutofirma1-300x244.png\" alt=\"\" width=\"300\" height=\"244\" srcset=\"https:\/\/tickb.umh.es\/files\/2025\/04\/FirmarAutofirma1-300x244.png 300w, https:\/\/tickb.umh.es\/files\/2025\/04\/FirmarAutofirma1-768x623.png 768w, https:\/\/tickb.umh.es\/files\/2025\/04\/FirmarAutofirma1.png 781w\" sizes=\"(max-width: 300px) 100vw, 300px\" \/><\/li>\n<li>Una vegada obert el fitxer a signar en &#8220;Configuraci\u00f3 de firma&#8221; marquem la casella &#8220;Fer la firma visible dins del PDF&#8221; i fem clic en &#8220;Firmar&#8221;.<img loading=\"lazy\" class=\"size-medium wp-image-1474 aligncenter\" src=\"https:\/\/tickb.umh.es\/files\/2025\/04\/FirmarAutofirma2-300x244.png\" alt=\"\" width=\"300\" height=\"244\" srcset=\"https:\/\/tickb.umh.es\/files\/2025\/04\/FirmarAutofirma2-300x244.png 300w, https:\/\/tickb.umh.es\/files\/2025\/04\/FirmarAutofirma2-768x624.png 768w, https:\/\/tickb.umh.es\/files\/2025\/04\/FirmarAutofirma2.png 779w\" sizes=\"(max-width: 300px) 100vw, 300px\" \/><\/li>\n<li>Ara se&#8217;ns obrir\u00e0 un assistent per a inserir o seleccionar l&#8217;\u00e0rea de firma visible que mitjan\u00e7ant el ratol\u00ed dibuixarem un rectangle on volem inserir la nostra firma visible i fem clic en &#8220;Seg\u00fcent&#8221; i en la seg\u00fcent pantalla amb la vista pr\u00e8via fem clic en &#8220;Acceptar&#8221;.<img loading=\"lazy\" class=\"size-medium wp-image-1477 aligncenter\" src=\"https:\/\/tickb.umh.es\/files\/2025\/04\/FirmarAutofirma3-216x300.png\" alt=\"\" width=\"216\" height=\"300\" srcset=\"https:\/\/tickb.umh.es\/files\/2025\/04\/FirmarAutofirma3-216x300.png 216w, https:\/\/tickb.umh.es\/files\/2025\/04\/FirmarAutofirma3.png 483w\" sizes=\"(max-width: 216px) 100vw, 216px\" \/><img loading=\"lazy\" class=\"size-medium wp-image-1480 aligncenter\" src=\"https:\/\/tickb.umh.es\/files\/2025\/04\/FirmarAutofirma4-217x300.png\" alt=\"\" width=\"217\" height=\"300\" srcset=\"https:\/\/tickb.umh.es\/files\/2025\/04\/FirmarAutofirma4-217x300.png 217w, https:\/\/tickb.umh.es\/files\/2025\/04\/FirmarAutofirma4.png 484w\" sizes=\"(max-width: 217px) 100vw, 217px\" \/><\/li>\n<li>Seleccionem el certificat prement en &#8220;Acceptar&#8221; si es tracta del correcte amb el qual volem signar.<img loading=\"lazy\" class=\"size-medium wp-image-1483 aligncenter\" src=\"https:\/\/tickb.umh.es\/files\/2025\/04\/FirmarAutofirma5-300x242.png\" alt=\"\" width=\"300\" height=\"242\" srcset=\"https:\/\/tickb.umh.es\/files\/2025\/04\/FirmarAutofirma5-300x242.png 300w, https:\/\/tickb.umh.es\/files\/2025\/04\/FirmarAutofirma5-768x619.png 768w, https:\/\/tickb.umh.es\/files\/2025\/04\/FirmarAutofirma5.png 777w\" sizes=\"(max-width: 300px) 100vw, 300px\" \/><\/li>\n<li>Ens demanar\u00e0 la contrasenya per a accedir al certificat en cas que l&#8217;h\u00e0gem protegit amb contrasenya i fem clic en &#8220;Acceptar&#8221;.<img loading=\"lazy\" class=\"size-medium wp-image-1486 aligncenter\" src=\"https:\/\/tickb.umh.es\/files\/2025\/04\/FirmarAutofirma6-300x223.png\" alt=\"\" width=\"300\" height=\"223\" srcset=\"https:\/\/tickb.umh.es\/files\/2025\/04\/FirmarAutofirma6-300x223.png 300w, https:\/\/tickb.umh.es\/files\/2025\/04\/FirmarAutofirma6.png 378w\" sizes=\"(max-width: 300px) 100vw, 300px\" \/><\/li>\n<li>El seg\u00fcent que ens demanar\u00e0 ser\u00e0 la ruta on volem guardar el nostre document ja signat i fem clic en &#8220;Guardar&#8221;.<img loading=\"lazy\" class=\"size-medium wp-image-1489 aligncenter\" src=\"https:\/\/tickb.umh.es\/files\/2025\/04\/FirmarAutofirma7-300x185.png\" alt=\"\" width=\"300\" height=\"185\" srcset=\"https:\/\/tickb.umh.es\/files\/2025\/04\/FirmarAutofirma7-300x185.png 300w, https:\/\/tickb.umh.es\/files\/2025\/04\/FirmarAutofirma7.png 534w\" sizes=\"(max-width: 300px) 100vw, 300px\" \/><\/li>\n<li>Si el proc\u00e9s de firma del fitxer s&#8217;ha completat satisfact\u00f2riament ens apareixer\u00e0 la seg\u00fcent finestra informativa i podrem obrir el fitxer per a visualitzar-lo.<img loading=\"lazy\" class=\"size-medium wp-image-1492 aligncenter\" src=\"https:\/\/tickb.umh.es\/files\/2025\/04\/FirmarAutofirma8-300x243.png\" alt=\"\" width=\"300\" height=\"243\" srcset=\"https:\/\/tickb.umh.es\/files\/2025\/04\/FirmarAutofirma8-300x243.png 300w, https:\/\/tickb.umh.es\/files\/2025\/04\/FirmarAutofirma8-768x622.png 768w, https:\/\/tickb.umh.es\/files\/2025\/04\/FirmarAutofirma8.png 777w\" sizes=\"(max-width: 300px) 100vw, 300px\" \/><\/li>\n<\/ol>\n<p>&nbsp;<\/p>","protected":false},"excerpt":{"rendered":"<p>El procediment de firma amb Autofirma facilita la firma en l&#8217;\u00e0mbit de l&#8217;Administraci\u00f3 per\u00f2 requereix la seua instal\u00b7laci\u00f3 en el seu dispositiu.<br \/>\n&nbsp;<br \/>\nGuia detallada<\/p>\n<p>Executem l&#8217;aplicaci\u00f3 &#8220;AutoFirma&#8221; i arrosseguem el fitxer a signar a l&#8217;\u00e0rea o fem clic en &#8220;Seleccionar fitxers a signar&#8221;.<br \/>\nUna vegada obert el fitxer a signar en &#8220;Configuraci\u00f3 de firma&#8221; marquem la casella &#8220;Fer [&#8230;]<\/p>\n","protected":false},"author":88,"featured_media":0,"parent":1381,"menu_order":0,"comment_status":"closed","ping_status":"closed","template":"","meta":{"_links_to":"","_links_to_target":""},"_links":{"self":[{"href":"https:\/\/tickb.umh.es\/ca\/wp-json\/wp\/v2\/pages\/1468"}],"collection":[{"href":"https:\/\/tickb.umh.es\/ca\/wp-json\/wp\/v2\/pages"}],"about":[{"href":"https:\/\/tickb.umh.es\/ca\/wp-json\/wp\/v2\/types\/page"}],"author":[{"embeddable":true,"href":"https:\/\/tickb.umh.es\/ca\/wp-json\/wp\/v2\/users\/88"}],"replies":[{"embeddable":true,"href":"https:\/\/tickb.umh.es\/ca\/wp-json\/wp\/v2\/comments?post=1468"}],"version-history":[{"count":0,"href":"https:\/\/tickb.umh.es\/ca\/wp-json\/wp\/v2\/pages\/1468\/revisions"}],"up":[{"embeddable":true,"href":"https:\/\/tickb.umh.es\/ca\/wp-json\/wp\/v2\/pages\/1381"}],"wp:attachment":[{"href":"https:\/\/tickb.umh.es\/ca\/wp-json\/wp\/v2\/media?parent=1468"}],"curies":[{"name":"wp","href":"https:\/\/api.w.org\/{rel}","templated":true}]}}