{"id":1501,"date":"2025-04-08T14:42:40","date_gmt":"2025-04-08T12:42:40","guid":{"rendered":"https:\/\/tickb.umh.es\/?page_id=1501"},"modified":"2026-01-22T09:29:53","modified_gmt":"2026-01-22T08:29:53","slug":"como-instalar-autofirma","status":"publish","type":"page","link":"https:\/\/tickb.umh.es\/ca\/gestion-de-identidades\/gestion-de-certificados\/como-instalar-autofirma\/","title":{"rendered":"Com instal\u00b7lar Autofirma"},"content":{"rendered":"<p>El procediment de firma amb Autofirma facilita la firma en l&#8217;\u00e0mbit de l&#8217;Administraci\u00f3 per\u00f2 requereix la seua instal\u00b7laci\u00f3 en el seu dispositiu.<\/p>\n<p><a href=\"https:\/\/sede.educacion.gob.es\/informacion-ayuda\/firma-comun\/autofirma-miniapplet\/autofirma.html\">Enlla\u00e7 a la p\u00e0gina de desc\u00e0rrega<\/a><\/p>\n<p><strong>Desc\u00e0rrega del programari<\/strong><\/p>\n<ol>\n<li>Ens dirigim a Portal Firma &#8211; Desc\u00e0rregues, seleccionem la versi\u00f3 que corresponga amb el nostre sistema operatiu i seguim les instruccions pr\u00f2pies del seu sistema operatiu per a realitzar la instal\u00b7laci\u00f3.<img loading=\"lazy\" class=\"size-medium wp-image-1504 aligncenter\" src=\"https:\/\/tickb.umh.es\/files\/2025\/04\/Autofirma1-300x139.png\" alt=\"\" width=\"300\" height=\"139\" srcset=\"https:\/\/tickb.umh.es\/files\/2025\/04\/Autofirma1-300x139.png 300w, https:\/\/tickb.umh.es\/files\/2025\/04\/Autofirma1-1024x475.png 1024w, https:\/\/tickb.umh.es\/files\/2025\/04\/Autofirma1-768x356.png 768w, https:\/\/tickb.umh.es\/files\/2025\/04\/Autofirma1-1536x712.png 1536w, https:\/\/tickb.umh.es\/files\/2025\/04\/Autofirma1-2048x949.png 2048w\" sizes=\"(max-width: 300px) 100vw, 300px\" \/><\/li>\n<li>En el nostre cas anem a triar &#8220;AutoFirma per a Windows 64 bits&#8221; i comen\u00e7ar\u00e0 a descarregar-se el fitxer, el programari tamb\u00e9 est\u00e0 disponible per a Linux i macOS.<img loading=\"lazy\" class=\"size-medium wp-image-1507 aligncenter\" src=\"https:\/\/tickb.umh.es\/files\/2025\/04\/Autofirma2-300x116.png\" alt=\"\" width=\"300\" height=\"116\" srcset=\"https:\/\/tickb.umh.es\/files\/2025\/04\/Autofirma2-300x116.png 300w, https:\/\/tickb.umh.es\/files\/2025\/04\/Autofirma2.png 355w\" sizes=\"(max-width: 300px) 100vw, 300px\" \/><\/li>\n<li>Una vegada descarregat l&#8217;obrim i ens trobarem amb l&#8217;assistent d&#8217;instal\u00b7laci\u00f3, fem clic en &#8220;Seg\u00fcent&#8221;.<img loading=\"lazy\" class=\"size-medium wp-image-1510 aligncenter\" src=\"https:\/\/tickb.umh.es\/files\/2025\/04\/Autofirma3-300x234.png\" alt=\"\" width=\"300\" height=\"234\" srcset=\"https:\/\/tickb.umh.es\/files\/2025\/04\/Autofirma3-300x234.png 300w, https:\/\/tickb.umh.es\/files\/2025\/04\/Autofirma3.png 496w\" sizes=\"(max-width: 300px) 100vw, 300px\" \/><\/li>\n<li>Ens demanar\u00e0 el directori de destinaci\u00f3, li deixem per defecte el que ens indica i una altra vegada a &#8220;Seg\u00fcent&#8221;.<img loading=\"lazy\" class=\"size-medium wp-image-1513 aligncenter\" src=\"https:\/\/tickb.umh.es\/files\/2025\/04\/Autofirma4-300x235.png\" alt=\"\" width=\"300\" height=\"235\" srcset=\"https:\/\/tickb.umh.es\/files\/2025\/04\/Autofirma4-300x235.png 300w, https:\/\/tickb.umh.es\/files\/2025\/04\/Autofirma4.png 495w\" sizes=\"(max-width: 300px) 100vw, 300px\" \/><\/li>\n<li>En les opcions d&#8217;integraci\u00f3 avan\u00e7ades tampoc toquem res i fem clic en &#8220;Instal\u00b7lar&#8221;.<img loading=\"lazy\" class=\"size-medium wp-image-1516 aligncenter\" src=\"https:\/\/tickb.umh.es\/files\/2025\/04\/Autofirma5-300x233.png\" alt=\"\" width=\"300\" height=\"233\" srcset=\"https:\/\/tickb.umh.es\/files\/2025\/04\/Autofirma5-300x233.png 300w, https:\/\/tickb.umh.es\/files\/2025\/04\/Autofirma5.png 498w\" sizes=\"(max-width: 300px) 100vw, 300px\" \/><\/li>\n<li>Una vegada completat, fem clic una \u00faltima vegada en &#8220;Seg\u00fcent&#8221; per a eixir de la instal\u00b7laci\u00f3 i ja tindrem instal\u00b7lat el nostre programa &#8220;AutoFirma&#8221; en el nostre ordinador.<img loading=\"lazy\" class=\"size-medium wp-image-1519 aligncenter\" src=\"https:\/\/tickb.umh.es\/files\/2025\/04\/Autofirma6-300x235.png\" alt=\"\" width=\"300\" height=\"235\" srcset=\"https:\/\/tickb.umh.es\/files\/2025\/04\/Autofirma6-300x235.png 300w, https:\/\/tickb.umh.es\/files\/2025\/04\/Autofirma6.png 495w\" sizes=\"(max-width: 300px) 100vw, 300px\" \/><\/li>\n<\/ol>\n<p><\/p>","protected":false},"excerpt":{"rendered":"<p>El procediment de firma amb Autofirma facilita la firma en l&#8217;\u00e0mbit de l&#8217;Administraci\u00f3 per\u00f2 requereix la seua instal\u00b7laci\u00f3 en el seu dispositiu.<br \/>\nEnlla\u00e7 a la p\u00e0gina de desc\u00e0rrega<br \/>\nDesc\u00e0rrega del programari<\/p>\n<p>Ens dirigim a Portal Firma &#8211; Desc\u00e0rregues, seleccionem la versi\u00f3 que corresponga amb el nostre sistema operatiu i seguim les instruccions pr\u00f2pies del seu sistema operatiu per [&#8230;]<\/p>\n","protected":false},"author":88,"featured_media":0,"parent":1381,"menu_order":0,"comment_status":"closed","ping_status":"closed","template":"","meta":{"_links_to":"","_links_to_target":""},"_links":{"self":[{"href":"https:\/\/tickb.umh.es\/ca\/wp-json\/wp\/v2\/pages\/1501"}],"collection":[{"href":"https:\/\/tickb.umh.es\/ca\/wp-json\/wp\/v2\/pages"}],"about":[{"href":"https:\/\/tickb.umh.es\/ca\/wp-json\/wp\/v2\/types\/page"}],"author":[{"embeddable":true,"href":"https:\/\/tickb.umh.es\/ca\/wp-json\/wp\/v2\/users\/88"}],"replies":[{"embeddable":true,"href":"https:\/\/tickb.umh.es\/ca\/wp-json\/wp\/v2\/comments?post=1501"}],"version-history":[{"count":0,"href":"https:\/\/tickb.umh.es\/ca\/wp-json\/wp\/v2\/pages\/1501\/revisions"}],"up":[{"embeddable":true,"href":"https:\/\/tickb.umh.es\/ca\/wp-json\/wp\/v2\/pages\/1381"}],"wp:attachment":[{"href":"https:\/\/tickb.umh.es\/ca\/wp-json\/wp\/v2\/media?parent=1501"}],"curies":[{"name":"wp","href":"https:\/\/api.w.org\/{rel}","templated":true}]}}