{"id":1588,"date":"2025-04-09T12:08:18","date_gmt":"2025-04-09T10:08:18","guid":{"rendered":"https:\/\/tickb.umh.es\/?page_id=1588"},"modified":"2025-04-09T12:16:47","modified_gmt":"2025-04-09T10:16:47","slug":"como-modificar-el-numero-de-identificacion-del-contestador","status":"publish","type":"page","link":"https:\/\/tickb.umh.es\/ca\/comunicaciones\/telefonia-fija\/como-modificar-el-numero-de-identificacion-del-contestador\/","title":{"rendered":"Com modificar el n\u00famero d&#8217;identificaci\u00f3 del contestador"},"content":{"rendered":"<p>Per a accedir al servei de contestador necessitem una clau d&#8217;acc\u00e9s.<\/p>\n<p>Aquesta clau hauria de canviar-se almenys una primera vegada, ac\u00ed mostrem com fer-ho.<\/p>\n<h4><strong>Guia detallada<\/strong><\/h4>\n<ol>\n<li>Connectar amb el b\u00fastia de veu mitjan\u00e7ant la tecla programada del nostre terminal telef\u00f2nic.<img loading=\"lazy\" class=\"alignnone wp-image-1591\" src=\"https:\/\/tickb.umh.es\/files\/2025\/04\/voicemail1.jpg\" alt=\"\" width=\"50\" height=\"30\" \/><\/li>\n<li>Ens sol\u00b7licitar\u00e0 que teclegem el nostre n\u00famero d&#8217;identificaci\u00f3 personal seguit de coixinet.<\/li>\n<li>Una vegada dins del servei, seguirem la seg\u00fcent ruta d&#8217;opcions:\n<ul>\n<li><img loading=\"lazy\" class=\"alignnone wp-image-1594\" src=\"https:\/\/tickb.umh.es\/files\/2025\/04\/voicemail2.png\" alt=\"\" width=\"50\" height=\"32\" \/>&#8220;Opcions de configuraci\u00f3&#8221;<\/li>\n<li><img loading=\"lazy\" class=\"alignnone wp-image-1597\" src=\"https:\/\/tickb.umh.es\/files\/2025\/04\/voicemail3.png\" alt=\"\" width=\"50\" height=\"32\" \/>&#8220;Prefer\u00e8ncies&#8221;<\/li>\n<li><img loading=\"lazy\" class=\"alignnone wp-image-1600\" src=\"https:\/\/tickb.umh.es\/files\/2025\/04\/voicemail4.png\" alt=\"\" width=\"50\" height=\"32\" \/>&#8220;Per a canviar n\u00famero d&#8217;identificaci\u00f3 personal&#8221;<\/li>\n<\/ul>\n<\/li>\n<li>Escoltarem les indicacions per a modificar el n\u00famero d&#8217;identificaci\u00f3 personal, seguirem els passos indicats.<\/li>\n<\/ol>\n<h4><\/h4>\n<p>&nbsp;<\/p>\n<table style=\"background-color: #fffdf6; border: 2px solid #ffeaae; margin: 0px auto; height: 92px;\" width=\"629\">\n<tbody>\n<tr>\n<td style=\"text-align: left;\" width=\"566\">\n<h4><strong>Nota<\/strong><\/h4>\n<p>Haur\u00edem de modificar el n\u00famero d&#8217;identificaci\u00f3 personal almenys una vegada i haur\u00edem d&#8217;evitar utilitzar el mateix que l&#8217;extensi\u00f3.<\/td>\n<\/tr>\n<\/tbody>\n<\/table>\n<p>&nbsp;<\/p>","protected":false},"excerpt":{"rendered":"<p>Per a accedir al servei de contestador necessitem una clau d&#8217;acc\u00e9s.<br \/>\nAquesta clau hauria de canviar-se almenys una primera vegada, ac\u00ed mostrem com fer-ho.<br \/>\nGuia detallada<\/p>\n<p>Connectar amb el b\u00fastia de veu mitjan\u00e7ant la tecla programada del nostre terminal telef\u00f2nic.<br \/>\nEns sol\u00b7licitar\u00e0 que teclegem el nostre n\u00famero d&#8217;identificaci\u00f3 personal seguit de coixinet.<br \/>\nUna vegada dins del servei, seguirem la seg\u00fcent [&#8230;]<\/p>\n","protected":false},"author":88,"featured_media":0,"parent":68,"menu_order":0,"comment_status":"closed","ping_status":"closed","template":"","meta":{"_links_to":"","_links_to_target":""},"_links":{"self":[{"href":"https:\/\/tickb.umh.es\/ca\/wp-json\/wp\/v2\/pages\/1588"}],"collection":[{"href":"https:\/\/tickb.umh.es\/ca\/wp-json\/wp\/v2\/pages"}],"about":[{"href":"https:\/\/tickb.umh.es\/ca\/wp-json\/wp\/v2\/types\/page"}],"author":[{"embeddable":true,"href":"https:\/\/tickb.umh.es\/ca\/wp-json\/wp\/v2\/users\/88"}],"replies":[{"embeddable":true,"href":"https:\/\/tickb.umh.es\/ca\/wp-json\/wp\/v2\/comments?post=1588"}],"version-history":[{"count":0,"href":"https:\/\/tickb.umh.es\/ca\/wp-json\/wp\/v2\/pages\/1588\/revisions"}],"up":[{"embeddable":true,"href":"https:\/\/tickb.umh.es\/ca\/wp-json\/wp\/v2\/pages\/68"}],"wp:attachment":[{"href":"https:\/\/tickb.umh.es\/ca\/wp-json\/wp\/v2\/media?parent=1588"}],"curies":[{"name":"wp","href":"https:\/\/api.w.org\/{rel}","templated":true}]}}