{"id":1619,"date":"2025-04-09T14:12:14","date_gmt":"2025-04-09T12:12:14","guid":{"rendered":"https:\/\/tickb.umh.es\/?page_id=1619"},"modified":"2025-04-09T14:19:39","modified_gmt":"2025-04-09T12:19:39","slug":"como-realizar-desvios-internos-y-externos-de-telefono","status":"publish","type":"page","link":"https:\/\/tickb.umh.es\/ca\/comunicaciones\/telefonia-fija\/como-realizar-desvios-internos-y-externos-de-telefono\/","title":{"rendered":"Com realitzar desviaments interns i externs de tel\u00e8fon"},"content":{"rendered":"<p><\/p>\n<h3>Guia detallada<\/h3>\n<p>Els terminals telef\u00f2nics Cisco CP-7821, com el que veiem en la imatge, permeten realitzar un desviament de totes les trucades entrants a un n\u00famero tant intern com extern. D&#8217;aquesta manera, qualsevol trucada que rebem ser\u00e0 desviada al n\u00famero de tel\u00e8fon o extensi\u00f3 que configurem.<\/p>\n<p>Per activar el desviament hem de pr\u00e9mer el bot\u00f3 que es mostra en la imatge (&#8220;<strong>DsvTodas<\/strong>&#8220;) i introduir el n\u00famero al qual vulguem desviar.<img loading=\"lazy\" class=\"size-medium wp-image-1622 aligncenter\" src=\"https:\/\/tickb.umh.es\/files\/2025\/04\/Desvio-300x225.png\" alt=\"\" width=\"300\" height=\"225\" srcset=\"https:\/\/tickb.umh.es\/files\/2025\/04\/Desvio-300x225.png 300w, https:\/\/tickb.umh.es\/files\/2025\/04\/Desvio-1024x768.png 1024w, https:\/\/tickb.umh.es\/files\/2025\/04\/Desvio-768x576.png 768w, https:\/\/tickb.umh.es\/files\/2025\/04\/Desvio.png 1200w\" sizes=\"(max-width: 300px) 100vw, 300px\" \/><\/p>\n<p>Despr\u00e9s de marcar el n\u00famero del desviament, el terminal mostrar\u00e0 una nova icona i la informaci\u00f3 del n\u00famero al qual estiguem realitzant el desviament.<\/p>\n<p>El procediment per treure el desviament \u00e9s el mateix que hem seguit per habilitar-lo. Premerem el mateix bot\u00f3 del tel\u00e8fon, que en aquesta ocasi\u00f3 mostra &#8220;<strong>NoDesv\u00edo<\/strong>&#8220;, i el tel\u00e8fon treur\u00e0 el desviament anteriorment configurat.<\/p>\n<p>&nbsp;<\/p>\n<table style=\"background-color: #fffdf6; border: 2px solid #ffeaae; margin: 0px auto; height: 143px;\" width=\"624\">\n<tbody>\n<tr>\n<td style=\"text-align: left;\" width=\"566\"><strong>Nota<\/strong><\/p>\n<p>S&#8217;ha de tenir en compte que els desviaments a n\u00fameros externs tenen un cost imputable a la l\u00ednia que els activa. \u00c9s a dir, si configurem un desviament al nostre tel\u00e8fon m\u00f2bil, cada trucada que rebem ser\u00e0 una trucada que realitza la nostra extensi\u00f3 al nostre m\u00f2bil.<\/td>\n<\/tr>\n<\/tbody>\n<\/table>\n<p>&nbsp;<\/p>\n<table style=\"background-color: white; border: 2px solid black; margin: 0px auto; height: 107px;\" width=\"631\">\n<tbody>\n<tr>\n<td style=\"text-align: left;\" width=\"566\"><strong>URL relacionades<\/strong><\/p>\n<p>Pots trobar m\u00e9s informaci\u00f3 de configuraci\u00f3 del terminal en el <a href=\"https:\/\/sii.umh.es\/servicios\/red-telecomunicaciones-e-internet\/telefonia\/\">blog de Serveis Inform\u00e0tics<\/a>.<\/td>\n<\/tr>\n<\/tbody>\n<\/table>\n<p>&nbsp;<\/p>","protected":false},"excerpt":{"rendered":"<p>Guia detallada<br \/>\nEls terminals telef\u00f2nics Cisco CP-7821, com el que veiem en la imatge, permeten realitzar un desviament de totes les trucades entrants a un n\u00famero tant intern com extern. D&#8217;aquesta manera, qualsevol trucada que rebem ser\u00e0 desviada al n\u00famero de tel\u00e8fon o extensi\u00f3 que configurem.<br \/>\nPer activar el desviament hem de pr\u00e9mer el bot\u00f3 que es [&#8230;]<\/p>\n","protected":false},"author":88,"featured_media":0,"parent":68,"menu_order":0,"comment_status":"closed","ping_status":"closed","template":"","meta":{"_links_to":"","_links_to_target":""},"_links":{"self":[{"href":"https:\/\/tickb.umh.es\/ca\/wp-json\/wp\/v2\/pages\/1619"}],"collection":[{"href":"https:\/\/tickb.umh.es\/ca\/wp-json\/wp\/v2\/pages"}],"about":[{"href":"https:\/\/tickb.umh.es\/ca\/wp-json\/wp\/v2\/types\/page"}],"author":[{"embeddable":true,"href":"https:\/\/tickb.umh.es\/ca\/wp-json\/wp\/v2\/users\/88"}],"replies":[{"embeddable":true,"href":"https:\/\/tickb.umh.es\/ca\/wp-json\/wp\/v2\/comments?post=1619"}],"version-history":[{"count":0,"href":"https:\/\/tickb.umh.es\/ca\/wp-json\/wp\/v2\/pages\/1619\/revisions"}],"up":[{"embeddable":true,"href":"https:\/\/tickb.umh.es\/ca\/wp-json\/wp\/v2\/pages\/68"}],"wp:attachment":[{"href":"https:\/\/tickb.umh.es\/ca\/wp-json\/wp\/v2\/media?parent=1619"}],"curies":[{"name":"wp","href":"https:\/\/api.w.org\/{rel}","templated":true}]}}