{"id":1628,"date":"2025-04-09T14:24:32","date_gmt":"2025-04-09T12:24:32","guid":{"rendered":"https:\/\/tickb.umh.es\/?page_id=1628"},"modified":"2025-04-09T14:33:03","modified_gmt":"2025-04-09T12:33:03","slug":"configurar-usuario-y-contrasena-del-telefono-inalambrico-cisco-cp-8821-wifi","status":"publish","type":"page","link":"https:\/\/tickb.umh.es\/ca\/comunicaciones\/telefonia-fija\/configurar-usuario-y-contrasena-del-telefono-inalambrico-cisco-cp-8821-wifi\/","title":{"rendered":"Configurar usuari i contrasenya del tel\u00e8fon sense fil Cisco CP-8821 Wifi"},"content":{"rendered":"<p><\/p>\n<h3>Guia detallada<\/h3>\n<p>En aquesta guia explicarem com podem canviar l&#8217;usuari i la contrasenya de la connexi\u00f3 Wifi d&#8217;un terminal telef\u00f2nic Cisco CP-8821.<\/p>\n<p>Aquests terminals telef\u00f2nics utilitzen la xarxa sense fil de la Universitat per connectar i realitzar trucades. Per tant, \u00e9s necessari disposar d&#8217;un usuari v\u00e0lid per poder autenticar el dispositiu a la xarxa Wifi de la UMH.<\/p>\n<h4>Guia detallada<\/h4>\n<p>Per accedir a la configuraci\u00f3 haurem, des de la pantalla inicial del tel\u00e8fon, pr\u00e9mer el bot\u00f3 inferior de la roda de selecci\u00f3 com mostra la imatge.<img loading=\"lazy\" class=\"size-medium wp-image-1631 aligncenter\" src=\"https:\/\/tickb.umh.es\/files\/2025\/04\/CP-8821-140x300.jpg\" alt=\"\" width=\"140\" height=\"300\" srcset=\"https:\/\/tickb.umh.es\/files\/2025\/04\/CP-8821-140x300.jpg 140w, https:\/\/tickb.umh.es\/files\/2025\/04\/CP-8821.jpg 368w\" sizes=\"(max-width: 140px) 100vw, 140px\" \/><\/p>\n<p>Una vegada dins de la configuraci\u00f3 seguirem els seg\u00fcents passos:<\/p>\n<ol>\n<li>Accedir a l&#8217;opci\u00f3 2 <img loading=\"lazy\" class=\"alignnone wp-image-1634\" src=\"https:\/\/tickb.umh.es\/files\/2025\/04\/wifi-300x300.png\" alt=\"\" width=\"20\" height=\"20\" srcset=\"https:\/\/tickb.umh.es\/files\/2025\/04\/wifi-300x300.png 300w, https:\/\/tickb.umh.es\/files\/2025\/04\/wifi-150x150.png 150w, https:\/\/tickb.umh.es\/files\/2025\/04\/wifi.png 320w\" sizes=\"(max-width: 20px) 100vw, 20px\" \/> &#8220;Wi-Fi&#8221;<\/li>\n<li>Accedir a l&#8217;opci\u00f3 1 &#8220;UMH&#8221;<\/li>\n<li>Accedir a l&#8217;opci\u00f3 3 &#8220;Configuraci\u00f3 de WLAN&#8221;<\/li>\n<li>Accedir a l&#8217;opci\u00f3 3 &#8220;ID usuari&#8221; per modificar l&#8217;identificador de l&#8217;usuari<\/li>\n<li>Modificar l&#8217;usuari amb el nom d&#8217;usuari seguit del domini<\/li>\n<li>Pr\u00e9mer el bot\u00f3 del men\u00fa amb els tres punts <img loading=\"lazy\" class=\"alignnone wp-image-1637\" src=\"https:\/\/tickb.umh.es\/files\/2025\/04\/menu_dots.png\" alt=\"\" width=\"20\" height=\"20\" srcset=\"https:\/\/tickb.umh.es\/files\/2025\/04\/menu_dots.png 300w, https:\/\/tickb.umh.es\/files\/2025\/04\/menu_dots-150x150.png 150w\" sizes=\"(max-width: 20px) 100vw, 20px\" \/> i seleccionar &#8220;Estab&#8221;<\/li>\n<li>Accedir a l&#8217;opci\u00f3 4 &#8220;Contrasenya&#8221; per modificar la contrasenya de l&#8217;usuari<\/li>\n<li>Modificar l&#8217;usuari amb el nom d&#8217;usuari seguit del domini<\/li>\n<li>Pr\u00e9mer el bot\u00f3 del men\u00fa amb els tres punts <img loading=\"lazy\" class=\"alignnone wp-image-1637\" src=\"https:\/\/tickb.umh.es\/files\/2025\/04\/menu_dots.png\" alt=\"\" width=\"20\" height=\"20\" srcset=\"https:\/\/tickb.umh.es\/files\/2025\/04\/menu_dots.png 300w, https:\/\/tickb.umh.es\/files\/2025\/04\/menu_dots-150x150.png 150w\" sizes=\"(max-width: 20px) 100vw, 20px\" \/> i seleccionar &#8220;Estab&#8221;<\/li>\n<li>Per \u00faltim, pr\u00e9mer sobre el bot\u00f3 de &#8220;Guardar&#8221; per salvar els canvis realitzats.<\/li>\n<\/ol>\n<p>Podem tornar a la pantalla inicial prement sobre el bot\u00f3 de penjar.<\/p>","protected":false},"excerpt":{"rendered":"<p>Guia detallada<br \/>\nEn aquesta guia explicarem com podem canviar l&#8217;usuari i la contrasenya de la connexi\u00f3 Wifi d&#8217;un terminal telef\u00f2nic Cisco CP-8821.<br \/>\nAquests terminals telef\u00f2nics utilitzen la xarxa sense fil de la Universitat per connectar i realitzar trucades. Per tant, \u00e9s necessari disposar d&#8217;un usuari v\u00e0lid per poder autenticar el dispositiu a la xarxa Wifi de la [&#8230;]<\/p>\n","protected":false},"author":88,"featured_media":0,"parent":68,"menu_order":0,"comment_status":"closed","ping_status":"closed","template":"","meta":{"_links_to":"","_links_to_target":""},"_links":{"self":[{"href":"https:\/\/tickb.umh.es\/ca\/wp-json\/wp\/v2\/pages\/1628"}],"collection":[{"href":"https:\/\/tickb.umh.es\/ca\/wp-json\/wp\/v2\/pages"}],"about":[{"href":"https:\/\/tickb.umh.es\/ca\/wp-json\/wp\/v2\/types\/page"}],"author":[{"embeddable":true,"href":"https:\/\/tickb.umh.es\/ca\/wp-json\/wp\/v2\/users\/88"}],"replies":[{"embeddable":true,"href":"https:\/\/tickb.umh.es\/ca\/wp-json\/wp\/v2\/comments?post=1628"}],"version-history":[{"count":0,"href":"https:\/\/tickb.umh.es\/ca\/wp-json\/wp\/v2\/pages\/1628\/revisions"}],"up":[{"embeddable":true,"href":"https:\/\/tickb.umh.es\/ca\/wp-json\/wp\/v2\/pages\/68"}],"wp:attachment":[{"href":"https:\/\/tickb.umh.es\/ca\/wp-json\/wp\/v2\/media?parent=1628"}],"curies":[{"name":"wp","href":"https:\/\/api.w.org\/{rel}","templated":true}]}}