{"id":1673,"date":"2025-04-10T09:24:50","date_gmt":"2025-04-10T07:24:50","guid":{"rendered":"https:\/\/tickb.umh.es\/?page_id=1673"},"modified":"2025-04-10T10:22:14","modified_gmt":"2025-04-10T08:22:14","slug":"cuanto-tiempo-podre-usar-office-365","status":"publish","type":"page","link":"https:\/\/tickb.umh.es\/ca\/correo-y-colaboracion\/office-365\/cuanto-tiempo-podre-usar-office-365\/","title":{"rendered":"Quant de temps podr\u00e9 usar Office 365?"},"content":{"rendered":"<p>La Universitat Miguel Hern\u00e1ndez posa a disposici\u00f3 de la comunitat universit\u00e0ria <strong>Office 365<\/strong>, amb una s\u00e8rie d&#8217;eines de productivitat amb tecnologia en el n\u00favol. Office 365 consta de les seg\u00fcents eines: Word, Excel, PowerPoint, Outlook, Publisher i OneNote, podent realitzar la seua instal\u00b7laci\u00f3 en fins a 5 equips (Windows o Mac).<\/p>\n<p>Pots usar Office 365 mentre estigues vinculat amb la UMH, ja sigues PAS, PDI, PI o estudiant de la UMH, i seguisca vigent l&#8217;acord amb Microsoft.<\/p>\n<p><strong>Requisits:<\/strong>\u00a0L&#8217;equip on s&#8217;instal\u00b7le ha de disposar de connexi\u00f3 a Internet, ja que Microsoft peri\u00f2dicament verifica en l\u00ednia que eixa llic\u00e8ncia d&#8217;usuari segueix vigent. Quan acabe la vinculaci\u00f3 de l&#8217;usuari amb la UMH, en la pr\u00f2xima comprovaci\u00f3 de llic\u00e8ncia que realitze Microsoft, el producte deixar\u00e0 d&#8217;estar disponible.<\/p>","protected":false},"excerpt":{"rendered":"<p>La Universitat Miguel Hern\u00e1ndez posa a disposici\u00f3 de la comunitat universit\u00e0ria Office 365, amb una s\u00e8rie d&#8217;eines de productivitat amb tecnologia en el n\u00favol. Office 365 consta de les seg\u00fcents eines: Word, Excel, PowerPoint, Outlook, Publisher i OneNote, podent realitzar la seua instal\u00b7laci\u00f3 en fins a 5 equips (Windows o Mac).<br \/>\nPots usar Office 365 mentre [&#8230;]<\/p>\n","protected":false},"author":88,"featured_media":0,"parent":104,"menu_order":0,"comment_status":"closed","ping_status":"closed","template":"","meta":{"_links_to":"","_links_to_target":""},"_links":{"self":[{"href":"https:\/\/tickb.umh.es\/ca\/wp-json\/wp\/v2\/pages\/1673"}],"collection":[{"href":"https:\/\/tickb.umh.es\/ca\/wp-json\/wp\/v2\/pages"}],"about":[{"href":"https:\/\/tickb.umh.es\/ca\/wp-json\/wp\/v2\/types\/page"}],"author":[{"embeddable":true,"href":"https:\/\/tickb.umh.es\/ca\/wp-json\/wp\/v2\/users\/88"}],"replies":[{"embeddable":true,"href":"https:\/\/tickb.umh.es\/ca\/wp-json\/wp\/v2\/comments?post=1673"}],"version-history":[{"count":0,"href":"https:\/\/tickb.umh.es\/ca\/wp-json\/wp\/v2\/pages\/1673\/revisions"}],"up":[{"embeddable":true,"href":"https:\/\/tickb.umh.es\/ca\/wp-json\/wp\/v2\/pages\/104"}],"wp:attachment":[{"href":"https:\/\/tickb.umh.es\/ca\/wp-json\/wp\/v2\/media?parent=1673"}],"curies":[{"name":"wp","href":"https:\/\/api.w.org\/{rel}","templated":true}]}}