{"id":1676,"date":"2025-04-10T10:35:37","date_gmt":"2025-04-10T08:35:37","guid":{"rendered":"https:\/\/tickb.umh.es\/?page_id=1676"},"modified":"2025-04-10T10:35:37","modified_gmt":"2025-04-10T08:35:37","slug":"condiciones-de-acceso-y-uso-de-office-365","status":"publish","type":"page","link":"https:\/\/tickb.umh.es\/ca\/correo-y-colaboracion\/office-365\/condiciones-de-acceso-y-uso-de-office-365\/","title":{"rendered":"Condicions d&#8217;acc\u00e9s i \u00fas d&#8217;Office 365"},"content":{"rendered":"<p>Els comptes <strong>@miumh<\/strong>, aix\u00ed com les seues eines associades, estaran sempre disponibles de forma gratu\u00efta per als membres de la comunitat universit\u00e0ria de la Universitat Miguel Hern\u00e1ndez. La UMH es reserva el dret a interrompre de forma temporal o permanent el servei d&#8217;<strong>Office 365<\/strong> en funci\u00f3 dels canvis que puguen sorgir en el conveni signat amb Microsoft o fins i tot en una possible rescissi\u00f3 o migraci\u00f3 de prove\u00efdor.<\/p>\n<p>Els usuaris han de fer un \u00fas correcte i lleial d&#8217;aquest lloc web, abstenint-se de realitzar qualsevol tipus d&#8217;accions que puguen ocasionar dany o perjudici a la Universitat Miguel Hern\u00e1ndez, b\u00e9 en la seua imatge, b\u00e9 en els elements que suporten el lloc web, entenent per tals els fitxers que s&#8217;emmagatzemen en el mateix i que han de ser de titularitat del que els proporciona o tenir el perm\u00eds adequat per a fer-ho. La infraestructura de Tecnologies de la Informaci\u00f3 de la Universitat Miguel Hern\u00e1ndez \u00e9s per a l&#8217;\u00fas exclusiu de les tasques que autoritze aquesta Universitat. Per aix\u00f2, quan aix\u00ed ho exigisca un requeriment legal, per necessitats de l&#8217;\u00f2rgan responsable de la informaci\u00f3, o per raons d&#8217;emerg\u00e8ncia, la Universitat podr\u00e0 dur a terme auditories en aquest servei.<\/p>\n<p>La Universitat no es fa responsable de la p\u00e8rdua de dades o fallades en el sistema, recomanant que es facen c\u00f2pies de seguretat alternatives. Aix\u00ed mateix, la Universitat donar\u00e0 de baixa els comptes d&#8217;usuari que inc\u00f3rreguen en conductes o activitats que violen les lleis auton\u00f2miques i nacionals vigents, responsabilitzant-se l&#8217;usuari del servei de les conseq\u00fc\u00e8ncies que pogueren derivar-se d&#8217;aquestes accions.<\/p>","protected":false},"excerpt":{"rendered":"<p>Els comptes @miumh, aix\u00ed com les seues eines associades, estaran sempre disponibles de forma gratu\u00efta per als membres de la comunitat universit\u00e0ria de la Universitat Miguel Hern\u00e1ndez. La UMH es reserva el dret a interrompre de forma temporal o permanent el servei d&#8217;Office 365 en funci\u00f3 dels canvis que puguen sorgir en el conveni signat [&#8230;]<\/p>\n","protected":false},"author":88,"featured_media":0,"parent":104,"menu_order":0,"comment_status":"closed","ping_status":"closed","template":"","meta":{"_links_to":"","_links_to_target":""},"_links":{"self":[{"href":"https:\/\/tickb.umh.es\/ca\/wp-json\/wp\/v2\/pages\/1676"}],"collection":[{"href":"https:\/\/tickb.umh.es\/ca\/wp-json\/wp\/v2\/pages"}],"about":[{"href":"https:\/\/tickb.umh.es\/ca\/wp-json\/wp\/v2\/types\/page"}],"author":[{"embeddable":true,"href":"https:\/\/tickb.umh.es\/ca\/wp-json\/wp\/v2\/users\/88"}],"replies":[{"embeddable":true,"href":"https:\/\/tickb.umh.es\/ca\/wp-json\/wp\/v2\/comments?post=1676"}],"version-history":[{"count":0,"href":"https:\/\/tickb.umh.es\/ca\/wp-json\/wp\/v2\/pages\/1676\/revisions"}],"up":[{"embeddable":true,"href":"https:\/\/tickb.umh.es\/ca\/wp-json\/wp\/v2\/pages\/104"}],"wp:attachment":[{"href":"https:\/\/tickb.umh.es\/ca\/wp-json\/wp\/v2\/media?parent=1676"}],"curies":[{"name":"wp","href":"https:\/\/api.w.org\/{rel}","templated":true}]}}