{"id":1679,"date":"2025-04-10T10:41:11","date_gmt":"2025-04-10T08:41:11","guid":{"rendered":"https:\/\/tickb.umh.es\/?page_id=1679"},"modified":"2025-04-10T11:27:54","modified_gmt":"2025-04-10T09:27:54","slug":"como-configurar-el-correo-de-la-universidad-en-diferentes-aplicaciones","status":"publish","type":"page","link":"https:\/\/tickb.umh.es\/ca\/correo-y-colaboracion\/como-configurar-el-correo-de-la-universidad-en-diferentes-aplicaciones\/","title":{"rendered":"Com configurar el correu de la Universitat en diferents aplicacions"},"content":{"rendered":"<p>En aquesta entrada, trobar\u00e0s enlla\u00e7os a <strong>guies detallades<\/strong> per a configurar el teu compte de correu electr\u00f2nic de la Universitat en diversos clients de correu, com Thunderbird, Outlook, Apple Mail i dispositius m\u00f2bils. No obstant aix\u00f2, recorda que no \u00e9s necessari realitzar la configuraci\u00f3 del correu en cap aplicaci\u00f3 externa, ja que \u00e9s possible consultar el compte de correu des de la direcci\u00f3 web <a href=\"http:\/\/gmail.umh.es\">gmail.umh.es<\/a>.<\/p>\n<h3>Com configurar el teu compte en Thunderbird<\/h3>\n<p>Ac\u00ed trobar\u00e0s tota la informaci\u00f3 per a <a href=\"https:\/\/gsuite.umh.es\/2020\/02\/05\/configurar-cuenta-de-gmail-en-thunderbird\/\">configurar el teu compte de correu G-Suite en Thunderbird<\/a>. Tamb\u00e9 \u00e9s possible <a href=\"https:\/\/gsuite.umh.es\/2020\/02\/05\/configurar-calendario-y-contactos-de-gmail-en-thunderbird\/\">afegir els teus contactes i calendari<\/a>.<\/p>\n<h3>Com configurar el teu compte en Apple Mail (macOS)<\/h3>\n<p>Per a con\u00e9ixer com configurar el teu compte de correu G-Suite en <a href=\"https:\/\/gsuite.umh.es\/2020\/02\/05\/configurar-cuenta-de-gmail-en-mail\/\">l&#8217;aplicaci\u00f3 MAIL d&#8217;Apple<\/a>.<\/p>\n<h3>Com configurar el teu compte en Outlook<\/h3>\n<p>Per a con\u00e9ixer com configurar el teu compte de correu G-Suite <a href=\"https:\/\/gsuite.umh.es\/2020\/02\/04\/configurar-cuenta-de-gmail-en-outlook\/\">en Outlook<\/a>.<\/p>\n<h3>Configurar compte de correu en dispositius m\u00f2bils<\/h3>\n<p>Pots consultar com fer-ho en el seg\u00fcent enlla\u00e7, <a href=\"https:\/\/gsuite.umh.es\/moviles\/\">v\u00e0lid per a iOS i Android<\/a>.<\/p>\n<p>&nbsp;<\/p>\n<p>Amb aquestes guies, podr\u00e0s configurar el teu compte de correu de la Universitat en diferents aplicacions i dispositius. Esperem que aquesta informaci\u00f3 et siga \u00fatil!<\/p>","protected":false},"excerpt":{"rendered":"<p>En aquesta entrada, trobar\u00e0s enlla\u00e7os a guies detallades per a configurar el teu compte de correu electr\u00f2nic de la Universitat en diversos clients de correu, com Thunderbird, Outlook, Apple Mail i dispositius m\u00f2bils. No obstant aix\u00f2, recorda que no \u00e9s necessari realitzar la configuraci\u00f3 del correu en cap aplicaci\u00f3 externa, ja que \u00e9s possible consultar [&#8230;]<\/p>\n","protected":false},"author":88,"featured_media":0,"parent":38,"menu_order":0,"comment_status":"closed","ping_status":"closed","template":"","meta":{"_links_to":"","_links_to_target":""},"_links":{"self":[{"href":"https:\/\/tickb.umh.es\/ca\/wp-json\/wp\/v2\/pages\/1679"}],"collection":[{"href":"https:\/\/tickb.umh.es\/ca\/wp-json\/wp\/v2\/pages"}],"about":[{"href":"https:\/\/tickb.umh.es\/ca\/wp-json\/wp\/v2\/types\/page"}],"author":[{"embeddable":true,"href":"https:\/\/tickb.umh.es\/ca\/wp-json\/wp\/v2\/users\/88"}],"replies":[{"embeddable":true,"href":"https:\/\/tickb.umh.es\/ca\/wp-json\/wp\/v2\/comments?post=1679"}],"version-history":[{"count":0,"href":"https:\/\/tickb.umh.es\/ca\/wp-json\/wp\/v2\/pages\/1679\/revisions"}],"up":[{"embeddable":true,"href":"https:\/\/tickb.umh.es\/ca\/wp-json\/wp\/v2\/pages\/38"}],"wp:attachment":[{"href":"https:\/\/tickb.umh.es\/ca\/wp-json\/wp\/v2\/media?parent=1679"}],"curies":[{"name":"wp","href":"https:\/\/api.w.org\/{rel}","templated":true}]}}