{"id":1682,"date":"2025-04-10T11:50:53","date_gmt":"2025-04-10T09:50:53","guid":{"rendered":"https:\/\/tickb.umh.es\/?page_id=1682"},"modified":"2025-04-10T12:09:13","modified_gmt":"2025-04-10T10:09:13","slug":"como-cambiar-informacion-en-la-ficha-de-profesor-en-la-aplicacion-mi-docencia","status":"publish","type":"page","link":"https:\/\/tickb.umh.es\/ca\/soporte-tic-a-la-docencia\/como-cambiar-informacion-en-la-ficha-de-profesor-en-la-aplicacion-mi-docencia\/","title":{"rendered":"Com canviar informaci\u00f3 en la fitxa de professor en l&#8217;aplicaci\u00f3 Mi Docencia"},"content":{"rendered":"<p><strong>Guia detallada<\/strong><\/p>\n<ol>\n<li>El personal docent podr\u00e0 accedir a la seua fitxa personal mitjan\u00e7ant el bot\u00f3 anomenat &#8220;<strong>Fitxa Professor<\/strong>&#8221; situat en el men\u00fa de l&#8217;aplicaci\u00f3 Mi Docencia.<img loading=\"lazy\" class=\"size-medium wp-image-1685 aligncenter\" src=\"https:\/\/tickb.umh.es\/files\/2025\/04\/mi-docencia-imagen1-300x233.png\" alt=\"\" width=\"300\" height=\"233\" srcset=\"https:\/\/tickb.umh.es\/files\/2025\/04\/mi-docencia-imagen1-300x233.png 300w, https:\/\/tickb.umh.es\/files\/2025\/04\/mi-docencia-imagen1.png 360w\" sizes=\"(max-width: 300px) 100vw, 300px\" \/><\/li>\n<li>Una vegada accedisques, i \u00fanicament si es tracta de la teua fitxa personal, es mostrar\u00e0 en la secci\u00f3 de dades personals i de contacte el bot\u00f3 &#8220;<strong>Modificar<\/strong>&#8220;.<img loading=\"lazy\" class=\"size-medium wp-image-1688 aligncenter\" src=\"https:\/\/tickb.umh.es\/files\/2025\/04\/mi-docencia-imagen2-300x146.png\" alt=\"\" width=\"300\" height=\"146\" srcset=\"https:\/\/tickb.umh.es\/files\/2025\/04\/mi-docencia-imagen2-300x146.png 300w, https:\/\/tickb.umh.es\/files\/2025\/04\/mi-docencia-imagen2.png 615w\" sizes=\"(max-width: 300px) 100vw, 300px\" \/><\/li>\n<li>Despr\u00e9s de polsar-lo, accedir\u00e0s a la pantalla que et permetr\u00e0 modificar les teues dades personals i gestionar la informaci\u00f3 relativa a les tutories, podent crear noves, modificar-les o eliminar-les.<img loading=\"lazy\" class=\"size-medium wp-image-1691 aligncenter\" src=\"https:\/\/tickb.umh.es\/files\/2025\/04\/mi-docencia-imagen3-300x94.png\" alt=\"\" width=\"300\" height=\"94\" srcset=\"https:\/\/tickb.umh.es\/files\/2025\/04\/mi-docencia-imagen3-300x94.png 300w, https:\/\/tickb.umh.es\/files\/2025\/04\/mi-docencia-imagen3-1024x320.png 1024w, https:\/\/tickb.umh.es\/files\/2025\/04\/mi-docencia-imagen3-768x240.png 768w, https:\/\/tickb.umh.es\/files\/2025\/04\/mi-docencia-imagen3-1536x479.png 1536w, https:\/\/tickb.umh.es\/files\/2025\/04\/mi-docencia-imagen3.png 1897w\" sizes=\"(max-width: 300px) 100vw, 300px\" \/><\/li>\n<li>Una vegada modificada la informaci\u00f3 desitjada, s&#8217;haur\u00e0 de &#8220;<strong>Guardar<\/strong>&#8220;, podent tornar a la fitxa mitjan\u00e7ant el bot\u00f3 &#8220;<strong>Tornar<\/strong>&#8221; en la part superior dreta.<\/li>\n<\/ol>\n<p><\/p>","protected":false},"excerpt":{"rendered":"<p>Guia detallada<\/p>\n<p>El personal docent podr\u00e0 accedir a la seua fitxa personal mitjan\u00e7ant el bot\u00f3 anomenat &#8220;Fitxa Professor&#8221; situat en el men\u00fa de l&#8217;aplicaci\u00f3 Mi Docencia.<br \/>\nUna vegada accedisques, i \u00fanicament si es tracta de la teua fitxa personal, es mostrar\u00e0 en la secci\u00f3 de dades personals i de contacte el bot\u00f3 &#8220;Modificar&#8220;.<br \/>\nDespr\u00e9s de polsar-lo, accedir\u00e0s a [&#8230;]<\/p>\n","protected":false},"author":88,"featured_media":0,"parent":50,"menu_order":0,"comment_status":"closed","ping_status":"closed","template":"","meta":{"_links_to":"","_links_to_target":""},"_links":{"self":[{"href":"https:\/\/tickb.umh.es\/ca\/wp-json\/wp\/v2\/pages\/1682"}],"collection":[{"href":"https:\/\/tickb.umh.es\/ca\/wp-json\/wp\/v2\/pages"}],"about":[{"href":"https:\/\/tickb.umh.es\/ca\/wp-json\/wp\/v2\/types\/page"}],"author":[{"embeddable":true,"href":"https:\/\/tickb.umh.es\/ca\/wp-json\/wp\/v2\/users\/88"}],"replies":[{"embeddable":true,"href":"https:\/\/tickb.umh.es\/ca\/wp-json\/wp\/v2\/comments?post=1682"}],"version-history":[{"count":0,"href":"https:\/\/tickb.umh.es\/ca\/wp-json\/wp\/v2\/pages\/1682\/revisions"}],"up":[{"embeddable":true,"href":"https:\/\/tickb.umh.es\/ca\/wp-json\/wp\/v2\/pages\/50"}],"wp:attachment":[{"href":"https:\/\/tickb.umh.es\/ca\/wp-json\/wp\/v2\/media?parent=1682"}],"curies":[{"name":"wp","href":"https:\/\/api.w.org\/{rel}","templated":true}]}}