{"id":1697,"date":"2025-04-10T12:20:56","date_gmt":"2025-04-10T10:20:56","guid":{"rendered":"https:\/\/tickb.umh.es\/?page_id=1697"},"modified":"2025-04-10T12:33:30","modified_gmt":"2025-04-10T10:33:30","slug":"como-instalar-autodesk-educacion","status":"publish","type":"page","link":"https:\/\/tickb.umh.es\/ca\/soporte-tic-a-la-docencia\/como-instalar-autodesk-educacion\/","title":{"rendered":"Com instal\u00b7lar Autodesk Educaci\u00f3"},"content":{"rendered":"<p>El programari obtingut nom\u00e9s es pot utilitzar amb fins directament relacionats amb l&#8217;aprenentatge, l&#8217;ensenyament, la investigaci\u00f3 i el desenvolupament que formen part de les funcions formatives realitzades per una instituci\u00f3 educativa qualificada, i no s&#8217;han d&#8217;utilitzar amb fins comercials o professionals, ni amb altres fins lucratius.<\/p>\n<h3>Guia detallada<\/h3>\n<ol>\n<li>Entra en <a href=\"https:\/\/universite.umh.es\/\">universite.umh.es<\/a> i seguint aquest article &#8220;<a href=\"https:\/\/tickb.umh.es\/soporte-a-equipamiento-informatico\/mantenimiento-de-software-corporativo\/como-descargar-software-disponible-para-su-uso\/\">Com descarregar programari disponible per al seu \u00fas<\/a>&#8221; busquem &#8220;<strong>Autodesk Educaci\u00f3<\/strong>&#8221; i fem clic.<img loading=\"lazy\" class=\"size-medium wp-image-1700 aligncenter\" src=\"https:\/\/tickb.umh.es\/files\/2025\/04\/Autodesk1-300x167.png\" alt=\"\" width=\"300\" height=\"167\" srcset=\"https:\/\/tickb.umh.es\/files\/2025\/04\/Autodesk1-300x167.png 300w, https:\/\/tickb.umh.es\/files\/2025\/04\/Autodesk1-1024x570.png 1024w, https:\/\/tickb.umh.es\/files\/2025\/04\/Autodesk1-768x428.png 768w, https:\/\/tickb.umh.es\/files\/2025\/04\/Autodesk1-1536x856.png 1536w, https:\/\/tickb.umh.es\/files\/2025\/04\/Autodesk1-2048x1141.png 2048w\" sizes=\"(max-width: 300px) 100vw, 300px\" \/><\/li>\n<\/ol>\n<h3>Desc\u00e0rrega del programari<\/h3>\n<ol start=\"2\">\n<li>En la seg\u00fcent finestra, fem clic en l&#8217;enlla\u00e7 de la web oficial <a href=\"http:\/\/www.autodesk.com\/education\/free-software\/all\">autodesk.com\/education\/free-software\/all<\/a> on procedirem a la desc\u00e0rrega del programari.<\/li>\n<li>En la web del programari, fem clic en l&#8217;opci\u00f3 on diu &#8220;Already have educational access? Sign in&#8221; perqu\u00e8 \u00e9s la que ens brindar\u00e0 l&#8217;opci\u00f3 de la desc\u00e0rrega del programari amb el nostre acc\u00e9s universitari.<img loading=\"lazy\" class=\"size-medium wp-image-1703 aligncenter\" src=\"https:\/\/tickb.umh.es\/files\/2025\/04\/Autodesk2-300x227.png\" alt=\"\" width=\"300\" height=\"227\" srcset=\"https:\/\/tickb.umh.es\/files\/2025\/04\/Autodesk2-300x227.png 300w, https:\/\/tickb.umh.es\/files\/2025\/04\/Autodesk2-1024x774.png 1024w, https:\/\/tickb.umh.es\/files\/2025\/04\/Autodesk2-768x580.png 768w, https:\/\/tickb.umh.es\/files\/2025\/04\/Autodesk2-1536x1160.png 1536w, https:\/\/tickb.umh.es\/files\/2025\/04\/Autodesk2.png 2044w\" sizes=\"(max-width: 300px) 100vw, 300px\" \/><\/li>\n<li>Ara procedirem a crear-nos un compte en Autodesk, fent clic en &#8220;<strong>CREATE ACCOUNT<\/strong>&#8220;.<img loading=\"lazy\" class=\"size-medium wp-image-1706 aligncenter\" src=\"https:\/\/tickb.umh.es\/files\/2025\/04\/Autodesk3-300x151.png\" alt=\"\" width=\"300\" height=\"151\" srcset=\"https:\/\/tickb.umh.es\/files\/2025\/04\/Autodesk3-300x151.png 300w, https:\/\/tickb.umh.es\/files\/2025\/04\/Autodesk3-1024x516.png 1024w, https:\/\/tickb.umh.es\/files\/2025\/04\/Autodesk3-768x387.png 768w, https:\/\/tickb.umh.es\/files\/2025\/04\/Autodesk3-1536x774.png 1536w, https:\/\/tickb.umh.es\/files\/2025\/04\/Autodesk3.png 2040w\" sizes=\"(max-width: 300px) 100vw, 300px\" \/><\/li>\n<li>Seleccionem Country (<strong>Spain<\/strong>), Educational role (si som alumnes o PDI) i Institution Type (<strong>University\/Post-Secondary<\/strong>) i fem clic en &#8220;<strong>NEXT<\/strong>&#8220;.<img loading=\"lazy\" class=\"size-medium wp-image-1709 aligncenter\" src=\"https:\/\/tickb.umh.es\/files\/2025\/04\/Autodesk4-300x193.png\" alt=\"\" width=\"300\" height=\"193\" srcset=\"https:\/\/tickb.umh.es\/files\/2025\/04\/Autodesk4-300x193.png 300w, https:\/\/tickb.umh.es\/files\/2025\/04\/Autodesk4-1024x660.png 1024w, https:\/\/tickb.umh.es\/files\/2025\/04\/Autodesk4-768x495.png 768w, https:\/\/tickb.umh.es\/files\/2025\/04\/Autodesk4-1536x990.png 1536w, https:\/\/tickb.umh.es\/files\/2025\/04\/Autodesk4.png 2038w\" sizes=\"(max-width: 300px) 100vw, 300px\" \/><\/li>\n<li>Omplim els camps amb les nostres dades de la UMH (en el correu electr\u00f2nic de l&#8217;alumnat \u00e9s important omplir amb el domini <strong>@alu.umh.es<\/strong> i NO amb @goumh.umh.es).<\/li>\n<li>A continuaci\u00f3, fem clic en &#8220;<strong>CREATE ACCOUNT<\/strong>&#8221; i seguim les instruccions de registre.<img loading=\"lazy\" class=\"size-medium wp-image-1712 aligncenter\" src=\"https:\/\/tickb.umh.es\/files\/2025\/04\/Autodesk5-300x244.png\" alt=\"\" width=\"300\" height=\"244\" srcset=\"https:\/\/tickb.umh.es\/files\/2025\/04\/Autodesk5-300x244.png 300w, https:\/\/tickb.umh.es\/files\/2025\/04\/Autodesk5-1024x834.png 1024w, https:\/\/tickb.umh.es\/files\/2025\/04\/Autodesk5-768x626.png 768w, https:\/\/tickb.umh.es\/files\/2025\/04\/Autodesk5-1536x1252.png 1536w, https:\/\/tickb.umh.es\/files\/2025\/04\/Autodesk5.png 2042w\" sizes=\"(max-width: 300px) 100vw, 300px\" \/><\/li>\n<li>En el proc\u00e9s d&#8217;alta i quan se li sol\u00b7licite, haur\u00e0 de verificar que pertany a la UMH adjuntant documentaci\u00f3 com rebut de matr\u00edcula, targeta universit\u00e0ria, etc.<\/li>\n<\/ol>\n<p><\/p>","protected":false},"excerpt":{"rendered":"<p>El programari obtingut nom\u00e9s es pot utilitzar amb fins directament relacionats amb l&#8217;aprenentatge, l&#8217;ensenyament, la investigaci\u00f3 i el desenvolupament que formen part de les funcions formatives realitzades per una instituci\u00f3 educativa qualificada, i no s&#8217;han d&#8217;utilitzar amb fins comercials o professionals, ni amb altres fins lucratius.<br \/>\nGuia detallada<\/p>\n<p>Entra en universite.umh.es i seguint aquest article &#8220;Com descarregar [&#8230;]<\/p>\n","protected":false},"author":88,"featured_media":0,"parent":50,"menu_order":0,"comment_status":"closed","ping_status":"closed","template":"","meta":{"_links_to":"","_links_to_target":""},"_links":{"self":[{"href":"https:\/\/tickb.umh.es\/ca\/wp-json\/wp\/v2\/pages\/1697"}],"collection":[{"href":"https:\/\/tickb.umh.es\/ca\/wp-json\/wp\/v2\/pages"}],"about":[{"href":"https:\/\/tickb.umh.es\/ca\/wp-json\/wp\/v2\/types\/page"}],"author":[{"embeddable":true,"href":"https:\/\/tickb.umh.es\/ca\/wp-json\/wp\/v2\/users\/88"}],"replies":[{"embeddable":true,"href":"https:\/\/tickb.umh.es\/ca\/wp-json\/wp\/v2\/comments?post=1697"}],"version-history":[{"count":0,"href":"https:\/\/tickb.umh.es\/ca\/wp-json\/wp\/v2\/pages\/1697\/revisions"}],"up":[{"embeddable":true,"href":"https:\/\/tickb.umh.es\/ca\/wp-json\/wp\/v2\/pages\/50"}],"wp:attachment":[{"href":"https:\/\/tickb.umh.es\/ca\/wp-json\/wp\/v2\/media?parent=1697"}],"curies":[{"name":"wp","href":"https:\/\/api.w.org\/{rel}","templated":true}]}}