{"id":1721,"date":"2025-04-10T13:02:02","date_gmt":"2025-04-10T11:02:02","guid":{"rendered":"https:\/\/tickb.umh.es\/?page_id=1721"},"modified":"2025-04-10T13:25:59","modified_gmt":"2025-04-10T11:25:59","slug":"como-instalar-trend-micro-titanium-internet-security-windows","status":"publish","type":"page","link":"https:\/\/tickb.umh.es\/ca\/soporte-a-equipamiento-informatico\/mantenimiento-de-software-corporativo\/como-instalar-trend-micro-titanium-internet-security-windows\/","title":{"rendered":"Com instal\u00b7lar Trend Micro Titanium Internet Security (WINDOWS)"},"content":{"rendered":"<p>En aquest article veurem com descarregar aquest programari.<\/p>\n<p>Oferim la desc\u00e0rrega de programari sota llic\u00e8ncia CAMPUS, subjecte a un acord i unes condicions que vost\u00e9 haur\u00e0 de llegir i acceptar per a poder efectuar la desc\u00e0rrega.<\/p>\n<p><strong>IMPORTANT ABANS D&#8217;INSTAL\u00b7LAR:<\/strong>\u00a0\u00c9s molt important que abans d&#8217;instal\u00b7lar l&#8217;antivirus, desinstal\u00b7les qualsevol versi\u00f3 anterior o qualsevol altre programa antivirus que tingues, des de\u00a0<strong>Afegir o llevar programes<\/strong>.<\/p>\n<h3>Guia detallada<\/h3>\n<p>Abans d&#8217;instal\u00b7lar aquest programari cal tindre en compte els seg\u00fcents requisits per al teu Sistema Operatiu:<img loading=\"lazy\" class=\"wp-image-1724 size-full aligncenter\" src=\"https:\/\/tickb.umh.es\/files\/2025\/04\/TrendWindows1.png\" alt=\"\" width=\"567\" height=\"345\" srcset=\"https:\/\/tickb.umh.es\/files\/2025\/04\/TrendWindows1.png 567w, https:\/\/tickb.umh.es\/files\/2025\/04\/TrendWindows1-300x183.png 300w\" sizes=\"(max-width: 567px) 100vw, 567px\" \/><\/p>\n<ol>\n<li>Entra en <a href=\"http:\/\/universite.umh.es\">universite.umh.es<\/a> i fes clic en\u00a0<strong>Aplicacions<\/strong>.<img loading=\"lazy\" class=\"size-medium wp-image-1727 aligncenter\" src=\"https:\/\/tickb.umh.es\/files\/2025\/04\/TrendWindows2-300x191.png\" alt=\"\" width=\"300\" height=\"191\" srcset=\"https:\/\/tickb.umh.es\/files\/2025\/04\/TrendWindows2-300x191.png 300w, https:\/\/tickb.umh.es\/files\/2025\/04\/TrendWindows2-1024x654.png 1024w, https:\/\/tickb.umh.es\/files\/2025\/04\/TrendWindows2-768x490.png 768w, https:\/\/tickb.umh.es\/files\/2025\/04\/TrendWindows2.png 1302w\" sizes=\"(max-width: 300px) 100vw, 300px\" \/><\/li>\n<li>En aplicacions, busca\u00a0<strong>Desc\u00e0rrega de Programari<\/strong>\u00a0i fes clic en\u00a0<strong>Desc\u00e0rrega de Programari<\/strong>.<img loading=\"lazy\" class=\"size-medium wp-image-1730 aligncenter\" src=\"https:\/\/tickb.umh.es\/files\/2025\/04\/TrendWindows3-300x195.png\" alt=\"\" width=\"300\" height=\"195\" srcset=\"https:\/\/tickb.umh.es\/files\/2025\/04\/TrendWindows3-300x195.png 300w, https:\/\/tickb.umh.es\/files\/2025\/04\/TrendWindows3-1024x667.png 1024w, https:\/\/tickb.umh.es\/files\/2025\/04\/TrendWindows3-768x500.png 768w, https:\/\/tickb.umh.es\/files\/2025\/04\/TrendWindows3.png 1326w\" sizes=\"(max-width: 300px) 100vw, 300px\" \/><\/li>\n<li>Fes clic en la versi\u00f3 d&#8217;antivirus segons el teu sistema operatiu, triant la versi\u00f3 de Trend Micro Titanium Internet Security (WINDOWS).<img loading=\"lazy\" class=\"size-medium wp-image-1733 aligncenter\" src=\"https:\/\/tickb.umh.es\/files\/2025\/04\/TrendWindows4-300x230.png\" alt=\"\" width=\"300\" height=\"230\" srcset=\"https:\/\/tickb.umh.es\/files\/2025\/04\/TrendWindows4-300x230.png 300w, https:\/\/tickb.umh.es\/files\/2025\/04\/TrendWindows4-1024x784.png 1024w, https:\/\/tickb.umh.es\/files\/2025\/04\/TrendWindows4-768x588.png 768w, https:\/\/tickb.umh.es\/files\/2025\/04\/TrendWindows4.png 1071w\" sizes=\"(max-width: 300px) 100vw, 300px\" \/><\/li>\n<\/ol>\n<p style=\"padding-left: 40px;\">Et mostra la seg\u00fcent pantalla:<img loading=\"lazy\" class=\"size-medium wp-image-1736 aligncenter\" src=\"https:\/\/tickb.umh.es\/files\/2025\/04\/TrendWindows5-300x194.png\" alt=\"\" width=\"300\" height=\"194\" srcset=\"https:\/\/tickb.umh.es\/files\/2025\/04\/TrendWindows5-300x194.png 300w, https:\/\/tickb.umh.es\/files\/2025\/04\/TrendWindows5.png 567w\" sizes=\"(max-width: 300px) 100vw, 300px\" \/><\/p>\n<ol start=\"4\">\n<li>Has d&#8217;acceptar les condicions i fer clic en la versi\u00f3 adequada del Sistema Operatiu Win 32 o Win 64. Pots comprovar la versi\u00f3 del teu sistema operatiu en\u00a0<strong>Panell de control -&gt; Sistema i seguretat -&gt; Sistema<\/strong>.<\/li>\n<li>En la seg\u00fcent pantalla ja es pot descarregar el programari i et mostra el codi de llic\u00e8ncia del programa. Tamb\u00e9 t&#8217;envia un correu amb les condicions associades a aquesta desc\u00e0rrega i cal fer clic en \u2192 aqu\u00ed.<img loading=\"lazy\" class=\"size-medium wp-image-1742 aligncenter\" src=\"https:\/\/tickb.umh.es\/files\/2025\/04\/TrendWindows7-300x132.png\" alt=\"\" width=\"300\" height=\"132\" srcset=\"https:\/\/tickb.umh.es\/files\/2025\/04\/TrendWindows7-300x132.png 300w, https:\/\/tickb.umh.es\/files\/2025\/04\/TrendWindows7-1024x449.png 1024w, https:\/\/tickb.umh.es\/files\/2025\/04\/TrendWindows7-768x337.png 768w, https:\/\/tickb.umh.es\/files\/2025\/04\/TrendWindows7.png 1104w\" sizes=\"(max-width: 300px) 100vw, 300px\" \/><\/li>\n<li>Es descarrega l&#8217;arxiu\u00a0<strong>Titanium_Internet_Security_64bits.exe<\/strong>, i cal fer clic on est\u00e0 situat el cursor del ratol\u00ed en la seg\u00fcent captura i despr\u00e9s en\u00a0<strong>Obrir<\/strong>. Aquesta captura est\u00e0 realitzada amb el navegador Google Chrome, per\u00f2 la desc\u00e0rrega d&#8217;un arxiu \u00e9s molt similar en la resta de navegadors i per defecte s&#8217;emmagatzemen en la carpeta &#8220;Desc\u00e0rregues&#8221; del nostre equip.<\/li>\n<\/ol>\n<p style=\"padding-left: 40px;\"><strong>IMPORTANT ABANS D&#8217;INSTAL\u00b7LAR:<\/strong>\u00a0\u00c9s molt important que abans d&#8217;instal\u00b7lar l&#8217;antivirus, desinstal\u00b7les qualsevol versi\u00f3 anterior o qualsevol altre programa antivirus que tingues des de\u00a0<strong>Afegir o llevar programes<\/strong>.<\/p>\n<ol start=\"7\">\n<li>En iniciar l&#8217;execuci\u00f3 has de fer clic en\u00a0<strong>S\u00ed<\/strong>\u00a0per a permetre realitzar canvis.<\/li>\n<\/ol>\n<p style=\"padding-left: 40px;\">El programa d&#8217;instal\u00b7laci\u00f3 realitza una comprovaci\u00f3 del sistema abans de comen\u00e7ar la instal\u00b7laci\u00f3.<\/p>\n<ol start=\"8\">\n<li>Una vegada comprovat el sistema, si tot est\u00e0 correcte, comen\u00e7a a preparar la instal\u00b7laci\u00f3.<img loading=\"lazy\" class=\"size-medium wp-image-1748 aligncenter\" src=\"https:\/\/tickb.umh.es\/files\/2025\/04\/TrendWindows9-300x201.png\" alt=\"\" width=\"300\" height=\"201\" srcset=\"https:\/\/tickb.umh.es\/files\/2025\/04\/TrendWindows9-300x201.png 300w, https:\/\/tickb.umh.es\/files\/2025\/04\/TrendWindows9.png 567w\" sizes=\"(max-width: 300px) 100vw, 300px\" \/><\/li>\n<li>Has de comprovar el n\u00famero de s\u00e8rie i fer clic en\u00a0<strong>Seg\u00fcent<\/strong>.<img loading=\"lazy\" class=\"size-medium wp-image-1751 aligncenter\" src=\"https:\/\/tickb.umh.es\/files\/2025\/04\/TrendWindows10-300x227.png\" alt=\"\" width=\"300\" height=\"227\" srcset=\"https:\/\/tickb.umh.es\/files\/2025\/04\/TrendWindows10-300x227.png 300w, https:\/\/tickb.umh.es\/files\/2025\/04\/TrendWindows10.png 573w\" sizes=\"(max-width: 300px) 100vw, 300px\" \/><\/li>\n<li>En el seg\u00fcent pas has de fer clic en\u00a0<strong>Acceptar i Instal\u00b7lar<\/strong>\u00a0(Acceptes el contracte de llic\u00e8ncia i comen\u00e7a la instal\u00b7laci\u00f3).<\/li>\n<\/ol>\n<p style=\"padding-left: 40px;\">Comen\u00e7a la Instal\u00b7laci\u00f3:<\/p>\n<ol start=\"11\">\n<li>Una vegada acabada la instal\u00b7laci\u00f3, fes clic en\u00a0<strong>Finalitzar<\/strong>.<img loading=\"lazy\" class=\"size-medium wp-image-1757 aligncenter\" src=\"https:\/\/tickb.umh.es\/files\/2025\/04\/TrendWindows12-300x224.png\" alt=\"\" width=\"300\" height=\"224\" srcset=\"https:\/\/tickb.umh.es\/files\/2025\/04\/TrendWindows12-300x224.png 300w, https:\/\/tickb.umh.es\/files\/2025\/04\/TrendWindows12.png 567w\" sizes=\"(max-width: 300px) 100vw, 300px\" \/><\/li>\n<li>Pots protegir-te del ransomware, per a aix\u00f2 has de fer clic en\u00a0<strong>Configurar Protecci\u00f3 de carpeta<\/strong>, o en cas contrari fer clic en\u00a0<strong>Tancar<\/strong>.<img loading=\"lazy\" class=\"size-medium wp-image-1760 aligncenter\" src=\"https:\/\/tickb.umh.es\/files\/2025\/04\/TrendWindows13-300x235.png\" alt=\"\" width=\"300\" height=\"235\" srcset=\"https:\/\/tickb.umh.es\/files\/2025\/04\/TrendWindows13-300x235.png 300w, https:\/\/tickb.umh.es\/files\/2025\/04\/TrendWindows13.png 567w\" sizes=\"(max-width: 300px) 100vw, 300px\" \/><\/li>\n<li>Si has fet clic en\u00a0<strong>Configurar Protecci\u00f3 de carpetes<\/strong>\u00a0et mostra la seg\u00fcent pantalla amb una breu explicaci\u00f3 del ransomware, fes clic en\u00a0<strong>Acceptar<\/strong>.<img loading=\"lazy\" class=\"size-medium wp-image-1763 aligncenter\" src=\"https:\/\/tickb.umh.es\/files\/2025\/04\/TrendWindows14-300x227.png\" alt=\"\" width=\"300\" height=\"227\" srcset=\"https:\/\/tickb.umh.es\/files\/2025\/04\/TrendWindows14-300x227.png 300w, https:\/\/tickb.umh.es\/files\/2025\/04\/TrendWindows14.png 573w\" sizes=\"(max-width: 300px) 100vw, 300px\" \/><\/li>\n<li>En aquest pas has de triar les carpetes a protegir i fer clic en\u00a0<strong>Seg\u00fcent<\/strong>.<img loading=\"lazy\" class=\"size-medium wp-image-1766 aligncenter\" src=\"https:\/\/tickb.umh.es\/files\/2025\/04\/TrendWindows15-300x222.png\" alt=\"\" width=\"300\" height=\"222\" srcset=\"https:\/\/tickb.umh.es\/files\/2025\/04\/TrendWindows15-300x222.png 300w, https:\/\/tickb.umh.es\/files\/2025\/04\/TrendWindows15.png 567w\" sizes=\"(max-width: 300px) 100vw, 300px\" \/><\/li>\n<li>T&#8217;informa que ja est\u00e0 activada, fes clic en\u00a0<strong>Llest<\/strong>.<img loading=\"lazy\" class=\"size-medium wp-image-1769 aligncenter\" src=\"https:\/\/tickb.umh.es\/files\/2025\/04\/TrendWindows16-300x223.png\" alt=\"\" width=\"300\" height=\"223\" srcset=\"https:\/\/tickb.umh.es\/files\/2025\/04\/TrendWindows16-300x223.png 300w, https:\/\/tickb.umh.es\/files\/2025\/04\/TrendWindows16.png 567w\" sizes=\"(max-width: 300px) 100vw, 300px\" \/><\/li>\n<li>En l&#8217;\u00faltim pas et mostra que el teu sistema est\u00e0\u00a0<strong>Protegit<\/strong>.<img loading=\"lazy\" class=\"size-full wp-image-1772 aligncenter\" src=\"https:\/\/tickb.umh.es\/files\/2025\/04\/TrendWindows17.png\" alt=\"\" width=\"300\" height=\"260\" \/><\/li>\n<\/ol>\n<p>Enhorabona, ja has instal\u00b7lat Trend Micro Titanium Internet Security.<\/p>","protected":false},"excerpt":{"rendered":"<p>En aquest article veurem com descarregar aquest programari.<br \/>\nOferim la desc\u00e0rrega de programari sota llic\u00e8ncia CAMPUS, subjecte a un acord i unes condicions que vost\u00e9 haur\u00e0 de llegir i acceptar per a poder efectuar la desc\u00e0rrega.<br \/>\nIMPORTANT ABANS D&#8217;INSTAL\u00b7LAR:\u00a0\u00c9s molt important que abans d&#8217;instal\u00b7lar l&#8217;antivirus, desinstal\u00b7les qualsevol versi\u00f3 anterior o qualsevol altre programa antivirus que tingues, des [&#8230;]<\/p>\n","protected":false},"author":88,"featured_media":0,"parent":80,"menu_order":0,"comment_status":"closed","ping_status":"closed","template":"","meta":{"_links_to":"","_links_to_target":""},"_links":{"self":[{"href":"https:\/\/tickb.umh.es\/ca\/wp-json\/wp\/v2\/pages\/1721"}],"collection":[{"href":"https:\/\/tickb.umh.es\/ca\/wp-json\/wp\/v2\/pages"}],"about":[{"href":"https:\/\/tickb.umh.es\/ca\/wp-json\/wp\/v2\/types\/page"}],"author":[{"embeddable":true,"href":"https:\/\/tickb.umh.es\/ca\/wp-json\/wp\/v2\/users\/88"}],"replies":[{"embeddable":true,"href":"https:\/\/tickb.umh.es\/ca\/wp-json\/wp\/v2\/comments?post=1721"}],"version-history":[{"count":0,"href":"https:\/\/tickb.umh.es\/ca\/wp-json\/wp\/v2\/pages\/1721\/revisions"}],"up":[{"embeddable":true,"href":"https:\/\/tickb.umh.es\/ca\/wp-json\/wp\/v2\/pages\/80"}],"wp:attachment":[{"href":"https:\/\/tickb.umh.es\/ca\/wp-json\/wp\/v2\/media?parent=1721"}],"curies":[{"name":"wp","href":"https:\/\/api.w.org\/{rel}","templated":true}]}}