{"id":1778,"date":"2025-04-10T13:29:07","date_gmt":"2025-04-10T11:29:07","guid":{"rendered":"https:\/\/tickb.umh.es\/?page_id=1778"},"modified":"2025-04-10T13:49:01","modified_gmt":"2025-04-10T11:49:01","slug":"como-obtener-el-software-cype-para-estudiantes","status":"publish","type":"page","link":"https:\/\/tickb.umh.es\/ca\/soporte-tic-a-la-docencia\/como-obtener-el-software-cype-para-estudiantes\/","title":{"rendered":"Com obtindre el programari Cype per a estudiants"},"content":{"rendered":"<p>Com obtindre el programari Cype per a estudiants, registrar-se per a obtindre una llic\u00e8ncia i instal\u00b7lar el programa en sistemes Windows<\/p>\n<h3>Guia detallada<\/h3>\n<ol>\n<li><strong>Iniciar sessi\u00f3:<\/strong>\n<ul>\n<li>Inicia sessi\u00f3 en umh.es polsant en el bot\u00f3 de la silueta de persona en la cantonada superior dreta.<\/li>\n<li>Inicia sessi\u00f3 amb el teu usuari\/DNI i contrasenya.<\/li>\n<\/ul>\n<\/li>\n<li><strong>Buscar la desc\u00e0rrega:<\/strong>\n<ul>\n<li>Una vegada hages iniciat sessi\u00f3, polsa en la lupa en la cantonada superior esquerra.<\/li>\n<li>En el requadre de cerca, escriu &#8220;desc\u00e0rrega&#8221; i polsa en el bot\u00f3 &#8220;Desc\u00e0rrega de Programari&#8221; que apareix.<\/li>\n<\/ul>\n<\/li>\n<li><strong>Accedir a Cype:<\/strong>\n<ul>\n<li>Polsa en l&#8217;enlla\u00e7 anomenat &#8220;Cype&#8221;.<img loading=\"lazy\" class=\"size-medium wp-image-1793 aligncenter\" src=\"https:\/\/tickb.umh.es\/files\/2025\/04\/Cype2-300x152.png\" alt=\"\" width=\"300\" height=\"152\" srcset=\"https:\/\/tickb.umh.es\/files\/2025\/04\/Cype2-300x152.png 300w, https:\/\/tickb.umh.es\/files\/2025\/04\/Cype2-1024x519.png 1024w, https:\/\/tickb.umh.es\/files\/2025\/04\/Cype2-768x389.png 768w, https:\/\/tickb.umh.es\/files\/2025\/04\/Cype2-1536x778.png 1536w, https:\/\/tickb.umh.es\/files\/2025\/04\/Cype2.png 1902w\" sizes=\"(max-width: 300px) 100vw, 300px\" \/><\/li>\n<\/ul>\n<\/li>\n<li><strong>Registre en la web de Cype:<\/strong>\n<ul>\n<li>Primer, registra&#8217;t en la web de Cype polsant en l&#8217;enlla\u00e7 assenyalat amb un 1.<img loading=\"lazy\" class=\"size-medium wp-image-1796 aligncenter\" src=\"https:\/\/tickb.umh.es\/files\/2025\/04\/Cype3-300x151.png\" alt=\"\" width=\"300\" height=\"151\" srcset=\"https:\/\/tickb.umh.es\/files\/2025\/04\/Cype3-300x151.png 300w, https:\/\/tickb.umh.es\/files\/2025\/04\/Cype3-1024x514.png 1024w, https:\/\/tickb.umh.es\/files\/2025\/04\/Cype3-768x386.png 768w, https:\/\/tickb.umh.es\/files\/2025\/04\/Cype3-1536x771.png 1536w, https:\/\/tickb.umh.es\/files\/2025\/04\/Cype3.png 1920w\" sizes=\"(max-width: 300px) 100vw, 300px\" \/><\/li>\n<li>Ompli el formulari amb les dades sol\u00b7licitades i polsa el bot\u00f3 &#8220;Enviar Dades&#8221; de color blau en la part inferior de la pantalla.\u00a0<strong>Important:<\/strong>\u00a0en el correu electr\u00f2nic, indica la teua adre\u00e7a amb @alu.umh.es en lloc de @goumh.umh.es.<img loading=\"lazy\" class=\"size-medium wp-image-1799 aligncenter\" src=\"https:\/\/tickb.umh.es\/files\/2025\/04\/Cype4-300x152.png\" alt=\"\" width=\"300\" height=\"152\" srcset=\"https:\/\/tickb.umh.es\/files\/2025\/04\/Cype4-300x152.png 300w, https:\/\/tickb.umh.es\/files\/2025\/04\/Cype4-1024x518.png 1024w, https:\/\/tickb.umh.es\/files\/2025\/04\/Cype4-768x389.png 768w, https:\/\/tickb.umh.es\/files\/2025\/04\/Cype4-1536x777.png 1536w, https:\/\/tickb.umh.es\/files\/2025\/04\/Cype4.png 1905w\" sizes=\"(max-width: 300px) 100vw, 300px\" \/><\/li>\n<\/ul>\n<\/li>\n<li><strong>Desc\u00e0rrega del programari:<\/strong>\n<ul>\n<li>Polsa en l&#8217;enlla\u00e7 marcat amb un 2 per a procedir a la desc\u00e0rrega del programari.<\/li>\n<li>Baixa la p\u00e0gina fins a la secci\u00f3 indicada en la seg\u00fcent imatge i selecciona la versi\u00f3 de Cype que corresponga amb el teu sistema operatiu. Per a saber quina versi\u00f3 de Windows est\u00e0s usant, consulta el punt 6; si no, salta al punt 7.<\/li>\n<\/ul>\n<\/li>\n<li><strong>Identificar la versi\u00f3 de Windows:<\/strong>\n<ul>\n<li>Polsa en la barra inferior esquerra de Windows en la qual posa &#8220;Escriu ac\u00ed per a buscar&#8221;, escriu en ella &#8220;sistema&#8221; i polsa en el bot\u00f3 &#8220;Sistema&#8221; que apareixer\u00e0 sota &#8220;Millor coincid\u00e8ncia&#8221;.<\/li>\n<li>Sota &#8220;Especificacions del dispositiu&#8221;, a la dreta de &#8220;Tipus de sistema&#8221;, apareixer\u00e0 si la versi\u00f3 del sistema operatiu \u00e9s de 64 o 32 bits.<\/li>\n<\/ul>\n<\/li>\n<li><strong>Instal\u00b7laci\u00f3 del programari:<\/strong>\n<ul>\n<li>Una vegada haja finalitzat la desc\u00e0rrega, executa l&#8217;arxiu i selecciona l&#8217;idioma d&#8217;instal\u00b7laci\u00f3.<img loading=\"lazy\" class=\"size-medium wp-image-1808 aligncenter\" src=\"https:\/\/tickb.umh.es\/files\/2025\/04\/Cype7-300x258.png\" alt=\"\" width=\"300\" height=\"258\" srcset=\"https:\/\/tickb.umh.es\/files\/2025\/04\/Cype7-300x258.png 300w, https:\/\/tickb.umh.es\/files\/2025\/04\/Cype7.png 440w\" sizes=\"(max-width: 300px) 100vw, 300px\" \/><\/li>\n<li>Polsa en &#8220;Iniciar desc\u00e0rrega&#8221;.<img loading=\"lazy\" class=\"size-medium wp-image-1811 aligncenter\" src=\"https:\/\/tickb.umh.es\/files\/2025\/04\/Cype8-300x152.png\" alt=\"\" width=\"300\" height=\"152\" srcset=\"https:\/\/tickb.umh.es\/files\/2025\/04\/Cype8-300x152.png 300w, https:\/\/tickb.umh.es\/files\/2025\/04\/Cype8.png 536w\" sizes=\"(max-width: 300px) 100vw, 300px\" \/><\/li>\n<li>Espera que la desc\u00e0rrega finalitze. Aquest pas pot demorar-se m\u00e9s o menys en funci\u00f3 de la qualitat de la connexi\u00f3 a internet que uses.<\/li>\n<li>Una vegada la desc\u00e0rrega haja finalitzat, accepta els termes del Contracte de Llic\u00e8ncia polsant en el quadrat assenyalat en la imatge i polsa en &#8220;Continuar&#8221;.<img loading=\"lazy\" class=\"size-medium wp-image-1784 aligncenter\" src=\"https:\/\/tickb.umh.es\/files\/2025\/04\/Cype9-300x281.png\" alt=\"\" width=\"300\" height=\"281\" srcset=\"https:\/\/tickb.umh.es\/files\/2025\/04\/Cype9-300x281.png 300w, https:\/\/tickb.umh.es\/files\/2025\/04\/Cype9.png 722w\" sizes=\"(max-width: 300px) 100vw, 300px\" \/><\/li>\n<li>Polsa en &#8220;Seg\u00fcent&#8221;.<\/li>\n<li>Marca l&#8217;opci\u00f3 &#8220;Versi\u00f3 Campus. \u00das no professional&#8221; i polsa en &#8220;Terminar&#8221;.<\/li>\n<\/ul>\n<\/li>\n<li><strong>Finalitzar la instal\u00b7laci\u00f3:<\/strong>\n<ul>\n<li>Una vegada finalitzada la instal\u00b7laci\u00f3, executa el programari Cype i introdueix la clau d&#8217;acc\u00e9s que t&#8217;arribar\u00e0 al correu despr\u00e9s de finalitzar el proc\u00e9s de registre.<img loading=\"lazy\" class=\"size-medium wp-image-1787 aligncenter\" src=\"https:\/\/tickb.umh.es\/files\/2025\/04\/Cype10-300x164.png\" alt=\"\" width=\"300\" height=\"164\" srcset=\"https:\/\/tickb.umh.es\/files\/2025\/04\/Cype10-300x164.png 300w, https:\/\/tickb.umh.es\/files\/2025\/04\/Cype10.png 413w\" sizes=\"(max-width: 300px) 100vw, 300px\" \/><\/li>\n<\/ul>\n<\/li>\n<\/ol>\n<hr \/>\n<h3>Programari de Tercers<\/h3>\n<p>Cype \u00e9s un programari de tercers ali\u00e9 a la UMH. Si tens algun problema en la instal\u00b7laci\u00f3 o en l&#8217;operativitat de la versi\u00f3 campus, pots contactar amb el departament de suport de CYPE a trav\u00e9s del correu\u00a0<a class=\"fui-Link ___140mk30 f2hkw1w f3rmtva f1ewtqcl fyind8e f1k6fduh f1w7gpdv fk6fouc fjoy568 flh3ekv f1s184ao f1mk8lai fnbmjn9 f1o700av f13mvf36 f1cmlufx f9n3di6 f1ids18y f1tx3yz7 f1deo86v f1eh06m1 f1iescvh fhgqx19 f1olyrje f1p93eir f1nev41a\" tabindex=\"0\" href=\"mailto:soporte.edu@cype.com\" target=\"_blank\" rel=\"noopener\">soporte.edu@cype.com<\/a>, identificant-te amb el n\u00famero d&#8217;usuari registrat de Cype.<\/p>","protected":false},"excerpt":{"rendered":"<p>Com obtindre el programari Cype per a estudiants, registrar-se per a obtindre una llic\u00e8ncia i instal\u00b7lar el programa en sistemes Windows<br \/>\nGuia detallada<\/p>\n<p>Iniciar sessi\u00f3:<\/p>\n<p>Inicia sessi\u00f3 en umh.es polsant en el bot\u00f3 de la silueta de persona en la cantonada superior dreta.<br \/>\nInicia sessi\u00f3 amb el teu usuari\/DNI i contrasenya.<\/p>\n<p>Buscar la desc\u00e0rrega:<\/p>\n<p>Una vegada hages iniciat sessi\u00f3, polsa en [&#8230;]<\/p>\n","protected":false},"author":88,"featured_media":0,"parent":50,"menu_order":0,"comment_status":"closed","ping_status":"closed","template":"","meta":{"_links_to":"","_links_to_target":""},"_links":{"self":[{"href":"https:\/\/tickb.umh.es\/ca\/wp-json\/wp\/v2\/pages\/1778"}],"collection":[{"href":"https:\/\/tickb.umh.es\/ca\/wp-json\/wp\/v2\/pages"}],"about":[{"href":"https:\/\/tickb.umh.es\/ca\/wp-json\/wp\/v2\/types\/page"}],"author":[{"embeddable":true,"href":"https:\/\/tickb.umh.es\/ca\/wp-json\/wp\/v2\/users\/88"}],"replies":[{"embeddable":true,"href":"https:\/\/tickb.umh.es\/ca\/wp-json\/wp\/v2\/comments?post=1778"}],"version-history":[{"count":0,"href":"https:\/\/tickb.umh.es\/ca\/wp-json\/wp\/v2\/pages\/1778\/revisions"}],"up":[{"embeddable":true,"href":"https:\/\/tickb.umh.es\/ca\/wp-json\/wp\/v2\/pages\/50"}],"wp:attachment":[{"href":"https:\/\/tickb.umh.es\/ca\/wp-json\/wp\/v2\/media?parent=1778"}],"curies":[{"name":"wp","href":"https:\/\/api.w.org\/{rel}","templated":true}]}}