{"id":1847,"date":"2025-04-10T14:21:47","date_gmt":"2025-04-10T12:21:47","guid":{"rendered":"https:\/\/tickb.umh.es\/?page_id=1847"},"modified":"2026-03-26T08:44:17","modified_gmt":"2026-03-26T07:44:17","slug":"como-renovar-la-licencia-de-trend-micro-titanium-internet-security-windows","status":"publish","type":"page","link":"https:\/\/tickb.umh.es\/ca\/soporte-a-equipamiento-informatico\/mantenimiento-de-software-corporativo\/como-renovar-la-licencia-de-trend-micro-titanium-internet-security-windows\/","title":{"rendered":"Com renovar la llic\u00e8ncia de Trend Micro Titanium Internet Security (WINDOWS)"},"content":{"rendered":"<p>En este article vorem com renovar la llic\u00e8ncia d&#8217;este antivirus.<\/p>\n<h3>Guia detallada<\/h3>\n<ol>\n<li><strong>Mostrar icones ocultes:<\/strong>\n<ul>\n<li>En el costat dret de la barra de tasques de Windows, fes clic com mostra el punter del ratol\u00ed en la imatge per a mostrar les icones ocultes.<img loading=\"lazy\" class=\"alignnone size-full wp-image-2216 aligncenter\" src=\"https:\/\/tickb.umh.es\/files\/2026\/03\/Barra-Windows-11-1.png\" alt=\"\" width=\"167\" height=\"45\" \/><\/li>\n<\/ul>\n<\/li>\n<li><strong>Accedir al men\u00fa de l&#8217;antivirus:<\/strong>\n<ul>\n<li>En la icona de l&#8217;antivirus Trend Micro, fes clic amb el bot\u00f3 dret del ratol\u00ed.<img loading=\"lazy\" class=\"alignnone size-full wp-image-2219 aligncenter\" src=\"https:\/\/tickb.umh.es\/files\/2026\/03\/Logo-Trendmicro-1.png\" alt=\"\" width=\"49\" height=\"45\" \/><\/li>\n<li>Et mostra el men\u00fa seg\u00fcent, fes clic en <strong>Comprovar subscripci\u00f3<\/strong>.<img loading=\"lazy\" class=\"alignnone size-medium wp-image-2222 aligncenter\" src=\"https:\/\/tickb.umh.es\/files\/2026\/03\/Menu-Trendmicro-1-300x186.png\" alt=\"\" width=\"300\" height=\"186\" srcset=\"https:\/\/tickb.umh.es\/files\/2026\/03\/Menu-Trendmicro-1-300x186.png 300w, https:\/\/tickb.umh.es\/files\/2026\/03\/Menu-Trendmicro-1.png 365w\" sizes=\"(max-width: 300px) 100vw, 300px\" \/><\/li>\n<\/ul>\n<\/li>\n<li><strong>Informaci\u00f3 de la subscripci\u00f3:<\/strong>\n<ul>\n<li>Et mostra la informaci\u00f3 seg\u00fcent, on pots veure el n\u00famero de s\u00e8rie de la teua subscripci\u00f3 i la data de caducitat en el cant\u00f3 inferior esquerre.<\/li>\n<li>Per a renovar-la, has de proporcionar un nou n\u00famero de s\u00e8rie.<img loading=\"lazy\" class=\"size-medium wp-image-2203 aligncenter\" src=\"https:\/\/tickb.umh.es\/files\/2026\/03\/Captura-de-pantalla-2026-03-25-134121-1-300x261.png\" alt=\"\" width=\"300\" height=\"261\" srcset=\"https:\/\/tickb.umh.es\/files\/2026\/03\/Captura-de-pantalla-2026-03-25-134121-1-300x261.png 300w, https:\/\/tickb.umh.es\/files\/2026\/03\/Captura-de-pantalla-2026-03-25-134121-1.png 506w\" sizes=\"(max-width: 300px) 100vw, 300px\" \/><\/li>\n<\/ul>\n<\/li>\n<li><strong>Obtindre un nou n\u00famero de s\u00e8rie:<\/strong>\n<ul>\n<li>Per a aconseguir un nou n\u00famero de s\u00e8rie, entra en <a href=\"http:\/\/universite.umh.es\">universite.umh.es<\/a> i fes clic en <strong>Aplicacions<\/strong>.<img loading=\"lazy\" class=\"size-medium wp-image-1865 aligncenter\" src=\"https:\/\/tickb.umh.es\/files\/2025\/04\/LicTrend6-300x191.png\" alt=\"\" width=\"300\" height=\"191\" srcset=\"https:\/\/tickb.umh.es\/files\/2025\/04\/LicTrend6-300x191.png 300w, https:\/\/tickb.umh.es\/files\/2025\/04\/LicTrend6-1024x654.png 1024w, https:\/\/tickb.umh.es\/files\/2025\/04\/LicTrend6-768x490.png 768w, https:\/\/tickb.umh.es\/files\/2025\/04\/LicTrend6.png 1302w\" sizes=\"(max-width: 300px) 100vw, 300px\" \/><\/li>\n<li>En aplicacions, busca <strong>Desc\u00e0rrega de Programari<\/strong> i fes clic en <strong>Desc\u00e0rrega de Programari<\/strong>.<img loading=\"lazy\" class=\"size-medium wp-image-1868 aligncenter\" src=\"https:\/\/tickb.umh.es\/files\/2025\/04\/LicTrend7-300x195.png\" alt=\"\" width=\"300\" height=\"195\" srcset=\"https:\/\/tickb.umh.es\/files\/2025\/04\/LicTrend7-300x195.png 300w, https:\/\/tickb.umh.es\/files\/2025\/04\/LicTrend7-1024x667.png 1024w, https:\/\/tickb.umh.es\/files\/2025\/04\/LicTrend7-768x500.png 768w, https:\/\/tickb.umh.es\/files\/2025\/04\/LicTrend7.png 1326w\" sizes=\"(max-width: 300px) 100vw, 300px\" \/><\/li>\n<li>Fes clic en la versi\u00f3 d&#8217;antivirus segons el teu sistema operatiu, triant la versi\u00f3 de Trend Micro Titanium Internet Security (WINDOWS).<img loading=\"lazy\" class=\"size-medium wp-image-1871 aligncenter\" src=\"https:\/\/tickb.umh.es\/files\/2025\/04\/LicTrend8-300x230.png\" alt=\"\" width=\"300\" height=\"230\" srcset=\"https:\/\/tickb.umh.es\/files\/2025\/04\/LicTrend8-300x230.png 300w, https:\/\/tickb.umh.es\/files\/2025\/04\/LicTrend8-1024x784.png 1024w, https:\/\/tickb.umh.es\/files\/2025\/04\/LicTrend8-768x588.png 768w, https:\/\/tickb.umh.es\/files\/2025\/04\/LicTrend8.png 1071w\" sizes=\"(max-width: 300px) 100vw, 300px\" \/><\/li>\n<\/ul>\n<\/li>\n<li><strong>Acceptar condicions i descarregar:<\/strong>\n<ul>\n<li>Has d&#8217;acceptar les condicions i fer clic en la versi\u00f3 adequada del Sistema Operatiu Win 32 o Win 64. Pots comprovar la versi\u00f3 del teu sistema operatiu en <strong>Panell de control -> Sistema i seguretat -> Sistema<\/strong>.<\/li>\n<li>En este exemple ho realitzem amb un Win 64.<\/li>\n<li>En la pantalla seg\u00fcent, et mostra el codi de llic\u00e8ncia del programa. (Has de copiar este codi). Tamb\u00e9 t&#8217;envia un correu amb les condicions associades a esta desc\u00e0rrega.<img loading=\"lazy\" class=\"size-medium wp-image-1874 aligncenter\" src=\"https:\/\/tickb.umh.es\/files\/2025\/04\/LicTrend9-300x118.png\" alt=\"\" width=\"300\" height=\"118\" srcset=\"https:\/\/tickb.umh.es\/files\/2025\/04\/LicTrend9-300x118.png 300w, https:\/\/tickb.umh.es\/files\/2025\/04\/LicTrend9.png 323w\" sizes=\"(max-width: 300px) 100vw, 300px\" \/><\/li>\n<\/ul>\n<\/li>\n<li><strong>Proporcionar el nou n\u00famero de s\u00e8rie:<\/strong>\n<ul>\n<li>Una vegada que ja tens el n\u00famero de s\u00e8rie, torna a la pantalla d&#8217;**Informaci\u00f3 de la subscripci\u00f3**. Comprova que el n\u00famero de s\u00e8rie \u00e9s distint al que et mostra en la pantalla. Si \u00e9s aix\u00ed, fes clic en <strong>Proporcionar un n\u00famero de s\u00e8rie<\/strong>.<img loading=\"lazy\" class=\"size-medium wp-image-2206 aligncenter\" src=\"https:\/\/tickb.umh.es\/files\/2026\/03\/Captura-de-pantalla-2026-03-25-134202-1-300x249.png\" alt=\"\" width=\"300\" height=\"249\" srcset=\"https:\/\/tickb.umh.es\/files\/2026\/03\/Captura-de-pantalla-2026-03-25-134202-1-300x249.png 300w, https:\/\/tickb.umh.es\/files\/2026\/03\/Captura-de-pantalla-2026-03-25-134202-1.png 566w\" sizes=\"(max-width: 300px) 100vw, 300px\" \/><\/li>\n<li>Introdueix el teu n\u00famero de s\u00e8rie i fes clic en <strong>Seg\u00fcent<\/strong>.<img loading=\"lazy\" class=\" wp-image-2191 aligncenter\" src=\"https:\/\/tickb.umh.es\/files\/2026\/03\/Captura-de-pantalla-2026-03-25-134327-300x251.png\" alt=\"\" width=\"297\" height=\"248\" srcset=\"https:\/\/tickb.umh.es\/files\/2026\/03\/Captura-de-pantalla-2026-03-25-134327-300x251.png 300w, https:\/\/tickb.umh.es\/files\/2026\/03\/Captura-de-pantalla-2026-03-25-134327.png 571w\" sizes=\"(max-width: 297px) 100vw, 297px\" \/><\/li>\n<\/ul>\n<\/li>\n<\/ol>\n<ul>\n<li style=\"list-style-type: none;\">\n<ul>\n<li>Introdueix el teu correu electr\u00f2nic corporatiu <em>xxx@umh.es<\/em><img loading=\"lazy\" class=\"alignnone size-medium wp-image-2194 aligncenter\" src=\"https:\/\/tickb.umh.es\/files\/2026\/03\/Captura-de-pantalla-2026-03-25-134427-300x250.png\" alt=\"\" width=\"300\" height=\"250\" srcset=\"https:\/\/tickb.umh.es\/files\/2026\/03\/Captura-de-pantalla-2026-03-25-134427-300x250.png 300w, https:\/\/tickb.umh.es\/files\/2026\/03\/Captura-de-pantalla-2026-03-25-134427.png 573w\" sizes=\"(max-width: 300px) 100vw, 300px\" \/><\/li>\n<li>En introduir el nou n\u00famero de s\u00e8rie i correu corporatiu, ja ha de mostrar-te la nova data de caducitat.<img loading=\"lazy\" class=\"alignnone size-medium wp-image-2197 aligncenter\" src=\"https:\/\/tickb.umh.es\/files\/2026\/03\/Captura-de-pantalla-2026-03-25-134454-300x252.png\" alt=\"\" width=\"300\" height=\"252\" srcset=\"https:\/\/tickb.umh.es\/files\/2026\/03\/Captura-de-pantalla-2026-03-25-134454-300x252.png 300w, https:\/\/tickb.umh.es\/files\/2026\/03\/Captura-de-pantalla-2026-03-25-134454.png 568w\" sizes=\"(max-width: 300px) 100vw, 300px\" \/><\/li>\n<\/ul>\n<\/li>\n<\/ul>\n<p>Enhorabona, ja has renovat la llic\u00e8ncia del teu antivirus.<\/p>","protected":false},"excerpt":{"rendered":"<p>En este article vorem com renovar la llic\u00e8ncia d&#8217;este antivirus.<br \/>\nGuia detallada<\/p>\n<p>Mostrar icones ocultes:<\/p>\n<p>En el costat dret de la barra de tasques de Windows, fes clic com mostra el punter del ratol\u00ed en la imatge per a mostrar les icones ocultes.<\/p>\n<p>Accedir al men\u00fa de l&#8217;antivirus:<\/p>\n<p>En la icona de l&#8217;antivirus Trend Micro, fes clic amb el bot\u00f3 [&#8230;]<\/p>\n","protected":false},"author":88,"featured_media":0,"parent":80,"menu_order":0,"comment_status":"closed","ping_status":"closed","template":"","meta":{"_links_to":"","_links_to_target":""},"_links":{"self":[{"href":"https:\/\/tickb.umh.es\/ca\/wp-json\/wp\/v2\/pages\/1847"}],"collection":[{"href":"https:\/\/tickb.umh.es\/ca\/wp-json\/wp\/v2\/pages"}],"about":[{"href":"https:\/\/tickb.umh.es\/ca\/wp-json\/wp\/v2\/types\/page"}],"author":[{"embeddable":true,"href":"https:\/\/tickb.umh.es\/ca\/wp-json\/wp\/v2\/users\/88"}],"replies":[{"embeddable":true,"href":"https:\/\/tickb.umh.es\/ca\/wp-json\/wp\/v2\/comments?post=1847"}],"version-history":[{"count":0,"href":"https:\/\/tickb.umh.es\/ca\/wp-json\/wp\/v2\/pages\/1847\/revisions"}],"up":[{"embeddable":true,"href":"https:\/\/tickb.umh.es\/ca\/wp-json\/wp\/v2\/pages\/80"}],"wp:attachment":[{"href":"https:\/\/tickb.umh.es\/ca\/wp-json\/wp\/v2\/media?parent=1847"}],"curies":[{"name":"wp","href":"https:\/\/api.w.org\/{rel}","templated":true}]}}