{"id":1883,"date":"2025-04-10T14:54:44","date_gmt":"2025-04-10T12:54:44","guid":{"rendered":"https:\/\/tickb.umh.es\/?page_id=1883"},"modified":"2025-04-10T14:54:44","modified_gmt":"2025-04-10T12:54:44","slug":"sin-red-tras-cambiar-contrasena-con-un-equipo-que-no-dispone-de-conexion-cableada","status":"publish","type":"page","link":"https:\/\/tickb.umh.es\/ca\/comunicaciones\/conexion-a-red-inalambrica\/sin-red-tras-cambiar-contrasena-con-un-equipo-que-no-dispone-de-conexion-cableada\/","title":{"rendered":"Sense xarxa despr\u00e9s de canviar la contrasenya amb un equip que no disposa de connexi\u00f3 cablejada"},"content":{"rendered":"<p>Si et canvies la contrasenya d&#8217;usuari o usu\u00e0ria UMH, \u00e9s possible que perdes la connexi\u00f3 a internet si utilitzes un equip que nom\u00e9s disposa de connectivitat Wifi.<\/p>\n<h3>Guia detallada<\/h3>\n<p>Hem detectat que, despr\u00e9s de canviar la contrasenya de l&#8217;usuari o usu\u00e0ria UMH, si despr\u00e9s volem iniciar sessi\u00f3 en un equip que NO disposa de connexi\u00f3 a xarxa per cable, com \u00e9s el cas dels port\u00e0tils Dell Inspiron 15 5000 series, per exemple, cal seguir aquests passos:<\/p>\n<ol>\n<li><strong>Si l&#8217;equip est\u00e0 ja iniciat:<\/strong>\n<ul>\n<li>Hem de bloquejar-lo just despr\u00e9s de canviar la contrasenya (pulsant simult\u00e0niament la tecla Windows i la tecla de la lletra L, despr\u00e9s fer clic en \u201cBloquejar\u201d) i tornar a iniciar sessi\u00f3 novament. Aquest pas actualitzar\u00e0 la contrasenya en el sistema.<\/li>\n<\/ul>\n<\/li>\n<li><strong>Si el nostre equip est\u00e0 apagat o no hem iniciat encara sessi\u00f3:<\/strong>\n<ul>\n<li>En el seg\u00fcent inici, haurem d&#8217;usar la contrasenya antiga i despr\u00e9s realitzar el pas 1.<\/li>\n<\/ul>\n<\/li>\n<li><strong>Problemes per a accedir a la xarxa WIFI:<\/strong>\n<ul>\n<li>\u00c9s possible que tamb\u00e9 tinguem problemes per a accedir a la xarxa WIFI, perqu\u00e8 estiga emmagatzemada l&#8217;antiga contrasenya. Per a solucionar-ho, hem d&#8217;oblidar la xarxa i tornar-la a connectar.<\/li>\n<li>Si trobes alguna dificultat per a realitzar aquest pas, no dubtes a posar-te en contacte amb el Centre d&#8217;Atenci\u00f3 a l&#8217;Usuari en el <strong>96 665 8582<\/strong>.<\/li>\n<\/ul>\n<\/li>\n<\/ol>\n<p><\/p>","protected":false},"excerpt":{"rendered":"<p>Si et canvies la contrasenya d&#8217;usuari o usu\u00e0ria UMH, \u00e9s possible que perdes la connexi\u00f3 a internet si utilitzes un equip que nom\u00e9s disposa de connectivitat Wifi.<br \/>\nGuia detallada<br \/>\nHem detectat que, despr\u00e9s de canviar la contrasenya de l&#8217;usuari o usu\u00e0ria UMH, si despr\u00e9s volem iniciar sessi\u00f3 en un equip que NO disposa de connexi\u00f3 a xarxa [&#8230;]<\/p>\n","protected":false},"author":88,"featured_media":0,"parent":62,"menu_order":0,"comment_status":"closed","ping_status":"closed","template":"","meta":{"_links_to":"","_links_to_target":""},"_links":{"self":[{"href":"https:\/\/tickb.umh.es\/ca\/wp-json\/wp\/v2\/pages\/1883"}],"collection":[{"href":"https:\/\/tickb.umh.es\/ca\/wp-json\/wp\/v2\/pages"}],"about":[{"href":"https:\/\/tickb.umh.es\/ca\/wp-json\/wp\/v2\/types\/page"}],"author":[{"embeddable":true,"href":"https:\/\/tickb.umh.es\/ca\/wp-json\/wp\/v2\/users\/88"}],"replies":[{"embeddable":true,"href":"https:\/\/tickb.umh.es\/ca\/wp-json\/wp\/v2\/comments?post=1883"}],"version-history":[{"count":0,"href":"https:\/\/tickb.umh.es\/ca\/wp-json\/wp\/v2\/pages\/1883\/revisions"}],"up":[{"embeddable":true,"href":"https:\/\/tickb.umh.es\/ca\/wp-json\/wp\/v2\/pages\/62"}],"wp:attachment":[{"href":"https:\/\/tickb.umh.es\/ca\/wp-json\/wp\/v2\/media?parent=1883"}],"curies":[{"name":"wp","href":"https:\/\/api.w.org\/{rel}","templated":true}]}}