{"id":1886,"date":"2025-04-11T09:08:49","date_gmt":"2025-04-11T07:08:49","guid":{"rendered":"https:\/\/tickb.umh.es\/?page_id=1886"},"modified":"2025-04-11T09:19:35","modified_gmt":"2025-04-11T07:19:35","slug":"como-actuar-en-caso-de-duda-ante-un-posible-robo-de-credenciales","status":"publish","type":"page","link":"https:\/\/tickb.umh.es\/ca\/gestion-de-identidades\/como-actuar-en-caso-de-duda-ante-un-posible-robo-de-credenciales\/","title":{"rendered":"Com actuar en cas de dubte davant un possible robatori de credencials"},"content":{"rendered":"<p>Un dels signes m\u00e9s evidents que ens han robat les credencials, \u00e9s que comencem a rebre molts correus retornats que nosaltres no hem enviat. Solen arribar bastants, per la qual cosa ens adonem d&#8217;una forma molt r\u00e0pida. El que hem de fer davant un cas d&#8217;aquests, \u00e9s canviar r\u00e0pidament la nostra contrasenya d&#8217;usuari, per la qual cosa autom\u00e0ticament deixaran d&#8217;enviar correu brossa (spam) en el nostre nom.<\/p>\n<p>Tamb\u00e9 podem rebre un altre tipus de correus, indicant que l&#8217;acc\u00e9s a la b\u00fastia ha estat restringit o b\u00e9 que s&#8217;ha excedit la quota (mida m\u00e0xima de la b\u00fastia) i proporcionant un enlla\u00e7 per identificar-nos introduint les nostres credencials. Aquest tipus de correus hem d&#8217;eliminar-los de forma immediata i no introduir les nostres credencials de la universitat en cap p\u00e0gina que no pertanyi a la pr\u00f2pia universitat. Aquest tipus de correus s\u00f3n els denominats phishing.<\/p>\n<p>Si tenim la sospita d&#8217;haver estat v\u00edctimes de robatori de credencials, haurem de canviar la nostra contrasenya. Per a aix\u00f2, hem de seguir els seg\u00fcents passos indicats en l&#8217;article <a href=\"https:\/\/tickb.umh.es\/gestion-de-identidades\/como-cambiar-tu-contrasena\/\">Com canviar la teua contrasenya d&#8217;acc\u00e9s<\/a>.<\/p>\n<p>&nbsp;<\/p>\n<div class=\"confluence-information-macro confluence-information-macro-warning conf-macro output-block\" style=\"text-align: justify;\" data-hasbody=\"true\" data-macro-name=\"warning\">\n<div class=\"confluence-information-macro-body\">\n<blockquote style=\"text-align: center;\">\n<table style=\"background-color: #fff8f7; border: 2px solid #d04437; margin: 0px auto; height: 91px;\" width=\"628\">\n<tbody>\n<tr>\n<td style=\"text-align: justify;\" width=\"566\"><strong>Advert\u00e8ncia:<\/strong>\u00a0Tingues en compte que haur\u00e0s de configurar de nou tots els dispositius m\u00f2bils en els quals tingues configurada el teu compte de correu amb aquesta nova contrasenya.<\/td>\n<\/tr>\n<\/tbody>\n<\/table>\n<\/blockquote>\n<\/div>\n<\/div>\n<div class=\"confluence-information-macro confluence-information-macro-warning conf-macro output-block\" style=\"text-align: center;\" data-hasbody=\"true\" data-macro-name=\"warning\">\n<div class=\"confluence-information-macro-body\" style=\"text-align: justify;\">\n<blockquote style=\"text-align: center;\">\n<table style=\"background-color: #fffdf6; border: 2px solid #ffeaae; margin: 0px auto; height: 92px;\" width=\"632\">\n<tbody>\n<tr>\n<td style=\"text-align: left;\" width=\"566\"><strong>Nota:<\/strong>\u00a0Recorda que no has d&#8217;introduir la teua contrasenya en cap p\u00e0gina que no siga de la UMH.<\/td>\n<\/tr>\n<\/tbody>\n<\/table>\n<\/blockquote>\n<\/div>\n<\/div>\n<p>&nbsp;<\/p>","protected":false},"excerpt":{"rendered":"<p>Un dels signes m\u00e9s evidents que ens han robat les credencials, \u00e9s que comencem a rebre molts correus retornats que nosaltres no hem enviat. Solen arribar bastants, per la qual cosa ens adonem d&#8217;una forma molt r\u00e0pida. El que hem de fer davant un cas d&#8217;aquests, \u00e9s canviar r\u00e0pidament la nostra contrasenya d&#8217;usuari, per la [&#8230;]<\/p>\n","protected":false},"author":88,"featured_media":0,"parent":41,"menu_order":0,"comment_status":"closed","ping_status":"closed","template":"","meta":{"_links_to":"","_links_to_target":""},"_links":{"self":[{"href":"https:\/\/tickb.umh.es\/ca\/wp-json\/wp\/v2\/pages\/1886"}],"collection":[{"href":"https:\/\/tickb.umh.es\/ca\/wp-json\/wp\/v2\/pages"}],"about":[{"href":"https:\/\/tickb.umh.es\/ca\/wp-json\/wp\/v2\/types\/page"}],"author":[{"embeddable":true,"href":"https:\/\/tickb.umh.es\/ca\/wp-json\/wp\/v2\/users\/88"}],"replies":[{"embeddable":true,"href":"https:\/\/tickb.umh.es\/ca\/wp-json\/wp\/v2\/comments?post=1886"}],"version-history":[{"count":0,"href":"https:\/\/tickb.umh.es\/ca\/wp-json\/wp\/v2\/pages\/1886\/revisions"}],"up":[{"embeddable":true,"href":"https:\/\/tickb.umh.es\/ca\/wp-json\/wp\/v2\/pages\/41"}],"wp:attachment":[{"href":"https:\/\/tickb.umh.es\/ca\/wp-json\/wp\/v2\/media?parent=1886"}],"curies":[{"name":"wp","href":"https:\/\/api.w.org\/{rel}","templated":true}]}}