{"id":1889,"date":"2025-04-11T09:21:43","date_gmt":"2025-04-11T07:21:43","guid":{"rendered":"https:\/\/tickb.umh.es\/?page_id=1889"},"modified":"2025-04-11T09:27:06","modified_gmt":"2025-04-11T07:27:06","slug":"como-solicitar-la-activacion-de-un-punto-de-red","status":"publish","type":"page","link":"https:\/\/tickb.umh.es\/ca\/comunicaciones\/conexion-a-red-de-datos\/como-solicitar-la-activacion-de-un-punto-de-red\/","title":{"rendered":"Com sol\u00b7licitar l&#8217;activaci\u00f3 d&#8217;un punt de xarxa"},"content":{"rendered":"<p><strong>Guia detallada<\/strong><\/p>\n<p>La sol\u00b7licitud s&#8217;ha de realitzar a trav\u00e9s del Centre d&#8217;Atenci\u00f3 a l&#8217;Usuari del Servei d&#8217;Infraestructura Inform\u00e0tica amb una petici\u00f3 inform\u00e0tica en\u00a0<a href=\"http:\/\/cau.umh.es\">http:\/\/cau.umh.es<\/a>\u00a0facilitant la seg\u00fcent informaci\u00f3:<\/p>\n<ol>\n<li><strong>Identificar el punt de xarxa que desitgem activar.<\/strong>\u00a0Cada punt de xarxa est\u00e0 identificat amb un codi, per exemple E16R01016. Si no podem identificar el codi del punt, indicarem l&#8217;estan\u00e7a amb el seu codi GIS.<\/li>\n<li><strong>\u00das que donarem al punt de xarxa<\/strong>\u00a0(impressora, lloc de treball, tel\u00e8fon, etc).<\/li>\n<\/ol>\n<p>&nbsp;<\/p>\n<table style=\"background-color: white; border: 2px solid black; margin: 0px auto; height: 107px;\" width=\"631\">\n<tbody>\n<tr>\n<td style=\"text-align: left;\" width=\"566\">\n<div class=\"confluence-information-macro-body\">\n<p><strong>URLs relacionades<\/strong><\/p>\n<p>Localitzacions UMH:\u00a0<a href=\"http:\/\/universite.umh.es\/localitzacions\/\">http:\/\/universite.umh.es\/localitzacions\/<\/a><\/p>\n<\/div>\n<\/td>\n<\/tr>\n<\/tbody>\n<\/table>\n<p>&nbsp;<\/p>","protected":false},"excerpt":{"rendered":"<p>Guia detallada<br \/>\nLa sol\u00b7licitud s&#8217;ha de realitzar a trav\u00e9s del Centre d&#8217;Atenci\u00f3 a l&#8217;Usuari del Servei d&#8217;Infraestructura Inform\u00e0tica amb una petici\u00f3 inform\u00e0tica en\u00a0http:\/\/cau.umh.es\u00a0facilitant la seg\u00fcent informaci\u00f3:<\/p>\n<p>Identificar el punt de xarxa que desitgem activar.\u00a0Cada punt de xarxa est\u00e0 identificat amb un codi, per exemple E16R01016. Si no podem identificar el codi del punt, indicarem l&#8217;estan\u00e7a amb el [&#8230;]<\/p>\n","protected":false},"author":88,"featured_media":0,"parent":65,"menu_order":0,"comment_status":"closed","ping_status":"closed","template":"","meta":{"_links_to":"","_links_to_target":""},"_links":{"self":[{"href":"https:\/\/tickb.umh.es\/ca\/wp-json\/wp\/v2\/pages\/1889"}],"collection":[{"href":"https:\/\/tickb.umh.es\/ca\/wp-json\/wp\/v2\/pages"}],"about":[{"href":"https:\/\/tickb.umh.es\/ca\/wp-json\/wp\/v2\/types\/page"}],"author":[{"embeddable":true,"href":"https:\/\/tickb.umh.es\/ca\/wp-json\/wp\/v2\/users\/88"}],"replies":[{"embeddable":true,"href":"https:\/\/tickb.umh.es\/ca\/wp-json\/wp\/v2\/comments?post=1889"}],"version-history":[{"count":0,"href":"https:\/\/tickb.umh.es\/ca\/wp-json\/wp\/v2\/pages\/1889\/revisions"}],"up":[{"embeddable":true,"href":"https:\/\/tickb.umh.es\/ca\/wp-json\/wp\/v2\/pages\/65"}],"wp:attachment":[{"href":"https:\/\/tickb.umh.es\/ca\/wp-json\/wp\/v2\/media?parent=1889"}],"curies":[{"name":"wp","href":"https:\/\/api.w.org\/{rel}","templated":true}]}}