{"id":1895,"date":"2025-04-11T09:28:19","date_gmt":"2025-04-11T07:28:19","guid":{"rendered":"https:\/\/tickb.umh.es\/?page_id=1895"},"modified":"2025-04-11T09:33:22","modified_gmt":"2025-04-11T07:33:22","slug":"como-solicitar-la-instalacion-de-un-nuevo-punto-de-red","status":"publish","type":"page","link":"https:\/\/tickb.umh.es\/ca\/comunicaciones\/conexion-a-red-de-datos\/como-solicitar-la-instalacion-de-un-nuevo-punto-de-red\/","title":{"rendered":"Com sol\u00b7licitar la instal\u00b7laci\u00f3 d&#8217;un nou punt de xarxa"},"content":{"rendered":"<p><strong>Guia detallada<\/strong><\/p>\n<p>La sol\u00b7licitud d&#8217;un nou punt de xarxa s&#8217;ha de realitzar des de l&#8217;aplicaci\u00f3 de <a href=\"https:\/\/universite.umh.es\/app\/gestionTelefoniaUMH\/\">Gesti\u00f3 Telef\u00f2nica UMH<\/a>. La persona responsable de la unitat organitzativa pot accedir a aquesta aplicaci\u00f3 des del seu acc\u00e9s identificat.<\/p>\n<p>En la sol\u00b7licitud han d&#8217;apar\u00e8ixer les seg\u00fcents dades:<\/p>\n<ol>\n<li><strong>Codi GIS de l&#8217;estan\u00e7a<\/strong>\u00a0on instal\u00b7lar el nou punt de xarxa.<\/li>\n<li><strong>Nombre de punts<\/strong>\u00a0a instal\u00b7lar.<\/li>\n<li><strong>Persona i tel\u00e8fon de contacte<\/strong>\u00a0per realitzar consultes.<\/li>\n<\/ol>\n<p>Pr\u00e8via a la instal\u00b7laci\u00f3, personal del Servei d&#8217;Infraestructura Inform\u00e0tica es personar\u00e0 per revisar la instal\u00b7laci\u00f3 i valorar la necessitat del punt.<\/p>\n<p>&nbsp;<\/p>\n<table style=\"background-color: #fff8f7; border: 2px solid #d04437; margin: 0px auto; height: 91px;\" width=\"628\">\n<tbody>\n<tr>\n<td style=\"text-align: justify;\" width=\"566\"><strong>Advert\u00e8ncia:<\/strong>\u00a0La sol\u00b7licitud d&#8217;un nou n\u00famero i\/o terminal fix l&#8217;ha de cursar la persona responsable de la partida pressupost\u00e0ria.<\/td>\n<\/tr>\n<\/tbody>\n<\/table>\n<p>&nbsp;<\/p>\n<table style=\"background-color: white; border: 2px solid black; margin: 0px auto; height: 107px;\" width=\"631\">\n<tbody>\n<tr>\n<td style=\"text-align: left;\" width=\"566\">\n<div class=\"confluence-information-macro-body\">\n<p><strong>URLs relacionades<\/strong><\/p>\n<p>https:\/\/universite.umh.es\/app\/gestionTelefoniaUMH\/<\/p>\n<\/div>\n<\/td>\n<\/tr>\n<\/tbody>\n<\/table>\n<p>&nbsp;<\/p>","protected":false},"excerpt":{"rendered":"<p>Guia detallada<br \/>\nLa sol\u00b7licitud d&#8217;un nou punt de xarxa s&#8217;ha de realitzar des de l&#8217;aplicaci\u00f3 de Gesti\u00f3 Telef\u00f2nica UMH. La persona responsable de la unitat organitzativa pot accedir a aquesta aplicaci\u00f3 des del seu acc\u00e9s identificat.<br \/>\nEn la sol\u00b7licitud han d&#8217;apar\u00e8ixer les seg\u00fcents dades:<\/p>\n<p>Codi GIS de l&#8217;estan\u00e7a\u00a0on instal\u00b7lar el nou punt de xarxa.<br \/>\nNombre de punts\u00a0a instal\u00b7lar.<br \/>\nPersona i [&#8230;]<\/p>\n","protected":false},"author":88,"featured_media":0,"parent":65,"menu_order":0,"comment_status":"closed","ping_status":"closed","template":"","meta":{"_links_to":"","_links_to_target":""},"_links":{"self":[{"href":"https:\/\/tickb.umh.es\/ca\/wp-json\/wp\/v2\/pages\/1895"}],"collection":[{"href":"https:\/\/tickb.umh.es\/ca\/wp-json\/wp\/v2\/pages"}],"about":[{"href":"https:\/\/tickb.umh.es\/ca\/wp-json\/wp\/v2\/types\/page"}],"author":[{"embeddable":true,"href":"https:\/\/tickb.umh.es\/ca\/wp-json\/wp\/v2\/users\/88"}],"replies":[{"embeddable":true,"href":"https:\/\/tickb.umh.es\/ca\/wp-json\/wp\/v2\/comments?post=1895"}],"version-history":[{"count":0,"href":"https:\/\/tickb.umh.es\/ca\/wp-json\/wp\/v2\/pages\/1895\/revisions"}],"up":[{"embeddable":true,"href":"https:\/\/tickb.umh.es\/ca\/wp-json\/wp\/v2\/pages\/65"}],"wp:attachment":[{"href":"https:\/\/tickb.umh.es\/ca\/wp-json\/wp\/v2\/media?parent=1895"}],"curies":[{"name":"wp","href":"https:\/\/api.w.org\/{rel}","templated":true}]}}