{"id":1901,"date":"2025-04-11T10:29:29","date_gmt":"2025-04-11T08:29:29","guid":{"rendered":"https:\/\/tickb.umh.es\/?page_id=1901"},"modified":"2025-04-11T11:11:52","modified_gmt":"2025-04-11T09:11:52","slug":"como-solicitar-una-nueva-extension-telefonica","status":"publish","type":"page","link":"https:\/\/tickb.umh.es\/ca\/comunicaciones\/conexion-a-red-de-datos\/como-solicitar-una-nueva-extension-telefonica\/","title":{"rendered":"Com sol\u00b7licitar una nova extensi\u00f3 telef\u00f2nica"},"content":{"rendered":"<p><strong>Guia detallada<\/strong><\/p>\n<p>La sol\u00b7licitud d&#8217;un nou n\u00famero i\/o terminal fix s&#8217;ha de realitzar des de l&#8217;aplicaci\u00f3 de Gesti\u00f3 Telef\u00f2nica UMH. La persona responsable de la unitat organitzativa pot accedir a aquesta aplicaci\u00f3 des del seu acc\u00e9s identificat.<\/p>\n<p>En la sol\u00b7licitud han d&#8217;apar\u00e8ixer les seg\u00fcents dades:<\/p>\n<ol>\n<li><strong>Persona o grup de treball<\/strong>\u00a0al qual va destinada la nova extensi\u00f3.<\/li>\n<li><strong>Permisos per realitzar les trucades sortints<\/strong>\u00a0(internes, nacionals, nacionals\/m\u00f2bils, internacionals).<\/li>\n<li><strong>Codi GIS de l&#8217;estan\u00e7a<\/strong>\u00a0on instal\u00b7lar el nou terminal.<\/li>\n<\/ol>\n<p>&nbsp;<\/p>\n<div data-hasbody=\"true\" data-macro-name=\"note\"><\/div>\n<div class=\"confluence-information-macro confluence-information-macro-note conf-macro output-block\" data-hasbody=\"true\" data-macro-name=\"note\">\n<table style=\"background-color: #fffdf6; border: 2px solid #ffeaae; margin: 0px auto; height: 77px;\" width=\"632\">\n<tbody>\n<tr>\n<td style=\"text-align: left;\" width=\"566\">\n<div class=\"confluence-information-macro-body\">\n<p><strong>Nota:<\/strong>\u00a0La instal\u00b7laci\u00f3 d&#8217;una nova extensi\u00f3 telef\u00f2nica i el seu respectiu terminal queda subjecta a la disponibilitat de punts de xarxa en l&#8217;estan\u00e7a sol\u00b7licitada.<\/p>\n<\/div>\n<\/td>\n<\/tr>\n<\/tbody>\n<\/table>\n<p>&nbsp;<\/p>\n<\/div>\n<table style=\"background-color: white; border: 2px solid black; margin: 0px auto; height: 107px;\" width=\"634\">\n<tbody>\n<tr>\n<td style=\"text-align: left;\" width=\"566\">\n<p class=\"title\"><strong>URLs relacionades<\/strong><\/p>\n<div class=\"confluence-information-macro-body\">\n<p><a class=\"external-link\" href=\"https:\/\/universite.umh.es\/app\/gestionTelefoniaUMH\/\" rel=\"nofollow\">https:\/\/universite.umh.es\/app\/gestionTelefoniaUMH\/<\/a><\/p>\n<\/div>\n<\/td>\n<\/tr>\n<\/tbody>\n<\/table>\n<p>&nbsp;<\/p>\n<table style=\"background-color: #fff8f7; border: 2px solid #d04437; margin: 0px auto; height: 82px;\" width=\"628\">\n<tbody>\n<tr>\n<td style=\"text-align: justify;\" width=\"566\"><span style=\"font-family: inherit; font-size: inherit;\"><strong>Advert\u00e8ncia:<\/strong>\u00a0La sol\u00b7licitud d&#8217;un nou n\u00famero i\/o terminal fix l&#8217;ha de cursar la persona responsable de la partida pressupost\u00e0ria.<\/span><\/td>\n<\/tr>\n<\/tbody>\n<\/table>\n<p><\/p>","protected":false},"excerpt":{"rendered":"<p>Guia detallada<br \/>\nLa sol\u00b7licitud d&#8217;un nou n\u00famero i\/o terminal fix s&#8217;ha de realitzar des de l&#8217;aplicaci\u00f3 de Gesti\u00f3 Telef\u00f2nica UMH. La persona responsable de la unitat organitzativa pot accedir a aquesta aplicaci\u00f3 des del seu acc\u00e9s identificat.<br \/>\nEn la sol\u00b7licitud han d&#8217;apar\u00e8ixer les seg\u00fcents dades:<\/p>\n<p>Persona o grup de treball\u00a0al qual va destinada la nova extensi\u00f3.<br \/>\nPermisos per realitzar [&#8230;]<\/p>\n","protected":false},"author":88,"featured_media":0,"parent":65,"menu_order":0,"comment_status":"closed","ping_status":"closed","template":"","meta":{"_links_to":"","_links_to_target":""},"_links":{"self":[{"href":"https:\/\/tickb.umh.es\/ca\/wp-json\/wp\/v2\/pages\/1901"}],"collection":[{"href":"https:\/\/tickb.umh.es\/ca\/wp-json\/wp\/v2\/pages"}],"about":[{"href":"https:\/\/tickb.umh.es\/ca\/wp-json\/wp\/v2\/types\/page"}],"author":[{"embeddable":true,"href":"https:\/\/tickb.umh.es\/ca\/wp-json\/wp\/v2\/users\/88"}],"replies":[{"embeddable":true,"href":"https:\/\/tickb.umh.es\/ca\/wp-json\/wp\/v2\/comments?post=1901"}],"version-history":[{"count":0,"href":"https:\/\/tickb.umh.es\/ca\/wp-json\/wp\/v2\/pages\/1901\/revisions"}],"up":[{"embeddable":true,"href":"https:\/\/tickb.umh.es\/ca\/wp-json\/wp\/v2\/pages\/65"}],"wp:attachment":[{"href":"https:\/\/tickb.umh.es\/ca\/wp-json\/wp\/v2\/media?parent=1901"}],"curies":[{"name":"wp","href":"https:\/\/api.w.org\/{rel}","templated":true}]}}