{"id":2006,"date":"2025-08-04T09:24:54","date_gmt":"2025-08-04T07:24:54","guid":{"rendered":"https:\/\/tickb.umh.es\/?page_id=2006"},"modified":"2025-12-12T16:23:31","modified_gmt":"2025-12-12T15:23:31","slug":"instalacion-del-agente-de-inventario-glpi-para-windows","status":"publish","type":"page","link":"https:\/\/tickb.umh.es\/ca\/soporte-a-equipamiento-informatico\/mantenimiento-de-equipamiento-informatico-corporativo\/instalacion-del-agente-de-inventario-glpi-para-windows\/","title":{"rendered":"Instal\u00b7laci\u00f3 de l&#8217;agent d&#8217;inventari GLPI per a Windows"},"content":{"rendered":"<p>Aquest tutorial et guiar\u00e0 en la instal\u00b7laci\u00f3 de GLPI (Gestionnaire Libre de Parc Informatique) en un ordinador amb Windows. GLPI \u00e9s una potent eina de gesti\u00f3 d\u2019actius que utilitzarem per refor\u00e7ar la seguretat dels nostres equips i la infraestructura tecnol\u00f2gica de la UMH.<\/p>\n<table style=\"background-color: #fffdf6;border: 2px solid #ffeaae;margin: 0px auto;height: 77px\" width=\"632\">\n<tbody>\n<tr>\n<td style=\"text-align: left\" width=\"566\">\n<div class=\"confluence-information-macro-body\"><strong>Nota important: <\/strong>Aquesta eina\u00a0no accedeix\u00a0a les teues dades personals ni al contingut dels teus arxius. La seua \u00fanica finalitat \u00e9s recopilar informaci\u00f3 t\u00e8cnica sobre el maquinari i el programari instal\u00b7lat, com el model del dispositiu, versions dels sistemes operatius i programes, i altres detalls t\u00e8cnics necessaris per mantindre la infraestructura actualitzada i segura.<\/div>\n<\/td>\n<\/tr>\n<\/tbody>\n<\/table>\n<blockquote><p>&nbsp;<\/p><\/blockquote>\n<hr \/>\n<h3>Guia detallada<\/h3>\n<p>&nbsp;<\/p>\n<ol>\n<li><strong>Descarregar l\u2019instal\u00b7lador autom\u00e0tic<\/strong><br \/>\nFes clic en l\u2019enlla\u00e7 seg\u00fcent:\u00a0<code>Install_GLPI.bat<\/code>.<br \/>\n\u00c9s possible que el navegador el detecte com a sospit\u00f3s. En eixe cas, selecciona l\u2019opci\u00f3\u00a0<strong>&#8220;Conservar&#8221;<\/strong>.<br \/>\n<img loading=\"lazy\" class=\"size-full wp-image-2012 aligncenter\" src=\"https:\/\/tickb.umh.es\/files\/2025\/08\/GLPI-descarga.png\" alt=\"\" width=\"350\" height=\"127\" srcset=\"https:\/\/tickb.umh.es\/files\/2025\/08\/GLPI-descarga.png 350w, https:\/\/tickb.umh.es\/files\/2025\/08\/GLPI-descarga-300x109.png 300w\" sizes=\"(max-width: 350px) 100vw, 350px\" \/><br \/>\n<img loading=\"lazy\" class=\"size-full wp-image-2015 aligncenter\" src=\"https:\/\/tickb.umh.es\/files\/2025\/08\/GLPI-descarga-2.png\" alt=\"\" width=\"335\" height=\"237\" srcset=\"https:\/\/tickb.umh.es\/files\/2025\/08\/GLPI-descarga-2.png 335w, https:\/\/tickb.umh.es\/files\/2025\/08\/GLPI-descarga-2-300x212.png 300w\" sizes=\"(max-width: 335px) 100vw, 335px\" \/><\/li>\n<li><strong>Executar l\u2019instal\u00b7lador<\/strong><br \/>\nUna vegada descarregat, executa el fitxer\u00a0<code>GLPI_Install.bat<\/code>.<br \/>\nQuan aparega la finestra de Control de comptes d\u2019usuari, fes clic en\u00a0<strong>&#8220;S\u00ed&#8221;<\/strong>.<\/li>\n<li><strong>Esperar que finalitze la instal\u00b7laci\u00f3<\/strong><br \/>\nEl proc\u00e9s pot tardar uns minuts. No tanques la finestra de comandes fins que aparega el missatge de finalitzaci\u00f3.<br \/>\n<img loading=\"lazy\" class=\"size-full wp-image-2027 aligncenter\" src=\"https:\/\/tickb.umh.es\/files\/2025\/08\/GLPI-instalacion-3.png\" alt=\"\" width=\"661\" height=\"235\" srcset=\"https:\/\/tickb.umh.es\/files\/2025\/08\/GLPI-instalacion-3.png 661w, https:\/\/tickb.umh.es\/files\/2025\/08\/GLPI-instalacion-3-300x107.png 300w\" sizes=\"(max-width: 661px) 100vw, 661px\" \/><\/li>\n<\/ol>\n<hr \/>\n<h3><\/h3>\n<table style=\"background-color: white;border: 2px solid black;margin: 0px auto;height: 107px\" width=\"634\">\n<tbody>\n<tr>\n<td style=\"text-align: left\" width=\"566\">\n<p class=\"title\"><strong>Enlla\u00e7os relacionats<\/strong><\/p>\n<div class=\"confluence-information-macro-body\">\n<ul>\n<li>Web del projecte: <a href=\"https:\/\/glpi-project.org\/es\/\">https:\/\/glpi-project.org\/es\/<\/a><\/li>\n<\/ul>\n<\/div>\n<\/td>\n<\/tr>\n<\/tbody>\n<\/table>\n<p><\/p>","protected":false},"excerpt":{"rendered":"<p>Aquest tutorial et guiar\u00e0 en la instal\u00b7laci\u00f3 de GLPI (Gestionnaire Libre de Parc Informatique) en un ordinador amb Windows. GLPI \u00e9s una potent eina de gesti\u00f3 d\u2019actius que utilitzarem per refor\u00e7ar la seguretat dels nostres equips i la infraestructura tecnol\u00f2gica de la UMH.<\/p>\n<p>Nota important: Aquesta eina\u00a0no accedeix\u00a0a les teues dades personals ni al contingut dels [&#8230;]<\/p>\n","protected":false},"author":30672,"featured_media":0,"parent":77,"menu_order":0,"comment_status":"closed","ping_status":"closed","template":"","meta":{"_links_to":"","_links_to_target":""},"_links":{"self":[{"href":"https:\/\/tickb.umh.es\/ca\/wp-json\/wp\/v2\/pages\/2006"}],"collection":[{"href":"https:\/\/tickb.umh.es\/ca\/wp-json\/wp\/v2\/pages"}],"about":[{"href":"https:\/\/tickb.umh.es\/ca\/wp-json\/wp\/v2\/types\/page"}],"author":[{"embeddable":true,"href":"https:\/\/tickb.umh.es\/ca\/wp-json\/wp\/v2\/users\/30672"}],"replies":[{"embeddable":true,"href":"https:\/\/tickb.umh.es\/ca\/wp-json\/wp\/v2\/comments?post=2006"}],"version-history":[{"count":0,"href":"https:\/\/tickb.umh.es\/ca\/wp-json\/wp\/v2\/pages\/2006\/revisions"}],"up":[{"embeddable":true,"href":"https:\/\/tickb.umh.es\/ca\/wp-json\/wp\/v2\/pages\/77"}],"wp:attachment":[{"href":"https:\/\/tickb.umh.es\/ca\/wp-json\/wp\/v2\/media?parent=2006"}],"curies":[{"name":"wp","href":"https:\/\/api.w.org\/{rel}","templated":true}]}}