{"id":2030,"date":"2025-08-04T10:38:59","date_gmt":"2025-08-04T08:38:59","guid":{"rendered":"https:\/\/tickb.umh.es\/?page_id=2030"},"modified":"2025-08-04T10:38:59","modified_gmt":"2025-08-04T08:38:59","slug":"como-actualizar-windows-10-a-windows-11","status":"publish","type":"page","link":"https:\/\/tickb.umh.es\/ca\/soporte-a-equipamiento-informatico\/mantenimiento-de-equipamiento-informatico-corporativo\/como-actualizar-windows-10-a-windows-11\/","title":{"rendered":"Com actualitzar Windows 10 a Windows 11"},"content":{"rendered":"<p>Si vols actualitzar el teu equip amb Windows 10 a Windows 11, tens dues opcions: fer-ho des de\u00a0<strong>Windows Update<\/strong>\u00a0o realitzar una\u00a0<strong>instal\u00b7laci\u00f3 manual<\/strong>. A continuaci\u00f3, t\u2019expliquem tots dos m\u00e8todes pas a pas.<\/p>\n<hr \/>\n<h3>M\u00e8tode 1: Actualitzaci\u00f3 des de Windows Update<\/h3>\n<p><strong>Pas 1: Realitzar una c\u00f2pia de seguretat<\/strong><br \/>\nEncara que l\u2019actualitzaci\u00f3 no esborra les dades existents, \u00e9s recomanable fer una c\u00f2pia de seguretat dels teus arxius importants en un disc dur extern, una unitat USB o Google Drive.<\/p>\n<p><strong>Pas 2: Iniciar l\u2019actualitzaci\u00f3 des de Configuraci\u00f3<\/strong><\/p>\n<ol>\n<li>Localitza la\u00a0<strong>lupa<\/strong>\u00a0en la barra de tasques.<br \/>\n<img loading=\"lazy\" class=\"size-full wp-image-2033 aligncenter\" src=\"https:\/\/tickb.umh.es\/files\/2025\/08\/windows-10.png\" alt=\"\" width=\"188\" height=\"44\" \/><\/li>\n<li>Escriu &#8220;Update&#8221; i fes clic en l\u2019opci\u00f3 suggerida.<br \/>\n<img loading=\"lazy\" class=\" wp-image-2036 aligncenter\" src=\"https:\/\/tickb.umh.es\/files\/2025\/08\/buscar-actualizaciones.png\" alt=\"\" width=\"315\" height=\"634\" srcset=\"https:\/\/tickb.umh.es\/files\/2025\/08\/buscar-actualizaciones.png 416w, https:\/\/tickb.umh.es\/files\/2025\/08\/buscar-actualizaciones-149x300.png 149w\" sizes=\"(max-width: 315px) 100vw, 315px\" \/><\/li>\n<li>Si el teu equip \u00e9s compatible, apareixer\u00e0 l\u2019opci\u00f3\u00a0<strong>Descarregar i instal\u00b7lar Windows 11<\/strong>.<br \/>\n<img loading=\"lazy\" class=\"size-full wp-image-2039 aligncenter\" src=\"https:\/\/tickb.umh.es\/files\/2025\/08\/actualizacion-windows-11.png\" alt=\"\" width=\"1277\" height=\"477\" srcset=\"https:\/\/tickb.umh.es\/files\/2025\/08\/actualizacion-windows-11.png 1277w, https:\/\/tickb.umh.es\/files\/2025\/08\/actualizacion-windows-11-300x112.png 300w, https:\/\/tickb.umh.es\/files\/2025\/08\/actualizacion-windows-11-1024x382.png 1024w, https:\/\/tickb.umh.es\/files\/2025\/08\/actualizacion-windows-11-768x287.png 768w\" sizes=\"(max-width: 1277px) 100vw, 1277px\" \/><\/li>\n<li>Fes clic en\u00a0<strong>Descarregar i instal\u00b7lar<\/strong> i seguix les instruccions en pantalla.L\u2019equip es reiniciar\u00e0 diverses vegades. No l\u2019apagues durant la instal\u00b7laci\u00f3.<\/li>\n<\/ol>\n<hr \/>\n<h3>M\u00e8tode 2: Instal\u00b7laci\u00f3 manual (si Windows Update no mostra l\u2019opci\u00f3)<\/h3>\n<p><strong>Pas 1: Realitzar una c\u00f2pia de seguretat<\/strong><br \/>\nEncara que l\u2019actualitzaci\u00f3 no esborra les dades existents, \u00e9s recomanable fer una c\u00f2pia de seguretat dels teus arxius importants en un disc dur extern, una unitat USB o Google Drive.<\/p>\n<p><strong>Pas 2: Verificar la compatibilitat del sistema<\/strong><\/p>\n<ol>\n<li>Descarrega i executa l\u2019eina de <a href=\"https:\/\/aka.ms\/GetPCHealthCheckApp\">comprovaci\u00f3 de compatibilitat<\/a> des de la web oficial de Microsoft.<\/li>\n<li>Accepta els termes de llic\u00e8ncia i fes clic en\u00a0<strong>Instal\u00b7lar<\/strong>.<br \/>\n<img loading=\"lazy\" class=\"size-full wp-image-2042 aligncenter\" src=\"https:\/\/tickb.umh.es\/files\/2025\/08\/herramienta-comprobacion-1.png\" alt=\"\" width=\"473\" height=\"367\" srcset=\"https:\/\/tickb.umh.es\/files\/2025\/08\/herramienta-comprobacion-1.png 473w, https:\/\/tickb.umh.es\/files\/2025\/08\/herramienta-comprobacion-1-300x233.png 300w\" sizes=\"(max-width: 473px) 100vw, 473px\" \/><\/li>\n<li>En finalitzar, fes clic en\u00a0<strong>Finalitzar<\/strong>\u00a0i despr\u00e9s en\u00a0<strong>Comprovar ara<\/strong>.<br \/>\n<img loading=\"lazy\" class=\"size-full wp-image-2045 aligncenter\" src=\"https:\/\/tickb.umh.es\/files\/2025\/08\/herramienta-comprobacion-2.png\" alt=\"\" width=\"484\" height=\"374\" srcset=\"https:\/\/tickb.umh.es\/files\/2025\/08\/herramienta-comprobacion-2.png 484w, https:\/\/tickb.umh.es\/files\/2025\/08\/herramienta-comprobacion-2-300x232.png 300w\" sizes=\"(max-width: 484px) 100vw, 484px\" \/><br \/>\n<img loading=\"lazy\" class=\"size-full wp-image-2048 aligncenter\" src=\"https:\/\/tickb.umh.es\/files\/2025\/08\/comprobar-windows-11.png\" alt=\"\" width=\"797\" height=\"286\" srcset=\"https:\/\/tickb.umh.es\/files\/2025\/08\/comprobar-windows-11.png 797w, https:\/\/tickb.umh.es\/files\/2025\/08\/comprobar-windows-11-300x108.png 300w, https:\/\/tickb.umh.es\/files\/2025\/08\/comprobar-windows-11-768x276.png 768w\" sizes=\"(max-width: 797px) 100vw, 797px\" \/><\/li>\n<li>Si el teu equip compleix els requisits, continua amb el seg\u00fcent pas.<br \/>\n<img loading=\"lazy\" class=\"size-full wp-image-2051 aligncenter\" src=\"https:\/\/tickb.umh.es\/files\/2025\/08\/requisitos-windows-11.png\" alt=\"\" width=\"438\" height=\"160\" srcset=\"https:\/\/tickb.umh.es\/files\/2025\/08\/requisitos-windows-11.png 438w, https:\/\/tickb.umh.es\/files\/2025\/08\/requisitos-windows-11-300x110.png 300w\" sizes=\"(max-width: 438px) 100vw, 438px\" \/><\/li>\n<\/ol>\n<p><strong>Pas 3: Descarregar i executar l\u2019instal\u00b7lador de Windows 11<\/strong><\/p>\n<ol>\n<li>Descarrega <a href=\"https:\/\/go.microsoft.com\/fwlink\/?linkid=2171764\">l\u2019instal\u00b7lador de Windows 11<\/a> des del lloc oficial de Microsoft.<\/li>\n<li>Executa el fitxer i seguix les instruccions.<br \/>\n<img loading=\"lazy\" class=\"size-full wp-image-2054 aligncenter\" src=\"https:\/\/tickb.umh.es\/files\/2025\/08\/instalar-windows-11.png\" alt=\"\" width=\"904\" height=\"582\" srcset=\"https:\/\/tickb.umh.es\/files\/2025\/08\/instalar-windows-11.png 904w, https:\/\/tickb.umh.es\/files\/2025\/08\/instalar-windows-11-300x193.png 300w, https:\/\/tickb.umh.es\/files\/2025\/08\/instalar-windows-11-768x494.png 768w\" sizes=\"(max-width: 904px) 100vw, 904px\" \/><\/li>\n<li>En finalitzar, fes clic en <strong>Reiniciar ara<\/strong>.<br \/>\n<img loading=\"lazy\" class=\"size-full wp-image-2057 aligncenter\" src=\"https:\/\/tickb.umh.es\/files\/2025\/08\/instalar-windows-11-reiniciar.png\" alt=\"\" width=\"903\" height=\"588\" srcset=\"https:\/\/tickb.umh.es\/files\/2025\/08\/instalar-windows-11-reiniciar.png 903w, https:\/\/tickb.umh.es\/files\/2025\/08\/instalar-windows-11-reiniciar-300x195.png 300w, https:\/\/tickb.umh.es\/files\/2025\/08\/instalar-windows-11-reiniciar-768x500.png 768w\" sizes=\"(max-width: 903px) 100vw, 903px\" \/><\/li>\n<\/ol>\n<hr \/>\n<h3>Nota per al col\u00b7lectiu PTGAS<\/h3>\n<p>El personal de PTGAS no t\u00e9 permisos d\u2019administrador en els seus equips. Han de sol\u00b7licitar l\u2019actualitzaci\u00f3 mitjan\u00e7ant un\u00a0<strong>CAU<\/strong>\u00a0perqu\u00e8 el personal t\u00e8cnic els puga ajudar.<\/p>\n<p>Accedix al portal de CAU en <a href=\"https:\/\/cau.umh.es\/\">l\u2019enlla\u00e7 seg\u00fcent<\/a>.<\/p>\n<hr \/>\n<p>&nbsp;<\/p>\n<table style=\"background-color: #fffdf6;border: 2px solid #ffeaae;margin: 0px auto;height: 77px\" width=\"632\">\n<tbody>\n<tr>\n<td style=\"text-align: left\" width=\"566\">\n<div class=\"confluence-information-macro-body\"><strong>Nota: <\/strong>El proc\u00e9s pot durar m\u00e9s d\u20191 hora i l\u2019equip es reiniciar\u00e0 diverses vegades. No apagues el PC durant la instal\u00b7laci\u00f3.<\/div>\n<\/td>\n<\/tr>\n<\/tbody>\n<\/table>\n<p>&nbsp;<\/p>\n<hr \/>\n<p>&nbsp;<\/p>\n<table style=\"background-color: #fff8f7;border: 2px solid #d04437;margin: 0px auto;height: 91px\" width=\"628\">\n<tbody>\n<tr>\n<td style=\"text-align: justify\" width=\"566\"><span style=\"text-decoration: underline\"><span style=\"color: #000000;text-decoration: underline\"><strong>Advert\u00e8ncia:<\/strong><\/span><\/span><\/p>\n<p>A partir del\u00a0<strong>14 d\u2019octubre de 2025<\/strong>, Microsoft deixar\u00e0 d\u2019oferir suport per a Windows 10. \u00c9s fonamental actualitzar abans d\u2019eixa data per garantir la seguretat i el rendiment de l\u2019equip.<\/td>\n<\/tr>\n<\/tbody>\n<\/table>\n<p>&nbsp;<\/p>\n<hr \/>\n<h3><\/h3>\n<table style=\"background-color: white;border: 2px solid black;margin: 0px auto;height: 107px\" width=\"634\">\n<tbody>\n<tr>\n<td style=\"text-align: left\" width=\"566\">\n<p class=\"title\"><strong>Enlla\u00e7os relacionats<\/strong><\/p>\n<div class=\"confluence-information-macro-body\">\n<ul>\n<li><a href=\"https:\/\/tickb.umh.es\/ca\/soporte-a-equipamiento-informatico\/mantenimiento-de-equipamiento-informatico-corporativo\/como-verificar-la-version-de-windows-instalada-en-tu-pc\/\">Com verificar la versi\u00f3 de Windows instal\u00b7lada en el teu PC<\/a><\/li>\n<\/ul>\n<\/div>\n<\/td>\n<\/tr>\n<\/tbody>\n<\/table>\n<p><\/p>","protected":false},"excerpt":{"rendered":"<p>Si vols actualitzar el teu equip amb Windows 10 a Windows 11, tens dues opcions: fer-ho des de\u00a0Windows Update\u00a0o realitzar una\u00a0instal\u00b7laci\u00f3 manual. A continuaci\u00f3, t\u2019expliquem tots dos m\u00e8todes pas a pas.<\/p>\n<p>M\u00e8tode 1: Actualitzaci\u00f3 des de Windows Update<br \/>\nPas 1: Realitzar una c\u00f2pia de seguretat<br \/>\nEncara que l\u2019actualitzaci\u00f3 no esborra les dades existents, \u00e9s recomanable fer una c\u00f2pia [&#8230;]<\/p>\n","protected":false},"author":30672,"featured_media":0,"parent":77,"menu_order":0,"comment_status":"closed","ping_status":"closed","template":"","meta":{"_links_to":"","_links_to_target":""},"_links":{"self":[{"href":"https:\/\/tickb.umh.es\/ca\/wp-json\/wp\/v2\/pages\/2030"}],"collection":[{"href":"https:\/\/tickb.umh.es\/ca\/wp-json\/wp\/v2\/pages"}],"about":[{"href":"https:\/\/tickb.umh.es\/ca\/wp-json\/wp\/v2\/types\/page"}],"author":[{"embeddable":true,"href":"https:\/\/tickb.umh.es\/ca\/wp-json\/wp\/v2\/users\/30672"}],"replies":[{"embeddable":true,"href":"https:\/\/tickb.umh.es\/ca\/wp-json\/wp\/v2\/comments?post=2030"}],"version-history":[{"count":0,"href":"https:\/\/tickb.umh.es\/ca\/wp-json\/wp\/v2\/pages\/2030\/revisions"}],"up":[{"embeddable":true,"href":"https:\/\/tickb.umh.es\/ca\/wp-json\/wp\/v2\/pages\/77"}],"wp:attachment":[{"href":"https:\/\/tickb.umh.es\/ca\/wp-json\/wp\/v2\/media?parent=2030"}],"curies":[{"name":"wp","href":"https:\/\/api.w.org\/{rel}","templated":true}]}}