{"id":2071,"date":"2025-08-04T13:14:17","date_gmt":"2025-08-04T11:14:17","guid":{"rendered":"https:\/\/tickb.umh.es\/?page_id=2071"},"modified":"2025-08-05T09:27:56","modified_gmt":"2025-08-05T07:27:56","slug":"como-solicitar-el-alta-de-un-nuevo-buzon-de-correo-institucional-umh-es","status":"publish","type":"page","link":"https:\/\/tickb.umh.es\/ca\/correo-y-colaboracion\/como-solicitar-el-alta-de-un-nuevo-buzon-de-correo-institucional-umh-es\/","title":{"rendered":"Com sol\u00b7licitar l\u2019alta d\u2019un nou b\u00fastia de correu institucional @umh.es"},"content":{"rendered":"<p>Si necessites crear un compte de correu institucional no personal (per exemple, per a un departament, grup de treball o projecte), pots fer-ho a trav\u00e9s del CAU (Centre d&#8217;Atenci\u00f3 a l&#8217;Usuari) de la Universitat Miguel Hern\u00e1ndez. A continuaci\u00f3, es detalla el proc\u00e9s pas a pas:<\/p>\n<h3>Passos per a fer la sol\u00b7licitud<\/h3>\n<ol>\n<li><strong>Accedeix al portal CAU<\/strong><br \/>\nVes a:\u00a0<a href=\"https:\/\/cau.umh.es\">https:\/\/cau.umh.es<\/a><\/li>\n<li><strong>Crear un nou tiquet<\/strong><br \/>\nFes clic en l&#8217;opci\u00f3\u00a0<strong>\u00abNou tiquet\u00bb<\/strong>.<br \/>\n<img loading=\"lazy\" class=\"size-full wp-image-2080 aligncenter\" src=\"https:\/\/tickb.umh.es\/files\/2025\/08\/tickets-1.png\" alt=\"\" width=\"928\" height=\"773\" srcset=\"https:\/\/tickb.umh.es\/files\/2025\/08\/tickets-1.png 928w, https:\/\/tickb.umh.es\/files\/2025\/08\/tickets-1-300x250.png 300w, https:\/\/tickb.umh.es\/files\/2025\/08\/tickets-1-768x640.png 768w\" sizes=\"(max-width: 928px) 100vw, 928px\" \/><\/li>\n<li><strong>Seleccionar la unitat corresponent<\/strong><br \/>\nEn el formulari de creaci\u00f3 del tiquet, selecciona les seg\u00fcents opcions en ordre:<\/p>\n<ul>\n<li><strong>Unitat<\/strong>: Centre d&#8217;Atenci\u00f3 a l&#8217;Usuari<\/li>\n<li><strong>Categoria<\/strong>: Sol\u00b7licituds TIC<\/li>\n<li><strong>Subcategoria<\/strong>: Sol\u00b7licitud de compte de correu (no personal)<br \/>\n<img loading=\"lazy\" class=\"size-full wp-image-2077 aligncenter\" src=\"https:\/\/tickb.umh.es\/files\/2025\/08\/correo-no-personal-ticketing.png\" alt=\"\" width=\"894\" height=\"737\" srcset=\"https:\/\/tickb.umh.es\/files\/2025\/08\/correo-no-personal-ticketing.png 894w, https:\/\/tickb.umh.es\/files\/2025\/08\/correo-no-personal-ticketing-300x247.png 300w, https:\/\/tickb.umh.es\/files\/2025\/08\/correo-no-personal-ticketing-768x633.png 768w\" sizes=\"(max-width: 894px) 100vw, 894px\" \/><\/li>\n<\/ul>\n<\/li>\n<li><strong>Emplenar el formulari de sol\u00b7licitud<\/strong><br \/>\nS&#8217;obrir\u00e0 un formulari on haur\u00e0s de completar els seg\u00fcents camps:<\/p>\n<ul>\n<li><strong>Adre\u00e7a de correu desitjada<\/strong><\/li>\n<li><strong>Descripci\u00f3 del compte<\/strong><\/li>\n<li><strong>Responsable del compte<\/strong><\/li>\n<li><strong>Dates d&#8217;alta i baixa<\/strong><\/li>\n<li><strong>Permisos delegats del compte<\/strong>\u00a0<em>(opcional)<br \/>\n<img loading=\"lazy\" class=\"size-large wp-image-2086 aligncenter\" src=\"https:\/\/tickb.umh.es\/files\/2025\/08\/formulario-correo-1-793x1024.png\" alt=\"\" width=\"793\" height=\"1024\" srcset=\"https:\/\/tickb.umh.es\/files\/2025\/08\/formulario-correo-1-793x1024.png 793w, https:\/\/tickb.umh.es\/files\/2025\/08\/formulario-correo-1-232x300.png 232w, https:\/\/tickb.umh.es\/files\/2025\/08\/formulario-correo-1-768x992.png 768w, https:\/\/tickb.umh.es\/files\/2025\/08\/formulario-correo-1.png 959w\" sizes=\"(max-width: 793px) 100vw, 793px\" \/><br \/>\n<\/em><\/li>\n<\/ul>\n<\/li>\n<li><strong>Enviar la sol\u00b7licitud<\/strong><br \/>\nUna vegada completat el formulari, fes clic en\u00a0<strong>\u00abEnviar\u00bb<\/strong>.<\/li>\n<\/ol>\n<h3>Qu\u00e8 passa despr\u00e9s?<\/h3>\n<ul>\n<li>L&#8217;equip del CAU revisar\u00e0 i gestionar\u00e0 la teua petici\u00f3.<\/li>\n<li>Rebr\u00e0s una notificaci\u00f3 per correu electr\u00f2nic quan el compte haja sigut creat o si es necessita informaci\u00f3 addicional.<\/li>\n<\/ul>\n<p><\/p>","protected":false},"excerpt":{"rendered":"<p>Si necessites crear un compte de correu institucional no personal (per exemple, per a un departament, grup de treball o projecte), pots fer-ho a trav\u00e9s del CAU (Centre d&#8217;Atenci\u00f3 a l&#8217;Usuari) de la Universitat Miguel Hern\u00e1ndez. A continuaci\u00f3, es detalla el proc\u00e9s pas a pas:<br \/>\nPassos per a fer la sol\u00b7licitud<\/p>\n<p>Accedeix al portal CAU<br \/>\nVes a:\u00a0https:\/\/cau.umh.es<br \/>\nCrear un [&#8230;]<\/p>\n","protected":false},"author":30672,"featured_media":0,"parent":38,"menu_order":0,"comment_status":"closed","ping_status":"closed","template":"","meta":{"_links_to":"","_links_to_target":""},"_links":{"self":[{"href":"https:\/\/tickb.umh.es\/ca\/wp-json\/wp\/v2\/pages\/2071"}],"collection":[{"href":"https:\/\/tickb.umh.es\/ca\/wp-json\/wp\/v2\/pages"}],"about":[{"href":"https:\/\/tickb.umh.es\/ca\/wp-json\/wp\/v2\/types\/page"}],"author":[{"embeddable":true,"href":"https:\/\/tickb.umh.es\/ca\/wp-json\/wp\/v2\/users\/30672"}],"replies":[{"embeddable":true,"href":"https:\/\/tickb.umh.es\/ca\/wp-json\/wp\/v2\/comments?post=2071"}],"version-history":[{"count":0,"href":"https:\/\/tickb.umh.es\/ca\/wp-json\/wp\/v2\/pages\/2071\/revisions"}],"up":[{"embeddable":true,"href":"https:\/\/tickb.umh.es\/ca\/wp-json\/wp\/v2\/pages\/38"}],"wp:attachment":[{"href":"https:\/\/tickb.umh.es\/ca\/wp-json\/wp\/v2\/media?parent=2071"}],"curies":[{"name":"wp","href":"https:\/\/api.w.org\/{rel}","templated":true}]}}