{"id":2089,"date":"2025-08-05T09:16:21","date_gmt":"2025-08-05T07:16:21","guid":{"rendered":"https:\/\/tickb.umh.es\/?page_id=2089"},"modified":"2025-08-05T09:16:21","modified_gmt":"2025-08-05T07:16:21","slug":"como-gestionar-un-doble-perfil-de-usuario-en-la-universidad","status":"publish","type":"page","link":"https:\/\/tickb.umh.es\/ca\/gestion-de-identidades\/como-gestionar-un-doble-perfil-de-usuario-en-la-universidad\/","title":{"rendered":"Com gestionar un doble perfil d&#8217;usuari a la Universitat"},"content":{"rendered":"<p>A la Universitat Miguel Hern\u00e1ndez (UMH), \u00e9s possible que una mateixa persona dispose de dos perfils d&#8217;usuari si desenvolupa diferents funcions dins de la instituci\u00f3. Este document explica com identificar i gestionar correctament estos perfils per a evitar problemes d&#8217;acc\u00e9s als serveis digitals.<\/p>\n<h3>Tipus de perfils a la UMH<\/h3>\n<p>La universitat assigna perfils segons el tipus de vinculaci\u00f3:<\/p>\n<ul>\n<li><strong>Perfil professional<\/strong>: destinat als col\u00b7lectius seg\u00fcents:\n<ul>\n<li>Personal T\u00e8cnic de Gesti\u00f3 i Serveis (PTGAS)<\/li>\n<li>Personal Docent i Investigador (PDI)<\/li>\n<li>Personal Investigador (PI)<\/li>\n<\/ul>\n<\/li>\n<li><strong>Perfil d&#8217;estudiant<\/strong>: assignat a qui est\u00e0 matriculat en estudis universitaris.<\/li>\n<\/ul>\n<p>\u00c9s habitual que un estudiant adquirisca tamb\u00e9 un perfil professional si comen\u00e7a a col\u00b7laborar en un departament o realitza pr\u00e0ctiques internes.<\/p>\n<h3>Problemes habituals amb el doble perfil<\/h3>\n<p>Si s&#8217;utilitza el n\u00famero de DNI com a identificador d&#8217;usuari, poden sorgir els seg\u00fcents inconvenients:<\/p>\n<ul>\n<li><strong>Acc\u00e9s al Campus Virtual UMH<\/strong>: el sistema pot indicar que no est\u00e0s matriculat si accedeixes amb el perfil professional.<\/li>\n<li><strong>Serveis de Google (Gmail, Drive, etc.)<\/strong>: en iniciar sessi\u00f3, pots ser redirigit al perfil professional, cosa que impedeix accedir al correu o als arxius del perfil d&#8217;estudiant.<\/li>\n<\/ul>\n<h3>Recomanacions per a evitar conflictes<\/h3>\n<ul>\n<li>No utilitzar el DNI com a identificador d&#8217;usuari.<\/li>\n<li>Emprar el nom d&#8217;usuari espec\u00edfic que ha sigut assignat per a cada perfil (estudiant i professional).<\/li>\n<\/ul>\n<h3>Com consultar els teus comptes d&#8217;usuari<\/h3>\n<p>Si no coneixes els noms d&#8217;usuari associats als teus perfils, seguix estos passos:<\/p>\n<h4>Guia pas a pas<\/h4>\n<ol>\n<li>Accedeix a l&#8217;enlla\u00e7 seg\u00fcent: <a href=\"https:\/\/universite.umh.es\/lince\">https:\/\/universite.umh.es\/lince<\/a><br \/>\n<img loading=\"lazy\" class=\"size-large wp-image-2092 aligncenter\" src=\"https:\/\/tickb.umh.es\/files\/2025\/08\/umh-lince-1024x534.png\" alt=\"\" width=\"1024\" height=\"534\" srcset=\"https:\/\/tickb.umh.es\/files\/2025\/08\/umh-lince-1024x534.png 1024w, https:\/\/tickb.umh.es\/files\/2025\/08\/umh-lince-300x156.png 300w, https:\/\/tickb.umh.es\/files\/2025\/08\/umh-lince-768x400.png 768w, https:\/\/tickb.umh.es\/files\/2025\/08\/umh-lince-1536x800.png 1536w, https:\/\/tickb.umh.es\/files\/2025\/08\/umh-lince.png 1919w\" sizes=\"(max-width: 1024px) 100vw, 1024px\" \/><\/li>\n<li>Introdueix un dels seg\u00fcents dades:\n<ul>\n<li>DNI \/NIE<\/li>\n<li>N\u00famero de passaport<\/li>\n<li>Nom d&#8217;usuari UMH<\/li>\n<\/ul>\n<\/li>\n<li>Fes clic en\u00a0<strong>&#8220;Seg\u00fcent&#8221;<\/strong>.<\/li>\n<li>El sistema mostrar\u00e0 tots els usuaris associats a la teua identitat en la UMH.<br \/>\n<img loading=\"lazy\" class=\"size-large wp-image-2095 aligncenter\" src=\"https:\/\/tickb.umh.es\/files\/2025\/08\/cambio-contrasena-1024x310.png\" alt=\"\" width=\"1024\" height=\"310\" srcset=\"https:\/\/tickb.umh.es\/files\/2025\/08\/cambio-contrasena-1024x310.png 1024w, https:\/\/tickb.umh.es\/files\/2025\/08\/cambio-contrasena-300x91.png 300w, https:\/\/tickb.umh.es\/files\/2025\/08\/cambio-contrasena-768x233.png 768w, https:\/\/tickb.umh.es\/files\/2025\/08\/cambio-contrasena.png 1250w\" sizes=\"(max-width: 1024px) 100vw, 1024px\" \/><\/li>\n<\/ol>\n<p>&nbsp;<\/p>\n<table style=\"background-color: #fff8f7;border: 2px solid #d04437;margin: 0px auto;height: 91px\" width=\"628\">\n<tbody>\n<tr>\n<td style=\"text-align: justify\" width=\"566\"><span style=\"text-decoration: underline\"><span style=\"color: #000000;text-decoration: underline\"><strong>Advertiment:<\/strong><\/span><\/span><\/p>\n<p>En accedir amb el teu DNI, es seleccionar\u00e0 autom\u00e0ticament el compte de rang superior.<\/td>\n<\/tr>\n<\/tbody>\n<\/table>\n<p><\/p>","protected":false},"excerpt":{"rendered":"<p>A la Universitat Miguel Hern\u00e1ndez (UMH), \u00e9s possible que una mateixa persona dispose de dos perfils d&#8217;usuari si desenvolupa diferents funcions dins de la instituci\u00f3. Este document explica com identificar i gestionar correctament estos perfils per a evitar problemes d&#8217;acc\u00e9s als serveis digitals.<br \/>\nTipus de perfils a la UMH<br \/>\nLa universitat assigna perfils segons el tipus de [&#8230;]<\/p>\n","protected":false},"author":30672,"featured_media":0,"parent":41,"menu_order":0,"comment_status":"closed","ping_status":"closed","template":"","meta":{"_links_to":"","_links_to_target":""},"_links":{"self":[{"href":"https:\/\/tickb.umh.es\/ca\/wp-json\/wp\/v2\/pages\/2089"}],"collection":[{"href":"https:\/\/tickb.umh.es\/ca\/wp-json\/wp\/v2\/pages"}],"about":[{"href":"https:\/\/tickb.umh.es\/ca\/wp-json\/wp\/v2\/types\/page"}],"author":[{"embeddable":true,"href":"https:\/\/tickb.umh.es\/ca\/wp-json\/wp\/v2\/users\/30672"}],"replies":[{"embeddable":true,"href":"https:\/\/tickb.umh.es\/ca\/wp-json\/wp\/v2\/comments?post=2089"}],"version-history":[{"count":0,"href":"https:\/\/tickb.umh.es\/ca\/wp-json\/wp\/v2\/pages\/2089\/revisions"}],"up":[{"embeddable":true,"href":"https:\/\/tickb.umh.es\/ca\/wp-json\/wp\/v2\/pages\/41"}],"wp:attachment":[{"href":"https:\/\/tickb.umh.es\/ca\/wp-json\/wp\/v2\/media?parent=2089"}],"curies":[{"name":"wp","href":"https:\/\/api.w.org\/{rel}","templated":true}]}}