{"id":2107,"date":"2025-08-05T11:56:52","date_gmt":"2025-08-05T09:56:52","guid":{"rendered":"https:\/\/tickb.umh.es\/?page_id=2107"},"modified":"2025-08-05T11:56:52","modified_gmt":"2025-08-05T09:56:52","slug":"como-solicitar-el-alta-de-usuarios-en-el-directorio-umhnet","status":"publish","type":"page","link":"https:\/\/tickb.umh.es\/ca\/gestion-de-identidades\/como-solicitar-el-alta-de-usuarios-en-el-directorio-umhnet\/","title":{"rendered":"Com sol\u00b7licitar l\u2019alta d\u2019usuaris en el directori UMHNET"},"content":{"rendered":"<p>Per al personal contractat per la Universitat Miguel Hern\u00e1ndez (UMH), el compte de domini institucional es crea autom\u00e0ticament en el moment en qu\u00e8 es formalitza la seua relaci\u00f3 laboral amb la universitat. En canvi, per al personal col\u00b7laborador, aquest servei pot ser sol\u00b7licitat sempre que es precise un usuari de domini per a poder realitzar les seues tasques a la UMH.<\/p>\n<h3>Passos per a fer la sol\u00b7licitud<\/h3>\n<ol>\n<li><strong>Accedeix al portal CAU<\/strong><br \/>\nVes a:\u00a0<a href=\"https:\/\/cau.umh.es\">https:\/\/cau.umh.es<\/a><\/li>\n<li><strong>Crear un nou tiquet<\/strong><br \/>\nFes clic en l\u2019opci\u00f3\u00a0<strong>\u00abNou tiquet\u00bb<\/strong>.<br \/>\n<img loading=\"lazy\" class=\"size-full wp-image-2080 aligncenter\" src=\"https:\/\/tickb.umh.es\/files\/2025\/08\/tickets-1.png\" alt=\"\" width=\"928\" height=\"773\" srcset=\"https:\/\/tickb.umh.es\/files\/2025\/08\/tickets-1.png 928w, https:\/\/tickb.umh.es\/files\/2025\/08\/tickets-1-300x250.png 300w, https:\/\/tickb.umh.es\/files\/2025\/08\/tickets-1-768x640.png 768w\" sizes=\"(max-width: 928px) 100vw, 928px\" \/><\/li>\n<li><strong>Seleccionar la unitat corresponent<\/strong><br \/>\nEn el formulari de creaci\u00f3 del tiquet, selecciona:<\/p>\n<ul>\n<li><strong>Unitat<\/strong>: Centre d\u2019Atenci\u00f3 a l\u2019Usuari<\/li>\n<li><strong>Categoria<\/strong>: Sol\u00b7licituds TIC<\/li>\n<li><strong>Subcategoria<\/strong>: Sol\u00b7licitud\/Renovaci\u00f3 d\u2019usuaris<br \/>\n<img loading=\"lazy\" class=\"size-full wp-image-2110 aligncenter\" src=\"https:\/\/tickb.umh.es\/files\/2025\/08\/ticket-alta-usuario.png\" alt=\"\" width=\"746\" height=\"737\" srcset=\"https:\/\/tickb.umh.es\/files\/2025\/08\/ticket-alta-usuario.png 746w, https:\/\/tickb.umh.es\/files\/2025\/08\/ticket-alta-usuario-300x296.png 300w\" sizes=\"(max-width: 746px) 100vw, 746px\" \/><\/li>\n<\/ul>\n<\/li>\n<li><strong>Emplenar el formulari de sol\u00b7licitud<\/strong><br \/>\nIndica:<\/p>\n<ul>\n<li>Dades de la persona<\/li>\n<li>Funci\u00f3 que se sol\u00b7licita<\/li>\n<li>Data d\u2019inici i fi<br \/>\n<img loading=\"lazy\" class=\"size-large wp-image-2113 aligncenter\" src=\"https:\/\/tickb.umh.es\/files\/2025\/08\/formulario-usuario-819x1024.png\" alt=\"\" width=\"819\" height=\"1024\" srcset=\"https:\/\/tickb.umh.es\/files\/2025\/08\/formulario-usuario-819x1024.png 819w, https:\/\/tickb.umh.es\/files\/2025\/08\/formulario-usuario-240x300.png 240w, https:\/\/tickb.umh.es\/files\/2025\/08\/formulario-usuario-768x960.png 768w, https:\/\/tickb.umh.es\/files\/2025\/08\/formulario-usuario.png 942w\" sizes=\"(max-width: 819px) 100vw, 819px\" \/><\/li>\n<\/ul>\n<\/li>\n<li><strong>Enviar la sol\u00b7licitud<\/strong><br \/>\nFes clic en\u00a0<strong>\u00abEnviar\u00bb<\/strong>\u00a0per a completar el proc\u00e9s.<\/li>\n<\/ol>\n<h3>Qu\u00e8 passa despr\u00e9s?<\/h3>\n<p>Una vegada enviada la sol\u00b7licitud:<\/p>\n<ul>\n<li>L\u2019equip del CAU revisar\u00e0 i gestionar\u00e0 la teua petici\u00f3.<\/li>\n<li>Rebr\u00e0s una notificaci\u00f3 per correu electr\u00f2nic quan s\u2019haja assignat la nova funci\u00f3 a l\u2019usuari o si es necessita informaci\u00f3 addicional.<\/li>\n<\/ul>\n<p><\/p>","protected":false},"excerpt":{"rendered":"<p>Per al personal contractat per la Universitat Miguel Hern\u00e1ndez (UMH), el compte de domini institucional es crea autom\u00e0ticament en el moment en qu\u00e8 es formalitza la seua relaci\u00f3 laboral amb la universitat. En canvi, per al personal col\u00b7laborador, aquest servei pot ser sol\u00b7licitat sempre que es precise un usuari de domini per a poder realitzar [&#8230;]<\/p>\n","protected":false},"author":30672,"featured_media":0,"parent":41,"menu_order":0,"comment_status":"closed","ping_status":"closed","template":"","meta":{"_links_to":"","_links_to_target":""},"_links":{"self":[{"href":"https:\/\/tickb.umh.es\/ca\/wp-json\/wp\/v2\/pages\/2107"}],"collection":[{"href":"https:\/\/tickb.umh.es\/ca\/wp-json\/wp\/v2\/pages"}],"about":[{"href":"https:\/\/tickb.umh.es\/ca\/wp-json\/wp\/v2\/types\/page"}],"author":[{"embeddable":true,"href":"https:\/\/tickb.umh.es\/ca\/wp-json\/wp\/v2\/users\/30672"}],"replies":[{"embeddable":true,"href":"https:\/\/tickb.umh.es\/ca\/wp-json\/wp\/v2\/comments?post=2107"}],"version-history":[{"count":0,"href":"https:\/\/tickb.umh.es\/ca\/wp-json\/wp\/v2\/pages\/2107\/revisions"}],"up":[{"embeddable":true,"href":"https:\/\/tickb.umh.es\/ca\/wp-json\/wp\/v2\/pages\/41"}],"wp:attachment":[{"href":"https:\/\/tickb.umh.es\/ca\/wp-json\/wp\/v2\/media?parent=2107"}],"curies":[{"name":"wp","href":"https:\/\/api.w.org\/{rel}","templated":true}]}}