{"id":2117,"date":"2025-08-06T11:06:58","date_gmt":"2025-08-06T09:06:58","guid":{"rendered":"https:\/\/tickb.umh.es\/?page_id=2117"},"modified":"2025-08-06T11:06:58","modified_gmt":"2025-08-06T09:06:58","slug":"como-solicitar-la-retirada-de-material-informatico","status":"publish","type":"page","link":"https:\/\/tickb.umh.es\/ca\/soporte-a-equipamiento-informatico\/como-solicitar-la-retirada-de-material-informatico\/","title":{"rendered":"Com sol\u00b7licitar la retirada de material inform\u00e0tic"},"content":{"rendered":"<p>En aquest article veurem com sol\u00b7licitar la retirada de material inform\u00e0tic.<\/p>\n<p>En l\u2019article 7 del Reglament de gesti\u00f3 patrimonial i inventari de b\u00e9ns de la Universitat Miguel Hern\u00e1ndez d\u2019Elx, s\u2019indica que cada Unitat Org\u00e0nica de la Universitat \u00e9s la responsable de la cust\u00f2dia dels b\u00e9ns mobles assignats, aix\u00ed com de la comunicaci\u00f3 de les alteracions que es produ\u00efsquen mitjan\u00e7ant l\u2019inici del tr\u00e0mit corresponent que permeta el seu reflex en l\u2019Inventari.<\/p>\n<hr \/>\n<h3><strong>Passos per a realitzar la sol\u00b7licitud<\/strong><\/h3>\n<ol>\n<li><strong>Accedeix al portal CAU<\/strong><br \/>\nDirigeix-te a: <a href=\"https:\/\/cau.umh.es\/\">https:\/\/cau.umh.es<\/a><\/li>\n<li><strong>Crear un nou tiquet<\/strong><br \/>\nFes clic en l\u2019opci\u00f3 \u00abNou tiquet\u00bb.<br \/>\n<img loading=\"lazy\" class=\"size-full wp-image-2080 aligncenter\" src=\"https:\/\/tickb.umh.es\/files\/2025\/08\/tickets-1.png\" alt=\"\" width=\"928\" height=\"773\" srcset=\"https:\/\/tickb.umh.es\/files\/2025\/08\/tickets-1.png 928w, https:\/\/tickb.umh.es\/files\/2025\/08\/tickets-1-300x250.png 300w, https:\/\/tickb.umh.es\/files\/2025\/08\/tickets-1-768x640.png 768w\" sizes=\"(max-width: 928px) 100vw, 928px\" \/><\/li>\n<li><strong>Seleccionar la unitat corresponent<\/strong><br \/>\nEn el formulari de creaci\u00f3 del tiquet, selecciona les seg\u00fcents opcions en ordre:<\/p>\n<ul>\n<li><strong>Unitat:<\/strong> Centre d\u2019Atenci\u00f3 a l\u2019Usuari<\/li>\n<li><strong>Categoria:<\/strong> Sol\u00b7licituds TIC<\/li>\n<li><strong>Subcategoria:<\/strong> Sol\u00b7licitud de baixa de material inform\u00e0tic<br \/>\n<img loading=\"lazy\" class=\"size-full wp-image-2120 aligncenter\" src=\"https:\/\/tickb.umh.es\/files\/2025\/08\/ticket-retirada.png\" alt=\"\" width=\"922\" height=\"878\" srcset=\"https:\/\/tickb.umh.es\/files\/2025\/08\/ticket-retirada.png 922w, https:\/\/tickb.umh.es\/files\/2025\/08\/ticket-retirada-300x286.png 300w, https:\/\/tickb.umh.es\/files\/2025\/08\/ticket-retirada-768x731.png 768w\" sizes=\"(max-width: 922px) 100vw, 922px\" \/><\/li>\n<\/ul>\n<\/li>\n<li><strong>Omplir el formulari<\/strong><br \/>\nS\u2019obrir\u00e0 un formulari en qu\u00e8 haur\u00e0s de completar els seg\u00fcents camps:<\/p>\n<ul>\n<li><strong>Autoritzador<\/strong>\n<ul>\n<li>Persona responsable de la Unitat Organitzativa a la qual pertanyen els equips<\/li>\n<\/ul>\n<\/li>\n<li><strong>Ubicaci\u00f3 del material<\/strong>\n<ul>\n<li>Cal indicar: Campus, edifici i estan\u00e7a on es troba el material<\/li>\n<\/ul>\n<\/li>\n<li><strong>Llistat de material<\/strong>\n<ul>\n<li>Tipus de material: Port\u00e0til, monitor, etc.<\/li>\n<li>N\u00fam. d\u2019inventari<\/li>\n<li>N\u00fam. de s\u00e8rie<\/li>\n<li>Marca<\/li>\n<li>Model<br \/>\n<img loading=\"lazy\" class=\"size-full wp-image-2123 aligncenter\" src=\"https:\/\/tickb.umh.es\/files\/2025\/08\/retirada-material.png\" alt=\"\" width=\"942\" height=\"931\" srcset=\"https:\/\/tickb.umh.es\/files\/2025\/08\/retirada-material.png 942w, https:\/\/tickb.umh.es\/files\/2025\/08\/retirada-material-300x296.png 300w, https:\/\/tickb.umh.es\/files\/2025\/08\/retirada-material-768x759.png 768w\" sizes=\"(max-width: 942px) 100vw, 942px\" \/><\/p>\n<table style=\"background-color: #fffdf6;border: 2px solid #ffeaae;margin: 0px auto;height: 77px\" width=\"632\">\n<tbody>\n<tr>\n<td style=\"text-align: left\" width=\"566\">\n<div class=\"confluence-information-macro-body\"><strong>Nota:<\/strong>En cas que no figure el n\u00famero d\u2019inventari i\/o n\u00famero de s\u00e8rie en el cercador, selecciona l\u2019opci\u00f3\u00a0ALTRE\u00a0per a introduir la dada de forma manual.<\/div>\n<\/td>\n<\/tr>\n<\/tbody>\n<\/table>\n<\/li>\n<\/ul>\n<\/li>\n<\/ul>\n<\/li>\n<li><strong>Enviar la sol\u00b7licitud<\/strong><\/li>\n<\/ol>\n<ul>\n<li style=\"list-style-type: none\">\n<ul>\n<li>Fes clic en <strong>\u00abEnviar\u00bb<\/strong> per a completar el proc\u00e9s.<\/li>\n<\/ul>\n<\/li>\n<\/ul>\n<p><\/p>","protected":false},"excerpt":{"rendered":"<p>En aquest article veurem com sol\u00b7licitar la retirada de material inform\u00e0tic.<br \/>\nEn l\u2019article 7 del Reglament de gesti\u00f3 patrimonial i inventari de b\u00e9ns de la Universitat Miguel Hern\u00e1ndez d\u2019Elx, s\u2019indica que cada Unitat Org\u00e0nica de la Universitat \u00e9s la responsable de la cust\u00f2dia dels b\u00e9ns mobles assignats, aix\u00ed com de la comunicaci\u00f3 de les alteracions que [&#8230;]<\/p>\n","protected":false},"author":30672,"featured_media":0,"parent":47,"menu_order":0,"comment_status":"closed","ping_status":"closed","template":"","meta":{"_links_to":"","_links_to_target":""},"_links":{"self":[{"href":"https:\/\/tickb.umh.es\/ca\/wp-json\/wp\/v2\/pages\/2117"}],"collection":[{"href":"https:\/\/tickb.umh.es\/ca\/wp-json\/wp\/v2\/pages"}],"about":[{"href":"https:\/\/tickb.umh.es\/ca\/wp-json\/wp\/v2\/types\/page"}],"author":[{"embeddable":true,"href":"https:\/\/tickb.umh.es\/ca\/wp-json\/wp\/v2\/users\/30672"}],"replies":[{"embeddable":true,"href":"https:\/\/tickb.umh.es\/ca\/wp-json\/wp\/v2\/comments?post=2117"}],"version-history":[{"count":0,"href":"https:\/\/tickb.umh.es\/ca\/wp-json\/wp\/v2\/pages\/2117\/revisions"}],"up":[{"embeddable":true,"href":"https:\/\/tickb.umh.es\/ca\/wp-json\/wp\/v2\/pages\/47"}],"wp:attachment":[{"href":"https:\/\/tickb.umh.es\/ca\/wp-json\/wp\/v2\/media?parent=2117"}],"curies":[{"name":"wp","href":"https:\/\/api.w.org\/{rel}","templated":true}]}}