{"id":251,"date":"2025-03-27T13:23:01","date_gmt":"2025-03-27T12:23:01","guid":{"rendered":"https:\/\/tickb.umh.es\/?page_id=251"},"modified":"2025-03-27T13:29:51","modified_gmt":"2025-03-27T12:29:51","slug":"como-iniciar-sesion-en-una-impresora-del-servicio-de-impresion-centralizada","status":"publish","type":"page","link":"https:\/\/tickb.umh.es\/ca\/soporte-a-equipamiento-informatico\/impresion-corporativa\/como-iniciar-sesion-en-una-impresora-del-servicio-de-impresion-centralizada\/","title":{"rendered":"Com iniciar sessi\u00f3 en una impressora del servei d&#8217;impressi\u00f3 centralitzada"},"content":{"rendered":"<p>La intenci\u00f3 d&#8217;aquesta entrada \u00e9s donar una idea r\u00e0pida d&#8217;usos dels nous equips Konica Minolta instal\u00b7lats a la Universitat Miguel Hern\u00e1ndez.<\/p>\n<p>En concret, ens centrarem ara en com iniciar sessi\u00f3 amb el nostre compte en una impressora del servei d&#8217;impressi\u00f3 centralitzada.<\/p>\n<p>Inicialment, la impressora tindr\u00e0 la pantalla apagada. Per a encendre-la, simplement toca-la perqu\u00e8 la m\u00e0quina es &#8220;desperte&#8221; i aparega la seg\u00fcent pantalla d&#8217;identificaci\u00f3:<\/p>\n<p style=\"text-align: justify;\"><img loading=\"lazy\" class=\"size-medium wp-image-230 aligncenter\" src=\"https:\/\/tickb.umh.es\/files\/2025\/03\/ImpresionC1-300x188.jpeg\" alt=\"\" width=\"300\" height=\"188\" srcset=\"https:\/\/tickb.umh.es\/files\/2025\/03\/ImpresionC1-300x188.jpeg 300w, https:\/\/tickb.umh.es\/files\/2025\/03\/ImpresionC1-768x481.jpeg 768w, https:\/\/tickb.umh.es\/files\/2025\/03\/ImpresionC1.jpeg 790w\" sizes=\"(max-width: 300px) 100vw, 300px\" \/><\/p>\n<p>Premem en el camp &#8220;<strong>Nom d&#8217;Usuari<\/strong>&#8221; i introdu\u00efm el nostre nom de domini (sense @umh.es), despr\u00e9s fem el mateix amb el camp de &#8220;<strong>Contrasenya<\/strong>&#8220;.<\/p>\n<p>Per a aquells que usen car\u00e0cters especials, i no els troben en la primera pantalla, han de pr\u00e9mer la tecla &#8220;<strong>&amp;123<\/strong>&#8220;.<\/p>\n<p style=\"text-align: justify;\"><img loading=\"lazy\" class=\"size-medium wp-image-233 aligncenter\" src=\"https:\/\/tickb.umh.es\/files\/2025\/03\/ImpresionC2-254x300.jpeg\" alt=\"\" width=\"254\" height=\"300\" srcset=\"https:\/\/tickb.umh.es\/files\/2025\/03\/ImpresionC2-254x300.jpeg 254w, https:\/\/tickb.umh.es\/files\/2025\/03\/ImpresionC2.jpeg 425w\" sizes=\"(max-width: 254px) 100vw, 254px\" \/><\/p>\n<p style=\"text-align: justify;\">I si necessiten m\u00e9s car\u00e0cters, premem en &#8220;#+=&#8221;.<\/p>\n<p style=\"text-align: justify;\"><img loading=\"lazy\" class=\"size-medium wp-image-236 aligncenter\" src=\"https:\/\/tickb.umh.es\/files\/2025\/03\/ImpresionC3-300x180.jpeg\" alt=\"\" width=\"300\" height=\"180\" srcset=\"https:\/\/tickb.umh.es\/files\/2025\/03\/ImpresionC3-300x180.jpeg 300w, https:\/\/tickb.umh.es\/files\/2025\/03\/ImpresionC3.jpeg 417w\" sizes=\"(max-width: 300px) 100vw, 300px\" \/><\/p>\n<p style=\"text-align: justify;\">Una vegada ingressades correctament les dades, premem en &#8220;<strong>Connectar<\/strong>&#8220;.<\/p>\n<p style=\"text-align: justify;\"><img loading=\"lazy\" class=\"size-medium wp-image-239 aligncenter\" src=\"https:\/\/tickb.umh.es\/files\/2025\/03\/ImpresionC4-300x178.jpeg\" alt=\"\" width=\"300\" height=\"178\" srcset=\"https:\/\/tickb.umh.es\/files\/2025\/03\/ImpresionC4-300x178.jpeg 300w, https:\/\/tickb.umh.es\/files\/2025\/03\/ImpresionC4.jpeg 458w\" sizes=\"(max-width: 300px) 100vw, 300px\" \/><\/p>\n<p style=\"text-align: justify;\">Una vegada validat, apareix la seg\u00fcent pantalla:<\/p>\n<p style=\"text-align: justify;\"><img loading=\"lazy\" class=\"size-medium wp-image-242 aligncenter\" src=\"https:\/\/tickb.umh.es\/files\/2025\/03\/ImpresionC5-300x180.jpeg\" alt=\"\" width=\"300\" height=\"180\" srcset=\"https:\/\/tickb.umh.es\/files\/2025\/03\/ImpresionC5-300x180.jpeg 300w, https:\/\/tickb.umh.es\/files\/2025\/03\/ImpresionC5.jpeg 441w\" sizes=\"(max-width: 300px) 100vw, 300px\" \/><\/p>\n<p>En aquesta pantalla, apareixer\u00e0 per defecte el nostre departament, aix\u00ed com altres departaments als quals puguem pert\u00e0nyer, per a imputar treballs d&#8217;impressi\u00f3 a altres departaments o serveis als quals tamb\u00e9 pertanyem.<\/p>\n<p>Una vegada validada l&#8217;opci\u00f3, si tenim treballs pendents d&#8217;impressi\u00f3, el sistema ens portar\u00e0 a aquesta pantalla per a poder alliberar-los en la impressora.<\/p>\n<p>Si no volem imprimir en aquest moment, i el que volem \u00e9s fer altres accions, com escanejar o copiar, premem en el bot\u00f3 que t\u00e9 forma d'&#8221;<strong>Impressora<\/strong>&#8221; en la cantonada superior esquerra de la pantalla.<\/p>\n<p style=\"text-align: justify;\"><img loading=\"lazy\" class=\"size-medium wp-image-245 aligncenter\" src=\"https:\/\/tickb.umh.es\/files\/2025\/03\/ImpresionC6-300x179.jpeg\" alt=\"\" width=\"300\" height=\"179\" srcset=\"https:\/\/tickb.umh.es\/files\/2025\/03\/ImpresionC6-300x179.jpeg 300w, https:\/\/tickb.umh.es\/files\/2025\/03\/ImpresionC6.jpeg 468w\" sizes=\"(max-width: 300px) 100vw, 300px\" \/><\/p>\n<p style=\"text-align: justify;\">En cas de no tindre tasques o treballs d&#8217;impressi\u00f3 pendents, apareixer\u00e0 la seg\u00fcent pantalla:<\/p>\n<p style=\"text-align: justify;\"><img loading=\"lazy\" class=\"size-medium wp-image-248 aligncenter\" src=\"https:\/\/tickb.umh.es\/files\/2025\/03\/ImpresionC7-300x167.jpeg\" alt=\"\" width=\"300\" height=\"167\" srcset=\"https:\/\/tickb.umh.es\/files\/2025\/03\/ImpresionC7-300x167.jpeg 300w, https:\/\/tickb.umh.es\/files\/2025\/03\/ImpresionC7.jpeg 486w\" sizes=\"(max-width: 300px) 100vw, 300px\" \/><\/p>\n<p><\/p>","protected":false},"excerpt":{"rendered":"<p>La intenci\u00f3 d&#8217;aquesta entrada \u00e9s donar una idea r\u00e0pida d&#8217;usos dels nous equips Konica Minolta instal\u00b7lats a la Universitat Miguel Hern\u00e1ndez.<br \/>\nEn concret, ens centrarem ara en com iniciar sessi\u00f3 amb el nostre compte en una impressora del servei d&#8217;impressi\u00f3 centralitzada.<br \/>\nInicialment, la impressora tindr\u00e0 la pantalla apagada. Per a encendre-la, simplement toca-la perqu\u00e8 la m\u00e0quina es [&#8230;]<\/p>\n","protected":false},"author":88,"featured_media":0,"parent":74,"menu_order":13,"comment_status":"closed","ping_status":"closed","template":"","meta":{"_links_to":"","_links_to_target":""},"_links":{"self":[{"href":"https:\/\/tickb.umh.es\/ca\/wp-json\/wp\/v2\/pages\/251"}],"collection":[{"href":"https:\/\/tickb.umh.es\/ca\/wp-json\/wp\/v2\/pages"}],"about":[{"href":"https:\/\/tickb.umh.es\/ca\/wp-json\/wp\/v2\/types\/page"}],"author":[{"embeddable":true,"href":"https:\/\/tickb.umh.es\/ca\/wp-json\/wp\/v2\/users\/88"}],"replies":[{"embeddable":true,"href":"https:\/\/tickb.umh.es\/ca\/wp-json\/wp\/v2\/comments?post=251"}],"version-history":[{"count":0,"href":"https:\/\/tickb.umh.es\/ca\/wp-json\/wp\/v2\/pages\/251\/revisions"}],"up":[{"embeddable":true,"href":"https:\/\/tickb.umh.es\/ca\/wp-json\/wp\/v2\/pages\/74"}],"wp:attachment":[{"href":"https:\/\/tickb.umh.es\/ca\/wp-json\/wp\/v2\/media?parent=251"}],"curies":[{"name":"wp","href":"https:\/\/api.w.org\/{rel}","templated":true}]}}