{"id":284,"date":"2025-03-27T13:58:49","date_gmt":"2025-03-27T12:58:49","guid":{"rendered":"https:\/\/tickb.umh.es\/?page_id=284"},"modified":"2025-03-27T14:23:55","modified_gmt":"2025-03-27T13:23:55","slug":"como-instalar-una-impresora-del-servicio-de-impresion-centralizada-en-un-sistema-linux","status":"publish","type":"page","link":"https:\/\/tickb.umh.es\/ca\/soporte-a-equipamiento-informatico\/impresion-corporativa\/como-instalar-una-impresora-del-servicio-de-impresion-centralizada-en-un-sistema-linux\/","title":{"rendered":"Com instal\u00b7lar una impressora del servei d&#8217;impressi\u00f3 centralitzada en un sistema Linux"},"content":{"rendered":"<p>Si desitges instal\u00b7lar una impressora del servei d&#8217;impressi\u00f3 centralitzada de la Universitat Miguel Hern\u00e1ndez en un equip amb Linux, segueix els seg\u00fcents passos.<\/p>\n<p>Haurem de realitzar dos passos, primer instal\u00b7larem la impressora en el nostre sistema i per a finalitzar indicarem com realitzar la instal\u00b7laci\u00f3 del programari de gesti\u00f3 necessari per al seu \u00fas.<\/p>\n<p><strong>Guia detallada per a la instal\u00b7laci\u00f3 de la impressora:<\/strong><\/p>\n<ol>\n<li>Obri el Gestor de Fitxers i copia al teu escriptori l&#8217;arxiu &#8220;<strong>KOC750iSX.ppd<\/strong>&#8221; que trobar\u00e0s en la ruta &#8220;smb:\/\/eprinterw01.umhnet.es\/Drivers\/Konica Minolta\/bizhub c250i\/Linux\/&#8221;, en accedir al recurs el sistema sol\u00b7licitar\u00e0 el teu\u00a0<a class=\"fui-Link ___140mk30 f2hkw1w f3rmtva f1ewtqcl fyind8e f1k6fduh f1w7gpdv fk6fouc fjoy568 flh3ekv f1s184ao f1mk8lai fnbmjn9 f1o700av f13mvf36 f1cmlufx f9n3di6 f1ids18y f1tx3yz7 f1deo86v f1eh06m1 f1iescvh fhgqx19 f1olyrje f1p93eir f1nev41a\" tabindex=\"0\" href=\"mailto:usuari@umh.es\" target=\"_blank\" rel=\"noopener\">usuari@umh.es<\/a>\u00a0i la contrasenya que utilitzes en la Universitat Miguel Hern\u00e1ndez.<img loading=\"lazy\" class=\"size-medium wp-image-287 aligncenter\" src=\"https:\/\/tickb.umh.es\/files\/2025\/03\/ImpLinux1-300x172.png\" alt=\"\" width=\"300\" height=\"172\" srcset=\"https:\/\/tickb.umh.es\/files\/2025\/03\/ImpLinux1-300x172.png 300w, https:\/\/tickb.umh.es\/files\/2025\/03\/ImpLinux1.png 706w\" sizes=\"(max-width: 300px) 100vw, 300px\" \/><img loading=\"lazy\" class=\"size-medium wp-image-290 aligncenter\" src=\"https:\/\/tickb.umh.es\/files\/2025\/03\/ImpLinux2-300x178.png\" alt=\"\" width=\"300\" height=\"178\" srcset=\"https:\/\/tickb.umh.es\/files\/2025\/03\/ImpLinux2-300x178.png 300w, https:\/\/tickb.umh.es\/files\/2025\/03\/ImpLinux2.png 637w\" sizes=\"(max-width: 300px) 100vw, 300px\" \/><\/li>\n<li>Obrim &#8220;<strong>Par\u00e0metres del sistema<\/strong>&#8221; i entrem en la secci\u00f3 &#8220;<strong>Impressores<\/strong>&#8220;, hem de pr\u00e9mer sobre &#8220;<strong>Configuraci\u00f3 d&#8217;impressora addicional<\/strong>&#8220;.<img loading=\"lazy\" class=\"size-medium wp-image-293 aligncenter\" src=\"https:\/\/tickb.umh.es\/files\/2025\/03\/ImpLinux3-300x249.png\" alt=\"\" width=\"300\" height=\"249\" srcset=\"https:\/\/tickb.umh.es\/files\/2025\/03\/ImpLinux3-300x249.png 300w, https:\/\/tickb.umh.es\/files\/2025\/03\/ImpLinux3.png 694w\" sizes=\"(max-width: 300px) 100vw, 300px\" \/><\/li>\n<li>Prem el bot\u00f3 &#8220;<strong>Afegir<\/strong>&#8221; per a afegir una nova impressora.<img loading=\"lazy\" class=\"size-medium wp-image-296 aligncenter\" src=\"https:\/\/tickb.umh.es\/files\/2025\/03\/ImpLinux4-300x162.png\" alt=\"\" width=\"300\" height=\"162\" srcset=\"https:\/\/tickb.umh.es\/files\/2025\/03\/ImpLinux4-300x162.png 300w, https:\/\/tickb.umh.es\/files\/2025\/03\/ImpLinux4.png 567w\" sizes=\"(max-width: 300px) 100vw, 300px\" \/><\/li>\n<li>Quan ens sol\u00b7licite seleccionar un dispositiu, despleguem on indica &#8220;<strong>Impressora de xarxa<\/strong>&#8221; i seleccionem l&#8217;opci\u00f3 &#8220;<strong>Equip o impressora LPD\/LPR<\/strong>&#8220;.<img loading=\"lazy\" class=\"size-medium wp-image-299 aligncenter\" src=\"https:\/\/tickb.umh.es\/files\/2025\/03\/ImpLinux5-300x232.png\" alt=\"\" width=\"300\" height=\"232\" srcset=\"https:\/\/tickb.umh.es\/files\/2025\/03\/ImpLinux5-300x232.png 300w, https:\/\/tickb.umh.es\/files\/2025\/03\/ImpLinux5.png 700w\" sizes=\"(max-width: 300px) 100vw, 300px\" \/><\/li>\n<li>Omplir els camps:\n<ul>\n<li><strong>Amfitri\u00f3<\/strong>: eprinterw01.umhnet.es<\/li>\n<li><strong>Cua<\/strong>: IMPRESION_SEGURA (o UPxx)<\/li>\n<\/ul>\n<p>I pr\u00e9mer &#8220;Seg\u00fcent&#8221;.<img loading=\"lazy\" class=\"size-medium wp-image-302 aligncenter\" src=\"https:\/\/tickb.umh.es\/files\/2025\/03\/ImpLinux6-300x233.png\" alt=\"\" width=\"300\" height=\"233\" srcset=\"https:\/\/tickb.umh.es\/files\/2025\/03\/ImpLinux6-300x233.png 300w, https:\/\/tickb.umh.es\/files\/2025\/03\/ImpLinux6.png 724w\" sizes=\"(max-width: 300px) 100vw, 300px\" \/><\/li>\n<li>Marcar &#8220;<strong>Proporcionar arxiu PPD<\/strong>&#8220;, i seleccionar el fitxer &#8220;<strong>KOC750iSX.ppd<\/strong>&#8221; que pr\u00e8viament hem copiat en el nostre escriptori. Pr\u00e9mer &#8220;<strong>Seg\u00fcent<\/strong>&#8220;.<img loading=\"lazy\" class=\"size-medium wp-image-305 aligncenter\" src=\"https:\/\/tickb.umh.es\/files\/2025\/03\/ImpLinux7-300x233.png\" alt=\"\" width=\"300\" height=\"233\" srcset=\"https:\/\/tickb.umh.es\/files\/2025\/03\/ImpLinux7-300x233.png 300w, https:\/\/tickb.umh.es\/files\/2025\/03\/ImpLinux7-768x597.png 768w, https:\/\/tickb.umh.es\/files\/2025\/03\/ImpLinux7.png 836w\" sizes=\"(max-width: 300px) 100vw, 300px\" \/><\/li>\n<li>En la pantalla d'&#8221;<strong>Opcions instal\u00b7lables<\/strong>&#8221; indicar:\n<ul>\n<li><strong>Unitat de acabat<\/strong>: FS-533<\/li>\n<li><strong>Model:<\/strong> C250i<\/li>\n<\/ul>\n<p>Pr\u00e9mer &#8220;<strong>Seg\u00fcent<\/strong>&#8220;.<img loading=\"lazy\" class=\"size-medium wp-image-308 aligncenter\" src=\"https:\/\/tickb.umh.es\/files\/2025\/03\/ImpLinux8-300x233.png\" alt=\"\" width=\"300\" height=\"233\" srcset=\"https:\/\/tickb.umh.es\/files\/2025\/03\/ImpLinux8-300x233.png 300w, https:\/\/tickb.umh.es\/files\/2025\/03\/ImpLinux8-768x596.png 768w, https:\/\/tickb.umh.es\/files\/2025\/03\/ImpLinux8.png 838w\" sizes=\"(max-width: 300px) 100vw, 300px\" \/><\/li>\n<li>Posar el nom a la impressora (podem posar el nom i descripci\u00f3 que vulguem) i &#8220;<strong>Aplicar<\/strong>&#8220;.<img loading=\"lazy\" class=\"size-medium wp-image-311 aligncenter\" src=\"https:\/\/tickb.umh.es\/files\/2025\/03\/ImpLinux9-300x234.png\" alt=\"\" width=\"300\" height=\"234\" srcset=\"https:\/\/tickb.umh.es\/files\/2025\/03\/ImpLinux9-300x234.png 300w, https:\/\/tickb.umh.es\/files\/2025\/03\/ImpLinux9.png 695w\" sizes=\"(max-width: 300px) 100vw, 300px\" \/><\/li>\n<\/ol>\n<p><strong>Guia detallada per a la instal\u00b7laci\u00f3 del programari PaperCut:<\/strong><\/p>\n<ol>\n<li>Hem d&#8217;accedir a la ubicaci\u00f3 del programari, per a aix\u00f2 des del Gestor de Fitxers accedim a la ubicaci\u00f3 del client de <strong>PaperCut<\/strong> escrivint &#8220;smb:\/\/eprinterw01.umhnet.es\/PCClient&#8221;, tal com es mostra en la imatge.<img loading=\"lazy\" class=\"size-medium wp-image-314 aligncenter\" src=\"https:\/\/tickb.umh.es\/files\/2025\/03\/ImpLinux10-300x136.png\" alt=\"\" width=\"300\" height=\"136\" srcset=\"https:\/\/tickb.umh.es\/files\/2025\/03\/ImpLinux10-300x136.png 300w, https:\/\/tickb.umh.es\/files\/2025\/03\/ImpLinux10.png 766w\" sizes=\"(max-width: 300px) 100vw, 300px\" \/><\/li>\n<li>Des d&#8217;aquesta carpeta copiem tot el directori &#8220;<strong>linux<\/strong>&#8221; al nostre disc local (p.e. home\/PCClient o on vulguem).<img loading=\"lazy\" class=\"size-medium wp-image-317 aligncenter\" src=\"https:\/\/tickb.umh.es\/files\/2025\/03\/ImpLinux11-300x133.png\" alt=\"\" width=\"300\" height=\"133\" srcset=\"https:\/\/tickb.umh.es\/files\/2025\/03\/ImpLinux11-300x133.png 300w, https:\/\/tickb.umh.es\/files\/2025\/03\/ImpLinux11-768x341.png 768w, https:\/\/tickb.umh.es\/files\/2025\/03\/ImpLinux11.png 771w\" sizes=\"(max-width: 300px) 100vw, 300px\" \/><\/li>\n<li>Finalment, ho afegim a les aplicacions d&#8217;arrencada autom\u00e0tica, per a fer aix\u00f2, des de l&#8217;escriptori pressionar Alt + F2 i buscarem \u00ab<strong>Aplicacions a l&#8217;inici<\/strong>\u00bb si utilitzem l&#8217;escriptori GNOME o \u00ab<strong>Inici autom\u00e0tic<\/strong>\u00bb si utilitzem KDE.<img loading=\"lazy\" class=\"size-medium wp-image-320 aligncenter\" src=\"https:\/\/tickb.umh.es\/files\/2025\/03\/ImpLinux12-300x191.png\" alt=\"\" width=\"300\" height=\"191\" srcset=\"https:\/\/tickb.umh.es\/files\/2025\/03\/ImpLinux12-300x191.png 300w, https:\/\/tickb.umh.es\/files\/2025\/03\/ImpLinux12.png 588w\" sizes=\"(max-width: 300px) 100vw, 300px\" \/><\/li>\n<li>Premem \u00ab<strong>Afegir<\/strong>\u00bb i en la finestra que s&#8217;obri indiquem un nom i la ruta on hem copiat el client de PaperCut en el pas anterior.<\/li>\n<\/ol>\n<p><strong>Nota:<\/strong>\u00a0\u00c9s recomanable afegir el par\u00e0metre \u00ab-m\u00bb perqu\u00e8 el client arranque minimitzat en la barra de tasques. (p.e.: Ordre: \u201c<strong>home\/PCClient\/pc-client-linux.sh -m<\/strong>\u201c)<img loading=\"lazy\" class=\"size-medium wp-image-323 aligncenter\" src=\"https:\/\/tickb.umh.es\/files\/2025\/03\/ImpLinux13-300x151.png\" alt=\"\" width=\"300\" height=\"151\" srcset=\"https:\/\/tickb.umh.es\/files\/2025\/03\/ImpLinux13-300x151.png 300w, https:\/\/tickb.umh.es\/files\/2025\/03\/ImpLinux13.png 512w\" sizes=\"(max-width: 300px) 100vw, 300px\" \/><\/p>","protected":false},"excerpt":{"rendered":"<p>Si desitges instal\u00b7lar una impressora del servei d&#8217;impressi\u00f3 centralitzada de la Universitat Miguel Hern\u00e1ndez en un equip amb Linux, segueix els seg\u00fcents passos.<br \/>\nHaurem de realitzar dos passos, primer instal\u00b7larem la impressora en el nostre sistema i per a finalitzar indicarem com realitzar la instal\u00b7laci\u00f3 del programari de gesti\u00f3 necessari per al seu \u00fas.<br \/>\nGuia detallada per [&#8230;]<\/p>\n","protected":false},"author":88,"featured_media":0,"parent":74,"menu_order":15,"comment_status":"closed","ping_status":"closed","template":"","meta":{"_links_to":"","_links_to_target":""},"_links":{"self":[{"href":"https:\/\/tickb.umh.es\/ca\/wp-json\/wp\/v2\/pages\/284"}],"collection":[{"href":"https:\/\/tickb.umh.es\/ca\/wp-json\/wp\/v2\/pages"}],"about":[{"href":"https:\/\/tickb.umh.es\/ca\/wp-json\/wp\/v2\/types\/page"}],"author":[{"embeddable":true,"href":"https:\/\/tickb.umh.es\/ca\/wp-json\/wp\/v2\/users\/88"}],"replies":[{"embeddable":true,"href":"https:\/\/tickb.umh.es\/ca\/wp-json\/wp\/v2\/comments?post=284"}],"version-history":[{"count":0,"href":"https:\/\/tickb.umh.es\/ca\/wp-json\/wp\/v2\/pages\/284\/revisions"}],"up":[{"embeddable":true,"href":"https:\/\/tickb.umh.es\/ca\/wp-json\/wp\/v2\/pages\/74"}],"wp:attachment":[{"href":"https:\/\/tickb.umh.es\/ca\/wp-json\/wp\/v2\/media?parent=284"}],"curies":[{"name":"wp","href":"https:\/\/api.w.org\/{rel}","templated":true}]}}