{"id":326,"date":"2025-03-28T08:43:20","date_gmt":"2025-03-28T07:43:20","guid":{"rendered":"https:\/\/tickb.umh.es\/?page_id=326"},"modified":"2025-03-28T09:19:59","modified_gmt":"2025-03-28T08:19:59","slug":"como-instalar-una-impresora-del-servicio-de-impresion-centralizada-en-un-sistema-macos","status":"publish","type":"page","link":"https:\/\/tickb.umh.es\/ca\/soporte-a-equipamiento-informatico\/impresion-corporativa\/como-instalar-una-impresora-del-servicio-de-impresion-centralizada-en-un-sistema-macos\/","title":{"rendered":"Com instal\u00b7lar una impressora del servei d&#8217;impressi\u00f3 centralitzada en un sistema macOS"},"content":{"rendered":"<p><\/p>\n<p style=\"text-align: justify;\">Si desitges instal\u00b7lar una impressora del servei d&#8217;impressi\u00f3 centralitzada de la Universitat Miguel Hern\u00e1ndez, en un equip amb macOS, segueix els seg\u00fcents passos.<\/p>\n<p style=\"text-align: justify;\">Haurem de realitzar dos passos, primer instal\u00b7larem la impressora en el nostre sistema i per a finalitzar indicarem com realitzar la instal\u00b7laci\u00f3 del programari de gesti\u00f3 necessari per al seu \u00fas.<\/p>\n<p style=\"text-align: justify;\"><strong>Guia detallada per a la instal\u00b7laci\u00f3 de la impressora:<\/strong><\/p>\n<ol style=\"text-align: justify;\">\n<li>El primer que hem de fer \u00e9s instal\u00b7lar el controlador de la impressora, per a aix\u00f2, localitza en la barra superior l&#8217;opci\u00f3 &#8220;<strong>Anar<\/strong>&#8220;, en desplegar el men\u00fa seleccionarem &#8220;<strong>Connectar al servidor&#8230;<\/strong>&#8220;:<img loading=\"lazy\" class=\"size-medium wp-image-347 aligncenter\" src=\"https:\/\/tickb.umh.es\/files\/2025\/03\/ImpMac15-300x219.png\" alt=\"\" width=\"300\" height=\"219\" srcset=\"https:\/\/tickb.umh.es\/files\/2025\/03\/ImpMac15-300x219.png 300w, https:\/\/tickb.umh.es\/files\/2025\/03\/ImpMac15.png 488w\" sizes=\"(max-width: 300px) 100vw, 300px\" \/><\/li>\n<\/ol>\n<p style=\"text-align: justify; padding-left: 40px;\"><strong>Nota<\/strong>: En cas de no apar\u00e9ixer l&#8217;opci\u00f3 &#8220;Anar&#8221; recorda que has de tindre l&#8217;aplicaci\u00f3 &#8220;Finder&#8221; oberta. <img loading=\"lazy\" class=\"alignnone wp-image-374\" src=\"https:\/\/tickb.umh.es\/files\/2025\/03\/Finder.png\" alt=\"\" width=\"25\" height=\"24\" \/><\/p>\n<ol style=\"text-align: justify;\" start=\"2\">\n<li>Ara en el camp Adre\u00e7a del servidor escriurem &#8220;smb:\/\/eprinterw01.umhnet.es\/Drivers\/&#8221; i polsarem en connectar:<img loading=\"lazy\" class=\"size-medium wp-image-377 aligncenter\" src=\"https:\/\/tickb.umh.es\/files\/2025\/03\/ImpMac3-300x141.png\" alt=\"\" width=\"300\" height=\"141\" srcset=\"https:\/\/tickb.umh.es\/files\/2025\/03\/ImpMac3-300x141.png 300w, https:\/\/tickb.umh.es\/files\/2025\/03\/ImpMac3.png 406w\" sizes=\"(max-width: 300px) 100vw, 300px\" \/><\/li>\n<li>Se&#8217;ns demanar\u00e0 les nostres <strong>credencials de la UMH<\/strong> per a poder obrir el recurs sol\u00b7licitat:<img loading=\"lazy\" class=\"size-medium wp-image-380 aligncenter\" src=\"https:\/\/tickb.umh.es\/files\/2025\/03\/ImpMac4-300x200.png\" alt=\"\" width=\"300\" height=\"200\" srcset=\"https:\/\/tickb.umh.es\/files\/2025\/03\/ImpMac4-300x200.png 300w, https:\/\/tickb.umh.es\/files\/2025\/03\/ImpMac4.png 361w\" sizes=\"(max-width: 300px) 100vw, 300px\" \/><\/li>\n<li>En la finestra emergent obrirem la carpeta <strong>Konica Minolta<\/strong>, despr\u00e9s <strong>bizhub c250i<\/strong> i finalment a <strong>MacOS<\/strong>:<img loading=\"lazy\" class=\"size-medium wp-image-383 aligncenter\" src=\"https:\/\/tickb.umh.es\/files\/2025\/03\/ImpMac5-300x133.png\" alt=\"\" width=\"300\" height=\"133\" srcset=\"https:\/\/tickb.umh.es\/files\/2025\/03\/ImpMac5-300x133.png 300w, https:\/\/tickb.umh.es\/files\/2025\/03\/ImpMac5.png 518w\" sizes=\"(max-width: 300px) 100vw, 300px\" \/><\/li>\n<li>Ara farem doble clic sobre la carpeta que cont\u00e9 el controlador que corresponga a la nostra versi\u00f3 de Sistema Operatiu, obri el fitxer que trobes en eixa carpeta, perqu\u00e8 s&#8217;inicie l&#8217;instal\u00b7lador:<img loading=\"lazy\" class=\"size-medium wp-image-386 aligncenter\" src=\"https:\/\/tickb.umh.es\/files\/2025\/03\/ImpMac6-300x210.png\" alt=\"\" width=\"300\" height=\"210\" srcset=\"https:\/\/tickb.umh.es\/files\/2025\/03\/ImpMac6-300x210.png 300w, https:\/\/tickb.umh.es\/files\/2025\/03\/ImpMac6.png 536w\" sizes=\"(max-width: 300px) 100vw, 300px\" \/><\/li>\n<li>Anirem completant tots els passos del proc\u00e9s.<img loading=\"lazy\" class=\"size-medium wp-image-389 aligncenter\" src=\"https:\/\/tickb.umh.es\/files\/2025\/03\/ImpMac7-300x213.png\" alt=\"\" width=\"300\" height=\"213\" srcset=\"https:\/\/tickb.umh.es\/files\/2025\/03\/ImpMac7-300x213.png 300w, https:\/\/tickb.umh.es\/files\/2025\/03\/ImpMac7.png 529w\" sizes=\"(max-width: 300px) 100vw, 300px\" \/><\/li>\n<li>Localitza en el Dock l&#8217;aplicaci\u00f3 de &#8220;<strong>Prefer\u00e8ncies del Sistema<\/strong>&#8220;. En cas de no trobar-se ancorat en el Dock, podrem buscar-lo directament en les nostres &#8220;Aplicacions&#8221; o utilitzant la <strong>cerca Spotlight<\/strong>:<img loading=\"lazy\" class=\"size-medium wp-image-392 aligncenter\" src=\"https:\/\/tickb.umh.es\/files\/2025\/03\/ImpMac8-300x38.png\" alt=\"\" width=\"300\" height=\"38\" srcset=\"https:\/\/tickb.umh.es\/files\/2025\/03\/ImpMac8-300x38.png 300w, https:\/\/tickb.umh.es\/files\/2025\/03\/ImpMac8.png 680w\" sizes=\"(max-width: 300px) 100vw, 300px\" \/><\/li>\n<li>Ara farem clic en &#8220;<strong>Impressoras i esc\u00e0ners<\/strong>&#8220;:<img loading=\"lazy\" class=\"size-medium wp-image-329 aligncenter\" src=\"https:\/\/tickb.umh.es\/files\/2025\/03\/ImpMac9-300x237.png\" alt=\"\" width=\"300\" height=\"237\" srcset=\"https:\/\/tickb.umh.es\/files\/2025\/03\/ImpMac9-300x237.png 300w, https:\/\/tickb.umh.es\/files\/2025\/03\/ImpMac9.png 614w\" sizes=\"(max-width: 300px) 100vw, 300px\" \/><\/li>\n<li>Polsarem sobre el bot\u00f3 &#8220;<strong>+<\/strong>&#8221; per a iniciar el proc\u00e9s:<img loading=\"lazy\" class=\"size-medium wp-image-332 aligncenter\" src=\"https:\/\/tickb.umh.es\/files\/2025\/03\/ImpMac10-300x179.png\" alt=\"\" width=\"300\" height=\"179\" srcset=\"https:\/\/tickb.umh.es\/files\/2025\/03\/ImpMac10-300x179.png 300w, https:\/\/tickb.umh.es\/files\/2025\/03\/ImpMac10.png 618w\" sizes=\"(max-width: 300px) 100vw, 300px\" \/><\/li>\n<li>En el panell de la finestra emergent seleccionarem &#8220;<strong>IP<\/strong>&#8220;. Ara haurem de completar la seg\u00fcent informaci\u00f3 i polsar sobre el bot\u00f3 &#8220;<strong>Afegir<\/strong>&#8220;:<\/li>\n<\/ol>\n<ul style=\"text-align: justify;\">\n<li style=\"list-style-type: none;\">\n<ul>\n<li><strong>Adre\u00e7a<\/strong>: eprinterw01.umhnet.es<\/li>\n<li><strong>Protocol<\/strong>: Protocol LPD (Line Printer Daemon)<\/li>\n<li><strong>Cua<\/strong>: IMPRESION_SEGURA<\/li>\n<li><strong>Nom<\/strong>: IMPRESION_SEGURA<\/li>\n<li><strong>Usar<\/strong>: KONICA MINOLTA C250i PS<img loading=\"lazy\" class=\"size-medium wp-image-335 aligncenter\" src=\"https:\/\/tickb.umh.es\/files\/2025\/03\/ImpMac11-300x260.png\" alt=\"\" width=\"300\" height=\"260\" srcset=\"https:\/\/tickb.umh.es\/files\/2025\/03\/ImpMac11-300x260.png 300w, https:\/\/tickb.umh.es\/files\/2025\/03\/ImpMac11.png 468w\" sizes=\"(max-width: 300px) 100vw, 300px\" \/><\/li>\n<\/ul>\n<\/li>\n<\/ul>\n<ol style=\"text-align: justify;\" start=\"11\">\n<li>Ens apareixer\u00e0 la seg\u00fcent finestra, per a poder utilitzar la unitat d&#8217;agrupament, seleccionarem &#8220;FS-533&#8221; en <strong>Unitat de finalitzaci\u00f3<\/strong>, i polsarem en <strong>Acceptar<\/strong>:<img loading=\"lazy\" class=\"size-medium wp-image-338 aligncenter\" src=\"https:\/\/tickb.umh.es\/files\/2025\/03\/ImpMac12-300x256.png\" alt=\"\" width=\"300\" height=\"256\" srcset=\"https:\/\/tickb.umh.es\/files\/2025\/03\/ImpMac12-300x256.png 300w, https:\/\/tickb.umh.es\/files\/2025\/03\/ImpMac12.png 467w\" sizes=\"(max-width: 300px) 100vw, 300px\" \/><\/li>\n<li>Ja hem acabat d&#8217;afegir la impressora &#8220;IMPRESION_SEGURA&#8221; en el nostre sistema i aquesta ja apareixer\u00e0 en el nostre llistat d&#8217;impressores disponibles:<img loading=\"lazy\" class=\"size-medium wp-image-341 aligncenter\" src=\"https:\/\/tickb.umh.es\/files\/2025\/03\/ImpMac13-300x177.png\" alt=\"\" width=\"300\" height=\"177\" srcset=\"https:\/\/tickb.umh.es\/files\/2025\/03\/ImpMac13-300x177.png 300w, https:\/\/tickb.umh.es\/files\/2025\/03\/ImpMac13.png 615w\" sizes=\"(max-width: 300px) 100vw, 300px\" \/><\/li>\n<\/ol>\n<p style=\"text-align: justify; padding-left: 40px;\">\u00c9s important recalcar que \u00e9s possible <strong>afegir les impressores tamb\u00e9 pel seu codi<\/strong>, per a aix\u00f2, el localitzarem en una etiqueta que trobarem en la m\u00e0quina que desitgem configurar. Si per exemple, volgu\u00e9rem afegir la impressora UP37, seguir\u00edem els mateixos passos per\u00f2 modificant el valor que apareix en <strong>Cua<\/strong> i en <strong>Nom<\/strong><\/p>\n<ul>\n<li style=\"list-style-type: none;\">\n<ul>\n<li style=\"list-style-type: none;\">\n<ul>\n<li><strong>Cua<\/strong>: UP37<\/li>\n<li><strong>Nom<\/strong>: UP37<\/li>\n<\/ul>\n<\/li>\n<\/ul>\n<\/li>\n<\/ul>\n<p style=\"text-align: justify; padding-left: 40px;\">Amb aix\u00f2 ja tindr\u00edem afegida la impressora UP37 en el nostre macOS:<img loading=\"lazy\" class=\"size-medium wp-image-344 aligncenter\" src=\"https:\/\/tickb.umh.es\/files\/2025\/03\/ImpMac14-300x177.png\" alt=\"\" width=\"300\" height=\"177\" srcset=\"https:\/\/tickb.umh.es\/files\/2025\/03\/ImpMac14-300x177.png 300w, https:\/\/tickb.umh.es\/files\/2025\/03\/ImpMac14.png 616w\" sizes=\"(max-width: 300px) 100vw, 300px\" \/><\/p>\n<ol style=\"text-align: justify;\" start=\"13\">\n<li>Amb aquests passos ja tenim instal\u00b7lada la impressora en el nostre equip, ara haurem d&#8217;instal\u00b7lar el programari de gesti\u00f3 necessari per a la seua utilitzaci\u00f3.<\/li>\n<\/ol>\n<p>&nbsp;<\/p>\n<p style=\"text-align: justify;\"><strong>Guia detallada per a la instal\u00b7laci\u00f3 del programari Papercut:<\/strong><\/p>\n<p style=\"text-align: justify;\">Localitza en la barra superior l&#8217;opci\u00f3 &#8220;<strong>Anar<\/strong>&#8220;, en desplegar el men\u00fa seleccionarem &#8220;<strong>Connectar al servidor&#8230;<\/strong>&#8220;:<img loading=\"lazy\" class=\"size-medium wp-image-347 aligncenter\" src=\"https:\/\/tickb.umh.es\/files\/2025\/03\/ImpMac15-300x219.png\" alt=\"\" width=\"300\" height=\"219\" srcset=\"https:\/\/tickb.umh.es\/files\/2025\/03\/ImpMac15-300x219.png 300w, https:\/\/tickb.umh.es\/files\/2025\/03\/ImpMac15.png 488w\" sizes=\"(max-width: 300px) 100vw, 300px\" \/><\/p>\n<p style=\"text-align: justify; padding-left: 40px;\">Nota: En cas de no apar\u00e9ixer l&#8217;opci\u00f3 &#8220;<strong>Anar<\/strong>&#8221; recorda que has de tindre l&#8217;aplicaci\u00f3 &#8220;Finder&#8221; oberta.<\/p>\n<ol style=\"text-align: justify;\" start=\"2\">\n<li>Ara en el camp Adre\u00e7a del servidor escriurem &#8220;smb:\/\/eprinterw01.umhnet.es\/PCClient&#8221; i polsarem en connectar:<img loading=\"lazy\" class=\"size-medium wp-image-350 aligncenter\" src=\"https:\/\/tickb.umh.es\/files\/2025\/03\/ImpMac16-300x142.png\" alt=\"\" width=\"300\" height=\"142\" srcset=\"https:\/\/tickb.umh.es\/files\/2025\/03\/ImpMac16-300x142.png 300w, https:\/\/tickb.umh.es\/files\/2025\/03\/ImpMac16.png 412w\" sizes=\"(max-width: 300px) 100vw, 300px\" \/><\/li>\n<li>Se&#8217;ns demanar\u00e0 les nostres <strong>credencials de la UMH<\/strong> per a poder obrir el recurs sol\u00b7licitat:<img loading=\"lazy\" class=\"size-medium wp-image-353 aligncenter\" src=\"https:\/\/tickb.umh.es\/files\/2025\/03\/ImpMac17-300x200.png\" alt=\"\" width=\"300\" height=\"200\" srcset=\"https:\/\/tickb.umh.es\/files\/2025\/03\/ImpMac17-300x200.png 300w, https:\/\/tickb.umh.es\/files\/2025\/03\/ImpMac17.png 361w\" sizes=\"(max-width: 300px) 100vw, 300px\" \/><\/li>\n<li>En la finestra emergent obrirem la carpeta <strong>mac<\/strong>:<img loading=\"lazy\" class=\"size-medium wp-image-356 aligncenter\" src=\"https:\/\/tickb.umh.es\/files\/2025\/03\/ImpMac18-300x206.png\" alt=\"\" width=\"300\" height=\"206\" srcset=\"https:\/\/tickb.umh.es\/files\/2025\/03\/ImpMac18-300x206.png 300w, https:\/\/tickb.umh.es\/files\/2025\/03\/ImpMac18.png 557w\" sizes=\"(max-width: 300px) 100vw, 300px\" \/><\/li>\n<li>Ara farem doble clic sobre l&#8217;aplicaci\u00f3 &#8220;<strong>client-local-install<\/strong>&#8221; per a instal\u00b7lar tot el necessari:<img loading=\"lazy\" class=\"size-medium wp-image-359 aligncenter\" src=\"https:\/\/tickb.umh.es\/files\/2025\/03\/ImpMac19-300x105.png\" alt=\"\" width=\"300\" height=\"105\" srcset=\"https:\/\/tickb.umh.es\/files\/2025\/03\/ImpMac19-300x105.png 300w, https:\/\/tickb.umh.es\/files\/2025\/03\/ImpMac19.png 553w\" sizes=\"(max-width: 300px) 100vw, 300px\" \/><\/li>\n<li>Quan se sol\u00b7licite, polsa sobre &#8220;<strong>Yes<\/strong>&#8220;, el proc\u00e9s pot tardar un temps a completar-se:<img loading=\"lazy\" class=\"size-full wp-image-362 aligncenter\" src=\"https:\/\/tickb.umh.es\/files\/2025\/03\/ImpMac20.png\" alt=\"\" width=\"286\" height=\"81\" \/><\/li>\n<li>Quan el proc\u00e9s acabe, veurem una nova icona en la nostra barra superior i haurem de tornar a autenticar-nos en el servei:<img loading=\"lazy\" class=\"size-full wp-image-365 aligncenter\" src=\"https:\/\/tickb.umh.es\/files\/2025\/03\/ImpMac21.png\" alt=\"\" width=\"299\" height=\"27\" \/><img loading=\"lazy\" class=\"size-medium wp-image-395 aligncenter\" src=\"https:\/\/tickb.umh.es\/files\/2025\/03\/ImpMac22-1-300x125.png\" alt=\"\" width=\"300\" height=\"125\" srcset=\"https:\/\/tickb.umh.es\/files\/2025\/03\/ImpMac22-1-300x125.png 300w, https:\/\/tickb.umh.es\/files\/2025\/03\/ImpMac22-1.png 493w\" sizes=\"(max-width: 300px) 100vw, 300px\" \/><\/li>\n<\/ol>\n<p style=\"text-align: justify;\"><strong>Important<\/strong>: L&#8217;usuari hem d&#8217;introduir-lo sense @umh.es<\/p>\n<ol start=\"8\">\n<li style=\"text-align: justify;\">Completat aquest proc\u00e9s ja podem usar les impressores del servei d&#8217;impressi\u00f3 centralitzada en el nostre equip.<\/li>\n<\/ol>\n<p><\/p>","protected":false},"excerpt":{"rendered":"<p>Si desitges instal\u00b7lar una impressora del servei d&#8217;impressi\u00f3 centralitzada de la Universitat Miguel Hern\u00e1ndez, en un equip amb macOS, segueix els seg\u00fcents passos.<br \/>\nHaurem de realitzar dos passos, primer instal\u00b7larem la impressora en el nostre sistema i per a finalitzar indicarem com realitzar la instal\u00b7laci\u00f3 del programari de gesti\u00f3 necessari per al seu \u00fas.<br \/>\nGuia detallada per [&#8230;]<\/p>\n","protected":false},"author":88,"featured_media":0,"parent":74,"menu_order":16,"comment_status":"closed","ping_status":"closed","template":"","meta":{"_links_to":"","_links_to_target":""},"_links":{"self":[{"href":"https:\/\/tickb.umh.es\/ca\/wp-json\/wp\/v2\/pages\/326"}],"collection":[{"href":"https:\/\/tickb.umh.es\/ca\/wp-json\/wp\/v2\/pages"}],"about":[{"href":"https:\/\/tickb.umh.es\/ca\/wp-json\/wp\/v2\/types\/page"}],"author":[{"embeddable":true,"href":"https:\/\/tickb.umh.es\/ca\/wp-json\/wp\/v2\/users\/88"}],"replies":[{"embeddable":true,"href":"https:\/\/tickb.umh.es\/ca\/wp-json\/wp\/v2\/comments?post=326"}],"version-history":[{"count":0,"href":"https:\/\/tickb.umh.es\/ca\/wp-json\/wp\/v2\/pages\/326\/revisions"}],"up":[{"embeddable":true,"href":"https:\/\/tickb.umh.es\/ca\/wp-json\/wp\/v2\/pages\/74"}],"wp:attachment":[{"href":"https:\/\/tickb.umh.es\/ca\/wp-json\/wp\/v2\/media?parent=326"}],"curies":[{"name":"wp","href":"https:\/\/api.w.org\/{rel}","templated":true}]}}